{"id":1317,"date":"2024-09-23T06:34:32","date_gmt":"2024-09-23T06:34:32","guid":{"rendered":"https:\/\/keweicorten.com\/?post_type=product&#038;p=1317"},"modified":"2025-01-15T06:23:43","modified_gmt":"2025-01-15T06:23:43","slug":"outdoor-corten-steel-rust-bbq","status":"publish","type":"product","link":"https:\/\/keweicorten.com\/fr_ca\/outdoor-corten-steel-rust-bbq\/","title":{"rendered":"BBQ ext\u00e9rieur en acier Corten rouill\u00e9"},"content":{"rendered":"<h2>Corten steel charcoal grill features<\/h2>\n<p>An outdoor Corten steel rust BBQ combines both functionality and aesthetic appeal. The Corten steel material is known for its weather-resistant properties, which develop a protective rust-like surface over time, making it durable and visually striking. These Outdoor Corten Steel Rust BBQs often blend seamlessly into outdoor settings, giving a rustic, industrial feel to your garden or patio.<\/p>\n<table class=\"all magic-22\">\n<tbody>\n<tr>\n<td colspan=\"2\" rowspan=\"1\">\n<div class=\"magic-23\" data-spm-anchor-id=\"a2700.details.0.i39.767b11fcnAZI6v\">Nom du produit<\/div>\n<\/td>\n<td colspan=\"3\" rowspan=\"1\">\n<div class=\"magic-26\">Large Wood Burning Corten Steel Metal Portable BBQ Grills<\/div>\n<\/td>\n<\/tr>\n<tr>\n<td colspan=\"2\" rowspan=\"1\">\n<div class=\"magic-23\">Mati\u00e8res premi\u00e8res<\/div>\n<\/td>\n<td colspan=\"3\" rowspan=\"1\">\n<div class=\"magic-26\">Corten metal sheet, carbon steel<\/div>\n<\/td>\n<\/tr>\n<tr>\n<td colspan=\"2\" rowspan=\"1\">\n<div class=\"magic-28\">Taille \u00e0 choisir<\/div>\n<\/td>\n<td colspan=\"3\" rowspan=\"1\">\n<div class=\"magic-30\">1000mm and Round type ,also accept OEM customized<\/div>\n<\/td>\n<\/tr>\n<tr>\n<td colspan=\"2\" rowspan=\"1\">\n<div class=\"magic-23\">Type de carburant<\/div>\n<\/td>\n<td colspan=\"3\" rowspan=\"1\">\n<div class=\"magic-26\">Il s'agit g\u00e9n\u00e9ralement de charbon de bois, mais il est \u00e9galement possible de changer de type de gaz ou de propane.<\/div>\n<\/td>\n<\/tr>\n<tr>\n<td colspan=\"2\" rowspan=\"1\">\n<div class=\"magic-28\">Paquet<\/div>\n<\/td>\n<td colspan=\"3\" rowspan=\"1\">\n<div class=\"magic-30\">Emballage en carton avec palettes<\/div>\n<\/td>\n<\/tr>\n<tr>\n<td colspan=\"2\" rowspan=\"1\">\n<div class=\"magic-28\">MOQ<\/div>\n<\/td>\n<td colspan=\"3\" rowspan=\"1\">\n<div class=\"magic-30\">1pcs, et 80pcs pour un conteneur de 20GP<\/div>\n<\/td>\n<\/tr>\n<tr>\n<td colspan=\"2\" rowspan=\"1\">\n<div class=\"magic-28\">March\u00e9 principal<\/div>\n<\/td>\n<td colspan=\"3\" rowspan=\"1\">\n<div class=\"magic-30\">Europe\/ USA\/ Australie<\/div>\n<\/td>\n<\/tr>\n<\/tbody>\n<\/table>\n<div class=\"J_module\">\n<div class=\"detail-decorate-json-renderer-container\">\n<div class=\"magic-4\">\n<div class=\"magic-7\" data-spm-anchor-id=\"a2700.details.0.i41.767b11fcnAZI6v\">\n<div class=\"magic-8\">\n<div class=\"magic-9\">\n<p><span class=\"magic-10\">Unlike traditional outdoor heaters, a Outdoor Corten Steel Rust BBQoffers 360 degrees of open flame and will bring an entertaining, alluring, and captivating element to your outdoor living space.<\/span><span class=\"magic-10\">Whether your outdoor decor is traditional, minimalist, rustic, or contemporary, there is always a fire pit to suit your personal taste.<\/span><span class=\"magic-10\">Optional accessories are available.<\/span><\/p>\n<div>\n<div class=\"flex-layout-v magic-20\">\n<div class=\"magic-21\">\n<figure style=\"width: 616px\" class=\"wp-caption alignnone\"><a href=\"https:\/\/keweicorten.com\/fr_ca\"><img fetchpriority=\"high\" decoding=\"async\" class=\"magic-22\" title=\"charcoal bbq\" src=\"https:\/\/sc04.alicdn.com\/kf\/Hc2409745ccc84643881e8baac0e202c8d\/223026859\/Hc2409745ccc84643881e8baac0e202c8d.jpg\" alt=\"\" width=\"616\" height=\"616\" data-src=\"\/\/sc04.alicdn.com\/kf\/Hc2409745ccc84643881e8baac0e202c8d\/223026859\/Hc2409745ccc84643881e8baac0e202c8d.jpg\" data-spm-anchor-id=\"a2700.details.0.i44.20af498aXXDt0K\" \/><\/a><figcaption class=\"wp-caption-text\">charcoal bbq<\/figcaption><\/figure>\n<\/div>\n<\/div>\n<div class=\"text-wrapper magic-23\">\n<div class=\"text-wrapper-right text-theme-light text-align-left\" data-spm-anchor-id=\"a2700.details.0.i43.20af498aXXDt0K\">\n<div class=\"text-title\" data-spm-anchor-id=\"a2700.details.0.i41.20af498aXXDt0K\">BBQ grill top cooking ring plate<\/div>\n<div class=\"text-content\"><span data-spm-anchor-id=\"a2700.details.0.i42.20af498aXXDt0K\">This top plate is made of enough thick tempered carbon steel.This type of material prevents the change of shape during exposure to high temperature.<\/span><\/div>\n<\/div>\n<\/div>\n<\/div>\n<\/div>\n<\/div>\n<\/div>\n<\/div>\n<\/div>\n<\/div>\n<div class=\"J_module\">\n<div class=\"icbu-pc-detailManyImage magic-11\">\n<div class=\"J_module\">\n<div class=\"icbu-pc-images magic-0\">\n<div class=\"flex-layout-h\">\n<div class=\"text-wrapper magic-24\">\n<div class=\"text-wrapper-left text-theme-light text-align-left\">\n<div data-spm-anchor-id=\"a2700.details.0.i47.20af498aXXDt0K\"><\/div>\n<div class=\"text-title\" data-spm-anchor-id=\"a2700.details.0.i47.20af498aXXDt0K\">BBQ grill fire bowl<\/div>\n<div class=\"text-title\" data-spm-anchor-id=\"a2700.details.0.i47.20af498aXXDt0K\">Can be used as a fire bowl with, or without the cook top ring plate.Fire bowl is spun from a single piece of corten steel without seams or welds.The thickness of the firebowl is 2mm<\/div>\n<\/div>\n<\/div>\n<div class=\"flex-layout-v magic-20\">\n<div class=\"magic-25\">\n<figure style=\"width: 618px\" class=\"wp-caption alignnone\"><a href=\"https:\/\/keweicorten.com\/fr_ca\/nous-contacter\/\"><img decoding=\"async\" class=\"magic-26\" title=\"outdoor grill\" src=\"https:\/\/sc04.alicdn.com\/kf\/H753c3cf1341a40ed9a0ee9f74fe4b065O\/223026859\/H753c3cf1341a40ed9a0ee9f74fe4b065O.jpg\" alt=\"\" width=\"618\" height=\"618\" data-src=\"\/\/sc04.alicdn.com\/kf\/H753c3cf1341a40ed9a0ee9f74fe4b065O\/223026859\/H753c3cf1341a40ed9a0ee9f74fe4b065O.jpg\" \/><\/a><figcaption class=\"wp-caption-text\">outdoor grill<\/figcaption><\/figure>\n<\/div>\n<\/div>\n<\/div>\n<\/div>\n<\/div>\n<div class=\"J_module\">\n<div class=\"icbu-pc-images magic-0\">\n<div>\n<div class=\"flex-layout-h\">\n<div class=\"flex-layout-v magic-20\">\n<div class=\"magic-27\">\n<figure style=\"width: 616px\" class=\"wp-caption alignnone\"><a href=\"https:\/\/keweicorten.com\/fr_ca\"><img decoding=\"async\" class=\"magic-28\" title=\"portable grill\" src=\"https:\/\/sc04.alicdn.com\/kf\/H73bfd555311d40dcaf54d4700570657dA\/223026859\/H73bfd555311d40dcaf54d4700570657dA.jpg\" alt=\"\" width=\"616\" height=\"616\" data-src=\"\/\/sc04.alicdn.com\/kf\/H73bfd555311d40dcaf54d4700570657dA\/223026859\/H73bfd555311d40dcaf54d4700570657dA.jpg\" \/><\/a><figcaption class=\"wp-caption-text\">portable grill<\/figcaption><\/figure>\n<\/div>\n<\/div>\n<div class=\"text-wrapper magic-23\" data-spm-anchor-id=\"a2700.details.0.i48.20af498aXXDt0K\">\n<div class=\"text-wrapper-right text-theme-light text-align-left\">\n<div class=\"text-title\">BBQ grill based tank<\/div>\n<div class=\"text-content\">\n<p>The base tank is made from a special grade of steel which contains copper (Corten). Corten steel is sometimes called weathering steel.Can be left outside year-round; base develops a beautiful, maintenance free patina over time<\/p>\n<\/div>\n<\/div>\n<\/div>\n<\/div>\n<\/div>\n<\/div>\n<\/div>\n<\/div>\n<\/div>","protected":false},"excerpt":{"rendered":"<p>Prepare a healthy meal outside with this fire pit with grill, while thick flat roasting plate that you use as teppanyaki.With its simple, classic lines, our BBQ is more practical and stylish than a traditional barbecue and fits perfectly in every area, from garden to chic restaurant terrace.When it&#8217;s time for a cozy gathering in the outdoors, this elegant artwork transforms into a warm, welcoming place to cook and entertain guests.<\/p>","protected":false},"featured_media":1318,"comment_status":"open","ping_status":"closed","template":"","meta":{"_eb_attr":"","_monsterinsights_skip_tracking":false,"_monsterinsights_sitenote_active":false,"_monsterinsights_sitenote_note":"","_monsterinsights_sitenote_category":0,"_uf_show_specific_survey":0,"_uf_disable_surveys":false},"product_brand":[],"product_cat":[63],"product_tag":[],"class_list":{"0":"post-1317","1":"product","2":"type-product","3":"status-publish","4":"has-post-thumbnail","6":"product_cat-steel-bbq-grill","8":"first","9":"instock","10":"shipping-taxable","11":"product-type-simple"},"_links":{"self":[{"href":"https:\/\/keweicorten.com\/fr_ca\/wp-json\/wp\/v2\/product\/1317"}],"collection":[{"href":"https:\/\/keweicorten.com\/fr_ca\/wp-json\/wp\/v2\/product"}],"about":[{"href":"https:\/\/keweicorten.com\/fr_ca\/wp-json\/wp\/v2\/types\/product"}],"replies":[{"embeddable":true,"href":"https:\/\/keweicorten.com\/fr_ca\/wp-json\/wp\/v2\/comments?post=1317"}],"version-history":[{"count":3,"href":"https:\/\/keweicorten.com\/fr_ca\/wp-json\/wp\/v2\/product\/1317\/revisions"}],"predecessor-version":[{"id":1321,"href":"https:\/\/keweicorten.com\/fr_ca\/wp-json\/wp\/v2\/product\/1317\/revisions\/1321"}],"wp:featuredmedia":[{"embeddable":true,"href":"https:\/\/keweicorten.com\/fr_ca\/wp-json\/wp\/v2\/media\/1318"}],"wp:attachment":[{"href":"https:\/\/keweicorten.com\/fr_ca\/wp-json\/wp\/v2\/media?parent=1317"}],"wp:term":[{"taxonomy":"product_brand","embeddable":true,"href":"https:\/\/keweicorten.com\/fr_ca\/wp-json\/wp\/v2\/product_brand?post=1317"},{"taxonomy":"product_cat","embeddable":true,"href":"https:\/\/keweicorten.com\/fr_ca\/wp-json\/wp\/v2\/product_cat?post=1317"},{"taxonomy":"product_tag","embeddable":true,"href":"https:\/\/keweicorten.com\/fr_ca\/wp-json\/wp\/v2\/product_tag?post=1317"}],"curies":[{"name":"wp","href":"https:\/\/api.w.org\/{rel}","templated":true}]}}