{"id":1322,"date":"2024-09-23T07:02:46","date_gmt":"2024-09-23T07:02:46","guid":{"rendered":"https:\/\/keweicorten.com\/?post_type=product&#038;p=1322"},"modified":"2024-09-23T07:02:46","modified_gmt":"2024-09-23T07:02:46","slug":"q450nqr1-plaque-dacier-corten","status":"publish","type":"product","link":"https:\/\/keweicorten.com\/fr_ca\/q450nqr1-plaque-dacier-corten\/","title":{"rendered":"Plaque d'acier corten Q450NQR1"},"content":{"rendered":"<p>La t\u00f4le d'acier Corten Q450NQR1 est une nuance d'acier de construction \u00e0 haute r\u00e9sistance et faible alliage (HSLA) principalement utilis\u00e9e pour sa r\u00e9sistance accrue \u00e0 la corrosion atmosph\u00e9rique, ce qui la rend id\u00e9ale pour les applications ext\u00e9rieures. Elles font partie de la famille des aciers Corten, souvent utilis\u00e9s dans les applications architecturales, les structures ext\u00e9rieures et les applications industrielles o\u00f9 la durabilit\u00e9 et l'aspect rustique sont recherch\u00e9s.<\/p>\n<h2>\u00a0Caract\u00e9ristiques principales de la plaque d'acier corten Q450NQR1 :<\/h2>\n<p>1. R\u00e9sistance \u00e0 la corrosion : Apr\u00e8s avoir \u00e9t\u00e9 expos\u00e9 aux intemp\u00e9ries, il acquiert un aspect rouill\u00e9 stable qui le prot\u00e8ge contre la corrosion.<br \/>\n2. Haute r\u00e9sistance : Le \"Q\" dans le nom fait r\u00e9f\u00e9rence \u00e0 sa limite d'\u00e9lasticit\u00e9, qui est de 450 MPa, ce qui le rend adapt\u00e9 \u00e0 des fins structurelles.<br \/>\n3. Durabilit\u00e9 : Offre d'excellentes propri\u00e9t\u00e9s m\u00e9caniques pour une utilisation \u00e0 long terme dans des environnements difficiles.<br \/>\n4. Entretien minimal : En raison de sa couche de rouille naturelle, il n\u00e9cessite moins d'entretien que les surfaces peintes ou rev\u00eatues.<\/p>\n<p>Applications typiques :<br \/>\n- Ponts<br \/>\n- Structures de jardin et mobilier d'ext\u00e9rieur<br \/>\n- Sculptures et installations artistiques<br \/>\n- Conteneurs d'exp\u00e9dition<br \/>\n- Chemin\u00e9es industrielles ou silos<\/p>\n<figure id=\"attachment_1324\" aria-describedby=\"caption-attachment-1324\" style=\"width: 359px\" class=\"wp-caption alignnone\"><img fetchpriority=\"high\" decoding=\"async\" class=\"wp-image-1324\" src=\"https:\/\/keweicorten.com\/wp-content\/uploads\/2024\/09\/\u8010\u5019\u677f-300x300.jpg\" alt=\"\" width=\"359\" height=\"359\" srcset=\"https:\/\/keweicorten.com\/wp-content\/uploads\/2024\/09\/\u8010\u5019\u677f-300x300.jpg 300w, https:\/\/keweicorten.com\/wp-content\/uploads\/2024\/09\/\u8010\u5019\u677f-150x150.jpg 150w, https:\/\/keweicorten.com\/wp-content\/uploads\/2024\/09\/\u8010\u5019\u677f-12x12.jpg 12w, https:\/\/keweicorten.com\/wp-content\/uploads\/2024\/09\/\u8010\u5019\u677f-600x600.jpg 600w, https:\/\/keweicorten.com\/wp-content\/uploads\/2024\/09\/\u8010\u5019\u677f-100x100.jpg 100w, https:\/\/keweicorten.com\/wp-content\/uploads\/2024\/09\/\u8010\u5019\u677f.jpg 700w\" sizes=\"(max-width: 359px) 100vw, 359px\" \/><figcaption id=\"caption-attachment-1324\" class=\"wp-caption-text\">acier corten<\/figcaption><\/figure>","protected":false},"excerpt":{"rendered":"<p>R\u00e9siste aux effets corrosifs de la pluie, de la neige, de la glace, du brouillard et d'autres conditions m\u00e9t\u00e9orologiques en formant une couche de protection contre la corrosion.<\/p>\n<p>Le m\u00e9tal est recouvert d'une couche oxyd\u00e9e brun fonc\u00e9, ce qui emp\u00eache une p\u00e9n\u00e9tration plus profonde et \u00e9limine le besoin d'ann\u00e9es de peinture et de rouille co\u00fbteuse.<\/p>\n<p>l'entretien.<\/p>","protected":false},"featured_media":1323,"comment_status":"open","ping_status":"closed","template":"","meta":{"_eb_attr":"","_monsterinsights_skip_tracking":false,"_monsterinsights_sitenote_active":false,"_monsterinsights_sitenote_note":"","_monsterinsights_sitenote_category":0,"_uf_show_specific_survey":0,"_uf_disable_surveys":false},"product_brand":[],"product_cat":[21],"product_tag":[],"class_list":{"0":"post-1322","1":"product","2":"type-product","3":"status-publish","4":"has-post-thumbnail","6":"product_cat-weather-resistant-steel-plate","8":"first","9":"instock","10":"shipping-taxable","11":"product-type-simple"},"_links":{"self":[{"href":"https:\/\/keweicorten.com\/fr_ca\/wp-json\/wp\/v2\/product\/1322"}],"collection":[{"href":"https:\/\/keweicorten.com\/fr_ca\/wp-json\/wp\/v2\/product"}],"about":[{"href":"https:\/\/keweicorten.com\/fr_ca\/wp-json\/wp\/v2\/types\/product"}],"replies":[{"embeddable":true,"href":"https:\/\/keweicorten.com\/fr_ca\/wp-json\/wp\/v2\/comments?post=1322"}],"version-history":[{"count":1,"href":"https:\/\/keweicorten.com\/fr_ca\/wp-json\/wp\/v2\/product\/1322\/revisions"}],"predecessor-version":[{"id":1325,"href":"https:\/\/keweicorten.com\/fr_ca\/wp-json\/wp\/v2\/product\/1322\/revisions\/1325"}],"wp:featuredmedia":[{"embeddable":true,"href":"https:\/\/keweicorten.com\/fr_ca\/wp-json\/wp\/v2\/media\/1323"}],"wp:attachment":[{"href":"https:\/\/keweicorten.com\/fr_ca\/wp-json\/wp\/v2\/media?parent=1322"}],"wp:term":[{"taxonomy":"product_brand","embeddable":true,"href":"https:\/\/keweicorten.com\/fr_ca\/wp-json\/wp\/v2\/product_brand?post=1322"},{"taxonomy":"product_cat","embeddable":true,"href":"https:\/\/keweicorten.com\/fr_ca\/wp-json\/wp\/v2\/product_cat?post=1322"},{"taxonomy":"product_tag","embeddable":true,"href":"https:\/\/keweicorten.com\/fr_ca\/wp-json\/wp\/v2\/product_tag?post=1322"}],"curies":[{"name":"wp","href":"https:\/\/api.w.org\/{rel}","templated":true}]}}