{"id":1327,"date":"2024-09-23T07:09:51","date_gmt":"2024-09-23T07:09:51","guid":{"rendered":"https:\/\/keweicorten.com\/?post_type=product&#038;p=1327"},"modified":"2024-09-23T07:09:51","modified_gmt":"2024-09-23T07:09:51","slug":"q550nh-plaque-dacier-corten","status":"publish","type":"product","link":"https:\/\/keweicorten.com\/fr_ca\/q550nh-plaque-dacier-corten\/","title":{"rendered":"Plaque d'acier corten Q550NH"},"content":{"rendered":"<p>La t\u00f4le d'acier corten Q550NH est un autre acier \u00e0 haute r\u00e9sistance faiblement alli\u00e9 (HSLA), similaire aux autres nuances d'acier corten ou d'acier r\u00e9sistant aux intemp\u00e9ries, mais avec une limite d'\u00e9lasticit\u00e9 plus \u00e9lev\u00e9e que celle du Q450NQR1. Elles sont sp\u00e9cialement con\u00e7ues pour les applications structurelles qui requi\u00e8rent \u00e0 la fois la solidit\u00e9 et la r\u00e9sistance \u00e0 la corrosion dans des environnements atmosph\u00e9riques.<\/p>\n<h2>Caract\u00e9ristiques principales de la plaque d'acier corten Q550NH :<\/h2>\n<p>1. Haute limite d'\u00e9lasticit\u00e9 : La mention \"550\" indique une limite d'\u00e9lasticit\u00e9 de 550 MPa, ce qui en fait un produit id\u00e9al pour les utilisations structurelles lourdes.<br \/>\n2. R\u00e9sistance \u00e0 la corrosion : Comme les autres aciers corten, le Q550NH forme une couche d'oxyde stable et autoprotectrice lorsqu'il est expos\u00e9 aux conditions atmosph\u00e9riques, ce qui r\u00e9duit le besoin de peinture ou de rev\u00eatement.<br \/>\n3. Robustesse et durabilit\u00e9 : Convient aux environnements difficiles, tels que les zones industrielles et les environnements ext\u00e9rieurs o\u00f9 la long\u00e9vit\u00e9 est cruciale.<br \/>\n4. **Peu d'entretien : La couche de rouille de l'acier patinable sert de protection, ce qui r\u00e9duit le besoin d'entretien au fil du temps.<br \/>\n5. Am\u00e9lioration de la soudabilit\u00e9 : La composition de l'alliage facilite le soudage, ce qui le rend polyvalent dans la construction et la fabrication.<\/p>\n<p>Applications typiques :<br \/>\n- Ponts et supports structurels<br \/>\n- \u00c9l\u00e9ments architecturaux ext\u00e9rieurs<br \/>\n- Structures de jardin et d'am\u00e9nagement paysager<br \/>\n- Fa\u00e7ades et rev\u00eatements de b\u00e2timents<br \/>\n- Infrastructures industrielles telles que les silos, les chemin\u00e9es et les centrales \u00e9lectriques<br \/>\n- Conteneurs d'exp\u00e9dition et v\u00e9hicules de transport<\/p>\n<p>La plaque d'acier corten Q550NH est id\u00e9ale lorsque la haute r\u00e9sistance m\u00e9canique et la r\u00e9sistance \u00e0 la corrosion sont toutes deux essentielles. N'h\u00e9sitez pas \u00e0 me contacter si vous souhaitez obtenir des informations ou des applications plus sp\u00e9cifiques !<\/p>\n<table border=\"1\" width=\"747\" cellspacing=\"0\" cellpadding=\"0\">\n<tbody>\n<tr class=\"firstRow\">\n<td width=\"196\" height=\"27\">Produits de base<\/td>\n<td width=\"548\" height=\"27\">T\u00f4le d'acier corten\/t\u00f4le d'acier corten A\/B\/ SPA-H prix de l'acier corten<\/td>\n<\/tr>\n<tr>\n<td width=\"196\" height=\"62\">caract\u00e9ristique<\/td>\n<td width=\"548\" height=\"62\">La surface de l'acier corten peut former une couche d'oxydation brun fonc\u00e9, qui emp\u00eache une p\u00e9n\u00e9tration plus profonde, ce qui permet d'\u00e9conomiser le co\u00fbt de la peinture et de l'entretien co\u00fbteux de pr\u00e9vention de la rouille au fil des ans.<\/td>\n<\/tr>\n<tr>\n<td rowspan=\"3\" width=\"196\" height=\"79\">Taille<\/td>\n<td width=\"548\" height=\"26\">\u00c9paisseur : 1,6 mm-80 mm<\/td>\n<\/tr>\n<tr>\n<td width=\"548\" height=\"26\">Largeur : 900mm-2100mm<\/td>\n<\/tr>\n<tr>\n<td width=\"548\" height=\"27\">Longueur : 1m-11.8m<\/td>\n<\/tr>\n<tr>\n<td rowspan=\"4\" width=\"196\" height=\"105\">Ce que nous pouvons fournir<\/td>\n<td width=\"548\" height=\"26\">Fournir directement les bobines<\/td>\n<\/tr>\n<tr>\n<td width=\"548\" height=\"26\">D\u00e9coilage jusqu'\u00e0 la feuille selon la longueur demand\u00e9e<\/td>\n<\/tr>\n<tr>\n<td width=\"548\" height=\"26\">Peut \u00eatre d\u00e9coup\u00e9 dans n'importe quelle forme et trait\u00e9 selon le dessin.<\/td>\n<\/tr>\n<tr>\n<td width=\"548\" height=\"27\">Peut souder des tubes ronds, carr\u00e9s, rectangulaires, des corni\u00e8res, etc.<\/td>\n<\/tr>\n<tr>\n<td width=\"196\" height=\"27\">Certificat<\/td>\n<td width=\"548\" height=\"27\" data-spm-anchor-id=\"a2700.details.0.i74.5fe220238AtyJw\">ISO, SGS, MTC<\/td>\n<\/tr>\n<\/tbody>\n<\/table>\n<figure id=\"attachment_1331\" aria-describedby=\"caption-attachment-1331\" style=\"width: 434px\" class=\"wp-caption alignnone\"><img fetchpriority=\"high\" decoding=\"async\" class=\"wp-image-1331\" src=\"https:\/\/keweicorten.com\/wp-content\/uploads\/2024\/09\/\u8010\u5019\u94a2\u677f_\u8010\u5019\u94a2\u677f_\u5c71\u4e1c\u6c83\u5361\u91d1\u5c5e\u5236\u54c1\u6709\u9650\u516c\u53f8_3f14be75-300x300.jpg\" alt=\"\" width=\"434\" height=\"434\" srcset=\"https:\/\/keweicorten.com\/wp-content\/uploads\/2024\/09\/\u8010\u5019\u94a2\u677f_\u8010\u5019\u94a2\u677f_\u5c71\u4e1c\u6c83\u5361\u91d1\u5c5e\u5236\u54c1\u6709\u9650\u516c\u53f8_3f14be75-300x300.jpg 300w, https:\/\/keweicorten.com\/wp-content\/uploads\/2024\/09\/\u8010\u5019\u94a2\u677f_\u8010\u5019\u94a2\u677f_\u5c71\u4e1c\u6c83\u5361\u91d1\u5c5e\u5236\u54c1\u6709\u9650\u516c\u53f8_3f14be75-150x150.jpg 150w, https:\/\/keweicorten.com\/wp-content\/uploads\/2024\/09\/\u8010\u5019\u94a2\u677f_\u8010\u5019\u94a2\u677f_\u5c71\u4e1c\u6c83\u5361\u91d1\u5c5e\u5236\u54c1\u6709\u9650\u516c\u53f8_3f14be75-12x12.jpg 12w, https:\/\/keweicorten.com\/wp-content\/uploads\/2024\/09\/\u8010\u5019\u94a2\u677f_\u8010\u5019\u94a2\u677f_\u5c71\u4e1c\u6c83\u5361\u91d1\u5c5e\u5236\u54c1\u6709\u9650\u516c\u53f8_3f14be75-600x600.jpg 600w, https:\/\/keweicorten.com\/wp-content\/uploads\/2024\/09\/\u8010\u5019\u94a2\u677f_\u8010\u5019\u94a2\u677f_\u5c71\u4e1c\u6c83\u5361\u91d1\u5c5e\u5236\u54c1\u6709\u9650\u516c\u53f8_3f14be75-100x100.jpg 100w, https:\/\/keweicorten.com\/wp-content\/uploads\/2024\/09\/\u8010\u5019\u94a2\u677f_\u8010\u5019\u94a2\u677f_\u5c71\u4e1c\u6c83\u5361\u91d1\u5c5e\u5236\u54c1\u6709\u9650\u516c\u53f8_3f14be75.jpg 700w\" sizes=\"(max-width: 434px) 100vw, 434px\" \/><figcaption id=\"caption-attachment-1331\" class=\"wp-caption-text\">t\u00f4le d'acier alt\u00e9r\u00e9e<\/figcaption><\/figure>\n<figure id=\"attachment_1332\" aria-describedby=\"caption-attachment-1332\" style=\"width: 429px\" class=\"wp-caption alignnone\"><img decoding=\"async\" class=\"wp-image-1332\" src=\"https:\/\/keweicorten.com\/wp-content\/uploads\/2024\/09\/\u8010\u5019\u94a2\u677f_\u8010\u5019\u94a2\u677f_\u5c71\u4e1c\u6c83\u5361\u91d1\u5c5e\u5236\u54c1\u6709\u9650\u516c\u53f8_4b932984-300x300.jpg\" alt=\"\" width=\"429\" height=\"429\" srcset=\"https:\/\/keweicorten.com\/wp-content\/uploads\/2024\/09\/\u8010\u5019\u94a2\u677f_\u8010\u5019\u94a2\u677f_\u5c71\u4e1c\u6c83\u5361\u91d1\u5c5e\u5236\u54c1\u6709\u9650\u516c\u53f8_4b932984-300x300.jpg 300w, https:\/\/keweicorten.com\/wp-content\/uploads\/2024\/09\/\u8010\u5019\u94a2\u677f_\u8010\u5019\u94a2\u677f_\u5c71\u4e1c\u6c83\u5361\u91d1\u5c5e\u5236\u54c1\u6709\u9650\u516c\u53f8_4b932984-150x150.jpg 150w, https:\/\/keweicorten.com\/wp-content\/uploads\/2024\/09\/\u8010\u5019\u94a2\u677f_\u8010\u5019\u94a2\u677f_\u5c71\u4e1c\u6c83\u5361\u91d1\u5c5e\u5236\u54c1\u6709\u9650\u516c\u53f8_4b932984-12x12.jpg 12w, https:\/\/keweicorten.com\/wp-content\/uploads\/2024\/09\/\u8010\u5019\u94a2\u677f_\u8010\u5019\u94a2\u677f_\u5c71\u4e1c\u6c83\u5361\u91d1\u5c5e\u5236\u54c1\u6709\u9650\u516c\u53f8_4b932984-600x600.jpg 600w, https:\/\/keweicorten.com\/wp-content\/uploads\/2024\/09\/\u8010\u5019\u94a2\u677f_\u8010\u5019\u94a2\u677f_\u5c71\u4e1c\u6c83\u5361\u91d1\u5c5e\u5236\u54c1\u6709\u9650\u516c\u53f8_4b932984-100x100.jpg 100w, https:\/\/keweicorten.com\/wp-content\/uploads\/2024\/09\/\u8010\u5019\u94a2\u677f_\u8010\u5019\u94a2\u677f_\u5c71\u4e1c\u6c83\u5361\u91d1\u5c5e\u5236\u54c1\u6709\u9650\u516c\u53f8_4b932984.jpg 700w\" sizes=\"(max-width: 429px) 100vw, 429px\" \/><figcaption id=\"caption-attachment-1332\" class=\"wp-caption-text\">Prix des plaques d'acier corten<\/figcaption><\/figure>\n<figure id=\"attachment_1333\" aria-describedby=\"caption-attachment-1333\" style=\"width: 427px\" class=\"wp-caption alignnone\"><img decoding=\"async\" class=\"wp-image-1333\" src=\"https:\/\/keweicorten.com\/wp-content\/uploads\/2024\/09\/\u8010\u5019\u94a2\u677f_\u8010\u5019\u94a2\u677f_\u5c71\u4e1c\u6c83\u5361\u91d1\u5c5e\u5236\u54c1\u6709\u9650\u516c\u53f8_175f6748-300x300.jpg\" alt=\"\" width=\"427\" height=\"427\" srcset=\"https:\/\/keweicorten.com\/wp-content\/uploads\/2024\/09\/\u8010\u5019\u94a2\u677f_\u8010\u5019\u94a2\u677f_\u5c71\u4e1c\u6c83\u5361\u91d1\u5c5e\u5236\u54c1\u6709\u9650\u516c\u53f8_175f6748-300x300.jpg 300w, https:\/\/keweicorten.com\/wp-content\/uploads\/2024\/09\/\u8010\u5019\u94a2\u677f_\u8010\u5019\u94a2\u677f_\u5c71\u4e1c\u6c83\u5361\u91d1\u5c5e\u5236\u54c1\u6709\u9650\u516c\u53f8_175f6748-150x150.jpg 150w, https:\/\/keweicorten.com\/wp-content\/uploads\/2024\/09\/\u8010\u5019\u94a2\u677f_\u8010\u5019\u94a2\u677f_\u5c71\u4e1c\u6c83\u5361\u91d1\u5c5e\u5236\u54c1\u6709\u9650\u516c\u53f8_175f6748-12x12.jpg 12w, https:\/\/keweicorten.com\/wp-content\/uploads\/2024\/09\/\u8010\u5019\u94a2\u677f_\u8010\u5019\u94a2\u677f_\u5c71\u4e1c\u6c83\u5361\u91d1\u5c5e\u5236\u54c1\u6709\u9650\u516c\u53f8_175f6748-600x600.jpg 600w, https:\/\/keweicorten.com\/wp-content\/uploads\/2024\/09\/\u8010\u5019\u94a2\u677f_\u8010\u5019\u94a2\u677f_\u5c71\u4e1c\u6c83\u5361\u91d1\u5c5e\u5236\u54c1\u6709\u9650\u516c\u53f8_175f6748-100x100.jpg 100w, https:\/\/keweicorten.com\/wp-content\/uploads\/2024\/09\/\u8010\u5019\u94a2\u677f_\u8010\u5019\u94a2\u677f_\u5c71\u4e1c\u6c83\u5361\u91d1\u5c5e\u5236\u54c1\u6709\u9650\u516c\u53f8_175f6748.jpg 700w\" sizes=\"(max-width: 427px) 100vw, 427px\" \/><figcaption id=\"caption-attachment-1333\" class=\"wp-caption-text\">prix de la t\u00f4le corten<\/figcaption><\/figure>","protected":false},"excerpt":{"rendered":"<div class=\"fr\">\n<p>Plaque d'acier corten Q550NH<br \/>\nLes t\u00f4les d'acier Corten, gr\u00e2ce \u00e0 leurs caract\u00e9ristiques uniques de haute qualit\u00e9, peuvent r\u00e9sister \u00e0 un environnement de travail difficile pendant une longue p\u00e9riode, avec une bonne plasticit\u00e9.<\/p>\n<\/div>\n<div><a class=\"pconmore mmv\" href=\"https:\/\/keweicorten.com\/fr_ca\/nous-contacter\/\" rel=\"nofollow\">Envoyer une demande de renseignements<\/a><\/div>","protected":false},"featured_media":1329,"comment_status":"open","ping_status":"closed","template":"","meta":{"_eb_attr":"","_monsterinsights_skip_tracking":false,"_monsterinsights_sitenote_active":false,"_monsterinsights_sitenote_note":"","_monsterinsights_sitenote_category":0,"_uf_show_specific_survey":0,"_uf_disable_surveys":false},"product_brand":[],"product_cat":[21],"product_tag":[],"class_list":{"0":"post-1327","1":"product","2":"type-product","3":"status-publish","4":"has-post-thumbnail","6":"product_cat-weather-resistant-steel-plate","8":"first","9":"instock","10":"shipping-taxable","11":"product-type-simple"},"_links":{"self":[{"href":"https:\/\/keweicorten.com\/fr_ca\/wp-json\/wp\/v2\/product\/1327"}],"collection":[{"href":"https:\/\/keweicorten.com\/fr_ca\/wp-json\/wp\/v2\/product"}],"about":[{"href":"https:\/\/keweicorten.com\/fr_ca\/wp-json\/wp\/v2\/types\/product"}],"replies":[{"embeddable":true,"href":"https:\/\/keweicorten.com\/fr_ca\/wp-json\/wp\/v2\/comments?post=1327"}],"version-history":[{"count":1,"href":"https:\/\/keweicorten.com\/fr_ca\/wp-json\/wp\/v2\/product\/1327\/revisions"}],"predecessor-version":[{"id":1334,"href":"https:\/\/keweicorten.com\/fr_ca\/wp-json\/wp\/v2\/product\/1327\/revisions\/1334"}],"wp:featuredmedia":[{"embeddable":true,"href":"https:\/\/keweicorten.com\/fr_ca\/wp-json\/wp\/v2\/media\/1329"}],"wp:attachment":[{"href":"https:\/\/keweicorten.com\/fr_ca\/wp-json\/wp\/v2\/media?parent=1327"}],"wp:term":[{"taxonomy":"product_brand","embeddable":true,"href":"https:\/\/keweicorten.com\/fr_ca\/wp-json\/wp\/v2\/product_brand?post=1327"},{"taxonomy":"product_cat","embeddable":true,"href":"https:\/\/keweicorten.com\/fr_ca\/wp-json\/wp\/v2\/product_cat?post=1327"},{"taxonomy":"product_tag","embeddable":true,"href":"https:\/\/keweicorten.com\/fr_ca\/wp-json\/wp\/v2\/product_tag?post=1327"}],"curies":[{"name":"wp","href":"https:\/\/api.w.org\/{rel}","templated":true}]}}