{"id":1356,"date":"2024-09-24T07:39:02","date_gmt":"2024-09-24T07:39:02","guid":{"rendered":"https:\/\/keweicorten.com\/?post_type=product&#038;p=1356"},"modified":"2024-09-24T07:39:02","modified_gmt":"2024-09-24T07:39:02","slug":"toles-dacier-corten-astm-a242","status":"publish","type":"product","link":"https:\/\/keweicorten.com\/fr_ca\/toles-dacier-corten-astm-a242\/","title":{"rendered":"T\u00f4les d'acier Corten ASTM A242"},"content":{"rendered":"<p>Les t\u00f4les d'acier Corten ASTM A242 sont un acier \u00e0 haute r\u00e9sistance, faiblement alli\u00e9, commun\u00e9ment appel\u00e9 acier Corten. Il est con\u00e7u pour offrir de meilleures propri\u00e9t\u00e9s de r\u00e9sistance \u00e0 la corrosion, en particulier dans des conditions atmosph\u00e9riques, par rapport aux aciers au carbone standard. Les t\u00f4les d'acier Corten ASTM A242 sont obtenues gr\u00e2ce \u00e0 leur composition chimique unique, qui forme un aspect rouill\u00e9 stable apr\u00e8s exposition aux intemp\u00e9ries, prot\u00e9geant ainsi l'acier de toute corrosion ult\u00e9rieure.<\/p>\n<h2>Caract\u00e9ristiques des t\u00f4les d'acier Corten ASTM A242 :<\/h2>\n<ol>\n<li><strong>R\u00e9sistance \u00e0 la corrosion<\/strong>: L'exposition aux intemp\u00e9ries entra\u00eene la formation d'une couche d'oxyde protectrice (patine) qui emp\u00eache la rouille de se d\u00e9velopper.<\/li>\n<li><strong>Haute r\u00e9sistance<\/strong>: Il pr\u00e9sente une bonne r\u00e9sistance \u00e0 la traction, ce qui le rend adapt\u00e9 aux applications structurelles.<\/li>\n<li><strong>Durabilit\u00e9<\/strong>: R\u00e9siste aux conditions climatiques difficiles, ce qui le rend id\u00e9al pour une utilisation en ext\u00e9rieur, notamment dans les fa\u00e7ades architecturales, les sculptures et les foyers de jardin.<\/li>\n<\/ol>\n<figure style=\"width: 650px\" class=\"wp-caption alignnone\"><a href=\"https:\/\/keweicorten.com\/fr_ca\"><img fetchpriority=\"high\" decoding=\"async\" title=\"feuilles de corten\" src=\"https:\/\/image.made-in-china.com\/2f0j00LkoVQuIcOqRb\/ASTM-A242-Steel-Corten-a-Provides-ASTM-A242-Steel-Plate-and-Customized-Steel-Profiles.jpg\" alt=\"Acier ASTM A242 Corten a fournit des plaques d&#039;acier ASTM A242 et des produits personnalis\u00e9s ...\" width=\"650\" height=\"650\" \/><\/a><figcaption class=\"wp-caption-text\">feuilles de corten<\/figcaption><\/figure>\n<figure style=\"width: 651px\" class=\"wp-caption alignnone\"><a href=\"https:\/\/keweicorten.com\/fr_ca\"><img decoding=\"async\" title=\"t\u00f4le corten\" src=\"https:\/\/www.amardeepsteel.com\/images\/corten-steel-irsm-41-97-steel-plates.jpg\" alt=\"IRSM 41-97 Plaques et t\u00f4les en acier corten Fournisseur\" width=\"651\" height=\"367\" \/><\/a><figcaption class=\"wp-caption-text\">t\u00f4le corten<\/figcaption><\/figure>\n<table style=\"height: 285px;\" border=\"1\" width=\"959\" cellspacing=\"1\" cellpadding=\"1\">\n<tbody>\n<tr>\n<td>Type de tube en acier<\/td>\n<td>Tube soud\u00e9 \u00e0 joint droit Tube en acier cs pour mat\u00e9riaux de construction<\/td>\n<\/tr>\n<tr>\n<td>Diam\u00e8tre ext\u00e9rieur (mm)<\/td>\n<td>10.3-1219mm<\/td>\n<\/tr>\n<tr>\n<td>\u00c9paisseur de la paroi (mm)<\/td>\n<td>1,5-30 mm<\/td>\n<\/tr>\n<tr>\n<td>Longueur<\/td>\n<td>Longueur al\u00e9atoire : 5-12m<\/td>\n<\/tr>\n<tr>\n<td>Standard<\/td>\n<td>API5L, ASTM A106 Gr.B, ASTM A53 Gr.B,<br \/>\nASTMA179\/A192\/A213\/A210\/370WP91,WP11,WP22 GB5310-2009,GB3087-2008,GB6479-2013,GB9948-2013,<br \/>\nGB\/T8163-2008, GB8162-2008,GB\/T17396-2009<\/td>\n<\/tr>\n<tr>\n<td>Mat\u00e9riau<\/td>\n<td>20#, A53B, A106B, API 5L<br \/>\nST37.0,ST35.8,St37.2,St35.4\/8,St42,St45,St52,St52.4<br \/>\nSTP G38,STP G42,STPT42,STB42,STS42,STPT49,STS49<\/td>\n<\/tr>\n<tr>\n<td>Surface<\/td>\n<td>Peinture noire, peinture vernie, huile antirouille, galvanisation \u00e0 chaud, galvanisation \u00e0 froid, 3PE, etc.<\/td>\n<\/tr>\n<tr>\n<td>Emballage<\/td>\n<td>Emballage en vrac, emball\u00e9 en paquets (3 tonnes maximum), tuyaux en paquets avec deux \u00e9lingues aux deux extr\u00e9mit\u00e9s pour faciliter le chargement et le d\u00e9chargement.<br \/>\navec bouchons en plastique ou selon les besoins<\/td>\n<\/tr>\n<tr>\n<td>Application<\/td>\n<td>API5L ISO 9001:2008 TUV SGS BV etc.<\/td>\n<\/tr>\n<\/tbody>\n<\/table>","protected":false},"excerpt":{"rendered":"<p>Plaque d'acier corten a242 de 10 mm d'\u00e9paisseur Plaque d'acier corten ASTM A242<\/p>\n<p>&nbsp;<\/p>\n<div><\/div>","protected":false},"featured_media":1357,"comment_status":"open","ping_status":"closed","template":"","meta":{"_eb_attr":"","_monsterinsights_skip_tracking":false,"_monsterinsights_sitenote_active":false,"_monsterinsights_sitenote_note":"","_monsterinsights_sitenote_category":0,"_uf_show_specific_survey":0,"_uf_disable_surveys":false},"product_brand":[],"product_cat":[21],"product_tag":[],"class_list":{"0":"post-1356","1":"product","2":"type-product","3":"status-publish","4":"has-post-thumbnail","6":"product_cat-weather-resistant-steel-plate","8":"first","9":"instock","10":"shipping-taxable","11":"product-type-simple"},"_links":{"self":[{"href":"https:\/\/keweicorten.com\/fr_ca\/wp-json\/wp\/v2\/product\/1356"}],"collection":[{"href":"https:\/\/keweicorten.com\/fr_ca\/wp-json\/wp\/v2\/product"}],"about":[{"href":"https:\/\/keweicorten.com\/fr_ca\/wp-json\/wp\/v2\/types\/product"}],"replies":[{"embeddable":true,"href":"https:\/\/keweicorten.com\/fr_ca\/wp-json\/wp\/v2\/comments?post=1356"}],"version-history":[{"count":1,"href":"https:\/\/keweicorten.com\/fr_ca\/wp-json\/wp\/v2\/product\/1356\/revisions"}],"predecessor-version":[{"id":1358,"href":"https:\/\/keweicorten.com\/fr_ca\/wp-json\/wp\/v2\/product\/1356\/revisions\/1358"}],"wp:featuredmedia":[{"embeddable":true,"href":"https:\/\/keweicorten.com\/fr_ca\/wp-json\/wp\/v2\/media\/1357"}],"wp:attachment":[{"href":"https:\/\/keweicorten.com\/fr_ca\/wp-json\/wp\/v2\/media?parent=1356"}],"wp:term":[{"taxonomy":"product_brand","embeddable":true,"href":"https:\/\/keweicorten.com\/fr_ca\/wp-json\/wp\/v2\/product_brand?post=1356"},{"taxonomy":"product_cat","embeddable":true,"href":"https:\/\/keweicorten.com\/fr_ca\/wp-json\/wp\/v2\/product_cat?post=1356"},{"taxonomy":"product_tag","embeddable":true,"href":"https:\/\/keweicorten.com\/fr_ca\/wp-json\/wp\/v2\/product_tag?post=1356"}],"curies":[{"name":"wp","href":"https:\/\/api.w.org\/{rel}","templated":true}]}}