{"id":1365,"date":"2024-09-24T08:26:42","date_gmt":"2024-09-24T08:26:42","guid":{"rendered":"https:\/\/keweicorten.com\/?post_type=product&#038;p=1365"},"modified":"2024-09-24T08:49:31","modified_gmt":"2024-09-24T08:49:31","slug":"tube-en-acier-corten-wtst52-3","status":"publish","type":"product","link":"https:\/\/keweicorten.com\/fr_ca\/tube-en-acier-corten-wtst52-3\/","title":{"rendered":"Tube en acier corten WTSt52-3"},"content":{"rendered":"<p>Le tube en acier Corten WTSt52-3 est une nuance d'acier r\u00e9sistant aux intemp\u00e9ries qui appartient \u00e0 la famille des aciers Corten. Comme d'autres aciers Corten tels que A242 et A588, le WTSt52-3 est con\u00e7u pour offrir une r\u00e9sistance sup\u00e9rieure \u00e0 la corrosion en formant une patine protectrice sur sa surface lorsqu'il est expos\u00e9 aux conditions m\u00e9t\u00e9orologiques. La patine agit comme une barri\u00e8re, emp\u00eachant une corrosion plus profonde et permettant \u00e0 l'acier d'\u00eatre utilis\u00e9 dans des environnements difficiles sans qu'il soit n\u00e9cessaire d'utiliser des rev\u00eatements protecteurs.<\/p>\n<p>Comme d'autres aciers r\u00e9sistant aux intemp\u00e9ries, le tube en acier corten WTSt52-3 contient de petites quantit\u00e9s d'\u00e9l\u00e9ments d'alliage tels que.. :<\/p>\n<ul>\n<li><strong>Cuivre<\/strong><\/li>\n<li><strong>Chrome<\/strong><\/li>\n<li><strong>Nickel<\/strong><\/li>\n<li><strong>Phosphore<\/strong> Ces \u00e9l\u00e9ments renforcent sa r\u00e9sistance \u00e0 la corrosion et lui permettent de former une patine stable lorsqu'il est expos\u00e9 \u00e0 l'environnement.<\/li>\n<\/ul>\n<h3>Avantages :<\/h3>\n<ul>\n<li><strong>L'attrait esth\u00e9tique<\/strong>: La patine donne un aspect industriel et rustique qui est souvent utilis\u00e9 dans les conceptions architecturales modernes.<\/li>\n<li><strong>Durabilit\u00e9<\/strong>: Offre des performances \u00e0 long terme dans les applications ext\u00e9rieures sans qu'il soit n\u00e9cessaire de repeindre ou de r\u00e9parer fr\u00e9quemment.<\/li>\n<li><strong>Rentabilit\u00e9<\/strong>: R\u00e9duit le besoin de rev\u00eatements protecteurs et d'entretien r\u00e9gulier, ce qui diminue les co\u00fbts globaux du cycle de vie.<\/li>\n<\/ul>\n<table style=\"height: 91px;\" width=\"772\">\n<tbody>\n<tr>\n<th>Gamme OD<\/th>\n<td>12-150mm<\/td>\n<\/tr>\n<tr>\n<th>Gamme Thk<\/th>\n<td>1,5-8 mm<\/td>\n<\/tr>\n<tr>\n<th>Longueur<\/th>\n<td>Simple al\u00e9atoire, double al\u00e9atoire et longueur de coupe<\/td>\n<\/tr>\n<tr>\n<th>Type<\/th>\n<td>Rond, Carr\u00e9, Rectangle<\/td>\n<\/tr>\n<tr>\n<th>Standard<\/th>\n<td>GB, ASTM, UE<\/td>\n<\/tr>\n<tr>\n<th>Grade<\/th>\n<td>Q235NH,Q295NH,Q355NH,09CUPGENI-A,09CUPGENI-B,CORTEN A, CORTEN B, ASTM A423 GRADE 1,<br \/>\nASTM A847, ASTM A588, ASTM A242, ASTM A606, S355JOW, S355JOWP, S355J2W, S355J2WP<\/td>\n<\/tr>\n<\/tbody>\n<\/table>\n<figure style=\"width: 559px\" class=\"wp-caption alignnone\"><a href=\"https:\/\/keweicorten.com\/fr_ca\/nous-contacter\/\"><img fetchpriority=\"high\" decoding=\"async\" title=\"t\u00f4le d&#039;acier corten\" src=\"https:\/\/www.offersteels.com\/uploads\/allimg\/corten-steel-pipe.jpg\" alt=\"Fournisseurs de tubes en acier Corten, r\u00e9sistance \u00e0 la corrosion des tubes d&#039;intemp\u00e9ries\" width=\"559\" height=\"419\" \/><\/a><figcaption class=\"wp-caption-text\">t\u00f4le d'acier corten<\/figcaption><\/figure>\n<figure style=\"width: 560px\" class=\"wp-caption alignnone\"><a href=\"https:\/\/keweicorten.com\/fr_ca\/produits\/\"><img decoding=\"async\" title=\"t\u00f4le d&#039;acier corten\" src=\"https:\/\/www.offersteels.com\/uploads\/allimg\/Corten-steel-pipe-productive-process.jpg\" alt=\"Processus de production des tubes en acier corten\" width=\"560\" height=\"441\" \/><\/a><figcaption class=\"wp-caption-text\">t\u00f4le d'acier corten<\/figcaption><\/figure>\n<figure style=\"width: 559px\" class=\"wp-caption alignnone\"><a href=\"https:\/\/keweicorten.com\/fr_ca\/produits\/\"><img decoding=\"async\" title=\"Tube en acier corten\" src=\"https:\/\/www.offersteels.com\/uploads\/allimg\/What-is-Corten-Steel-Pipe.jpg\" alt=\"Fournisseurs de tubes en acier Corten, r\u00e9sistance \u00e0 la corrosion des tubes d&#039;intemp\u00e9ries\" width=\"559\" height=\"419\" \/><\/a><figcaption class=\"wp-caption-text\">Tube en acier corten<\/figcaption><\/figure>","protected":false},"excerpt":{"rendered":"<p>L'acier Corten est principalement utilis\u00e9 dans les chemins de fer, les v\u00e9hicules, les ponts, les pyl\u00f4nes, les installations photovolta\u00efques, les installations \u00e0 grande vitesse et d'autres structures en acier qui sont expos\u00e9es \u00e0 l'atmosph\u00e8re pendant une longue p\u00e9riode.<\/p>","protected":false},"featured_media":1366,"comment_status":"open","ping_status":"closed","template":"","meta":{"_eb_attr":"","_monsterinsights_skip_tracking":false,"_monsterinsights_sitenote_active":false,"_monsterinsights_sitenote_note":"","_monsterinsights_sitenote_category":0,"_uf_show_specific_survey":0,"_uf_disable_surveys":false},"product_brand":[],"product_cat":[21],"product_tag":[],"class_list":{"0":"post-1365","1":"product","2":"type-product","3":"status-publish","4":"has-post-thumbnail","6":"product_cat-weather-resistant-steel-plate","8":"first","9":"instock","10":"shipping-taxable","11":"product-type-simple"},"_links":{"self":[{"href":"https:\/\/keweicorten.com\/fr_ca\/wp-json\/wp\/v2\/product\/1365"}],"collection":[{"href":"https:\/\/keweicorten.com\/fr_ca\/wp-json\/wp\/v2\/product"}],"about":[{"href":"https:\/\/keweicorten.com\/fr_ca\/wp-json\/wp\/v2\/types\/product"}],"replies":[{"embeddable":true,"href":"https:\/\/keweicorten.com\/fr_ca\/wp-json\/wp\/v2\/comments?post=1365"}],"version-history":[{"count":1,"href":"https:\/\/keweicorten.com\/fr_ca\/wp-json\/wp\/v2\/product\/1365\/revisions"}],"predecessor-version":[{"id":1367,"href":"https:\/\/keweicorten.com\/fr_ca\/wp-json\/wp\/v2\/product\/1365\/revisions\/1367"}],"wp:featuredmedia":[{"embeddable":true,"href":"https:\/\/keweicorten.com\/fr_ca\/wp-json\/wp\/v2\/media\/1366"}],"wp:attachment":[{"href":"https:\/\/keweicorten.com\/fr_ca\/wp-json\/wp\/v2\/media?parent=1365"}],"wp:term":[{"taxonomy":"product_brand","embeddable":true,"href":"https:\/\/keweicorten.com\/fr_ca\/wp-json\/wp\/v2\/product_brand?post=1365"},{"taxonomy":"product_cat","embeddable":true,"href":"https:\/\/keweicorten.com\/fr_ca\/wp-json\/wp\/v2\/product_cat?post=1365"},{"taxonomy":"product_tag","embeddable":true,"href":"https:\/\/keweicorten.com\/fr_ca\/wp-json\/wp\/v2\/product_tag?post=1365"}],"curies":[{"name":"wp","href":"https:\/\/api.w.org\/{rel}","templated":true}]}}