{"id":1444,"date":"2024-09-26T02:26:55","date_gmt":"2024-09-26T02:26:55","guid":{"rendered":"https:\/\/keweicorten.com\/?post_type=product&#038;p=1444"},"modified":"2024-09-26T02:26:55","modified_gmt":"2024-09-26T02:26:55","slug":"outdoors-garbage-sorting-trash-cans","status":"publish","type":"product","link":"https:\/\/keweicorten.com\/fr_ca\/outdoors-garbage-sorting-trash-cans\/","title":{"rendered":"Ext\u00e9rieur Tri des d\u00e9chets Poubelles"},"content":{"rendered":"<p>Outdoors Garbage Sorting Trash Can is a garbage disposal equipment specially designed for outdoor environment, aiming to promote garbage sorting and recycling, reduce environmental pollution, and improve the urban ecological environment. The following are some applications and advantages of outdoor garbage sorting bins:<\/p>\n<h2>\u00a0Application Field:<\/h2>\n<ul>\n<li>Parks and scenic spots\u00a0 : Garbage sorting buckets are set up in public places such as parks and scenic spots to facilitate tourists to put garbage and improve garbage classification awareness.<\/li>\n<li>Urban streets\u00a0 : Set in densely populated areas such as the main streets and commercial districts of the city, so as to facilitate the citizens to carry out garbage classification and keep the city clean.<\/li>\n<li>Campus : Set up garbage bins in the school to educate students to develop the habit of garbage classification from childhood.<\/li>\n<li>Community : Set up in residential areas to encourage residents to participate in garbage classification and improve community environmental health.<\/li>\n<li>Public transport stations: Set up in bus stations, subway stations and other transportation hubs to facilitate passengers to carry out garbage classification and disposal.<\/li>\n<\/ul>\n<h2>Advantages of Outdoors Garbage Sorting Trash Cans<\/h2>\n<ul>\n<li>Environmental protection and sustainable development : Promote the recycling and reuse of recyclable items by classifying them to reduce environmental pressure.<\/li>\n<li>\u00a0Raise public awareness : Publicize and educate the public on the importance of garbage classification and raise public awareness of environmental protection.<\/li>\n<li>Beautify the environment: Classified garbage cans are usually beautiful in design, which can improve the appearance of the city and reduce the impact of garbage on the environment.<\/li>\n<li>Reduce management costs : Effective garbage classification can reduce the cost of garbage disposal and improve the efficiency of garbage classification and disposal.<\/li>\n<li>Diversified design\u00a0 : Modern garbage sorting buckets often have a variety of colors and logos to facilitate the public to identify different categories of garbage.<\/li>\n<\/ul>\n<table class=\"table\" border=\"1\" cellspacing=\"1\" cellpadding=\"1\">\n<tbody>\n<tr>\n<td colspan=\"1\" rowspan=\"1\">\n<div class=\"magic-5\"><strong>Nom du produit<\/strong><\/div>\n<\/td>\n<td colspan=\"1\" rowspan=\"1\">\n<div class=\"magic-7\">Poubelle d'ext\u00e9rieur publique et commerciale en acier Corten pour le tri des d\u00e9chets, le recyclage et la liti\u00e8re en m\u00e9tal<\/div>\n<\/td>\n<\/tr>\n<tr>\n<td colspan=\"1\" rowspan=\"1\">\n<div class=\"magic-5\"><strong>Mat\u00e9riau<\/strong><\/div>\n<\/td>\n<td colspan=\"1\" rowspan=\"1\">\n<div class=\"magic-7\">Acier corten<\/div>\n<\/td>\n<\/tr>\n<tr>\n<td colspan=\"1\" rowspan=\"1\">\n<div class=\"magic-5\"><strong>Taille<\/strong><\/div>\n<\/td>\n<td colspan=\"1\" rowspan=\"1\">\n<div class=\"magic-7\">Soutien personnalis\u00e9<\/div>\n<\/td>\n<\/tr>\n<tr>\n<td colspan=\"1\" rowspan=\"1\">\n<div class=\"magic-5\"><strong>\u00c9paisseur<\/strong><\/div>\n<\/td>\n<td colspan=\"1\" rowspan=\"1\">\n<div class=\"magic-7\">2-10mm<\/div>\n<\/td>\n<\/tr>\n<tr>\n<td colspan=\"1\" rowspan=\"1\">\n<div class=\"magic-5\"><strong>Finition<\/strong><\/div>\n<\/td>\n<td colspan=\"1\" rowspan=\"1\">\n<div class=\"magic-7\">Traitement contre la corrosion, traitement de durcissement<\/div>\n<\/td>\n<\/tr>\n<tr>\n<td colspan=\"1\" rowspan=\"1\">\n<div class=\"magic-5\"><strong>Caract\u00e9ristiques<\/strong><\/div>\n<\/td>\n<td colspan=\"1\" rowspan=\"1\">\n<div class=\"magic-7\">Antirouille, \u00e9tanche<\/div>\n<\/td>\n<\/tr>\n<tr>\n<td colspan=\"1\" rowspan=\"1\">\n<div class=\"magic-5\"><strong>Utilisation<\/strong><\/div>\n<\/td>\n<td colspan=\"1\" rowspan=\"1\">\n<div class=\"magic-7\">Rue\/parc\/jardin\/ext\u00e9rieur\/commercial\/espace public<\/div>\n<\/td>\n<\/tr>\n<tr>\n<td colspan=\"1\" rowspan=\"1\">\n<div class=\"magic-5\"><strong>D\u00e9lai de paiement<\/strong><\/div>\n<\/td>\n<td colspan=\"1\" rowspan=\"1\">\n<div class=\"magic-7\">T\/T, L\/C, Western Union, Money gram<\/div>\n<\/td>\n<\/tr>\n<\/tbody>\n<\/table>\n<figure style=\"width: 579px\" class=\"wp-caption alignnone\"><a href=\"https:\/\/keweicorten.com\/fr_ca\"><img fetchpriority=\"high\" decoding=\"async\" title=\"Ext\u00e9rieur Tri des d\u00e9chets Poubelles\" src=\"https:\/\/www.keweistove.com\/uploads\/39684\/products\/20240412101431acc66.png?size=523x0\" alt=\"Outdoors Garbage Sorting Trash Cans-Factory,china,price,manufacturers, suppliers, customized, wholesale, cheap, for sale, in stock.\" width=\"579\" height=\"581\" \/><\/a><figcaption class=\"wp-caption-text\">Ext\u00e9rieur Tri des d\u00e9chets Poubelles<\/figcaption><\/figure>","protected":false},"excerpt":{"rendered":"<p>Outdoor garbage sorting bins play an important role in urban management, environmental protection and public education. Through reasonable setting and use, it not only improves the efficiency of garbage classification, but also becomes an important symbol of urban civilization and environmental protection.<\/p>","protected":false},"featured_media":1445,"comment_status":"open","ping_status":"closed","template":"","meta":{"_eb_attr":"","_monsterinsights_skip_tracking":false,"_monsterinsights_sitenote_active":false,"_monsterinsights_sitenote_note":"","_monsterinsights_sitenote_category":0,"_uf_show_specific_survey":0,"_uf_disable_surveys":false},"product_brand":[],"product_cat":[23],"product_tag":[],"class_list":{"0":"post-1444","1":"product","2":"type-product","3":"status-publish","4":"has-post-thumbnail","6":"product_cat-patio-furniture","8":"first","9":"instock","10":"shipping-taxable","11":"product-type-simple"},"_links":{"self":[{"href":"https:\/\/keweicorten.com\/fr_ca\/wp-json\/wp\/v2\/product\/1444"}],"collection":[{"href":"https:\/\/keweicorten.com\/fr_ca\/wp-json\/wp\/v2\/product"}],"about":[{"href":"https:\/\/keweicorten.com\/fr_ca\/wp-json\/wp\/v2\/types\/product"}],"replies":[{"embeddable":true,"href":"https:\/\/keweicorten.com\/fr_ca\/wp-json\/wp\/v2\/comments?post=1444"}],"version-history":[{"count":1,"href":"https:\/\/keweicorten.com\/fr_ca\/wp-json\/wp\/v2\/product\/1444\/revisions"}],"predecessor-version":[{"id":1449,"href":"https:\/\/keweicorten.com\/fr_ca\/wp-json\/wp\/v2\/product\/1444\/revisions\/1449"}],"wp:featuredmedia":[{"embeddable":true,"href":"https:\/\/keweicorten.com\/fr_ca\/wp-json\/wp\/v2\/media\/1445"}],"wp:attachment":[{"href":"https:\/\/keweicorten.com\/fr_ca\/wp-json\/wp\/v2\/media?parent=1444"}],"wp:term":[{"taxonomy":"product_brand","embeddable":true,"href":"https:\/\/keweicorten.com\/fr_ca\/wp-json\/wp\/v2\/product_brand?post=1444"},{"taxonomy":"product_cat","embeddable":true,"href":"https:\/\/keweicorten.com\/fr_ca\/wp-json\/wp\/v2\/product_cat?post=1444"},{"taxonomy":"product_tag","embeddable":true,"href":"https:\/\/keweicorten.com\/fr_ca\/wp-json\/wp\/v2\/product_tag?post=1444"}],"curies":[{"name":"wp","href":"https:\/\/api.w.org\/{rel}","templated":true}]}}