{"id":1538,"date":"2024-09-26T08:58:30","date_gmt":"2024-09-26T08:58:30","guid":{"rendered":"https:\/\/keweicorten.com\/?post_type=product&#038;p=1538"},"modified":"2025-01-15T06:22:11","modified_gmt":"2025-01-15T06:22:11","slug":"kit-de-jardinage-domestique","status":"publish","type":"product","link":"https:\/\/keweicorten.com\/fr_ca\/kit-de-jardinage-domestique\/","title":{"rendered":"kit de jardinage domestique"},"content":{"rendered":"<p>Le jardinage domestique peut \u00eatre une exp\u00e9rience amusante et gratifiante, mais il est parfois difficile de savoir par o\u00f9 commencer ou quelles fournitures utiliser. C'est l\u00e0 qu'un kit de jardinage peut s'av\u00e9rer un excellent investissement. Ces kits contiennent g\u00e9n\u00e9ralement tous les outils et mat\u00e9riaux dont vous avez besoin pour commencer \u00e0 jardiner, ce qui permet aux d\u00e9butants de se lancer plus facilement.<\/p>\n<p>L'un des avantages de l'utilisation d'un kit de jardinage domestique est qu'il peut vous aider \u00e0 \u00e9conomiser de l'argent \u00e0 long terme. Au lieu d'acheter chaque outil s\u00e9par\u00e9ment, le kit est g\u00e9n\u00e9ralement fourni avec un ensemble d'outils de base comme une truelle, un s\u00e9cateur et un arrosoir, qui sont tous essentiels pour un jardin. En outre, ces kits sont souvent accompagn\u00e9s de graines ou de plantes de d\u00e9part, ce qui vous \u00e9vite de d\u00e9penser de l'argent suppl\u00e9mentaire pour acheter des plantes ou des graines dans une p\u00e9pini\u00e8re.<\/p>\n<p><b data-spm-anchor-id=\"a2700.details.0.i35.79516fccEpXinR\">JARDIN COMME UN PRO, D\u00c8S LA SORTIE DE LA BO\u00ceTE : <\/b>Le jardinage est plus amusant avec les bons outils. Nous avons rempli ce chariot d'outils pr\u00eats \u00e0 l'emploi avec nos outils en aluminium antirouille les plus innovants et les plus durables. Chaque pi\u00e8ce est con\u00e7ue pour suivre votre programme de jardinage et d'am\u00e9nagement paysager le plus avide, tout en \u00e9tant suffisamment l\u00e9g\u00e8re pour travailler toute la journ\u00e9e.<\/p>\n<div class=\"J_module\">\n<div class=\"detail-decorate-json-renderer-container\">\n<div class=\"magic-1\">\n<div class=\"magic-6\" data-spm-anchor-id=\"a2700.details.0.i43.79516fccEpXinR\">\n<div class=\"magic-7\">\n<div class=\"magic-8\" data-spm-anchor-id=\"a2700.details.0.i46.79516fccEpXinR\"><span class=\"magic-9\" style=\"font-family: Arial;\"><span data-spm-anchor-id=\"a2700.details.0.i42.79516fccEpXinR\"><b data-spm-anchor-id=\"a2700.details.0.i45.79516fccEpXinR\">PROT\u00c9GEZ VOS MAINS : <\/b>Nous aimons travailler avec nos mains, mais nous ne voulons pas qu'elles en souffrent. C'est pourquoi nous utilisons des mat\u00e9riaux qui durent. Sleek Series s'appuie sur nos nouveaux gants de jardinage en bambou pour offrir une protection avanc\u00e9e contre les blessures, les coupures et la salet\u00e9. N'utilisez plus ces gros gants maladroits pour effectuer vos t\u00e2ches m\u00e9nag\u00e8res. Gr\u00e2ce au confort et au style de la haute technologie, chaque t\u00e2che devient plus facile : Du travail dans le garage \u00e0 l'int\u00e9rieur au jardinage \u00e0 l'ext\u00e9rieur et bien plus encore ! Ce sont des gants de jardinage que les femmes adorent, et papa aussi ! Le meilleur cadeau ! <\/span><\/span><span class=\"magic-9\" style=\"font-family: Arial;\"><br \/>\n<\/span><\/div>\n<\/div>\n<\/div>\n<\/div>\n<\/div>\n<\/div>\n<div class=\"J_module\">\n<div class=\"icbu-pc-detailManyImage magic-10\"><\/div>\n<\/div>\n<p><img fetchpriority=\"high\" decoding=\"async\" class=\"\" src=\"https:\/\/sc04.alicdn.com\/kf\/Hbc2591bcee4745e0b4aabf3538f8f051r\/277646274\/Hbc2591bcee4745e0b4aabf3538f8f051r.jpg\" width=\"694\" height=\"694\" \/><\/p>","protected":false},"excerpt":{"rendered":"<p>Un autre avantage de l'utilisation d'un kit de jardinage domestique est qu'il peut vous aider \u00e0 vous organiser. Tous les outils et mat\u00e9riaux \u00e9tant r\u00e9unis au m\u00eame endroit, vous n'aurez pas \u00e0 vous soucier de les perdre ou de les \u00e9garer. En outre, de nombreux kits de jardinage sont accompagn\u00e9s d'instructions ou de conseils d\u00e9taill\u00e9s sur la mani\u00e8re de planter et d'entretenir votre jardin, ce qui vous permet d'avoir confiance en votre capacit\u00e9 \u00e0 faire pousser des plantes saines.<\/p>","protected":false},"featured_media":1539,"comment_status":"open","ping_status":"closed","template":"","meta":{"_eb_attr":"","_monsterinsights_skip_tracking":false,"_monsterinsights_sitenote_active":false,"_monsterinsights_sitenote_note":"","_monsterinsights_sitenote_category":0,"_uf_show_specific_survey":0,"_uf_disable_surveys":false},"product_brand":[],"product_cat":[50],"product_tag":[],"class_list":{"0":"post-1538","1":"product","2":"type-product","3":"status-publish","4":"has-post-thumbnail","6":"product_cat-flower-assessories","8":"first","9":"instock","10":"shipping-taxable","11":"product-type-simple"},"_links":{"self":[{"href":"https:\/\/keweicorten.com\/fr_ca\/wp-json\/wp\/v2\/product\/1538"}],"collection":[{"href":"https:\/\/keweicorten.com\/fr_ca\/wp-json\/wp\/v2\/product"}],"about":[{"href":"https:\/\/keweicorten.com\/fr_ca\/wp-json\/wp\/v2\/types\/product"}],"replies":[{"embeddable":true,"href":"https:\/\/keweicorten.com\/fr_ca\/wp-json\/wp\/v2\/comments?post=1538"}],"version-history":[{"count":1,"href":"https:\/\/keweicorten.com\/fr_ca\/wp-json\/wp\/v2\/product\/1538\/revisions"}],"predecessor-version":[{"id":1542,"href":"https:\/\/keweicorten.com\/fr_ca\/wp-json\/wp\/v2\/product\/1538\/revisions\/1542"}],"wp:featuredmedia":[{"embeddable":true,"href":"https:\/\/keweicorten.com\/fr_ca\/wp-json\/wp\/v2\/media\/1539"}],"wp:attachment":[{"href":"https:\/\/keweicorten.com\/fr_ca\/wp-json\/wp\/v2\/media?parent=1538"}],"wp:term":[{"taxonomy":"product_brand","embeddable":true,"href":"https:\/\/keweicorten.com\/fr_ca\/wp-json\/wp\/v2\/product_brand?post=1538"},{"taxonomy":"product_cat","embeddable":true,"href":"https:\/\/keweicorten.com\/fr_ca\/wp-json\/wp\/v2\/product_cat?post=1538"},{"taxonomy":"product_tag","embeddable":true,"href":"https:\/\/keweicorten.com\/fr_ca\/wp-json\/wp\/v2\/product_tag?post=1538"}],"curies":[{"name":"wp","href":"https:\/\/api.w.org\/{rel}","templated":true}]}}