{"id":1549,"date":"2024-09-26T09:12:10","date_gmt":"2024-09-26T09:12:10","guid":{"rendered":"https:\/\/keweicorten.com\/?post_type=product&#038;p=1549"},"modified":"2025-01-15T06:21:51","modified_gmt":"2025-01-15T06:21:51","slug":"eclairage-des-bornes-a-lexterieur","status":"publish","type":"product","link":"https:\/\/keweicorten.com\/fr_ca\/eclairage-des-bornes-a-lexterieur\/","title":{"rendered":"\u00e9clairage des bornes \u00e0 l'ext\u00e9rieur"},"content":{"rendered":"<h3><strong>Applications des bornes lumineuses LED pour l'ext\u00e9rieur :<\/strong><\/h3>\n<ol>\n<li><strong>\u00c9clairage de jardin et de paysage<\/strong>:\n<ul>\n<li>Les lampes en corten sont couramment utilis\u00e9es dans les jardins et les paysages pour \u00e9clairer les all\u00e9es, mettre en valeur les arbres ou les plantes et am\u00e9liorer les zones de repos ext\u00e9rieures. Leur aspect rustique s'int\u00e8gre parfaitement dans les environnements naturels.<\/li>\n<\/ul>\n<\/li>\n<li><strong>Espaces urbains et publics<\/strong>:\n<ul>\n<li>Dans les parcs publics, les places et les all\u00e9es urbaines, les luminaires en acier Corten sont souvent utilis\u00e9s comme bornes ou lampadaires. Leur r\u00e9sistance aux intemp\u00e9ries les rend id\u00e9aux pour des installations ext\u00e9rieures de longue dur\u00e9e.<\/li>\n<\/ul>\n<\/li>\n<li><strong>\u00c9clairage architectural<\/strong>:\n<ul>\n<li>Les luminaires en Corten sont de plus en plus populaires dans les projets architecturaux, mont\u00e9s sur les murs ext\u00e9rieurs, les fa\u00e7ades, ou int\u00e9gr\u00e9s dans les espaces de repos ext\u00e9rieurs, ajoutant \u00e0 la fois fonction et style.<\/li>\n<\/ul>\n<\/li>\n<li><strong>Utilisation d\u00e9corative \u00e0 l'int\u00e9rieur<\/strong>:\n<ul>\n<li>\u00c0 l'int\u00e9rieur, les luminaires en acier Corten peuvent donner un aspect industriel chic aux maisons modernes, aux caf\u00e9s ou aux espaces commerciaux. Les lampes suspendues et les appliques murales fabriqu\u00e9es en acier Corten offrent un effet d'\u00e9clairage doux et chaleureux gr\u00e2ce \u00e0 la couleur et \u00e0 la texture du mat\u00e9riau.<\/li>\n<\/ul>\n<\/li>\n<\/ol>\n<h3><strong>Avantages des bornes lumineuses LED pour l'ext\u00e9rieur :<\/strong><\/h3>\n<ul>\n<li><strong>Durabilit\u00e9<\/strong>: R\u00e9siste aux intemp\u00e9ries sans se d\u00e9grader.<\/li>\n<li><strong>Respect de l'environnement<\/strong>: Pas besoin de peintures ou de rev\u00eatements ; le Corten est naturellement r\u00e9sistant \u00e0 la corrosion.<\/li>\n<li><strong>L'attrait esth\u00e9tique<\/strong>: D\u00e9veloppe une patine unique au fil du temps, offrant un aspect dynamique et \u00e9volutif.<\/li>\n<li><strong>Conception polyvalente<\/strong>: Les lampes en corten sont disponibles dans de nombreuses formes et styles, ce qui permet des conceptions cr\u00e9atives et personnalis\u00e9es.<\/li>\n<\/ul>\n<table border=\"1\">\n<tbody>\n<tr>\n<td>Nom du produit<\/td>\n<td>Borne lumineuse moderne en acier Corten pour l'ext\u00e9rieur, \u00e9tanche, pour la pelouse<\/td>\n<\/tr>\n<tr>\n<td>Corps principal Mati\u00e8re premi\u00e8re<\/td>\n<td>Acier corten<\/td>\n<\/tr>\n<tr>\n<td>Puissance de la LED<\/td>\n<td>10W, 12W<\/td>\n<\/tr>\n<tr>\n<td>IP Grdae<\/td>\n<td>IP65, IP66<\/td>\n<\/tr>\n<tr>\n<td>Couleur de la surface<\/td>\n<td>Rouill\u00e9 ou personnalis\u00e9<\/td>\n<\/tr>\n<tr>\n<td>Type<\/td>\n<td>Acceptation des produits personnalis\u00e9s<\/td>\n<\/tr>\n<\/tbody>\n<\/table>\n<p><a href=\"https:\/\/keweicorten.com\/fr_ca\"><img fetchpriority=\"high\" decoding=\"async\" class=\"alignnone\" title=\"Lampes \u00e0 leds pour l&#039;ext\u00e9rieur\" src=\"https:\/\/sc04.alicdn.com\/kf\/Hdad8686d076d4158871c35c4c66c1fb7s\/252624420\/Hdad8686d076d4158871c35c4c66c1fb7s.jpg\" alt=\"Borne lumineuse en acier Corten pour l&#039;ext\u00e9rieur\" width=\"751\" height=\"501\" \/><\/a><\/p>\n<p><a href=\"https:\/\/keweicorten.com\/fr_ca\/produits\/\"><img decoding=\"async\" class=\"alignnone\" title=\"lampe poteau d&#039;\u00e9clairage\" src=\"https:\/\/sc04.alicdn.com\/kf\/Hc3e5b19145ce4d02869cc0b16e531dbat\/232904194\/Hc3e5b19145ce4d02869cc0b16e531dbat.png\" alt=\"lampe poteau d&#039;\u00e9clairage\" width=\"750\" height=\"449\" \/><\/a><\/p>","protected":false},"excerpt":{"rendered":"<p>Les luminaires en acier Corten sont un excellent choix pour tous ceux qui souhaitent ajouter un \u00e9clairage durable, n\u00e9cessitant peu d'entretien et visuellement attrayant aux espaces ext\u00e9rieurs ou int\u00e9rieurs. Ils offrent \u00e0 la fois un \u00e9clairage fonctionnel et une valeur esth\u00e9tique, s'int\u00e9grant parfaitement dans les paysages naturels ou les conceptions architecturales modernes.<\/p>","protected":false},"featured_media":1550,"comment_status":"open","ping_status":"closed","template":"","meta":{"_eb_attr":"","_monsterinsights_skip_tracking":false,"_monsterinsights_sitenote_active":false,"_monsterinsights_sitenote_note":"","_monsterinsights_sitenote_category":0,"_uf_show_specific_survey":0,"_uf_disable_surveys":false},"product_brand":[],"product_cat":[61],"product_tag":[],"class_list":{"0":"post-1549","1":"product","2":"type-product","3":"status-publish","4":"has-post-thumbnail","6":"product_cat-light-post","8":"first","9":"instock","10":"shipping-taxable","11":"product-type-simple"},"_links":{"self":[{"href":"https:\/\/keweicorten.com\/fr_ca\/wp-json\/wp\/v2\/product\/1549"}],"collection":[{"href":"https:\/\/keweicorten.com\/fr_ca\/wp-json\/wp\/v2\/product"}],"about":[{"href":"https:\/\/keweicorten.com\/fr_ca\/wp-json\/wp\/v2\/types\/product"}],"replies":[{"embeddable":true,"href":"https:\/\/keweicorten.com\/fr_ca\/wp-json\/wp\/v2\/comments?post=1549"}],"version-history":[{"count":1,"href":"https:\/\/keweicorten.com\/fr_ca\/wp-json\/wp\/v2\/product\/1549\/revisions"}],"predecessor-version":[{"id":1551,"href":"https:\/\/keweicorten.com\/fr_ca\/wp-json\/wp\/v2\/product\/1549\/revisions\/1551"}],"wp:featuredmedia":[{"embeddable":true,"href":"https:\/\/keweicorten.com\/fr_ca\/wp-json\/wp\/v2\/media\/1550"}],"wp:attachment":[{"href":"https:\/\/keweicorten.com\/fr_ca\/wp-json\/wp\/v2\/media?parent=1549"}],"wp:term":[{"taxonomy":"product_brand","embeddable":true,"href":"https:\/\/keweicorten.com\/fr_ca\/wp-json\/wp\/v2\/product_brand?post=1549"},{"taxonomy":"product_cat","embeddable":true,"href":"https:\/\/keweicorten.com\/fr_ca\/wp-json\/wp\/v2\/product_cat?post=1549"},{"taxonomy":"product_tag","embeddable":true,"href":"https:\/\/keweicorten.com\/fr_ca\/wp-json\/wp\/v2\/product_tag?post=1549"}],"curies":[{"name":"wp","href":"https:\/\/api.w.org\/{rel}","templated":true}]}}