{"id":1553,"date":"2024-09-27T02:16:32","date_gmt":"2024-09-27T02:16:32","guid":{"rendered":"https:\/\/keweicorten.com\/?post_type=product&#038;p=1553"},"modified":"2024-09-27T02:16:32","modified_gmt":"2024-09-27T02:16:32","slug":"plaque-q235nh","status":"publish","type":"product","link":"https:\/\/keweicorten.com\/fr_ca\/plaque-q235nh\/","title":{"rendered":"Plaque Q235NH"},"content":{"rendered":"<p>La plaque Q235NH est un acier r\u00e9sistant \u00e0 la corrosion atmosph\u00e9rique, \u00e9galement connu sous le nom d'acier Cowden, d'acier r\u00e9sistant \u00e0 la corrosion.<\/p>\n<p>Statut de livraison des t\u00f4les d'acier Q235NH : laminage \u00e0 chaud, laminage contr\u00f4l\u00e9 ou \u00e9tat de normalisation.<\/p>\n<p>Les sp\u00e9cifications :<br \/>\n\u00c9paisseur : 3mm-150mm<br \/>\nLargeur : 30mm-4000mm<br \/>\nLongueur : 1000mm-12000mm<br \/>\nNorme : ASTM EN10025 JIS GB<\/p>\n<h2>Composition chimique de la plaque Q235NH :<\/h2>\n<table data-draft-node=\"block\" data-draft-type=\"table\" data-size=\"normal\" data-row-style=\"normal\">\n<tbody>\n<tr>\n<td>Marque<\/td>\n<td>C<\/td>\n<td>Si<\/td>\n<td>Mn<\/td>\n<td>P<\/td>\n<td>S<\/td>\n<td>Cu<\/td>\n<td>Cr<\/td>\n<td>Ni<\/td>\n<\/tr>\n<tr>\n<td>Q235NH<\/td>\n<td>\u22640.13<\/td>\n<td>0.10-0.40<\/td>\n<td>0.20-0.60<\/td>\n<td>\u22640.030<\/td>\n<td>\u22640.030<\/td>\n<td>0.25-0.55<\/td>\n<td>0.40-0.80<\/td>\n<td>\u22640.65<\/td>\n<\/tr>\n<\/tbody>\n<\/table>\n<p>Propri\u00e9t\u00e9s m\u00e9caniques de la plaque Q235NH :<\/p>\n<table style=\"height: 64px;\" width=\"592\" data-draft-node=\"block\" data-draft-type=\"table\" data-size=\"normal\" data-row-style=\"normal\">\n<tbody>\n<tr>\n<td>Marque<\/td>\n<td>Limite d'\u00e9lasticit\u00e9<\/td>\n<td>R\u00e9sistance \u00e0 la traction Rm<\/td>\n<td>Allongement apr\u00e8s rupture A50mm%<\/td>\n<\/tr>\n<tr>\n<td>Q235NH<\/td>\n<td>\u2265235MPa<\/td>\n<td>360-510<\/td>\n<td>\u226525<\/td>\n<\/tr>\n<\/tbody>\n<\/table>\n<p>&nbsp;<\/p>\n<p><a href=\"https:\/\/keweicorten.com\/fr_ca\"><img fetchpriority=\"high\" decoding=\"async\" class=\"alignnone\" title=\"Q235nh R\u00e9sistance aux intemp\u00e9ries\" src=\"https:\/\/th.bing.com\/th\/id\/OIP.e_2IU6yvCMdIJAM39GeUXwHaHa?rs=1&amp;pid=ImgDetMain\" alt=\"Q235nh Panneau de fibre de ciment rainur\u00e9 r\u00e9sistant aux intemp\u00e9ries\" width=\"550\" height=\"550\" \/><\/a><\/p>\n<p><a href=\"https:\/\/keweicorten.com\/fr_ca\/nous-contacter\/\"><img decoding=\"async\" class=\"alignnone\" title=\"t\u00f4le d&#039;acier corten\" src=\"https:\/\/th.bing.com\/th\/id\/OIP.F6D_oA8vdxqhLeEMwnmSIQHaHa?rs=1&amp;pid=ImgDetMain\" alt=\"Q235nh Panneau de fibre de ciment rainur\u00e9 r\u00e9sistant aux intemp\u00e9ries\" width=\"549\" height=\"549\" \/><\/a><\/p>","protected":false},"excerpt":{"rendered":"<p>L'acier Q235NH Weathering fournit des solutions de qualit\u00e9 pour l'industrie de la construction avec une excellente r\u00e9sistance \u00e0 la corrosion et une grande solidit\u00e9. En savoir plus pour contribuer \u00e0 la r\u00e9ussite de votre projet.<\/p>","protected":false},"featured_media":1554,"comment_status":"open","ping_status":"closed","template":"","meta":{"_eb_attr":"","_monsterinsights_skip_tracking":false,"_monsterinsights_sitenote_active":false,"_monsterinsights_sitenote_note":"","_monsterinsights_sitenote_category":0,"_uf_show_specific_survey":0,"_uf_disable_surveys":false},"product_brand":[],"product_cat":[21],"product_tag":[],"class_list":{"0":"post-1553","1":"product","2":"type-product","3":"status-publish","4":"has-post-thumbnail","6":"product_cat-weather-resistant-steel-plate","8":"first","9":"instock","10":"shipping-taxable","11":"product-type-simple"},"_links":{"self":[{"href":"https:\/\/keweicorten.com\/fr_ca\/wp-json\/wp\/v2\/product\/1553"}],"collection":[{"href":"https:\/\/keweicorten.com\/fr_ca\/wp-json\/wp\/v2\/product"}],"about":[{"href":"https:\/\/keweicorten.com\/fr_ca\/wp-json\/wp\/v2\/types\/product"}],"replies":[{"embeddable":true,"href":"https:\/\/keweicorten.com\/fr_ca\/wp-json\/wp\/v2\/comments?post=1553"}],"version-history":[{"count":1,"href":"https:\/\/keweicorten.com\/fr_ca\/wp-json\/wp\/v2\/product\/1553\/revisions"}],"predecessor-version":[{"id":1555,"href":"https:\/\/keweicorten.com\/fr_ca\/wp-json\/wp\/v2\/product\/1553\/revisions\/1555"}],"wp:featuredmedia":[{"embeddable":true,"href":"https:\/\/keweicorten.com\/fr_ca\/wp-json\/wp\/v2\/media\/1554"}],"wp:attachment":[{"href":"https:\/\/keweicorten.com\/fr_ca\/wp-json\/wp\/v2\/media?parent=1553"}],"wp:term":[{"taxonomy":"product_brand","embeddable":true,"href":"https:\/\/keweicorten.com\/fr_ca\/wp-json\/wp\/v2\/product_brand?post=1553"},{"taxonomy":"product_cat","embeddable":true,"href":"https:\/\/keweicorten.com\/fr_ca\/wp-json\/wp\/v2\/product_cat?post=1553"},{"taxonomy":"product_tag","embeddable":true,"href":"https:\/\/keweicorten.com\/fr_ca\/wp-json\/wp\/v2\/product_tag?post=1553"}],"curies":[{"name":"wp","href":"https:\/\/api.w.org\/{rel}","templated":true}]}}