{"id":1578,"date":"2024-09-27T08:16:43","date_gmt":"2024-09-27T08:16:43","guid":{"rendered":"https:\/\/keweicorten.com\/?post_type=product&#038;p=1578"},"modified":"2024-09-27T08:16:43","modified_gmt":"2024-09-27T08:16:43","slug":"acier-astm-a242","status":"publish","type":"product","link":"https:\/\/keweicorten.com\/fr_ca\/acier-astm-a242\/","title":{"rendered":"Acier ASTM A242"},"content":{"rendered":"<div class=\"rich-text-table\">\n<div>\n<p>L'acier ASTM A242 est un acier \u00e0 haute r\u00e9sistance, faiblement alli\u00e9 et r\u00e9sistant aux intemp\u00e9ries, couramment utilis\u00e9 dans la fabrication de plaques d'acier, de tuyaux en acier et d'autres produits. Il se caract\u00e9rise par une bonne protection contre l'oxydation et peut \u00eatre utilis\u00e9 dans des environnements naturels difficiles pendant une longue p\u00e9riode sans \u00eatre affect\u00e9 par la corrosion.<\/p>\n<p>L'excellente performance de la t\u00f4le corten se refl\u00e8te \u00e9galement dans sa bonne usinabilit\u00e9 et sa stabilit\u00e9 de r\u00e9sistance. Elle est souvent utilis\u00e9e dans la fabrication de structures en acier, de ponts, de b\u00e2timents pr\u00e9fabriqu\u00e9s, de navires et de conteneurs.<\/p>\n<p>La norme acier a \u00e9t\u00e9 d\u00e9velopp\u00e9e par l'American Society for Materials and Testing afin de fournir un mat\u00e9riau qui peut \u00eatre utilis\u00e9 pendant une longue p\u00e9riode dans des environnements ext\u00e9rieurs sans corrosion.<\/p>\n<\/div>\n<div class=\"rich-text-table\"><strong>Propri\u00e9t\u00e9s m\u00e9caniques de l'acier corten ASTM A242 Type 1 plaques et feuilles<\/strong><\/p>\n<div class=\"pro_page_table\">\n<table>\n<tbody>\n<tr>\n<td><\/td>\n<td>R\u00e9sistance \u00e0 la traction<\/td>\n<td>Min. Point de rendement<\/td>\n<td>\u00c9longation<\/td>\n<\/tr>\n<tr>\n<td>CORTEN A<\/td>\n<td>[470 - 630 MPa]<\/td>\n<td>[355 MPa]<\/td>\n<td>20 % min<\/td>\n<\/tr>\n<tr>\n<td>ASTM 588 GR. A<\/td>\n<td>[485 MPa]<\/td>\n<td>[345 MPa]<\/td>\n<td>21% min<\/td>\n<\/tr>\n<tr>\n<td>ASTM 242 TYPE -1<\/td>\n<td>[480 MPa]<\/td>\n<td>[345 MPa]<\/td>\n<td>16% min<\/td>\n<\/tr>\n<tr>\n<td>IRSM 41- 97<\/td>\n<td>[480 MPa]<\/td>\n<td>[340 MPa]<\/td>\n<td>21% min<\/td>\n<\/tr>\n<\/tbody>\n<\/table>\n<p><strong>Applications de l'acier Corten<\/strong><\/p>\n<p>Structure du b\u00e2timent<br \/>\nInstallations ext\u00e9rieures<br \/>\nFacilit\u00e9s de circulation<br \/>\nInstallation artistique<\/p>\n<p><strong>Propri\u00e9t\u00e9s m\u00e9caniques de l'acier ASTM A242\uff1a<\/strong><\/p>\n<p>Limite d'\u00e9lasticit\u00e9 : environ 345 MPa<br \/>\nR\u00e9sistance \u00e0 la traction : environ 480 MPa<br \/>\nAllongement : environ 20%<\/p>\n<p><a href=\"https:\/\/keweicorten.com\/fr_ca\/produits\/\"><img fetchpriority=\"high\" decoding=\"async\" class=\"alignnone\" title=\"Acier ASTM A242\" src=\"https:\/\/www.cortensteels.com\/uploads\/202130314\/astm-a242-steel-corrosion-plate12339760574.jpg\" alt=\"Chine Plaque anticorrosion en acier ASTM A242 Fabricants, fournisseurs -keweicorten\" width=\"650\" height=\"650\" \/><\/a><\/p>\n<p><a href=\"https:\/\/keweicorten.com\/fr_ca\"><img decoding=\"async\" class=\"alignnone\" title=\"Chine Plaque anticorrosion en acier ASTM A242 Fabricants, fournisseurs -keweicorten\" src=\"https:\/\/www.cortensteels.com\/uploads\/202130314\/small\/astm-steel-a24243487747222.png\" alt=\"Chine ASTM STEEL A242 Fabricants, Fournisseurs - Factory Direct Price -keweicorten\" width=\"647\" height=\"647\" \/><\/a><\/p>\n<p><a href=\"https:\/\/keweicorten.com\/fr_ca\"><img decoding=\"async\" class=\"alignnone\" title=\"Acier ASTM A242\" src=\"https:\/\/www.cortensteels.com\/uploads\/202130314\/astm-a242-steel-corrosion-plate12218865305.jpg\" alt=\"Chine Plaque anticorrosion en acier ASTM A242 Fabricants, Fournisseurs keweicorten\" width=\"649\" height=\"649\" \/><\/a><\/p>\n<\/div>\n<\/div>\n<\/div>","protected":false},"excerpt":{"rendered":"<p>L'acier ASTM A242 est un acier de construction important, dot\u00e9 d'une excellente protection contre l'oxydation et d'une bonne r\u00e9sistance \u00e0 la corrosion. Il peut \u00eatre largement utilis\u00e9 dans la fabrication d'une vari\u00e9t\u00e9 de pi\u00e8ces structurelles lourdes et de b\u00e2timents pr\u00e9fabriqu\u00e9s, ses performances stables, dans une vari\u00e9t\u00e9 d'environnements difficiles, peuvent \u00eatre utilis\u00e9es pendant longtemps.<\/p>","protected":false},"featured_media":1579,"comment_status":"open","ping_status":"closed","template":"","meta":{"_eb_attr":"","_monsterinsights_skip_tracking":false,"_monsterinsights_sitenote_active":false,"_monsterinsights_sitenote_note":"","_monsterinsights_sitenote_category":0,"_uf_show_specific_survey":0,"_uf_disable_surveys":false},"product_brand":[],"product_cat":[21],"product_tag":[],"class_list":{"0":"post-1578","1":"product","2":"type-product","3":"status-publish","4":"has-post-thumbnail","6":"product_cat-weather-resistant-steel-plate","8":"first","9":"instock","10":"shipping-taxable","11":"product-type-simple"},"_links":{"self":[{"href":"https:\/\/keweicorten.com\/fr_ca\/wp-json\/wp\/v2\/product\/1578"}],"collection":[{"href":"https:\/\/keweicorten.com\/fr_ca\/wp-json\/wp\/v2\/product"}],"about":[{"href":"https:\/\/keweicorten.com\/fr_ca\/wp-json\/wp\/v2\/types\/product"}],"replies":[{"embeddable":true,"href":"https:\/\/keweicorten.com\/fr_ca\/wp-json\/wp\/v2\/comments?post=1578"}],"version-history":[{"count":1,"href":"https:\/\/keweicorten.com\/fr_ca\/wp-json\/wp\/v2\/product\/1578\/revisions"}],"predecessor-version":[{"id":1580,"href":"https:\/\/keweicorten.com\/fr_ca\/wp-json\/wp\/v2\/product\/1578\/revisions\/1580"}],"wp:featuredmedia":[{"embeddable":true,"href":"https:\/\/keweicorten.com\/fr_ca\/wp-json\/wp\/v2\/media\/1579"}],"wp:attachment":[{"href":"https:\/\/keweicorten.com\/fr_ca\/wp-json\/wp\/v2\/media?parent=1578"}],"wp:term":[{"taxonomy":"product_brand","embeddable":true,"href":"https:\/\/keweicorten.com\/fr_ca\/wp-json\/wp\/v2\/product_brand?post=1578"},{"taxonomy":"product_cat","embeddable":true,"href":"https:\/\/keweicorten.com\/fr_ca\/wp-json\/wp\/v2\/product_cat?post=1578"},{"taxonomy":"product_tag","embeddable":true,"href":"https:\/\/keweicorten.com\/fr_ca\/wp-json\/wp\/v2\/product_tag?post=1578"}],"curies":[{"name":"wp","href":"https:\/\/api.w.org\/{rel}","templated":true}]}}