{"id":1581,"date":"2024-09-27T08:37:55","date_gmt":"2024-09-27T08:37:55","guid":{"rendered":"https:\/\/keweicorten.com\/?post_type=product&#038;p=1581"},"modified":"2025-01-15T06:21:36","modified_gmt":"2025-01-15T06:21:36","slug":"lampe-en-corten","status":"publish","type":"product","link":"https:\/\/keweicorten.com\/fr_ca\/lampe-en-corten\/","title":{"rendered":"Lampes en corten"},"content":{"rendered":"<p>Les lampes en acier corten sont un excellent choix pour la d\u00e9coration int\u00e9rieure et ext\u00e9rieure, car elles allient la durabilit\u00e9 \u00e0 une esth\u00e9tique rouill\u00e9e unique. Elles peuvent se pr\u00e9senter sous diff\u00e9rentes formes, telles que :<\/p>\n<ol>\n<li><strong>Appliques murales<\/strong>: Parfait pour les murs ext\u00e9rieurs ou les terrasses.<\/li>\n<li><strong>Lampes de table<\/strong>: Convient pour les repas en plein air ou les espaces de d\u00e9tente.<\/li>\n<li><strong>Lampes de sol<\/strong>: Id\u00e9al pour donner de la hauteur et de l'int\u00e9r\u00eat aux jardins ou aux all\u00e9es.<\/li>\n<li><strong>Lampes postales<\/strong>: Id\u00e9al pour \u00e9clairer les voies d'acc\u00e8s ou les all\u00e9es.<\/li>\n<li><strong>Lampes suspendues<\/strong>: Parfait pour les terrasses couvertes ou les pergolas.<\/li>\n<\/ol>\n<p>La puissance des lampes en acier Corten peut varier en fonction du type de source lumineuse utilis\u00e9e. Voici quelques puissances courantes pour diff\u00e9rents types de lampes :<\/p>\n<ol>\n<li><strong>Lampes LED<\/strong>: Les lampes sont g\u00e9n\u00e9ralement de 5W \u00e0 20W, offrant une efficacit\u00e9 \u00e9nerg\u00e9tique et une longue dur\u00e9e de vie.<\/li>\n<li><strong>Lampes \u00e0 incandescence<\/strong>: Ils sont g\u00e9n\u00e9ralement compris entre 40W et 100W, bien qu'ils soient moins efficaces sur le plan \u00e9nerg\u00e9tique.<\/li>\n<li><strong>Lampes halog\u00e8nes<\/strong>: G\u00e9n\u00e9ralement comprises entre 20 et 70 W, elles fournissent une lumi\u00e8re vive mais ont une dur\u00e9e de vie plus courte que les LED.<\/li>\n<\/ol>\n<table border=\"1\">\n<tbody>\n<tr>\n<td><span data-spm-anchor-id=\"a2700.details.0.i39.446e5956BnWvBb\">Nom du produit<\/span><\/td>\n<td>Borne lumineuse moderne en acier Corten pour l'ext\u00e9rieur, \u00e9tanche, pour la pelouse<\/td>\n<\/tr>\n<tr>\n<td>Corps principal Mati\u00e8re premi\u00e8re<\/td>\n<td data-spm-anchor-id=\"a2700.details.0.i43.446e5956BnWvBb\">Acier corten<\/td>\n<\/tr>\n<tr>\n<td>Puissance de la LED<\/td>\n<td>10W, 12W<\/td>\n<\/tr>\n<tr>\n<td>IP Grdae<\/td>\n<td>IP65, IP66<\/td>\n<\/tr>\n<tr>\n<td>Couleur de la surface<\/td>\n<td>Rouill\u00e9 ou personnalis\u00e9<\/td>\n<\/tr>\n<tr>\n<td>Type<\/td>\n<td>Acceptation des produits personnalis\u00e9s<\/td>\n<\/tr>\n<\/tbody>\n<\/table>\n<p>&nbsp;<\/p>\n<p><img fetchpriority=\"high\" decoding=\"async\" class=\"\" src=\"https:\/\/sc04.alicdn.com\/kf\/H46bf762d9ea04031942f9e37b56d1eebI\/255157415\/H46bf762d9ea04031942f9e37b56d1eebI.jpg\" width=\"599\" height=\"599\" \/><\/p>\n<p><img decoding=\"async\" class=\"\" src=\"https:\/\/sc04.alicdn.com\/kf\/Hdad8686d076d4158871c35c4c66c1fb7s\/252624420\/Hdad8686d076d4158871c35c4c66c1fb7s.jpg\" alt=\"Borne lumineuse moderne en acier Corten pour l&#039;ext\u00e9rieur, \u00e9tanche, pour la pelouse\" width=\"599\" height=\"400\" \/><\/p>\n<p>&nbsp;<\/p>","protected":false},"excerpt":{"rendered":"<p>Les lampes en acier corten sont un bel ajout \u00e0 tout espace, ajoutant une touche d'\u00e9l\u00e9gance moderne et de flair industriel. Fabriqu\u00e9es \u00e0 partir d'acier vieillissant, ces lampes ont un aspect rustique unique qui s'harmonise avec de nombreux styles de d\u00e9coration.<\/p>","protected":false},"featured_media":1582,"comment_status":"open","ping_status":"closed","template":"","meta":{"_eb_attr":"","_monsterinsights_skip_tracking":false,"_monsterinsights_sitenote_active":false,"_monsterinsights_sitenote_note":"","_monsterinsights_sitenote_category":0,"_uf_show_specific_survey":0,"_uf_disable_surveys":false},"product_brand":[],"product_cat":[61],"product_tag":[],"class_list":{"0":"post-1581","1":"product","2":"type-product","3":"status-publish","4":"has-post-thumbnail","6":"product_cat-light-post","8":"first","9":"instock","10":"shipping-taxable","11":"product-type-simple"},"_links":{"self":[{"href":"https:\/\/keweicorten.com\/fr_ca\/wp-json\/wp\/v2\/product\/1581"}],"collection":[{"href":"https:\/\/keweicorten.com\/fr_ca\/wp-json\/wp\/v2\/product"}],"about":[{"href":"https:\/\/keweicorten.com\/fr_ca\/wp-json\/wp\/v2\/types\/product"}],"replies":[{"embeddable":true,"href":"https:\/\/keweicorten.com\/fr_ca\/wp-json\/wp\/v2\/comments?post=1581"}],"version-history":[{"count":1,"href":"https:\/\/keweicorten.com\/fr_ca\/wp-json\/wp\/v2\/product\/1581\/revisions"}],"predecessor-version":[{"id":1583,"href":"https:\/\/keweicorten.com\/fr_ca\/wp-json\/wp\/v2\/product\/1581\/revisions\/1583"}],"wp:featuredmedia":[{"embeddable":true,"href":"https:\/\/keweicorten.com\/fr_ca\/wp-json\/wp\/v2\/media\/1582"}],"wp:attachment":[{"href":"https:\/\/keweicorten.com\/fr_ca\/wp-json\/wp\/v2\/media?parent=1581"}],"wp:term":[{"taxonomy":"product_brand","embeddable":true,"href":"https:\/\/keweicorten.com\/fr_ca\/wp-json\/wp\/v2\/product_brand?post=1581"},{"taxonomy":"product_cat","embeddable":true,"href":"https:\/\/keweicorten.com\/fr_ca\/wp-json\/wp\/v2\/product_cat?post=1581"},{"taxonomy":"product_tag","embeddable":true,"href":"https:\/\/keweicorten.com\/fr_ca\/wp-json\/wp\/v2\/product_tag?post=1581"}],"curies":[{"name":"wp","href":"https:\/\/api.w.org\/{rel}","templated":true}]}}