{"id":1613,"date":"2024-09-29T01:53:19","date_gmt":"2024-09-29T01:53:19","guid":{"rendered":"https:\/\/keweicorten.com\/?post_type=product&#038;p=1613"},"modified":"2024-09-29T01:53:19","modified_gmt":"2024-09-29T01:53:19","slug":"tole-dacier-corten-de-nuance-b","status":"publish","type":"product","link":"https:\/\/keweicorten.com\/fr_ca\/tole-dacier-corten-de-nuance-b\/","title":{"rendered":"Plaque d'acier Corten de grade B"},"content":{"rendered":"<div>\n<p>La t\u00f4le d'acier Corten de grade B est un acier de construction \u00e0 haute r\u00e9sistance, faiblement alli\u00e9, connu pour ses propri\u00e9t\u00e9s de r\u00e9sistance aux intemp\u00e9ries, ce qui en fait un mat\u00e9riau id\u00e9al pour les applications ext\u00e9rieures. En voici les principales caract\u00e9ristiques :<\/p>\n<ol>\n<li><strong>R\u00e9sistance aux intemp\u00e9ries<\/strong>: L'acier Corten d\u00e9veloppe une couche de rouille protectrice qui emp\u00eache toute corrosion ult\u00e9rieure. C'est pourquoi il est souvent utilis\u00e9 dans les applications architecturales et les structures ext\u00e9rieures.<\/li>\n<li><strong>Propri\u00e9t\u00e9s m\u00e9caniques<\/strong>: En g\u00e9n\u00e9ral, il a une limite d'\u00e9lasticit\u00e9 d'environ 50 ksi (345 MPa) et une r\u00e9sistance \u00e0 la traction de 70 ksi (483 MPa).<\/li>\n<li><strong>Applications<\/strong>: Couramment utilis\u00e9 pour les ponts, les b\u00e2timents et les sculptures, ainsi que pour le mobilier ext\u00e9rieur et les installations artistiques.<\/li>\n<li><strong>Soudage et fabrication<\/strong>: Il peut \u00eatre soud\u00e9 en utilisant les techniques de soudage standard, mais un pr\u00e9chauffage peut \u00eatre n\u00e9cessaire dans certains cas pour \u00e9viter les fissures.<\/li>\n<li><strong>Finition<\/strong>: La couleur rouille naturelle offre un attrait esth\u00e9tique, souvent recherch\u00e9 dans l'architecture moderne.<\/li>\n<\/ol>\n<h3 data-fontsize=\"19\" data-lineheight=\"26.79px\">Sp\u00e9cification pour l'acier Corten ASTM A588 Grade B Plaque et feuille<\/h3>\n<\/div>\n<div>\n<table style=\"height: 494px;\" border=\"1\" width=\"716\" cellspacing=\"0\" cellpadding=\"0\">\n<tbody>\n<tr>\n<td>\n<h4 data-fontsize=\"14\" data-lineheight=\"20.02px\">Objet<\/h4>\n<\/td>\n<td>\n<h4 data-fontsize=\"14\" data-lineheight=\"20.02px\">Acier Corten<\/h4>\n<\/td>\n<\/tr>\n<tr>\n<td>\n<h4 data-fontsize=\"14\" data-lineheight=\"20.02px\">Standard<\/h4>\n<\/td>\n<td>\n<h4 data-fontsize=\"14\" data-lineheight=\"20.02px\">ASTM A588, A242, EN 10027-1, CR 10260 &amp; IRSM<\/h4>\n<\/td>\n<\/tr>\n<tr>\n<td>\n<h4 data-fontsize=\"14\" data-lineheight=\"20.02px\">Mat\u00e9riau<\/h4>\n<\/td>\n<td>\n<h4 data-fontsize=\"14\" data-lineheight=\"20.02px\">Corten A , Corten B , S235J0W , S235J2W , S355J0WP , S355J0W , S355J2W , S355K2W , A588 Grade A , A588 Grade B , A588 Grade C , A242 Type 1 , A 588 Gr. K , A 242 Type-2 , IRSM-41<\/h4>\n<\/td>\n<\/tr>\n<tr>\n<td>\n<h4 data-fontsize=\"14\" data-lineheight=\"20.02px\">\u00c9paisseur<\/h4>\n<\/td>\n<td>\n<h4 data-fontsize=\"14\" data-lineheight=\"20.02px\">0,3-500 mm<\/h4>\n<\/td>\n<\/tr>\n<tr>\n<td>\n<h4 data-fontsize=\"14\" data-lineheight=\"20.02px\">Largeur<\/h4>\n<\/td>\n<td>\n<h4 data-fontsize=\"14\" data-lineheight=\"20.02px\">1000-3500 mm<\/h4>\n<\/td>\n<\/tr>\n<tr>\n<td>\n<h4 data-fontsize=\"14\" data-lineheight=\"20.02px\">Longueur<\/h4>\n<\/td>\n<td>\n<h4 data-fontsize=\"14\" data-lineheight=\"20.02px\">1000 - 12000 mm<\/h4>\n<\/td>\n<\/tr>\n<\/tbody>\n<\/table>\n<div class=\"uvc-main-heading ult-responsive\" data-ultimate-target=\".uvc-heading.ultimate-heading-772166f8b0eb826fe h2\" data-responsive-json-new=\"{&quot;font-size&quot;:&quot;&quot;,&quot;line-height&quot;:&quot;&quot;}\">\n<p><strong>Plaque Corten B Grade \u00e9quivalent<\/strong><\/p>\n<\/div>\n<div class=\"uvc-sub-heading ult-responsive\" data-ultimate-target=\".uvc-heading.ultimate-heading-772166f8b0eb826fe .uvc-sub-heading \" data-responsive-json-new=\"{&quot;font-size&quot;:&quot;&quot;,&quot;line-height&quot;:&quot;&quot;}\">\n<table style=\"height: 46px;\" width=\"715\">\n<tbody>\n<tr>\n<td width=\"308\"><strong>Qualit\u00e9 de l'acier<\/strong><\/td>\n<td width=\"308\"><strong>EN 10025-5:2004<\/strong><\/td>\n<\/tr>\n<tr>\n<td width=\"308\">COR-TEN B<\/td>\n<td width=\"308\">S355J0W et S355J2W<\/td>\n<\/tr>\n<\/tbody>\n<\/table>\n<div class=\"three\">Gamme de dimensions de la plaque ASTM A588 gr.B<\/div>\n<div class=\"table-responsive\">\n<table class=\"table table-bordered table-striped table-hover\" style=\"height: 190px;\" width=\"712\">\n<thead>\n<tr>\n<th colspan=\"1\">GRADE<\/th>\n<th colspan=\"1\">TYPE DE PRODUIT<\/th>\n<th colspan=\"1\">LARGEUR<br \/>\n(en)<\/th>\n<th colspan=\"1\">\u00c9PAISSEUR<br \/>\n(en)<\/th>\n<th colspan=\"1\">LONGUEUR<br \/>\n(en)<\/th>\n<\/tr>\n<\/thead>\n<tbody>\n<tr data-index=\"1\" data-offset=\"0\">\n<td rowspan=\"1\">Note B<\/td>\n<td rowspan=\"1\">Assiette<\/td>\n<td rowspan=\"1\">72 - 120<\/td>\n<td rowspan=\"1\">0.250 - 2.000<\/td>\n<td rowspan=\"1\">240 - 1020<\/td>\n<\/tr>\n<tr data-index=\"0\" data-offset=\"0\">\n<td rowspan=\"1\">Note B<\/td>\n<td rowspan=\"1\">Assiette<\/td>\n<td rowspan=\"1\">72 - 96<\/td>\n<td rowspan=\"1\">0.188 - 0.500<\/td>\n<td rowspan=\"1\">240 - 720<\/td>\n<\/tr>\n<tr data-index=\"2\" data-offset=\"0\">\n<td rowspan=\"1\">Note B<\/td>\n<td rowspan=\"1\">Assiette<\/td>\n<td rowspan=\"1\">72 - 131.9<\/td>\n<td rowspan=\"1\">2.01 - 4.90<\/td>\n<td rowspan=\"1\">240 - 1020<\/td>\n<\/tr>\n<\/tbody>\n<\/table>\n<p><a href=\"https:\/\/keweicorten.com\/fr_ca\/produits\/\"><img fetchpriority=\"high\" decoding=\"async\" class=\"alignnone\" title=\" ASTM A588 Grade B \" src=\"https:\/\/th.bing.com\/th\/id\/OIP.ejT7J32EJYNbQj05jy0v0AAAAA?rs=1&amp;pid=ImgDetMain\" alt=\"L&#039;application des plaques d&#039;acier corten ASTM A588 Grade B dans l&#039;am\u00e9nagement paysager\" width=\"573\" height=\"370\" \/><\/a><\/p>\n<p><a href=\"https:\/\/keweicorten.com\/fr_ca\/nous-contacter\/\"><img decoding=\"async\" class=\"alignnone\" title=\" ASTM A588 Grade B \" src=\"https:\/\/www.gescosteel.com\/photo\/ps32365492-grade_b_corten_steel_plate.jpg\" alt=\"Plaque d&#039;acier Corten de grade B\" width=\"700\" height=\"499\" \/><\/a><\/p>\n<\/div>\n<\/div>\n<\/div>","protected":false},"excerpt":{"rendered":"<p>La plaque d'acier Corten ASTM A588 Grade B est un acier de construction \u00e0 haute r\u00e9sistance, faiblement alli\u00e9, con\u00e7u pour des applications o\u00f9 la r\u00e9sistance \u00e0 la corrosion atmosph\u00e9rique est cruciale.<\/p>","protected":false},"featured_media":1614,"comment_status":"open","ping_status":"closed","template":"","meta":{"_eb_attr":"","_monsterinsights_skip_tracking":false,"_monsterinsights_sitenote_active":false,"_monsterinsights_sitenote_note":"","_monsterinsights_sitenote_category":0,"_uf_show_specific_survey":0,"_uf_disable_surveys":false},"product_brand":[],"product_cat":[21],"product_tag":[],"class_list":{"0":"post-1613","1":"product","2":"type-product","3":"status-publish","4":"has-post-thumbnail","6":"product_cat-weather-resistant-steel-plate","8":"first","9":"instock","10":"shipping-taxable","11":"product-type-simple"},"_links":{"self":[{"href":"https:\/\/keweicorten.com\/fr_ca\/wp-json\/wp\/v2\/product\/1613"}],"collection":[{"href":"https:\/\/keweicorten.com\/fr_ca\/wp-json\/wp\/v2\/product"}],"about":[{"href":"https:\/\/keweicorten.com\/fr_ca\/wp-json\/wp\/v2\/types\/product"}],"replies":[{"embeddable":true,"href":"https:\/\/keweicorten.com\/fr_ca\/wp-json\/wp\/v2\/comments?post=1613"}],"version-history":[{"count":1,"href":"https:\/\/keweicorten.com\/fr_ca\/wp-json\/wp\/v2\/product\/1613\/revisions"}],"predecessor-version":[{"id":1615,"href":"https:\/\/keweicorten.com\/fr_ca\/wp-json\/wp\/v2\/product\/1613\/revisions\/1615"}],"wp:featuredmedia":[{"embeddable":true,"href":"https:\/\/keweicorten.com\/fr_ca\/wp-json\/wp\/v2\/media\/1614"}],"wp:attachment":[{"href":"https:\/\/keweicorten.com\/fr_ca\/wp-json\/wp\/v2\/media?parent=1613"}],"wp:term":[{"taxonomy":"product_brand","embeddable":true,"href":"https:\/\/keweicorten.com\/fr_ca\/wp-json\/wp\/v2\/product_brand?post=1613"},{"taxonomy":"product_cat","embeddable":true,"href":"https:\/\/keweicorten.com\/fr_ca\/wp-json\/wp\/v2\/product_cat?post=1613"},{"taxonomy":"product_tag","embeddable":true,"href":"https:\/\/keweicorten.com\/fr_ca\/wp-json\/wp\/v2\/product_tag?post=1613"}],"curies":[{"name":"wp","href":"https:\/\/api.w.org\/{rel}","templated":true}]}}