{"id":1616,"date":"2024-09-29T02:11:45","date_gmt":"2024-09-29T02:11:45","guid":{"rendered":"https:\/\/keweicorten.com\/?post_type=product&#038;p=1616"},"modified":"2024-09-29T02:11:45","modified_gmt":"2024-09-29T02:11:45","slug":"tole-dacier-corten-laminee-a-chaud","status":"publish","type":"product","link":"https:\/\/keweicorten.com\/fr_ca\/tole-dacier-corten-laminee-a-chaud\/","title":{"rendered":"T\u00f4le d'acier Corten lamin\u00e9e \u00e0 chaud"},"content":{"rendered":"<p><strong>Les sp\u00e9cifications de la t\u00f4le d'acier Corten lamin\u00e9e \u00e0 chaud (t\u00f4le d'acier Corten) comprennent g\u00e9n\u00e9ralement les aspects suivants :<\/strong><\/p>\n<p>\u00c9paisseur : Les \u00e9paisseurs courantes vont de 3 \u00e0 25 mm.<br \/>\nDimensions : Les dimensions courantes sont 1000 mm x 2000 mm, 1250 mm x 2500 mm, etc.<br \/>\nComposition chimique : Contient g\u00e9n\u00e9ralement du fer, du cuivre, du nickel, du chrome et d'autres \u00e9l\u00e9ments pour am\u00e9liorer la r\u00e9sistance \u00e0 la corrosion.<br \/>\nNorme : Conforme aux normes ASTM A588, A242 et autres.<\/p>\n<table border=\"1\" cellspacing=\"0\">\n<tbody>\n<tr>\n<td>Produit<\/td>\n<td>T\u00f4le d'acier Corten lamin\u00e9e \u00e0 chaud<\/td>\n<\/tr>\n<tr>\n<td>\u00c9paisseur<\/td>\n<td>2-100mm ou demande du client<\/td>\n<\/tr>\n<tr>\n<td>Taille<\/td>\n<td>1000-3000mm 1250mm 1500mm 2000mm et selon le client<\/td>\n<\/tr>\n<tr>\n<td>Application<\/td>\n<td>v\u00e9hicules, conteneurs, b\u00e2timents, tours et autres structures avec boulonnage, rivetage et soudage de pi\u00e8ces structurelles<\/td>\n<\/tr>\n<tr>\n<td>Surface<\/td>\n<td>Noir ou argent<\/td>\n<\/tr>\n<tr>\n<td>Mat\u00e9riau<\/td>\n<td>SPA-H,Q235NH,Q355NH,Q355GNH,09CuPCrNiA,Corten A,CortenB,SMA400AW\/BW\/CW,SAM490AW\/BW\/CW\/,SAM570W\/P<\/td>\n<\/tr>\n<tr>\n<td>Origine<\/td>\n<td>POSCO, JISCO, TISCO, LISCO, BAOSTEEL, etc.<\/td>\n<\/tr>\n<tr>\n<td>Mode d'emballage<\/td>\n<td>PVC + papier imperm\u00e9able + emballage en bois r\u00e9sistant \u00e0 la mer<\/td>\n<\/tr>\n<tr>\n<td>March\u00e9 principal<\/td>\n<td>Moyen-Orient, Afrique, Am\u00e9rique du Nord et du Sud, Europe de l'Est et de l'Ouest<\/td>\n<\/tr>\n<tr>\n<td>Port de livraison<\/td>\n<td>Qingdao, Tianjin, Shanghai<\/td>\n<\/tr>\n<tr>\n<td>D\u00e9lai de livraison<\/td>\n<td>FOB\/CIF\/CFR<\/td>\n<\/tr>\n<tr>\n<td>D\u00e9lai de livraison<\/td>\n<td>Dans les 10 \u00e0 15 jours suivant la r\u00e9ception du d\u00e9p\u00f4t<\/td>\n<\/tr>\n<\/tbody>\n<\/table>\n<p><strong>Les caract\u00e9ristiques de performance de la t\u00f4le d'acier Corten lamin\u00e9e \u00e0 chaud sont les suivantes :<\/strong><\/p>\n<p>R\u00e9sistance \u00e0 la corrosion :<\/p>\n<p>La surface en acier Corten forme une couche de rouille stable, peut r\u00e9sister efficacement \u00e0 la corrosion et convient \u00e0 une utilisation en ext\u00e9rieur.<br \/>\nHaute r\u00e9sistance :<\/p>\n<p>Il pr\u00e9sente une r\u00e9sistance \u00e0 la traction et une limite d'\u00e9lasticit\u00e9 \u00e9lev\u00e9es et peut supporter des charges importantes.<br \/>\nExcellente soudabilit\u00e9 :<\/p>\n<p>Il peut \u00eatre trait\u00e9 par soudage et d'autres m\u00e9thodes de traitement pour r\u00e9pondre \u00e0 une vari\u00e9t\u00e9 d'exigences d'application.<br \/>\nBonne ductilit\u00e9 :<\/p>\n<p>Bonne ductilit\u00e9, convient au traitement par moulage.<br \/>\nBelle apparence :<\/p>\n<p>Au fil du temps, la couleur naturelle change en raison de la rouille superficielle, ce qui lui conf\u00e8re une touche artistique unique.<br \/>\nPerformance du traitement thermique :<\/p>\n<p>Aucun traitement thermique particulier n'est n\u00e9cessaire, mais de bonnes propri\u00e9t\u00e9s m\u00e9caniques sont conserv\u00e9es apr\u00e8s le traitement.<br \/>\nR\u00e9sistance \u00e0 l'usure :<\/p>\n<p>Il pr\u00e9sente une bonne r\u00e9sistance \u00e0 l'usure dans certaines applications.<\/p>\n<p><a href=\"https:\/\/keweicorten.com\/fr_ca\/produits\/\"><img fetchpriority=\"high\" decoding=\"async\" class=\"alignnone\" title=\"T\u00f4le d&#039;acier Corten lamin\u00e9e \u00e0 chaud\" src=\"https:\/\/th.bing.com\/th\/id\/OIP.jzXn_qdaUc_AuFmyzx-ysgHaHa?rs=1&amp;pid=ImgDetMain\" alt=\"Prix de la t\u00f4le d&#039;acier Corten lamin\u00e9e \u00e0 chaud et rev\u00eatue de m\u00e9tal\" width=\"550\" height=\"550\" \/><\/a><\/p>\n<p><a href=\"https:\/\/keweicorten.com\/fr_ca\/produits\/\"><img decoding=\"async\" class=\"alignnone\" title=\"T\u00f4le d&#039;acier Corten lamin\u00e9e \u00e0 chaud\" src=\"https:\/\/th.bing.com\/th\/id\/OIP.PGlPvUX5GtZLs4uk-2FJewHaHa?rs=1&amp;pid=ImgDetMain\" alt=\" T\u00f4les d&#039;acier Corten lamin\u00e9es \u00e0 chaud Fournisseurs et fabricants - Chine ...\" width=\"550\" height=\"550\" \/><\/a><\/p>","protected":false},"excerpt":{"rendered":"<p>Nous proposons des t\u00f4les d'acier de haute qualit\u00e9, lamin\u00e9es \u00e0 chaud et r\u00e9sistantes aux intemp\u00e9ries, pour une large gamme de projets d'ing\u00e9nierie, garantissant une durabilit\u00e9 et une esth\u00e9tique sup\u00e9rieures. Obtenez plus d'informations d\u00e8s maintenant.<\/p>","protected":false},"featured_media":1617,"comment_status":"open","ping_status":"closed","template":"","meta":{"_eb_attr":"","_monsterinsights_skip_tracking":false,"_monsterinsights_sitenote_active":false,"_monsterinsights_sitenote_note":"","_monsterinsights_sitenote_category":0,"_uf_show_specific_survey":0,"_uf_disable_surveys":false},"product_brand":[],"product_cat":[21],"product_tag":[],"class_list":{"0":"post-1616","1":"product","2":"type-product","3":"status-publish","4":"has-post-thumbnail","6":"product_cat-weather-resistant-steel-plate","8":"first","9":"instock","10":"shipping-taxable","11":"product-type-simple"},"_links":{"self":[{"href":"https:\/\/keweicorten.com\/fr_ca\/wp-json\/wp\/v2\/product\/1616"}],"collection":[{"href":"https:\/\/keweicorten.com\/fr_ca\/wp-json\/wp\/v2\/product"}],"about":[{"href":"https:\/\/keweicorten.com\/fr_ca\/wp-json\/wp\/v2\/types\/product"}],"replies":[{"embeddable":true,"href":"https:\/\/keweicorten.com\/fr_ca\/wp-json\/wp\/v2\/comments?post=1616"}],"version-history":[{"count":1,"href":"https:\/\/keweicorten.com\/fr_ca\/wp-json\/wp\/v2\/product\/1616\/revisions"}],"predecessor-version":[{"id":1618,"href":"https:\/\/keweicorten.com\/fr_ca\/wp-json\/wp\/v2\/product\/1616\/revisions\/1618"}],"wp:featuredmedia":[{"embeddable":true,"href":"https:\/\/keweicorten.com\/fr_ca\/wp-json\/wp\/v2\/media\/1617"}],"wp:attachment":[{"href":"https:\/\/keweicorten.com\/fr_ca\/wp-json\/wp\/v2\/media?parent=1616"}],"wp:term":[{"taxonomy":"product_brand","embeddable":true,"href":"https:\/\/keweicorten.com\/fr_ca\/wp-json\/wp\/v2\/product_brand?post=1616"},{"taxonomy":"product_cat","embeddable":true,"href":"https:\/\/keweicorten.com\/fr_ca\/wp-json\/wp\/v2\/product_cat?post=1616"},{"taxonomy":"product_tag","embeddable":true,"href":"https:\/\/keweicorten.com\/fr_ca\/wp-json\/wp\/v2\/product_tag?post=1616"}],"curies":[{"name":"wp","href":"https:\/\/api.w.org\/{rel}","templated":true}]}}