{"id":1622,"date":"2024-09-29T08:36:56","date_gmt":"2024-09-29T08:36:56","guid":{"rendered":"https:\/\/keweicorten.com\/?post_type=product&#038;p=1622"},"modified":"2025-10-15T07:02:51","modified_gmt":"2025-10-15T07:02:51","slug":"paravents-de-jardin-en-corten-2","status":"publish","type":"product","link":"https:\/\/keweicorten.com\/fr_ca\/paravents-de-jardin-en-corten-2\/","title":{"rendered":"\u00e9crans de jardin en corten"},"content":{"rendered":"<p style=\"text-align: center;\"><strong>Les \u00e9crans de jardin en Corten sont disponibles dans diff\u00e9rentes sp\u00e9cifications :<\/strong><\/p>\n<ol>\n<li><strong>Epaisseur du mat\u00e9riau<\/strong>: Les dimensions varient g\u00e9n\u00e9ralement de 2 \u00e0 6 mm, en fonction de la durabilit\u00e9 et de l'esth\u00e9tique souhait\u00e9es.<\/li>\n<li><strong>Dimensions<\/strong>: Les dimensions standard peuvent inclure des panneaux de 1m x 2m, 1,5m x 3m, ou des dimensions personnalis\u00e9es pour s'adapter \u00e0 des conceptions de jardin sp\u00e9cifiques.<\/li>\n<li><strong>Conception<\/strong>: Disponible en panneaux pleins, en motifs perfor\u00e9s ou en d\u00e9coupes d\u00e9coratives pour plus d'intimit\u00e9 et d'esth\u00e9tisme.<\/li>\n<li><strong>Finition<\/strong>: La finition rouille naturelle se d\u00e9veloppe au fil du temps, offrant un aspect unique qui varie en fonction des conditions environnementales.<\/li>\n<li><strong>Installation<\/strong>: Souvent con\u00e7us pour une installation facile, avec des options pour des applications ind\u00e9pendantes ou mont\u00e9es.<\/li>\n<\/ol>\n<p><iframe title=\"YouTube video player\" src=\"https:\/\/www.youtube.com\/embed\/q2R3RdexYNE?si=_bYZaV0LabZu30Z-\" width=\"560\" height=\"315\" frameborder=\"0\" allowfullscreen=\"allowfullscreen\"><\/iframe><\/p>\n<table class=\"has-title all magic-11\" style=\"height: 154px;\" width=\"599\">\n<tbody>\n<tr>\n<td>\n<div class=\"magic-12\"><span style=\"font-size: medium;\">Nom du produit<\/span><\/div>\n<\/td>\n<td>\n<div class=\"magic-13\">Panneaux de cl\u00f4ture moderne en acier Corten \u00e0 prix r\u00e9duit<\/div>\n<\/td>\n<\/tr>\n<tr>\n<td>\n<div class=\"magic-14\"><span style=\"font-size: medium;\">Mat\u00e9riau<\/span><\/div>\n<\/td>\n<td>\n<div class=\"magic-15\"><span style=\"font-size: medium;\">Acier corten<\/span><\/div>\n<\/td>\n<\/tr>\n<tr>\n<td>\n<div class=\"magic-14\"><span style=\"font-size: medium;\">Couleur<\/span><\/div>\n<\/td>\n<td>\n<div class=\"magic-15\"><span style=\"font-size: medium;\">Original ou rouge rouille<\/span><\/div>\n<\/td>\n<\/tr>\n<tr>\n<td>\n<div class=\"magic-14\"><span style=\"font-size: medium;\">Taille<\/span><\/div>\n<\/td>\n<td>\n<div class=\"magic-15\"><span style=\"font-size: medium;\">1500mm*100mm*10mm ou selon les besoins du client<\/span><\/div>\n<\/td>\n<\/tr>\n<tr>\n<td>\n<div class=\"magic-14\"><span style=\"font-size: medium;\">Application<\/span><\/div>\n<\/td>\n<td>\n<div class=\"magic-15\"><span style=\"font-size: medium;\">rideau mural, \u00e9cran de jardin, panneaux de cl\u00f4ture<\/span><\/div>\n<\/td>\n<\/tr>\n<\/tbody>\n<\/table>\n<p>Dimensions disponibles : 60x120cm,80x160cm,90x180cm<\/p>\n<p>Diverses conceptions \u00e0 la mode<\/p>\n<p>D\u00e9tails des mat\u00e9riaux : Acier Corten, acier galvanis\u00e9 ou mat\u00e9riau personnalis\u00e9<\/p>\n<p>Finition : Patine rouill\u00e9e, rev\u00eatement en poudre, peinture, etc.<\/p>\n<p>La patine prot\u00e8ge de la corrosion suppl\u00e9mentaire<\/p>\n<p>Peut \u00eatre utilis\u00e9 dans un cadre r\u00e9sidentiel ou commercial<\/p>\n<p>&nbsp;<\/p>\n<p><a href=\"https:\/\/keweicorten.com\/fr_ca\"><img fetchpriority=\"high\" decoding=\"async\" class=\"aligncenter\" title=\"\u00c9cran de jardin ext\u00e9rieur\" src=\"https:\/\/sc04.alicdn.com\/kf\/H5339dbfd65f6487d81d45d921c42d7874\/252624420\/H5339dbfd65f6487d81d45d921c42d7874.jpg\" alt=\"Ecran de jardin ext\u00e9rieur fabricant, fournisseur, personnalis\u00e9\" width=\"599\" height=\"447\" \/><\/a><\/p>","protected":false},"excerpt":{"rendered":"<p>Le brise-vue en corten allie parfaitement l'art et la fonction pour rehausser la beaut\u00e9 de votre jardin, en offrant une protection et une intimit\u00e9 durables, et en faisant preuve d'un design personnalis\u00e9.<\/p>","protected":false},"featured_media":1623,"comment_status":"open","ping_status":"closed","template":"","meta":{"_eb_attr":"","_monsterinsights_skip_tracking":false,"_monsterinsights_sitenote_active":false,"_monsterinsights_sitenote_note":"","_monsterinsights_sitenote_category":0,"_uf_show_specific_survey":0,"_uf_disable_surveys":false},"product_brand":[],"product_cat":[57],"product_tag":[],"class_list":{"0":"post-1622","1":"product","2":"type-product","3":"status-publish","4":"has-post-thumbnail","6":"product_cat-screen-panel","8":"first","9":"instock","10":"shipping-taxable","11":"product-type-simple"},"_links":{"self":[{"href":"https:\/\/keweicorten.com\/fr_ca\/wp-json\/wp\/v2\/product\/1622"}],"collection":[{"href":"https:\/\/keweicorten.com\/fr_ca\/wp-json\/wp\/v2\/product"}],"about":[{"href":"https:\/\/keweicorten.com\/fr_ca\/wp-json\/wp\/v2\/types\/product"}],"replies":[{"embeddable":true,"href":"https:\/\/keweicorten.com\/fr_ca\/wp-json\/wp\/v2\/comments?post=1622"}],"version-history":[{"count":2,"href":"https:\/\/keweicorten.com\/fr_ca\/wp-json\/wp\/v2\/product\/1622\/revisions"}],"predecessor-version":[{"id":5680,"href":"https:\/\/keweicorten.com\/fr_ca\/wp-json\/wp\/v2\/product\/1622\/revisions\/5680"}],"wp:featuredmedia":[{"embeddable":true,"href":"https:\/\/keweicorten.com\/fr_ca\/wp-json\/wp\/v2\/media\/1623"}],"wp:attachment":[{"href":"https:\/\/keweicorten.com\/fr_ca\/wp-json\/wp\/v2\/media?parent=1622"}],"wp:term":[{"taxonomy":"product_brand","embeddable":true,"href":"https:\/\/keweicorten.com\/fr_ca\/wp-json\/wp\/v2\/product_brand?post=1622"},{"taxonomy":"product_cat","embeddable":true,"href":"https:\/\/keweicorten.com\/fr_ca\/wp-json\/wp\/v2\/product_cat?post=1622"},{"taxonomy":"product_tag","embeddable":true,"href":"https:\/\/keweicorten.com\/fr_ca\/wp-json\/wp\/v2\/product_tag?post=1622"}],"curies":[{"name":"wp","href":"https:\/\/api.w.org\/{rel}","templated":true}]}}