{"id":1648,"date":"2024-09-30T06:36:19","date_gmt":"2024-09-30T06:36:19","guid":{"rendered":"https:\/\/keweicorten.com\/?post_type=product&#038;p=1648"},"modified":"2024-09-30T06:36:19","modified_gmt":"2024-09-30T06:36:19","slug":"panneaux-en-acier-corten-q295nh-resistant-aux-intemperies","status":"publish","type":"product","link":"https:\/\/keweicorten.com\/fr_ca\/panneaux-en-acier-corten-q295nh-resistant-aux-intemperies\/","title":{"rendered":"Panneaux en acier corten Q295NH r\u00e9sistant aux intemp\u00e9ries"},"content":{"rendered":"<p><strong>Caract\u00e9ristiques de performance des panneaux en acier corten Q295NH :<\/strong><\/p>\n<p>1. R\u00e9sistance aux intemp\u00e9ries :<br \/>\nCouche de rouille autoprotectrice :<br \/>\nLe Q295NH forme une couche d'oxyde stable (patine) lorsqu'il est expos\u00e9 aux conditions atmosph\u00e9riques, ce qui emp\u00eache la poursuite de la corrosion. Cette patine se d\u00e9veloppe au fil du temps, ce qui rend le mat\u00e9riau tr\u00e8s r\u00e9sistant aux intemp\u00e9ries, sans qu'il soit n\u00e9cessaire de le peindre ou de le recouvrir d'un rev\u00eatement suppl\u00e9mentaire.<br \/>\nR\u00e9sistance \u00e0 la corrosion :<br \/>\nL'acier r\u00e9siste mieux \u00e0 la corrosion atmosph\u00e9rique que l'acier ordinaire, en particulier dans les environnements o\u00f9 l'humidit\u00e9 et les cycles humidit\u00e9-s\u00e9cheresse varient.<\/p>\n<p>2. Propri\u00e9t\u00e9s m\u00e9caniques :<br \/>\nR\u00e9sistance \u00e0 la traction : \u2265 490 MPa<br \/>\nLimite d'\u00e9lasticit\u00e9 : \u2265 295 MPa<br \/>\nAllongement:\u2265 20%<br \/>\nCes propri\u00e9t\u00e9s m\u00e9caniques font du Q295NH un mat\u00e9riau adapt\u00e9 aux environnements soumis \u00e0 de fortes contraintes, tout en conservant sa flexibilit\u00e9 et sa t\u00e9nacit\u00e9.<\/p>\n<p>3. R\u00e9sistance aux chocs :<br \/>\nEnergie d'impact:\u2265 27J \u00e0 -20\u00b0C<br \/>\nCette r\u00e9sistance \u00e9lev\u00e9e aux chocs \u00e0 basse temp\u00e9rature garantit la durabilit\u00e9 de l'acier dans les climats difficiles.4. Durabilit\u00e9 \u00e9lev\u00e9e:**<br \/>\nLongue dur\u00e9e de vie :<br \/>\nLa couche de rouille naturelle offre une protection \u00e0 long terme, ce qui permet de l'utiliser pour des applications ext\u00e9rieures telles que les fa\u00e7ades, les ponts et les \u00e9l\u00e9ments architecturaux.<br \/>\nPeu d'entretien :<br \/>\nGr\u00e2ce \u00e0 la couche protectrice auto-formante, les besoins en peinture et en entretien sont minimes.<\/p>\n<p>5. Soudabilit\u00e9 :<br \/>\nLe Q295NH pr\u00e9sente une bonne soudabilit\u00e9, ce qui le rend facile \u00e0 fabriquer et \u00e0 int\u00e9grer dans de grandes structures. Des techniques de soudage appropri\u00e9es doivent \u00eatre utilis\u00e9es pour conserver les propri\u00e9t\u00e9s de r\u00e9sistance aux intemp\u00e9ries.<\/p>\n<p>6. Adaptabilit\u00e9 atmosph\u00e9rique :<br \/>\nAdaptable aux climats difficiles :<br \/>\nL'acier se comporte bien dans les environnements secs et humides et peut r\u00e9sister aux rayons UV et \u00e0 la pollution.<br \/>\nD\u00e9veloppement de la patine :<br \/>\nLa patine se d\u00e9veloppe plus rapidement dans des environnements alternativement humides et secs, offrant une meilleure protection au fil du temps.<\/p>\n<p>7. L'attrait esth\u00e9tique :<br \/>\nAspect naturel et us\u00e9 par les intemp\u00e9ries :<br \/>\nLa surface rouill\u00e9e a un aspect rustique attrayant qui est tr\u00e8s recherch\u00e9 dans les applications architecturales et paysag\u00e8res.<\/p>\n<p>8. Avantages pour l'environnement :<br \/>\nDurabilit\u00e9 :<br \/>\nEn \u00e9liminant le besoin de peinture ou de rev\u00eatement, le Q295NH est consid\u00e9r\u00e9 comme plus respectueux de l'environnement. La patine r\u00e9duit la d\u00e9gradation de l'acier, prolongeant son cycle de vie et r\u00e9duisant le besoin de remplacement.<\/p>\n<p><a href=\"https:\/\/keweicorten.com\/fr_ca\"><img fetchpriority=\"high\" decoding=\"async\" class=\"alignnone\" title=\"Panneaux en acier corten Q295NH r\u00e9sistant aux intemp\u00e9ries \" src=\"https:\/\/th.bing.com\/th\/id\/OIP._-rX8x76XtiJCvzh5ULlWwAAAA?rs=1&amp;pid=ImgDetMain\" alt=\"Panneaux d&#039;acier corten Q295NH r\u00e9sistant aux intemp\u00e9ries Usine, Chine, prix, fabricants, \" width=\"600\" height=\"600\" \/><\/a><\/p>\n<p><a href=\"https:\/\/keweicorten.com\/fr_ca\/produit\/ecrans-de-jardin-en-corten\/\"><img decoding=\"async\" class=\"alignnone\" title=\"Panneaux en acier corten Q295NH r\u00e9sistant aux intemp\u00e9ries \" src=\"https:\/\/th.bing.com\/th\/id\/R.b85b66e6f1a03b187a7a190e3c04c310?rik=kKtgu8fkuFUPLA&amp;riu=http%3a%2f%2fwww.sdxawy.com%2fUploadFiles%2fOthers%2f201507081113359580278.jpg&amp;ehk=TFvcfO%2fBsrEHg0n7Qm9ZVT9EjVarZKMOBTpSW3Gm2LY%3d&amp;risl=&amp;pid=ImgRaw&amp;r=0\" alt=\"Panneaux d&#039;acier corten Q295NH r\u00e9sistant aux intemp\u00e9ries Usine, Chine, prix, fabricants, \" width=\"601\" height=\"413\" \/><\/a><\/p>","protected":false},"excerpt":{"rendered":"<ul>\n<li><strong>Nom du mat\u00e9riau :<\/strong> Acier corten Q295NH<\/li>\n<li><strong>Type :<\/strong> Acier r\u00e9sistant aux intemp\u00e9ries<\/li>\n<li><strong>Application :<\/strong> Panneaux de construction, structures ext\u00e9rieures, ponts, mobilier de jardin, etc.<\/li>\n<\/ul>","protected":false},"featured_media":1649,"comment_status":"open","ping_status":"closed","template":"","meta":{"_eb_attr":"","_monsterinsights_skip_tracking":false,"_monsterinsights_sitenote_active":false,"_monsterinsights_sitenote_note":"","_monsterinsights_sitenote_category":0,"_uf_show_specific_survey":0,"_uf_disable_surveys":false},"product_brand":[],"product_cat":[21],"product_tag":[],"class_list":{"0":"post-1648","1":"product","2":"type-product","3":"status-publish","4":"has-post-thumbnail","6":"product_cat-weather-resistant-steel-plate","8":"first","9":"instock","10":"shipping-taxable","11":"product-type-simple"},"_links":{"self":[{"href":"https:\/\/keweicorten.com\/fr_ca\/wp-json\/wp\/v2\/product\/1648"}],"collection":[{"href":"https:\/\/keweicorten.com\/fr_ca\/wp-json\/wp\/v2\/product"}],"about":[{"href":"https:\/\/keweicorten.com\/fr_ca\/wp-json\/wp\/v2\/types\/product"}],"replies":[{"embeddable":true,"href":"https:\/\/keweicorten.com\/fr_ca\/wp-json\/wp\/v2\/comments?post=1648"}],"version-history":[{"count":1,"href":"https:\/\/keweicorten.com\/fr_ca\/wp-json\/wp\/v2\/product\/1648\/revisions"}],"predecessor-version":[{"id":1650,"href":"https:\/\/keweicorten.com\/fr_ca\/wp-json\/wp\/v2\/product\/1648\/revisions\/1650"}],"wp:featuredmedia":[{"embeddable":true,"href":"https:\/\/keweicorten.com\/fr_ca\/wp-json\/wp\/v2\/media\/1649"}],"wp:attachment":[{"href":"https:\/\/keweicorten.com\/fr_ca\/wp-json\/wp\/v2\/media?parent=1648"}],"wp:term":[{"taxonomy":"product_brand","embeddable":true,"href":"https:\/\/keweicorten.com\/fr_ca\/wp-json\/wp\/v2\/product_brand?post=1648"},{"taxonomy":"product_cat","embeddable":true,"href":"https:\/\/keweicorten.com\/fr_ca\/wp-json\/wp\/v2\/product_cat?post=1648"},{"taxonomy":"product_tag","embeddable":true,"href":"https:\/\/keweicorten.com\/fr_ca\/wp-json\/wp\/v2\/product_tag?post=1648"}],"curies":[{"name":"wp","href":"https:\/\/api.w.org\/{rel}","templated":true}]}}