{"id":1729,"date":"2024-10-08T07:19:38","date_gmt":"2024-10-08T07:19:38","guid":{"rendered":"https:\/\/keweicorten.com\/?post_type=product&#038;p=1729"},"modified":"2025-01-15T06:19:42","modified_gmt":"2025-01-15T06:19:42","slug":"gril-bbq-2","status":"publish","type":"product","link":"https:\/\/keweicorten.com\/fr_ca\/gril-bbq-2\/","title":{"rendered":"Grilles en acier Corten"},"content":{"rendered":"<h2><strong>Caract\u00e9ristiques des grils en acier Corten<\/strong>:<\/h2>\n<ol>\n<li><strong>R\u00e9sistance aux intemp\u00e9ries<\/strong>:\n<ul>\n<li>L'acier Corten est sp\u00e9cialement con\u00e7u pour r\u00e9sister \u00e0 la corrosion en d\u00e9veloppant une couche de rouille protectrice. Il est donc id\u00e9al pour une utilisation en ext\u00e9rieur, o\u00f9 les grils sont expos\u00e9s \u00e0 diverses conditions m\u00e9t\u00e9orologiques. La couche de rouille renforce non seulement la durabilit\u00e9 du gril, mais lui conf\u00e8re \u00e9galement un aspect unique au fil du temps.<\/li>\n<\/ul>\n<\/li>\n<li><strong>L'attrait esth\u00e9tique<\/strong>:\n<ul>\n<li>Les tons riches et terreux de l'acier patin\u00e9 s'int\u00e8grent parfaitement aux environnements ext\u00e9rieurs naturels. Les grilles en acier Corten sont souvent choisies pour leur aspect rustique et industriel, qui \u00e9volue au fur et \u00e0 mesure que l'acier vieillit et que sa couleur s'intensifie.<\/li>\n<\/ul>\n<\/li>\n<li><strong>Durabilit\u00e9<\/strong>:\n<ul>\n<li>L'acier Corten est tr\u00e8s durable et r\u00e9sistant aux \u00e9l\u00e9ments. La couche de rouille protectrice emp\u00eache une corrosion plus profonde, ce qui garantit que le gril dure plus longtemps que ceux fabriqu\u00e9s en acier ordinaire ou en fer.<\/li>\n<\/ul>\n<\/li>\n<li><strong>Faible entretien<\/strong>:\n<ul>\n<li>Contrairement aux grilles peintes ou enduites qui peuvent n\u00e9cessiter des retouches, les grilles en acier Corten n\u00e9cessitent un entretien minimal. La couche de rouille naturelle est autosuffisante et n'a pas besoin d'\u00eatre repeinte ou scell\u00e9e.<\/li>\n<\/ul>\n<\/li>\n<li><strong>R\u00e9tention de la chaleur<\/strong>:\n<ul>\n<li>L'acier corten poss\u00e8de de bonnes propri\u00e9t\u00e9s de r\u00e9tention de la chaleur, ce qui en fait un excellent mat\u00e9riau pour les grils. Il permet de r\u00e9partir uniform\u00e9ment la chaleur sur toute la surface de cuisson, garantissant ainsi une bonne cuisson des aliments.<\/li>\n<\/ul>\n<\/li>\n<\/ol>\n<p><a href=\"https:\/\/keweicorten.com\/fr_ca\"><img fetchpriority=\"high\" decoding=\"async\" class=\"alignnone\" title=\"gril bbq en acier corten\" src=\"https:\/\/sc04.alicdn.com\/kf\/H753466d0919a44c58cdec2fa46b567c7r\/253038816\/H753466d0919a44c58cdec2fa46b567c7r.jpg\" alt=\"gril bbq en acier corten prix usine chine -keweicorten\" width=\"650\" height=\"650\" \/><\/a><\/p>\n<p><strong>Applications des foyers en acier Corten :<\/strong><\/p>\n<ol>\n<li><strong>Grils de jardin et d'arri\u00e8re-cour<\/strong><\/li>\n<li><strong>Usage commercial et restauration<\/strong><\/li>\n<li><strong>Foyers avec grillades<\/strong><\/li>\n<li><strong>Grils portables<\/strong>:<\/li>\n<\/ol>\n<p><a href=\"https:\/\/keweicorten.com\/fr_ca\/produit\/ecrans-de-jardin-en-corten\/\"><img decoding=\"async\" class=\"alignnone\" title=\"gril bbq corten\" src=\"https:\/\/sc04.alicdn.com\/kf\/Ha38b145b3aba45c79d67d0d9f2bc2d83B\/253038816\/Ha38b145b3aba45c79d67d0d9f2bc2d83B.jpg\" alt=\"gril bbq corten\" width=\"650\" height=\"650\" \/><\/a><\/p>\n<p><strong>Avantages des grilles en acier Corten<\/strong>:<strong>Mat\u00e9riau durable<\/strong>: Les propri\u00e9t\u00e9s climatiques inh\u00e9rentes \u00e0 l'acier Corten prolongent la dur\u00e9e de vie du gril, r\u00e9duisant ainsi la n\u00e9cessit\u00e9 de le remplacer.<strong>Esth\u00e9tique naturelle<\/strong>: Les grils en acier Corten ont un aspect naturel et robuste qui met en valeur l'environnement de cuisson en plein air, offrant \u00e0 la fois fonction et style.<strong>Respect de l'environnement<\/strong>: Comme l'acier Corten d\u00e9veloppe sa propre couche protectrice, il n'est pas n\u00e9cessaire d'utiliser des peintures ou des rev\u00eatements nocifs pour l'environnement.<strong>Personnalisation<\/strong>: De nombreuses grilles en acier corten sont personnalisables, ce qui permet d'obtenir des formes, des tailles et des designs uniques pour s'adapter aux pr\u00e9f\u00e9rences personnelles ou \u00e0 l'am\u00e9nagement du paysage.<\/p>\n<p><strong>Conseils d'entretien pour <\/strong>Grille de barbecue en acier Corten :<\/p>\n<p><strong>Nettoyer r\u00e9guli\u00e8rement les grilles de cuisson<\/strong>:Si l'ext\u00e9rieur de l'acier Corten n\u00e9cessite peu d'entretien, les grilles de cuisson (souvent en acier inoxydable ou en fonte) doivent \u00eatre nettoy\u00e9es apr\u00e8s chaque utilisation afin d'\u00e9liminer les r\u00e9sidus d'aliments et la graisse.<\/p>\n<p><strong>\u00c9viter la stagnation de l'eau<\/strong>:Veillez \u00e0 ne pas laisser le gril dans l'eau stagnante pendant de longues p\u00e9riodes, car une exposition prolong\u00e9e \u00e0 l'eau peut affecter le processus naturel de rouille de l'acier Corten. Bien qu'il soit r\u00e9sistant aux intemp\u00e9ries, une humidit\u00e9 excessive peut acc\u00e9l\u00e9rer la rouille au-del\u00e0 de la couche de protection pr\u00e9vue.<\/p>\n<p><strong>Huiler la surface de cuisson<\/strong>:Appliquer une fine couche d'huile de cuisson sur les grilles avant de les griller pour emp\u00eacher les aliments de coller et pour prot\u00e9ger le m\u00e9tal de la chaleur directe.<\/p>\n<p><strong>Utiliser une housse lorsqu'elle n'est pas utilis\u00e9e<\/strong>:Bien que l'acier Corten soit durable, l'utilisation d'une couverture de gril peut contribuer \u00e0 prolonger sa dur\u00e9e de vie en le prot\u00e9geant de la pluie et de la neige, en particulier dans les climats rigoureux.<\/p>","protected":false},"excerpt":{"rendered":"<p>La plaque de cuisson sup\u00e9rieure pr\u00e9sente diff\u00e9rentes temp\u00e9ratures de cuisson au feu de bois. Au centre de la plaque du gril bbq en acier corten, la temp\u00e9rature est beaucoup plus \u00e9lev\u00e9e et sur les c\u00f4t\u00e9s ext\u00e9rieurs, elle est un peu plus basse.<\/p>","protected":false},"featured_media":1731,"comment_status":"open","ping_status":"closed","template":"","meta":{"_eb_attr":"","_monsterinsights_skip_tracking":false,"_monsterinsights_sitenote_active":false,"_monsterinsights_sitenote_note":"","_monsterinsights_sitenote_category":0,"_uf_show_specific_survey":0,"_uf_disable_surveys":false},"product_brand":[],"product_cat":[63],"product_tag":[],"class_list":{"0":"post-1729","1":"product","2":"type-product","3":"status-publish","4":"has-post-thumbnail","6":"product_cat-steel-bbq-grill","8":"first","9":"instock","10":"shipping-taxable","11":"product-type-simple"},"_links":{"self":[{"href":"https:\/\/keweicorten.com\/fr_ca\/wp-json\/wp\/v2\/product\/1729"}],"collection":[{"href":"https:\/\/keweicorten.com\/fr_ca\/wp-json\/wp\/v2\/product"}],"about":[{"href":"https:\/\/keweicorten.com\/fr_ca\/wp-json\/wp\/v2\/types\/product"}],"replies":[{"embeddable":true,"href":"https:\/\/keweicorten.com\/fr_ca\/wp-json\/wp\/v2\/comments?post=1729"}],"version-history":[{"count":1,"href":"https:\/\/keweicorten.com\/fr_ca\/wp-json\/wp\/v2\/product\/1729\/revisions"}],"predecessor-version":[{"id":1736,"href":"https:\/\/keweicorten.com\/fr_ca\/wp-json\/wp\/v2\/product\/1729\/revisions\/1736"}],"wp:featuredmedia":[{"embeddable":true,"href":"https:\/\/keweicorten.com\/fr_ca\/wp-json\/wp\/v2\/media\/1731"}],"wp:attachment":[{"href":"https:\/\/keweicorten.com\/fr_ca\/wp-json\/wp\/v2\/media?parent=1729"}],"wp:term":[{"taxonomy":"product_brand","embeddable":true,"href":"https:\/\/keweicorten.com\/fr_ca\/wp-json\/wp\/v2\/product_brand?post=1729"},{"taxonomy":"product_cat","embeddable":true,"href":"https:\/\/keweicorten.com\/fr_ca\/wp-json\/wp\/v2\/product_cat?post=1729"},{"taxonomy":"product_tag","embeddable":true,"href":"https:\/\/keweicorten.com\/fr_ca\/wp-json\/wp\/v2\/product_tag?post=1729"}],"curies":[{"name":"wp","href":"https:\/\/api.w.org\/{rel}","templated":true}]}}