{"id":2432,"date":"2024-11-26T02:47:59","date_gmt":"2024-11-26T02:47:59","guid":{"rendered":"https:\/\/keweicorten.com\/?post_type=product&#038;p=2432"},"modified":"2025-01-15T06:14:28","modified_gmt":"2025-01-15T06:14:28","slug":"cloison-de-jardin-en-metal","status":"publish","type":"product","link":"https:\/\/keweicorten.com\/fr_ca\/cloison-de-jardin-en-metal\/","title":{"rendered":"Paroi de jardin en m\u00e9tal"},"content":{"rendered":"<h2><a href=\"https:\/\/keweicorten.com\/fr_ca\/nous-contacter\/\"><strong>Partition Metal Garden Screen : Le m\u00e9lange parfait de style et de fonctionnalit\u00e9 pour votre espace ext\u00e9rieur<\/strong><\/a><\/h2>\n<p>Les \u00e9crans de jardin en m\u00e9tal sont de plus en plus pr\u00e9sents dans les am\u00e9nagements paysagers modernes, car ils offrent \u00e0 la fois des avantages pratiques et un attrait esth\u00e9tique. Que vous cherchiez \u00e0 renforcer l'intimit\u00e9, \u00e0 d\u00e9limiter des espaces ou \u00e0 cr\u00e9er de superbes points d'int\u00e9r\u00eat, ces \u00e9crans polyvalents sont la solution id\u00e9ale. Voici tout ce que vous devez savoir sur l'int\u00e9gration des \u00e9crans de jardin m\u00e9talliques dans votre am\u00e9nagement ext\u00e9rieur.<\/p>\n<h3><strong>Qu'est-ce qu'une cloison m\u00e9tallique de jardin ?<\/strong><\/h3>\n<p>Un \u00e9cran de jardin en m\u00e9tal est un panneau d\u00e9coratif fabriqu\u00e9 \u00e0 partir de mat\u00e9riaux durables tels que l'acier corten, l'aluminium ou le m\u00e9tal rev\u00eatu par poudre. Ces \u00e9crans pr\u00e9sentent souvent des motifs complexes d\u00e9coup\u00e9s au laser, allant de dessins abstraits \u00e0 des motifs inspir\u00e9s de la nature, ce qui en fait un ajout \u00e9l\u00e9gant \u00e0 tout jardin ou patio.<\/p>\n<div style=\"width: 800px;\" class=\"wp-video\"><!--[if lt IE 9]><script>document.createElement('video');<\/script><![endif]-->\n<video class=\"wp-video-shortcode\" id=\"video-2432-1\" width=\"800\" height=\"450\" loop=\"1\" autoplay=\"1\" preload=\"metadata\" controls=\"controls\"><source type=\"video\/mp4\" src=\"https:\/\/keweicorten.com\/wp-content\/uploads\/2024\/11\/decorative-garden-screens-1.mp4?_=1\" \/><a href=\"https:\/\/keweicorten.com\/wp-content\/uploads\/2024\/11\/decorative-garden-screens-1.mp4\">https:\/\/keweicorten.com\/wp-content\/uploads\/2024\/11\/decorative-garden-screens-1.mp4<\/a><\/video><\/div>\n<h3><strong>Avantages des cloisons m\u00e9talliques de jardin<\/strong><\/h3>\n<ol>\n<li><strong>La vie priv\u00e9e sans sacrifier le style<\/strong><br \/>\nCes \u00e9crans de jardin d\u00e9coratifs constituent un moyen chic de pr\u00e9server l'intimit\u00e9 de vos espaces ext\u00e9rieurs. Qu'ils soient plac\u00e9s sur un balcon ou dans une arri\u00e8re-cour, ils font office de barri\u00e8re tout en laissant passer la lumi\u00e8re et l'air gr\u00e2ce \u00e0 leurs perforations uniques.<\/li>\n<li><strong>Division de l'espace<\/strong><br \/>\nUtilisez les brise-vue ext\u00e9rieurs pour d\u00e9limiter les diff\u00e9rentes zones de votre jardin, par exemple en s\u00e9parant les zones de repas des zones de jeux ou en cr\u00e9ant des coins agr\u00e9ables pour se d\u00e9tendre.<\/li>\n<li><strong>Durabilit\u00e9 et faible entretien<\/strong><br \/>\nCes \u00e9crans r\u00e9sistent aux conditions ext\u00e9rieures difficiles avec un minimum d'entretien et sont fabriqu\u00e9s \u00e0 partir de mat\u00e9riaux r\u00e9sistants aux intemp\u00e9ries tels que l'acier corten ou l'aluminium rev\u00eatu par poudre.<\/li>\n<li><strong>L'attrait esth\u00e9tique<\/strong><br \/>\nAvec des designs et des finitions personnalisables, les panneaux de jardin d\u00e9coup\u00e9s au laser ajoutent une touche artistique, transformant des espaces ordinaires en retraites ext\u00e9rieures captivantes.<\/li>\n<li><strong>Options \u00e9cologiques<\/strong><br \/>\nDe nombreux \u00e9crans m\u00e9talliques sont fabriqu\u00e9s \u00e0 partir de mat\u00e9riaux recyclables, ce qui en fait un choix durable pour les propri\u00e9taires soucieux de l'environnement.<\/li>\n<\/ol>\n<h3><a href=\"https:\/\/keweicorten.com\/fr_ca\/produit\/ecrans-de-jardin-en-corten\/\"><strong>Applications populaires pour les \u00e9crans de jardin en m\u00e9tal<\/strong><\/a><\/h3>\n<ul>\n<li><strong>Panneaux de confidentialit\u00e9 :<\/strong> Parfait pour prot\u00e9ger les terrasses, les balcons ou les zones de jacuzzi.<\/li>\n<li><strong>Caract\u00e9ristiques du jardin :<\/strong> Utilisez-le comme toile de fond pour des plantes ou des jeux d'eau afin de cr\u00e9er un effet visuel \u00e9poustouflant.<\/li>\n<li><strong>Murs de la pergola :<\/strong> Am\u00e9liorez le design de vos pergolas ou gazebos avec des panneaux d\u00e9coratifs.<\/li>\n<li><strong>Art mural :<\/strong> Pour un look contemporain, montez des \u00e9crans plus petits en guise d'\u0153uvres d'art murales.<\/li>\n<\/ul>\n<p><a href=\"https:\/\/keweicorten.com\/fr_ca\/nous-contacter\/\"><img fetchpriority=\"high\" decoding=\"async\" class=\"alignnone wp-image-2437 size-full\" title=\" \u00e9crans modernes d&#039;am\u00e9nagement paysager\" src=\"https:\/\/keweicorten.com\/wp-content\/uploads\/2024\/11\/photobank-93.jpg\" alt=\" paravents modernes pour l&#039;am\u00e9nagement paysager grossiste, pas cher, en vente, en stock-keweicorten\" width=\"750\" height=\"750\" srcset=\"https:\/\/keweicorten.com\/wp-content\/uploads\/2024\/11\/photobank-93.jpg 750w, https:\/\/keweicorten.com\/wp-content\/uploads\/2024\/11\/photobank-93-300x300.jpg 300w, https:\/\/keweicorten.com\/wp-content\/uploads\/2024\/11\/photobank-93-150x150.jpg 150w, https:\/\/keweicorten.com\/wp-content\/uploads\/2024\/11\/photobank-93-12x12.jpg 12w, https:\/\/keweicorten.com\/wp-content\/uploads\/2024\/11\/photobank-93-600x600.jpg 600w, https:\/\/keweicorten.com\/wp-content\/uploads\/2024\/11\/photobank-93-100x100.jpg 100w\" sizes=\"(max-width: 750px) 100vw, 750px\" \/><\/a><\/p>\n<h3><a href=\"https:\/\/keweicorten.com\/fr_ca\/produit\/corten-garden-screen-panels\/\"><strong>Pourquoi choisir l'acier Corten pour votre \u00e9cran de jardin ?<\/strong><\/a><\/h3>\n<p>L'acier Corten est un mat\u00e9riau populaire pour les \u00e9crans de jardin m\u00e9talliques en raison de son aspect rouill\u00e9 unique et de sa durabilit\u00e9 exceptionnelle. Avec le temps, il forme une patine protectrice qui renforce sa r\u00e9sistance aux intemp\u00e9ries, ce qui en fait un choix id\u00e9al pour une utilisation en ext\u00e9rieur.<\/p>\n<h3><strong>Conseils pour choisir la bonne cloison M\u00e9tal Garden Screen<\/strong><\/h3>\n<ul>\n<li><strong>Mat\u00e9riau :<\/strong> Choisissez un mat\u00e9riau adapt\u00e9 \u00e0 votre climat et \u00e0 vos pr\u00e9f\u00e9rences en mati\u00e8re d'entretien.<\/li>\n<li><strong>Conception :<\/strong> Optez pour des motifs modernes, classiques ou rustiques qui s'harmonisent avec le style de votre jardin.<\/li>\n<li><strong>Taille :<\/strong> Veillez \u00e0 ce que l'\u00e9cran s'adapte \u00e0 l'espace pr\u00e9vu et remplisse sa fonction, qu'il s'agisse d'intimit\u00e9 ou de d\u00e9coration.<\/li>\n<li><strong>Installation :<\/strong> Certains \u00e9crans sont autoportants, tandis que d'autres doivent \u00eatre mont\u00e9s. R\u00e9fl\u00e9chissez \u00e0 ce qui convient le mieux \u00e0 vos besoins.<\/li>\n<\/ul>\n<p><a href=\"https:\/\/keweicorten.com\/fr_ca\/nous-contacter\/\"><img decoding=\"async\" class=\"alignnone wp-image-2438 size-full\" title=\" panneaux de jardin d\u00e9coup\u00e9s au laser\" src=\"https:\/\/keweicorten.com\/wp-content\/uploads\/2024\/11\/\u5fae\u4fe1\u56fe\u7247_20230704114302.jpg\" alt=\" Panneaux de jardin d\u00e9coup\u00e9s au laser Usine, Chine, prix, fabricants, fournisseurs, personnalis\u00e9-keweicorten\" width=\"750\" height=\"624\" srcset=\"https:\/\/keweicorten.com\/wp-content\/uploads\/2024\/11\/\u5fae\u4fe1\u56fe\u7247_20230704114302.jpg 750w, https:\/\/keweicorten.com\/wp-content\/uploads\/2024\/11\/\u5fae\u4fe1\u56fe\u7247_20230704114302-300x250.jpg 300w, https:\/\/keweicorten.com\/wp-content\/uploads\/2024\/11\/\u5fae\u4fe1\u56fe\u7247_20230704114302-14x12.jpg 14w, https:\/\/keweicorten.com\/wp-content\/uploads\/2024\/11\/\u5fae\u4fe1\u56fe\u7247_20230704114302-600x499.jpg 600w\" sizes=\"(max-width: 750px) 100vw, 750px\" \/><\/a><\/p>","protected":false},"excerpt":{"rendered":"<p>Les \u00e9crans de jardin en m\u00e9tal sont une solution polyvalente et \u00e9l\u00e9gante pour am\u00e9liorer les espaces ext\u00e9rieurs. Qu'il s'agisse de cr\u00e9er de l'intimit\u00e9 ou de servir d'\u00e9l\u00e9ments d\u00e9coratifs \u00e9tonnants, ces \u00e9crans apportent beaut\u00e9 et fonctionnalit\u00e9 aux jardins, patios et autres.<\/p>","protected":false},"featured_media":2442,"comment_status":"open","ping_status":"closed","template":"","meta":{"_eb_attr":"","_monsterinsights_skip_tracking":false,"_monsterinsights_sitenote_active":false,"_monsterinsights_sitenote_note":"","_monsterinsights_sitenote_category":0,"_uf_show_specific_survey":0,"_uf_disable_surveys":false},"product_brand":[],"product_cat":[57],"product_tag":[],"class_list":{"0":"post-2432","1":"product","2":"type-product","3":"status-publish","4":"has-post-thumbnail","6":"product_cat-screen-panel","8":"first","9":"instock","10":"shipping-taxable","11":"product-type-simple"},"_links":{"self":[{"href":"https:\/\/keweicorten.com\/fr_ca\/wp-json\/wp\/v2\/product\/2432"}],"collection":[{"href":"https:\/\/keweicorten.com\/fr_ca\/wp-json\/wp\/v2\/product"}],"about":[{"href":"https:\/\/keweicorten.com\/fr_ca\/wp-json\/wp\/v2\/types\/product"}],"replies":[{"embeddable":true,"href":"https:\/\/keweicorten.com\/fr_ca\/wp-json\/wp\/v2\/comments?post=2432"}],"version-history":[{"count":1,"href":"https:\/\/keweicorten.com\/fr_ca\/wp-json\/wp\/v2\/product\/2432\/revisions"}],"predecessor-version":[{"id":2443,"href":"https:\/\/keweicorten.com\/fr_ca\/wp-json\/wp\/v2\/product\/2432\/revisions\/2443"}],"wp:featuredmedia":[{"embeddable":true,"href":"https:\/\/keweicorten.com\/fr_ca\/wp-json\/wp\/v2\/media\/2442"}],"wp:attachment":[{"href":"https:\/\/keweicorten.com\/fr_ca\/wp-json\/wp\/v2\/media?parent=2432"}],"wp:term":[{"taxonomy":"product_brand","embeddable":true,"href":"https:\/\/keweicorten.com\/fr_ca\/wp-json\/wp\/v2\/product_brand?post=2432"},{"taxonomy":"product_cat","embeddable":true,"href":"https:\/\/keweicorten.com\/fr_ca\/wp-json\/wp\/v2\/product_cat?post=2432"},{"taxonomy":"product_tag","embeddable":true,"href":"https:\/\/keweicorten.com\/fr_ca\/wp-json\/wp\/v2\/product_tag?post=2432"}],"curies":[{"name":"wp","href":"https:\/\/api.w.org\/{rel}","templated":true}]}}