{"id":2860,"date":"2024-12-17T02:38:43","date_gmt":"2024-12-17T02:38:43","guid":{"rendered":"https:\/\/keweicorten.com\/?post_type=product&#038;p=2860"},"modified":"2025-01-15T06:13:36","modified_gmt":"2025-01-15T06:13:36","slug":"cuvette-de-foyer-2","status":"publish","type":"product","link":"https:\/\/keweicorten.com\/fr_ca\/cuvette-de-foyer-2\/","title":{"rendered":"Bol de foyer"},"content":{"rendered":"<p>Avec la popularit\u00e9 du style de vie en plein air, le bol de foyer est devenu un choix populaire pour les jardins, les patios et les cours. Que vous passiez du temps en famille ou que vous mettiez de l'ambiance lors d'une r\u00e9union d'amis, un bol de feu joliment con\u00e7u peut occuper le devant de la sc\u00e8ne.<\/p>\n<h2>Avantages de la vasque de foyer :<\/h2>\n<ul>\n<li>Dessin de mode<br \/>\nLe design simple de la vasque du foyer s'adapte \u00e0 une vari\u00e9t\u00e9 de styles ext\u00e9rieurs, du moderne au vintage, et peut \u00eatre facilement assorti.<\/li>\n<li>Acier Corten Acier r\u00e9sistant aux intemp\u00e9ries : R\u00e9sistant \u00e0 la corrosion, aspect rouille naturelle, peu d'entretien et durable.<br \/>\nFacile \u00e0 installer et \u00e0 d\u00e9placer<br \/>\nPar rapport au foyer fixe traditionnel, la vasque du foyer est plus flexible et peut \u00eatre plac\u00e9e ou d\u00e9plac\u00e9e \u00e0 volont\u00e9 pour r\u00e9pondre aux besoins de diff\u00e9rents sc\u00e9narios.<\/li>\n<li>Convient \u00e0 toutes les saisons<br \/>\nQue ce soit par une froide journ\u00e9e d'hiver ou une fra\u00eeche nuit d'\u00e9t\u00e9, le bol Fire Pit offre une exp\u00e9rience douillette et chaleureuse dans votre espace ext\u00e9rieur.<\/li>\n<\/ul>\n<p><a href=\"https:\/\/keweicorten.com\/fr_ca\/produits\/\"><img fetchpriority=\"high\" decoding=\"async\" class=\"alignnone wp-image-2861 size-full\" title=\"cuvette de foyer\" src=\"https:\/\/keweicorten.com\/wp-content\/uploads\/2024\/12\/\u5fae\u4fe1\u56fe\u7247_20230516113533.jpg\" alt=\"bol de foyer grossiste, pas cher, en vente, en stock. -keweicorten\" width=\"700\" height=\"500\" srcset=\"https:\/\/keweicorten.com\/wp-content\/uploads\/2024\/12\/\u5fae\u4fe1\u56fe\u7247_20230516113533.jpg 700w, https:\/\/keweicorten.com\/wp-content\/uploads\/2024\/12\/\u5fae\u4fe1\u56fe\u7247_20230516113533-300x214.jpg 300w, https:\/\/keweicorten.com\/wp-content\/uploads\/2024\/12\/\u5fae\u4fe1\u56fe\u7247_20230516113533-18x12.jpg 18w, https:\/\/keweicorten.com\/wp-content\/uploads\/2024\/12\/\u5fae\u4fe1\u56fe\u7247_20230516113533-600x429.jpg 600w\" sizes=\"(max-width: 700px) 100vw, 700px\" \/><\/a><\/p>\n<p><strong>Sc\u00e9narios d'application de la cuvette de foyer<\/strong><br \/>\nF\u00eate dans la cour : Le feu chaud cr\u00e9e une atmosph\u00e8re sociale romantique pour la famille et les amis.<br \/>\nD\u00e9coration de la terrasse : Le mobilier d'ext\u00e9rieur permet de rehausser le go\u00fbt et le confort de l'espace.<br \/>\nUtilisation commerciale : espaces en plein air pour les restaurants et les caf\u00e9s afin d'inciter les clients \u00e0 rester.<\/p>\n<p><strong>Pourquoi choisir notre bol de foyer ?\u00a0 \u00a0 \u00a0 \u00a0 \u00a0 \u00a0 \u00a0 \u00a0 \u00a0 \u00a0 \u00a0 \u00a0 \u00a0\u00a0 \u00a0 \u00a0 \u00a0 \u00a0 \u00a0 \u00a0 \u00a0 \u00a0\u00a0<\/strong><\/p>\n<ol>\n<li>Mat\u00e9riau de haute qualit\u00e9 pour garantir la durabilit\u00e9 du produit.<\/li>\n<li>Des styles diversifi\u00e9s pour r\u00e9pondre aux besoins de diff\u00e9rents sc\u00e9narios.<\/li>\n<li>Service personnalis\u00e9, selon les exigences du client pour concevoir un bol de foyer unique.<\/li>\n<li>Distribution mondiale, logistique efficace, garantie de livraison dans les d\u00e9lais.<\/li>\n<\/ol>\n<p><a href=\"https:\/\/keweicorten.com\/fr_ca\/nous-contacter\/\"><img decoding=\"async\" class=\"alignnone wp-image-2862 size-full\" title=\"foyer en acier\" src=\"https:\/\/keweicorten.com\/wp-content\/uploads\/2024\/12\/15.jpg\" alt=\"Foyer en acier Factory,china,prix,fabricants,fournisseurs,sur mesure-keweicorten\" width=\"750\" height=\"750\" srcset=\"https:\/\/keweicorten.com\/wp-content\/uploads\/2024\/12\/15.jpg 750w, https:\/\/keweicorten.com\/wp-content\/uploads\/2024\/12\/15-300x300.jpg 300w, https:\/\/keweicorten.com\/wp-content\/uploads\/2024\/12\/15-150x150.jpg 150w, https:\/\/keweicorten.com\/wp-content\/uploads\/2024\/12\/15-12x12.jpg 12w, https:\/\/keweicorten.com\/wp-content\/uploads\/2024\/12\/15-600x600.jpg 600w, https:\/\/keweicorten.com\/wp-content\/uploads\/2024\/12\/15-100x100.jpg 100w\" sizes=\"(max-width: 750px) 100vw, 750px\" \/><\/a><\/p>\n<p>FAQ :<br \/>\nLa vasque du foyer doit-elle \u00eatre entretenue ?<br \/>\nLes cuves de foyer en acier Corten ne n\u00e9cessitent pratiquement aucun entretien et la couche de rouille \u00e0 l'ext\u00e9rieur cr\u00e9e une barri\u00e8re de protection naturelle.<\/p>\n<p>La vasque du foyer est-elle s\u00fbre ?<br \/>\nGardez une distance de s\u00e9curit\u00e9 lors de l'utilisation, \u00e9loignez les enfants et les animaux domestiques des sources d'incendie et suivez les consignes de s\u00e9curit\u00e9 lors de la manipulation.<\/p>\n<p>Comment nettoyer la cuvette d'un foyer ?<br \/>\nApr\u00e8s refroidissement, nettoyer les cendres et essuyer la surface avec un chiffon humide. Conserver au sec et stocker.<\/p>","protected":false},"excerpt":{"rendered":"<p>Un bol de foyer exquis n'est pas seulement un appareil de chauffage pratique pour l'ext\u00e9rieur, c'est aussi une belle pi\u00e8ce d'art d\u00e9coratif. Remplissez votre espace ext\u00e9rieur de chaleur et de vitalit\u00e9.<\/p>","protected":false},"featured_media":2863,"comment_status":"open","ping_status":"closed","template":"","meta":{"_eb_attr":"","_monsterinsights_skip_tracking":false,"_monsterinsights_sitenote_active":false,"_monsterinsights_sitenote_note":"","_monsterinsights_sitenote_category":0,"_uf_show_specific_survey":0,"_uf_disable_surveys":false},"product_brand":[],"product_cat":[54],"product_tag":[],"class_list":{"0":"post-2860","1":"product","2":"type-product","3":"status-publish","4":"has-post-thumbnail","6":"product_cat-wood-fire-pit","8":"first","9":"instock","10":"shipping-taxable","11":"product-type-simple"},"_links":{"self":[{"href":"https:\/\/keweicorten.com\/fr_ca\/wp-json\/wp\/v2\/product\/2860"}],"collection":[{"href":"https:\/\/keweicorten.com\/fr_ca\/wp-json\/wp\/v2\/product"}],"about":[{"href":"https:\/\/keweicorten.com\/fr_ca\/wp-json\/wp\/v2\/types\/product"}],"replies":[{"embeddable":true,"href":"https:\/\/keweicorten.com\/fr_ca\/wp-json\/wp\/v2\/comments?post=2860"}],"version-history":[{"count":1,"href":"https:\/\/keweicorten.com\/fr_ca\/wp-json\/wp\/v2\/product\/2860\/revisions"}],"predecessor-version":[{"id":2867,"href":"https:\/\/keweicorten.com\/fr_ca\/wp-json\/wp\/v2\/product\/2860\/revisions\/2867"}],"wp:featuredmedia":[{"embeddable":true,"href":"https:\/\/keweicorten.com\/fr_ca\/wp-json\/wp\/v2\/media\/2863"}],"wp:attachment":[{"href":"https:\/\/keweicorten.com\/fr_ca\/wp-json\/wp\/v2\/media?parent=2860"}],"wp:term":[{"taxonomy":"product_brand","embeddable":true,"href":"https:\/\/keweicorten.com\/fr_ca\/wp-json\/wp\/v2\/product_brand?post=2860"},{"taxonomy":"product_cat","embeddable":true,"href":"https:\/\/keweicorten.com\/fr_ca\/wp-json\/wp\/v2\/product_cat?post=2860"},{"taxonomy":"product_tag","embeddable":true,"href":"https:\/\/keweicorten.com\/fr_ca\/wp-json\/wp\/v2\/product_tag?post=2860"}],"curies":[{"name":"wp","href":"https:\/\/api.w.org\/{rel}","templated":true}]}}