{"id":2959,"date":"2024-12-18T08:36:47","date_gmt":"2024-12-18T08:36:47","guid":{"rendered":"https:\/\/keweicorten.com\/?post_type=product&#038;p=2959"},"modified":"2025-01-15T06:13:19","modified_gmt":"2025-01-15T06:13:19","slug":"kit-de-cheminee-au-propane","status":"publish","type":"product","link":"https:\/\/keweicorten.com\/fr_ca\/kit-de-cheminee-au-propane\/","title":{"rendered":"kit de chemin\u00e9e au propane"},"content":{"rendered":"<h2 data-pm-slice=\"1 3 []\"><strong>Kits de foyers au propane : Le guide ultime pour am\u00e9liorer votre espace ext\u00e9rieur<\/strong><\/h2>\n<p>Lorsqu'il s'agit de cr\u00e9er un espace ext\u00e9rieur confortable et accueillant, peu de choses rivalisent avec le charme d'un foyer au propane. Un kit de foyer au propane est la solution id\u00e9ale pour les propri\u00e9taires et les amateurs de plein air qui souhaitent construire leur propre foyer personnalis\u00e9 sans avoir \u00e0 partir de z\u00e9ro. Dans ce guide, nous examinerons tout ce que vous devez savoir sur les foyers au propane en kit, leurs avantages, les conseils d'installation et la fa\u00e7on de choisir celui qui convient le mieux \u00e0 vos besoins.<\/p>\n<div style=\"width: 800px;\" class=\"wp-video\"><!--[if lt IE 9]><script>document.createElement('video');<\/script><![endif]-->\n<video class=\"wp-video-shortcode\" id=\"video-2959-1\" width=\"800\" height=\"453\" preload=\"metadata\" controls=\"controls\"><source type=\"video\/mp4\" src=\"https:\/\/keweicorten.com\/wp-content\/uploads\/2024\/12\/WeChat_20241210164550.mp4?_=1\" \/><a href=\"https:\/\/keweicorten.com\/wp-content\/uploads\/2024\/12\/WeChat_20241210164550.mp4\">https:\/\/keweicorten.com\/wp-content\/uploads\/2024\/12\/WeChat_20241210164550.mp4<\/a><\/video><\/div>\n<h3><strong>Qu'est-ce qu'un kit de chemin\u00e9e au propane ?<\/strong><\/h3>\n<p>Un kit de foyer au propane comprend tous les \u00e9l\u00e9ments essentiels n\u00e9cessaires \u00e0 l'assemblage d'un foyer fonctionnel et \u00e9l\u00e9gant. Ces kits contiennent g\u00e9n\u00e9ralement<\/p>\n<ul data-spread=\"false\">\n<li><strong>Anneau ou plateau du br\u00fbleur<\/strong>: La pi\u00e8ce ma\u00eetresse qui distribue le gaz propane de mani\u00e8re uniforme pour obtenir une belle flamme.<\/li>\n<li><strong>Panneau de contr\u00f4le<\/strong>: Permet de r\u00e9gler la hauteur des flammes et d'allumer ou d'\u00e9teindre le foyer.<\/li>\n<li><strong>Syst\u00e8me d'allumage<\/strong>: Assure un allumage s\u00fbr et fiable, qu'il soit manuel ou \u00e9lectronique.<\/li>\n<li><strong>Tuyau de gaz et r\u00e9gulateur<\/strong>: Permet de raccorder le foyer \u00e0 une bouteille de propane pour un fonctionnement en toute s\u00e9curit\u00e9.<\/li>\n<li><strong>Accessoires en option<\/strong>: Des objets tels que des pierres de lave, du verre \u00e0 feu ou des couvercles pour une fonctionnalit\u00e9 et une esth\u00e9tique accrues.<\/li>\n<\/ul>\n<p>Les kits de foyers au propane sont con\u00e7us pour \u00eatre conviviaux et polyvalents, ce qui les rend adapt\u00e9s aux projets de bricolage ou aux installations professionnelles.<\/p>\n<p><a href=\"https:\/\/keweicorten.com\/fr_ca\/nous-contacter\/\"><img fetchpriority=\"high\" decoding=\"async\" class=\"alignnone wp-image-2965\" title=\"kit de chemin\u00e9e au propane\" src=\"https:\/\/keweicorten.com\/wp-content\/uploads\/2024\/12\/Gas-fire-pit-pan-3-300x225.jpg\" alt=\"kit de chemin\u00e9e au propane\" width=\"368\" height=\"276\" srcset=\"https:\/\/keweicorten.com\/wp-content\/uploads\/2024\/12\/Gas-fire-pit-pan-3-300x225.jpg 300w, https:\/\/keweicorten.com\/wp-content\/uploads\/2024\/12\/Gas-fire-pit-pan-3-768x576.jpg 768w, https:\/\/keweicorten.com\/wp-content\/uploads\/2024\/12\/Gas-fire-pit-pan-3-16x12.jpg 16w, https:\/\/keweicorten.com\/wp-content\/uploads\/2024\/12\/Gas-fire-pit-pan-3-600x450.jpg 600w, https:\/\/keweicorten.com\/wp-content\/uploads\/2024\/12\/Gas-fire-pit-pan-3.jpg 960w\" sizes=\"(max-width: 368px) 100vw, 368px\" \/><\/a> <a href=\"https:\/\/keweicorten.com\/fr_ca\/nous-contacter\/\"><img decoding=\"async\" class=\"alignnone wp-image-2966\" title=\"kit de chemin\u00e9e au propane\" src=\"https:\/\/keweicorten.com\/wp-content\/uploads\/2024\/12\/Gas-fire-pit-pan-4-300x225.jpg\" alt=\"kit de chemin\u00e9e au propane\" width=\"364\" height=\"273\" srcset=\"https:\/\/keweicorten.com\/wp-content\/uploads\/2024\/12\/Gas-fire-pit-pan-4-300x225.jpg 300w, https:\/\/keweicorten.com\/wp-content\/uploads\/2024\/12\/Gas-fire-pit-pan-4-768x576.jpg 768w, https:\/\/keweicorten.com\/wp-content\/uploads\/2024\/12\/Gas-fire-pit-pan-4-16x12.jpg 16w, https:\/\/keweicorten.com\/wp-content\/uploads\/2024\/12\/Gas-fire-pit-pan-4-600x450.jpg 600w, https:\/\/keweicorten.com\/wp-content\/uploads\/2024\/12\/Gas-fire-pit-pan-4.jpg 960w\" sizes=\"(max-width: 364px) 100vw, 364px\" \/><\/a><\/p>\n<h3><strong>Avantages d'un kit de chemin\u00e9e au propane<\/strong><\/h3>\n<ol start=\"1\" data-spread=\"false\">\n<li><strong>Facilit\u00e9 d'utilisation<\/strong>: Les foyers au propane s'allument en appuyant sur un bouton, \u00e9liminant ainsi le besoin de bois de chauffage ou d'allumage.<\/li>\n<li><strong>Br\u00fblage propre<\/strong>: Le propane est un combustible propre qui produit peu de fum\u00e9e et de cendres.<\/li>\n<li><strong>Mod\u00e8les personnalisables<\/strong>: Les kits offrent la possibilit\u00e9 de cr\u00e9er un foyer qui s'harmonise avec votre d\u00e9cor ext\u00e9rieur.<\/li>\n<li><strong>Portabilit\u00e9<\/strong>: De nombreux kits sont compatibles avec des mod\u00e8les portables, ce qui les rend id\u00e9aux pour les patios, les terrasses ou les voyages en camping.<\/li>\n<li><strong>Efficacit\u00e9 \u00e9nerg\u00e9tique<\/strong>: Le propane est une source de combustible efficace qui fournit une chaleur constante.<\/li>\n<\/ol>","protected":false},"excerpt":{"rendered":"<p data-pm-slice=\"1 1 []\">Les kits de foyers au propane permettent de profiter sans probl\u00e8me de la chaleur et de l'ambiance d'un foyer.<\/p>","protected":false},"featured_media":2960,"comment_status":"open","ping_status":"closed","template":"","meta":{"_eb_attr":"","_monsterinsights_skip_tracking":false,"_monsterinsights_sitenote_active":false,"_monsterinsights_sitenote_note":"","_monsterinsights_sitenote_category":0,"_uf_show_specific_survey":0,"_uf_disable_surveys":false},"product_brand":[],"product_cat":[53],"product_tag":[],"class_list":{"0":"post-2959","1":"product","2":"type-product","3":"status-publish","4":"has-post-thumbnail","6":"product_cat-gas-fire-pit-burner","8":"first","9":"instock","10":"shipping-taxable","11":"product-type-simple"},"_links":{"self":[{"href":"https:\/\/keweicorten.com\/fr_ca\/wp-json\/wp\/v2\/product\/2959"}],"collection":[{"href":"https:\/\/keweicorten.com\/fr_ca\/wp-json\/wp\/v2\/product"}],"about":[{"href":"https:\/\/keweicorten.com\/fr_ca\/wp-json\/wp\/v2\/types\/product"}],"replies":[{"embeddable":true,"href":"https:\/\/keweicorten.com\/fr_ca\/wp-json\/wp\/v2\/comments?post=2959"}],"version-history":[{"count":1,"href":"https:\/\/keweicorten.com\/fr_ca\/wp-json\/wp\/v2\/product\/2959\/revisions"}],"predecessor-version":[{"id":2967,"href":"https:\/\/keweicorten.com\/fr_ca\/wp-json\/wp\/v2\/product\/2959\/revisions\/2967"}],"wp:featuredmedia":[{"embeddable":true,"href":"https:\/\/keweicorten.com\/fr_ca\/wp-json\/wp\/v2\/media\/2960"}],"wp:attachment":[{"href":"https:\/\/keweicorten.com\/fr_ca\/wp-json\/wp\/v2\/media?parent=2959"}],"wp:term":[{"taxonomy":"product_brand","embeddable":true,"href":"https:\/\/keweicorten.com\/fr_ca\/wp-json\/wp\/v2\/product_brand?post=2959"},{"taxonomy":"product_cat","embeddable":true,"href":"https:\/\/keweicorten.com\/fr_ca\/wp-json\/wp\/v2\/product_cat?post=2959"},{"taxonomy":"product_tag","embeddable":true,"href":"https:\/\/keweicorten.com\/fr_ca\/wp-json\/wp\/v2\/product_tag?post=2959"}],"curies":[{"name":"wp","href":"https:\/\/api.w.org\/{rel}","templated":true}]}}