{"id":3016,"date":"2024-12-25T07:53:37","date_gmt":"2024-12-25T07:53:37","guid":{"rendered":"https:\/\/keweicorten.com\/?post_type=product&#038;p=3016"},"modified":"2025-01-15T06:09:37","modified_gmt":"2025-01-15T06:09:37","slug":"lampes-exterieures-pour-lampadaires","status":"publish","type":"product","link":"https:\/\/keweicorten.com\/fr_ca\/lampes-exterieures-pour-lampadaires\/","title":{"rendered":"Lampes ext\u00e9rieures pour lampadaires"},"content":{"rendered":"<p>Les lampadaires d'ext\u00e9rieur sont un compl\u00e9ment \u00e9l\u00e9gant et pratique aux jardins, all\u00e9es, voies d'acc\u00e8s et autres espaces ext\u00e9rieurs. Ils offrent \u00e0 la fois un \u00e9clairage fonctionnel et un attrait esth\u00e9tique, am\u00e9liorant l'ambiance et la s\u00e9curit\u00e9 de l'endroit.<\/p>\n<p><a href=\"https:\/\/keweicorten.com\/fr_ca\"><img fetchpriority=\"high\" decoding=\"async\" class=\"alignnone wp-image-3024 size-medium\" title=\"lampes de jardin solaires \u00e9tanches\" src=\"https:\/\/keweicorten.com\/wp-content\/uploads\/2024\/12\/Light-Luminus-Viridi-Space-scaled-1-300x300.jpg\" alt=\"lumi\u00e8res solaires de jardin imperm\u00e9ables Factory,china,price,manufacturers,suppliers,customized,wholesale,cheap,for sale,in stock.-keweicorten\" width=\"300\" height=\"300\" srcset=\"https:\/\/keweicorten.com\/wp-content\/uploads\/2024\/12\/Light-Luminus-Viridi-Space-scaled-1-300x300.jpg 300w, https:\/\/keweicorten.com\/wp-content\/uploads\/2024\/12\/Light-Luminus-Viridi-Space-scaled-1-150x150.jpg 150w, https:\/\/keweicorten.com\/wp-content\/uploads\/2024\/12\/Light-Luminus-Viridi-Space-scaled-1-12x12.jpg 12w, https:\/\/keweicorten.com\/wp-content\/uploads\/2024\/12\/Light-Luminus-Viridi-Space-scaled-1-600x600.jpg 600w, https:\/\/keweicorten.com\/wp-content\/uploads\/2024\/12\/Light-Luminus-Viridi-Space-scaled-1-100x100.jpg 100w, https:\/\/keweicorten.com\/wp-content\/uploads\/2024\/12\/Light-Luminus-Viridi-Space-scaled-1.jpg 750w\" sizes=\"(max-width: 300px) 100vw, 300px\" \/><\/a> <a href=\"https:\/\/keweicorten.com\/fr_ca\"><img decoding=\"async\" class=\"alignnone wp-image-3023 size-medium\" title=\"applique murale moderne pour l&#039;ext\u00e9rieur \" src=\"https:\/\/keweicorten.com\/wp-content\/uploads\/2024\/12\/Light-Luminus-Viridi-Space-10-scaled-1-300x300.jpg\" alt=\"applique murale ext\u00e9rieure moderne Factory,china,price,manufacturers,suppliers,customized,wholesale,cheap,for sale,in stock.-keweicorten\" width=\"300\" height=\"300\" srcset=\"https:\/\/keweicorten.com\/wp-content\/uploads\/2024\/12\/Light-Luminus-Viridi-Space-10-scaled-1-300x300.jpg 300w, https:\/\/keweicorten.com\/wp-content\/uploads\/2024\/12\/Light-Luminus-Viridi-Space-10-scaled-1-150x150.jpg 150w, https:\/\/keweicorten.com\/wp-content\/uploads\/2024\/12\/Light-Luminus-Viridi-Space-10-scaled-1-12x12.jpg 12w, https:\/\/keweicorten.com\/wp-content\/uploads\/2024\/12\/Light-Luminus-Viridi-Space-10-scaled-1-100x100.jpg 100w, https:\/\/keweicorten.com\/wp-content\/uploads\/2024\/12\/Light-Luminus-Viridi-Space-10-scaled-1.jpg 600w\" sizes=\"(max-width: 300px) 100vw, 300px\" \/><\/a> <a href=\"https:\/\/keweicorten.com\/fr_ca\"><img decoding=\"async\" class=\"alignnone wp-image-3022 size-medium\" title=\"\u00e9clairage ext\u00e9rieur pour le patio\" src=\"https:\/\/keweicorten.com\/wp-content\/uploads\/2024\/12\/5049c0b044548f4d567eb934c54b6b10-300x300.jpg\" alt=\"\u00e9clairage ext\u00e9rieur pour terrasse Factory,china,price,manufacturers,suppliers,customized,wholesale,cheap,for sale,in stock.-keweicorten\" width=\"300\" height=\"300\" srcset=\"https:\/\/keweicorten.com\/wp-content\/uploads\/2024\/12\/5049c0b044548f4d567eb934c54b6b10-300x300.jpg 300w, https:\/\/keweicorten.com\/wp-content\/uploads\/2024\/12\/5049c0b044548f4d567eb934c54b6b10-150x150.jpg 150w, https:\/\/keweicorten.com\/wp-content\/uploads\/2024\/12\/5049c0b044548f4d567eb934c54b6b10-12x12.jpg 12w, https:\/\/keweicorten.com\/wp-content\/uploads\/2024\/12\/5049c0b044548f4d567eb934c54b6b10-600x600.jpg 600w, https:\/\/keweicorten.com\/wp-content\/uploads\/2024\/12\/5049c0b044548f4d567eb934c54b6b10-100x100.jpg 100w, https:\/\/keweicorten.com\/wp-content\/uploads\/2024\/12\/5049c0b044548f4d567eb934c54b6b10.jpg 750w\" sizes=\"(max-width: 300px) 100vw, 300px\" \/><\/a> <a href=\"https:\/\/keweicorten.com\/fr_ca\"><img loading=\"lazy\" decoding=\"async\" class=\"alignnone wp-image-3021 size-medium\" title=\"D\u00e9tecteur de mouvement solaire pour l&#039;ext\u00e9rieur \" src=\"https:\/\/keweicorten.com\/wp-content\/uploads\/2024\/12\/111AmpliarEdgingimage-300x300.jpg\" alt=\"d\u00e9tecteur de mouvement solaire ext\u00e9rieur Factory,china,prix,fabricants,fournisseurs,sur mesure,grossiste,pas cher,en vente,en stock.-keweicorten\" width=\"300\" height=\"300\" srcset=\"https:\/\/keweicorten.com\/wp-content\/uploads\/2024\/12\/111AmpliarEdgingimage-300x300.jpg 300w, https:\/\/keweicorten.com\/wp-content\/uploads\/2024\/12\/111AmpliarEdgingimage-150x150.jpg 150w, https:\/\/keweicorten.com\/wp-content\/uploads\/2024\/12\/111AmpliarEdgingimage-12x12.jpg 12w, https:\/\/keweicorten.com\/wp-content\/uploads\/2024\/12\/111AmpliarEdgingimage-600x600.jpg 600w, https:\/\/keweicorten.com\/wp-content\/uploads\/2024\/12\/111AmpliarEdgingimage-100x100.jpg 100w, https:\/\/keweicorten.com\/wp-content\/uploads\/2024\/12\/111AmpliarEdgingimage.jpg 750w\" sizes=\"(max-width: 300px) 100vw, 300px\" \/><\/a><\/p>\n<ol>\n<li><strong>Mat\u00e9riaux :<\/strong>\n<ul>\n<li><strong>M\u00e9tal (aluminium, acier ou fonte) :<\/strong> Durable et r\u00e9sistant aux intemp\u00e9ries.<\/li>\n<li><strong>Acier Corten :<\/strong> Offre une esth\u00e9tique rouill\u00e9e unique et une grande durabilit\u00e9.<\/li>\n<li><strong>Plastique :<\/strong> L\u00e9ger et \u00e9conomique.<\/li>\n<li><strong>Verre Accents :<\/strong> Pour plus d'\u00e9l\u00e9gance et de diffusion de la lumi\u00e8re.<\/li>\n<\/ul>\n<\/li>\n<li><strong>Styles de conception :<\/strong>\n<ul>\n<li><strong>Classique\/traditionnel :<\/strong> Inspir\u00e9 des lampadaires d'\u00e9poque, il pr\u00e9sente des d\u00e9tails ornementaux et des motifs incurv\u00e9s.<\/li>\n<li><strong>Moderne\/minimaliste :<\/strong> Lignes \u00e9pur\u00e9es et formes simples, souvent en noir, en blanc ou en finition m\u00e9tallique.<\/li>\n<li><strong>Industriel :<\/strong> Des mat\u00e9riaux bruts comme l'acier et des ampoules apparentes pour un look robuste.<\/li>\n<li><strong>Rustique :<\/strong> \u00c9l\u00e9ments en bois ou en acier corten pour une ambiance naturelle.<\/li>\n<\/ul>\n<ul>\n<li><\/li>\n<\/ul>\n<\/li>\n<li><strong>Variations de hauteur :<\/strong>\n<ul>\n<li><strong>Feux de poteaux courts :<\/strong> Pour les all\u00e9es de jardin et les patios.<\/li>\n<li><strong>Lampadaires standard (6-10 pieds) :<\/strong> Pour les all\u00e9es et les entr\u00e9es.<\/li>\n<li><strong>Poteaux de grande taille (12+ pieds) :<\/strong> Id\u00e9al pour les grands espaces ouverts ou les zones publiques.<\/li>\n<\/ul>\n<\/li>\n<li><strong>R\u00e9sistance aux intemp\u00e9ries :<\/strong>\n<ul>\n<li>Les lampes class\u00e9es IP garantissent une protection contre l'eau et la poussi\u00e8re.<\/li>\n<\/ul>\n<\/li>\n<\/ol>\n<p><a href=\"https:\/\/keweicorten.com\/fr_ca\/produits\/\"><img loading=\"lazy\" decoding=\"async\" class=\"alignnone wp-image-3027 size-medium\" title=\"lampes solaires pour l&#039;ext\u00e9rieur\" src=\"https:\/\/keweicorten.com\/wp-content\/uploads\/2024\/12\/\u5fae\u4fe1\u56fe\u7247_20231020105702-300x300.png\" alt=\"lampes solaires pour ext\u00e9rieur Factory,china,prix,fabricants,fournisseurs,sur mesure,grossiste,pas cher,en vente,en stock.-keweicorten \" width=\"300\" height=\"300\" srcset=\"https:\/\/keweicorten.com\/wp-content\/uploads\/2024\/12\/\u5fae\u4fe1\u56fe\u7247_20231020105702-300x300.png 300w, https:\/\/keweicorten.com\/wp-content\/uploads\/2024\/12\/\u5fae\u4fe1\u56fe\u7247_20231020105702-150x150.png 150w, https:\/\/keweicorten.com\/wp-content\/uploads\/2024\/12\/\u5fae\u4fe1\u56fe\u7247_20231020105702-12x12.png 12w, https:\/\/keweicorten.com\/wp-content\/uploads\/2024\/12\/\u5fae\u4fe1\u56fe\u7247_20231020105702-100x100.png 100w, https:\/\/keweicorten.com\/wp-content\/uploads\/2024\/12\/\u5fae\u4fe1\u56fe\u7247_20231020105702.png 510w\" sizes=\"(max-width: 300px) 100vw, 300px\" \/><\/a> <a href=\"https:\/\/keweicorten.com\/fr_ca\"><img loading=\"lazy\" decoding=\"async\" class=\"alignnone wp-image-3026 size-medium\" title=\"lampes d&#039;ext\u00e9rieur modernes\" src=\"https:\/\/keweicorten.com\/wp-content\/uploads\/2024\/12\/\u5fae\u4fe1\u56fe\u7247_20231020104239-300x300.png\" alt=\"Lampes ext\u00e9rieures modernes Factory,china,price,manufacturers,suppliers,customized,wholesale,cheap,for sale,in stock.\" width=\"300\" height=\"300\" srcset=\"https:\/\/keweicorten.com\/wp-content\/uploads\/2024\/12\/\u5fae\u4fe1\u56fe\u7247_20231020104239-300x300.png 300w, https:\/\/keweicorten.com\/wp-content\/uploads\/2024\/12\/\u5fae\u4fe1\u56fe\u7247_20231020104239-150x150.png 150w, https:\/\/keweicorten.com\/wp-content\/uploads\/2024\/12\/\u5fae\u4fe1\u56fe\u7247_20231020104239-12x12.png 12w, https:\/\/keweicorten.com\/wp-content\/uploads\/2024\/12\/\u5fae\u4fe1\u56fe\u7247_20231020104239-600x599.png 600w, https:\/\/keweicorten.com\/wp-content\/uploads\/2024\/12\/\u5fae\u4fe1\u56fe\u7247_20231020104239-100x100.png 100w, https:\/\/keweicorten.com\/wp-content\/uploads\/2024\/12\/\u5fae\u4fe1\u56fe\u7247_20231020104239.png 750w\" sizes=\"(max-width: 300px) 100vw, 300px\" \/><\/a> <a href=\"https:\/\/keweicorten.com\/fr_ca\"><img loading=\"lazy\" decoding=\"async\" class=\"alignnone wp-image-3025 size-medium\" title=\"poteau d&#039;\u00e9clairage pour la cour \" src=\"https:\/\/keweicorten.com\/wp-content\/uploads\/2024\/12\/garden-light-300x300.jpg\" alt=\"poteau lumineux pour cour Factory,china,price,manufacturers,suppliers,customized,wholesale,cheap,for sale,in stock.-keweicorten\" width=\"300\" height=\"300\" srcset=\"https:\/\/keweicorten.com\/wp-content\/uploads\/2024\/12\/garden-light-300x300.jpg 300w, https:\/\/keweicorten.com\/wp-content\/uploads\/2024\/12\/garden-light-150x150.jpg 150w, https:\/\/keweicorten.com\/wp-content\/uploads\/2024\/12\/garden-light-12x12.jpg 12w, https:\/\/keweicorten.com\/wp-content\/uploads\/2024\/12\/garden-light-600x600.jpg 600w, https:\/\/keweicorten.com\/wp-content\/uploads\/2024\/12\/garden-light-100x100.jpg 100w, https:\/\/keweicorten.com\/wp-content\/uploads\/2024\/12\/garden-light.jpg 750w\" sizes=\"(max-width: 300px) 100vw, 300px\" \/><\/a> <a href=\"https:\/\/keweicorten.com\/fr_ca\/produits\/\"><img loading=\"lazy\" decoding=\"async\" class=\"alignnone wp-image-3028 size-medium\" title=\"lampes solaires pour l&#039;arri\u00e8re-cour\" src=\"https:\/\/keweicorten.com\/wp-content\/uploads\/2024\/12\/\u5fae\u4fe1\u56fe\u7247_20240223103259-300x300.jpg\" alt=\"lampes solaires pour jardin Factory,china,price,manufacturers,suppliers,customized,wholesale,cheap,for sale,in stock.-keweicorten\" width=\"300\" height=\"300\" srcset=\"https:\/\/keweicorten.com\/wp-content\/uploads\/2024\/12\/\u5fae\u4fe1\u56fe\u7247_20240223103259-300x300.jpg 300w, https:\/\/keweicorten.com\/wp-content\/uploads\/2024\/12\/\u5fae\u4fe1\u56fe\u7247_20240223103259-150x150.jpg 150w, https:\/\/keweicorten.com\/wp-content\/uploads\/2024\/12\/\u5fae\u4fe1\u56fe\u7247_20240223103259-12x12.jpg 12w, https:\/\/keweicorten.com\/wp-content\/uploads\/2024\/12\/\u5fae\u4fe1\u56fe\u7247_20240223103259-600x600.jpg 600w, https:\/\/keweicorten.com\/wp-content\/uploads\/2024\/12\/\u5fae\u4fe1\u56fe\u7247_20240223103259-100x100.jpg 100w, https:\/\/keweicorten.com\/wp-content\/uploads\/2024\/12\/\u5fae\u4fe1\u56fe\u7247_20240223103259.jpg 750w\" sizes=\"(max-width: 300px) 100vw, 300px\" \/><\/a><\/p>\n<hr \/>\n<h3><strong>Avantages des lampadaires d'ext\u00e9rieur :<\/strong><\/h3>\n<ul>\n<li><strong>S\u00e9curit\u00e9 renforc\u00e9e :<\/strong> Une meilleure visibilit\u00e9 r\u00e9duit le risque d'accident.<\/li>\n<li><strong>L'attrait esth\u00e9tique :<\/strong> Ajoute une touche d\u00e9corative aux espaces ext\u00e9rieurs.<\/li>\n<li><strong>Augmentation de la valeur de la propri\u00e9t\u00e9 :<\/strong> Un \u00e9clairage de qualit\u00e9 am\u00e9liore l'attrait de la fa\u00e7ade.<\/li>\n<li><strong>Polyvalence :<\/strong> Convient \u00e0 un usage r\u00e9sidentiel, commercial et public.<\/li>\n<\/ul>","protected":false},"excerpt":{"rendered":"<p>D\u00e9couvrez nos lampadaires ext\u00e9rieurs pour des solutions d'\u00e9clairage \u00e9l\u00e9gantes qui rehaussent la beaut\u00e9 et la s\u00e9curit\u00e9 de votre jardin et de votre cour. Convient \u00e0 tous les environnements ext\u00e9rieurs.<\/p>","protected":false},"featured_media":3017,"comment_status":"open","ping_status":"closed","template":"","meta":{"_eb_attr":"","_monsterinsights_skip_tracking":false,"_monsterinsights_sitenote_active":false,"_monsterinsights_sitenote_note":"","_monsterinsights_sitenote_category":0,"_uf_show_specific_survey":0,"_uf_disable_surveys":false},"product_brand":[],"product_cat":[61],"product_tag":[],"class_list":{"0":"post-3016","1":"product","2":"type-product","3":"status-publish","4":"has-post-thumbnail","6":"product_cat-light-post","8":"first","9":"instock","10":"shipping-taxable","11":"product-type-simple"},"_links":{"self":[{"href":"https:\/\/keweicorten.com\/fr_ca\/wp-json\/wp\/v2\/product\/3016"}],"collection":[{"href":"https:\/\/keweicorten.com\/fr_ca\/wp-json\/wp\/v2\/product"}],"about":[{"href":"https:\/\/keweicorten.com\/fr_ca\/wp-json\/wp\/v2\/types\/product"}],"replies":[{"embeddable":true,"href":"https:\/\/keweicorten.com\/fr_ca\/wp-json\/wp\/v2\/comments?post=3016"}],"version-history":[{"count":2,"href":"https:\/\/keweicorten.com\/fr_ca\/wp-json\/wp\/v2\/product\/3016\/revisions"}],"predecessor-version":[{"id":3032,"href":"https:\/\/keweicorten.com\/fr_ca\/wp-json\/wp\/v2\/product\/3016\/revisions\/3032"}],"wp:featuredmedia":[{"embeddable":true,"href":"https:\/\/keweicorten.com\/fr_ca\/wp-json\/wp\/v2\/media\/3017"}],"wp:attachment":[{"href":"https:\/\/keweicorten.com\/fr_ca\/wp-json\/wp\/v2\/media?parent=3016"}],"wp:term":[{"taxonomy":"product_brand","embeddable":true,"href":"https:\/\/keweicorten.com\/fr_ca\/wp-json\/wp\/v2\/product_brand?post=3016"},{"taxonomy":"product_cat","embeddable":true,"href":"https:\/\/keweicorten.com\/fr_ca\/wp-json\/wp\/v2\/product_cat?post=3016"},{"taxonomy":"product_tag","embeddable":true,"href":"https:\/\/keweicorten.com\/fr_ca\/wp-json\/wp\/v2\/product_tag?post=3016"}],"curies":[{"name":"wp","href":"https:\/\/api.w.org\/{rel}","templated":true}]}}