{"id":3040,"date":"2024-12-26T06:45:28","date_gmt":"2024-12-26T06:45:28","guid":{"rendered":"https:\/\/keweicorten.com\/?post_type=product&#038;p=3040"},"modified":"2025-01-15T06:09:07","modified_gmt":"2025-01-15T06:09:07","slug":"lampes-solaires-pour-larriere-cour","status":"publish","type":"product","link":"https:\/\/keweicorten.com\/fr_ca\/lampes-solaires-pour-larriere-cour\/","title":{"rendered":"lampes solaires pour l'arri\u00e8re-cour"},"content":{"rendered":"<h3 data-pm-slice=\"1 1 []\">Lampes solaires pour jardins : Un guide complet<\/h3>\n<p>Les lampes solaires sont un moyen fantastique d'\u00e9clairer votre jardin tout en respectant l'environnement et en \u00e9tant rentables. Elles utilisent l'\u00e9nergie solaire renouvelable, r\u00e9duisent les factures d'\u00e9lectricit\u00e9 et offrent des options de conception polyvalentes pour diff\u00e9rents styles d'arri\u00e8re-cour. Voici tout ce que vous devez savoir sur le choix et l'utilisation des lampes solaires dans votre espace ext\u00e9rieur.<\/p>\n<div>\n<hr \/>\n<\/div>\n<h3><strong>Avantages des lampes solaires<\/strong><\/h3>\n<ol start=\"1\" data-spread=\"true\">\n<li><strong>Efficacit\u00e9 \u00e9nerg\u00e9tique<\/strong><br \/>\nLes lampes solaires convertissent la lumi\u00e8re du soleil en \u00e9lectricit\u00e9, ce qui r\u00e9duit consid\u00e9rablement la consommation d'\u00e9nergie et les co\u00fbts. Elles sont id\u00e9ales pour les propri\u00e9taires soucieux de l'environnement.<\/li>\n<li><strong>Installation facile<\/strong><br \/>\nLa plupart des lampes solaires sont sans fil et sont livr\u00e9es avec des composants faciles \u00e0 installer, ce qui en fait un choix pratique pour les bricoleurs.<\/li>\n<li><strong>Faible entretien<\/strong><br \/>\nLes lampes solaires n\u00e9cessitent un minimum d'entretien gr\u00e2ce \u00e0 des mat\u00e9riaux durables et \u00e0 un fonctionnement automatique, offrant un \u00e9clairage sans probl\u00e8me pendant des ann\u00e9es.<\/li>\n<li><strong>Conception polyvalente<\/strong><br \/>\nDisponibles dans diff\u00e9rents styles, les lampes solaires s'adaptent \u00e0 l'esth\u00e9tique moderne, rustique ou traditionnelle de l'arri\u00e8re-cour.<\/li>\n<\/ol>\n<div>\n<hr \/>\n<\/div>\n<h3><a href=\"https:\/\/keweicorten.com\/fr_ca\/produit\/lampe-en-corten\/\"><img fetchpriority=\"high\" decoding=\"async\" class=\"alignnone wp-image-3045\" title=\"\u00e9clairage ext\u00e9rieur pour le patio\" src=\"https:\/\/keweicorten.com\/wp-content\/uploads\/2024\/12\/\u5fae\u4fe1\u56fe\u7247_20241226134154.jpg\" alt=\"\u00e9clairage ext\u00e9rieur pour le patio\" width=\"850\" height=\"1031\" srcset=\"https:\/\/keweicorten.com\/wp-content\/uploads\/2024\/12\/\u5fae\u4fe1\u56fe\u7247_20241226134154.jpg 1080w, https:\/\/keweicorten.com\/wp-content\/uploads\/2024\/12\/\u5fae\u4fe1\u56fe\u7247_20241226134154-247x300.jpg 247w, https:\/\/keweicorten.com\/wp-content\/uploads\/2024\/12\/\u5fae\u4fe1\u56fe\u7247_20241226134154-844x1024.jpg 844w, https:\/\/keweicorten.com\/wp-content\/uploads\/2024\/12\/\u5fae\u4fe1\u56fe\u7247_20241226134154-768x932.jpg 768w, https:\/\/keweicorten.com\/wp-content\/uploads\/2024\/12\/\u5fae\u4fe1\u56fe\u7247_20241226134154-10x12.jpg 10w, https:\/\/keweicorten.com\/wp-content\/uploads\/2024\/12\/\u5fae\u4fe1\u56fe\u7247_20241226134154-600x728.jpg 600w\" sizes=\"(max-width: 850px) 100vw, 850px\" \/><\/a><\/h3>","protected":false},"excerpt":{"rendered":"<p>D\u00e9couvrez des lampes solaires polyvalentes pour votre jardin, des guirlandes lumineuses d\u00e9coratives aux spots pratiques, pour une transformation \u00e9cologique et \u00e9l\u00e9gante de votre ext\u00e9rieur.<\/p>","protected":false},"featured_media":3041,"comment_status":"open","ping_status":"closed","template":"","meta":{"_eb_attr":"","_monsterinsights_skip_tracking":false,"_monsterinsights_sitenote_active":false,"_monsterinsights_sitenote_note":"","_monsterinsights_sitenote_category":0,"_uf_show_specific_survey":0,"_uf_disable_surveys":false},"product_brand":[],"product_cat":[61],"product_tag":[],"class_list":{"0":"post-3040","1":"product","2":"type-product","3":"status-publish","4":"has-post-thumbnail","6":"product_cat-light-post","8":"first","9":"instock","10":"shipping-taxable","11":"product-type-simple"},"_links":{"self":[{"href":"https:\/\/keweicorten.com\/fr_ca\/wp-json\/wp\/v2\/product\/3040"}],"collection":[{"href":"https:\/\/keweicorten.com\/fr_ca\/wp-json\/wp\/v2\/product"}],"about":[{"href":"https:\/\/keweicorten.com\/fr_ca\/wp-json\/wp\/v2\/types\/product"}],"replies":[{"embeddable":true,"href":"https:\/\/keweicorten.com\/fr_ca\/wp-json\/wp\/v2\/comments?post=3040"}],"version-history":[{"count":1,"href":"https:\/\/keweicorten.com\/fr_ca\/wp-json\/wp\/v2\/product\/3040\/revisions"}],"predecessor-version":[{"id":3046,"href":"https:\/\/keweicorten.com\/fr_ca\/wp-json\/wp\/v2\/product\/3040\/revisions\/3046"}],"wp:featuredmedia":[{"embeddable":true,"href":"https:\/\/keweicorten.com\/fr_ca\/wp-json\/wp\/v2\/media\/3041"}],"wp:attachment":[{"href":"https:\/\/keweicorten.com\/fr_ca\/wp-json\/wp\/v2\/media?parent=3040"}],"wp:term":[{"taxonomy":"product_brand","embeddable":true,"href":"https:\/\/keweicorten.com\/fr_ca\/wp-json\/wp\/v2\/product_brand?post=3040"},{"taxonomy":"product_cat","embeddable":true,"href":"https:\/\/keweicorten.com\/fr_ca\/wp-json\/wp\/v2\/product_cat?post=3040"},{"taxonomy":"product_tag","embeddable":true,"href":"https:\/\/keweicorten.com\/fr_ca\/wp-json\/wp\/v2\/product_tag?post=3040"}],"curies":[{"name":"wp","href":"https:\/\/api.w.org\/{rel}","templated":true}]}}