{"id":3057,"date":"2024-12-30T07:11:54","date_gmt":"2024-12-30T07:11:54","guid":{"rendered":"https:\/\/keweicorten.com\/?post_type=product&#038;p=3057"},"modified":"2025-01-15T06:08:48","modified_gmt":"2025-01-15T06:08:48","slug":"bornes-declairage-paysager","status":"publish","type":"product","link":"https:\/\/keweicorten.com\/fr_ca\/bornes-declairage-paysager\/","title":{"rendered":"bornes d'\u00e9clairage paysager"},"content":{"rendered":"<p><a href=\"https:\/\/keweicorten.com\/fr_ca\/produit\/lampes-solaires-de-jardin-decoratives\/\">Bornes d'\u00e9clairage paysager<\/a> est un excellent moyen d'am\u00e9liorer l'esth\u00e9tique et la fonctionnalit\u00e9 des espaces ext\u00e9rieurs. Ces luminaires fournissent un \u00e9clairage d'ambiance de faible intensit\u00e9 qui met en valeur les all\u00e9es, les jardins et les voies d'acc\u00e8s tout en apportant une touche moderne \u00e0 l'am\u00e9nagement paysager.<\/p>\n<p><img fetchpriority=\"high\" decoding=\"async\" class=\"alignnone  wp-image-3063\" src=\"https:\/\/keweicorten.com\/wp-content\/uploads\/2024\/12\/H0f063b61be3a421db180f62d434bd931U.jpg_960x960-300x300.webp\" alt=\"\" width=\"315\" height=\"315\" srcset=\"https:\/\/keweicorten.com\/wp-content\/uploads\/2024\/12\/H0f063b61be3a421db180f62d434bd931U.jpg_960x960-300x300.webp 300w, https:\/\/keweicorten.com\/wp-content\/uploads\/2024\/12\/H0f063b61be3a421db180f62d434bd931U.jpg_960x960-150x150.webp 150w, https:\/\/keweicorten.com\/wp-content\/uploads\/2024\/12\/H0f063b61be3a421db180f62d434bd931U.jpg_960x960-768x768.webp 768w, https:\/\/keweicorten.com\/wp-content\/uploads\/2024\/12\/H0f063b61be3a421db180f62d434bd931U.jpg_960x960-12x12.webp 12w, https:\/\/keweicorten.com\/wp-content\/uploads\/2024\/12\/H0f063b61be3a421db180f62d434bd931U.jpg_960x960-600x600.webp 600w, https:\/\/keweicorten.com\/wp-content\/uploads\/2024\/12\/H0f063b61be3a421db180f62d434bd931U.jpg_960x960-100x100.webp 100w, https:\/\/keweicorten.com\/wp-content\/uploads\/2024\/12\/H0f063b61be3a421db180f62d434bd931U.jpg_960x960.webp 960w\" sizes=\"(max-width: 315px) 100vw, 315px\" \/> <img decoding=\"async\" class=\"alignnone  wp-image-3064\" src=\"https:\/\/keweicorten.com\/wp-content\/uploads\/2024\/12\/Camping-Lantern-LED-Light-1-293x300.webp\" alt=\"\" width=\"307\" height=\"314\" srcset=\"https:\/\/keweicorten.com\/wp-content\/uploads\/2024\/12\/Camping-Lantern-LED-Light-1-293x300.webp 293w, https:\/\/keweicorten.com\/wp-content\/uploads\/2024\/12\/Camping-Lantern-LED-Light-1-768x785.webp 768w, https:\/\/keweicorten.com\/wp-content\/uploads\/2024\/12\/Camping-Lantern-LED-Light-1-12x12.webp 12w, https:\/\/keweicorten.com\/wp-content\/uploads\/2024\/12\/Camping-Lantern-LED-Light-1-600x614.webp 600w, https:\/\/keweicorten.com\/wp-content\/uploads\/2024\/12\/Camping-Lantern-LED-Light-1.webp 790w\" sizes=\"(max-width: 307px) 100vw, 307px\" \/><\/p>\n<p><a href=\"https:\/\/keweicorten.com\/fr_ca\"><img decoding=\"async\" class=\"alignnone wp-image-3066 size-full\" title=\"bornes ext\u00e9rieures\" src=\"https:\/\/keweicorten.com\/wp-content\/uploads\/2024\/12\/Decoration-Metal-Hanging-Lantern-Light-6.jpg\" alt=\"bollards ext\u00e9rieurs china, prix, fabricants, fournisseurs, personnalis\u00e9, grossiste, pas cher, en vente, en stock -keweicorten\" width=\"500\" height=\"500\" srcset=\"https:\/\/keweicorten.com\/wp-content\/uploads\/2024\/12\/Decoration-Metal-Hanging-Lantern-Light-6.jpg 500w, https:\/\/keweicorten.com\/wp-content\/uploads\/2024\/12\/Decoration-Metal-Hanging-Lantern-Light-6-300x300.jpg 300w, https:\/\/keweicorten.com\/wp-content\/uploads\/2024\/12\/Decoration-Metal-Hanging-Lantern-Light-6-150x150.jpg 150w, https:\/\/keweicorten.com\/wp-content\/uploads\/2024\/12\/Decoration-Metal-Hanging-Lantern-Light-6-12x12.jpg 12w, https:\/\/keweicorten.com\/wp-content\/uploads\/2024\/12\/Decoration-Metal-Hanging-Lantern-Light-6-100x100.jpg 100w\" sizes=\"(max-width: 500px) 100vw, 500px\" \/><\/a><\/p>\n<h3><strong>Caract\u00e9ristiques principales <a href=\"https:\/\/keweicorten.com\/fr_ca\/produit\/lampes-solaires-pour-larriere-cour\/\">Bollard d'\u00e9clairage paysager<\/a>\uff1a<\/strong><\/h3>\n<ol>\n<li><strong>\u00c9clairage directionnel<\/strong>\n<ul>\n<li>Certains mod\u00e8les permettent d'ajuster les faisceaux pour diriger la lumi\u00e8re l\u00e0 o\u00f9 c'est n\u00e9cessaire.<\/li>\n<\/ul>\n<\/li>\n<li><strong>\u00c9clairage diffus ou focalis\u00e9<\/strong>\n<ul>\n<li>Les verres d\u00e9polis procurent un \u00e9clairage doux et uniforme, tandis que les verres clairs concentrent la lumi\u00e8re sur des zones sp\u00e9cifiques.<\/li>\n<\/ul>\n<\/li>\n<li><strong>Options de mat\u00e9riaux<\/strong>\n<ul>\n<li><strong>Acier Corten :<\/strong> D\u00e9veloppe une patine naturelle semblable \u00e0 la rouille, parfaite pour les paysages rustiques ou modernes.<\/li>\n<li><strong>Acier inoxydable :<\/strong> \u00c9l\u00e9gant, durable et r\u00e9sistant \u00e0 la corrosion.<\/li>\n<li><strong>Aluminium peint par poudrage :<\/strong> L\u00e9ger et disponible en plusieurs couleurs.<\/li>\n<\/ul>\n<\/li>\n<li><strong>Technologie de l'\u00e9clairage<\/strong>\n<ul>\n<li>LED : Efficace sur le plan \u00e9nerg\u00e9tique et durable.<\/li>\n<li>Solaire : Autonome, \u00e9cologique et ne n\u00e9cessitant aucun c\u00e2blage.<\/li>\n<li>Basse tension : S\u00fbr et efficace pour les syst\u00e8mes c\u00e2bl\u00e9s.<\/li>\n<\/ul>\n<\/li>\n<li><strong>Mod\u00e8les et styles<\/strong>\n<ul>\n<li>Formes g\u00e9om\u00e9triques modernes, bornes traditionnelles de type lanterne ou d\u00e9coupes d\u00e9coratives.<\/li>\n<\/ul>\n<\/li>\n<li><strong>Variations de hauteur<\/strong>\n<ul>\n<li>Bornes courtes (12-24 pouces) : Id\u00e9ales pour les jardins ou pour un \u00e9clairage d'accentuation de faible intensit\u00e9.<\/li>\n<li>Bornes hautes (24-48 pouces) : Elles sont mieux adapt\u00e9es \u00e0 l'\u00e9clairage des all\u00e9es et des zones plus vastes.<\/li>\n<\/ul>\n<\/li>\n<\/ol>\n<p><a href=\"https:\/\/keweicorten.com\/fr_ca\"><img loading=\"lazy\" decoding=\"async\" class=\"alignnone wp-image-3061 size-full\" title=\"bornes d&#039;\u00e9clairage modernes\" src=\"https:\/\/keweicorten.com\/wp-content\/uploads\/2024\/12\/Decoration-Metal-Hanging-Lantern-Light-5.jpg\" alt=\"\u00e9clairage de borne moderne Factory,china,price,manufacturers,suppliers,customized,wholesale,cheap,for sale,in stock.-keweicorten\" width=\"500\" height=\"482\" srcset=\"https:\/\/keweicorten.com\/wp-content\/uploads\/2024\/12\/Decoration-Metal-Hanging-Lantern-Light-5.jpg 500w, https:\/\/keweicorten.com\/wp-content\/uploads\/2024\/12\/Decoration-Metal-Hanging-Lantern-Light-5-300x289.jpg 300w, https:\/\/keweicorten.com\/wp-content\/uploads\/2024\/12\/Decoration-Metal-Hanging-Lantern-Light-5-12x12.jpg 12w\" sizes=\"(max-width: 500px) 100vw, 500px\" \/><\/a><\/p>\n<hr \/>\n<h3><strong>Avantages de la <a href=\"https:\/\/keweicorten.com\/fr_ca\/produit\/eclairage-des-bornes-a-lexterieur\/\">Bornes d'\u00e9clairage pour l'am\u00e9nagement paysager<\/a>\uff1a<\/strong><\/h3>\n<ol>\n<li><strong>S\u00e9curit\u00e9 renforc\u00e9e<\/strong>\n<ul>\n<li>Illumine les all\u00e9es, r\u00e9duisant les risques de tr\u00e9buchement et garantissant la visibilit\u00e9.<\/li>\n<\/ul>\n<\/li>\n<li><strong>Am\u00e9lioration de l'esth\u00e9tique<\/strong>\n<ul>\n<li>Met en \u00e9vidence des \u00e9l\u00e9ments cl\u00e9s tels que des parterres de jardin, des arbres ou des sculptures.<\/li>\n<\/ul>\n<\/li>\n<li><strong>Efficacit\u00e9 \u00e9nerg\u00e9tique<\/strong>\n<ul>\n<li>Les options LED et solaire r\u00e9duisent la consommation d'\u00e9lectricit\u00e9 et la maintenance.<\/li>\n<\/ul>\n<\/li>\n<li><strong>Faible entretien<\/strong>\n<ul>\n<li>Les mat\u00e9riaux r\u00e9sistants aux intemp\u00e9ries et la technologie d'\u00e9clairage avanc\u00e9e n\u00e9cessitent un entretien minimal.<\/li>\n<\/ul>\n<\/li>\n<\/ol>\n<p><a href=\"https:\/\/keweicorten.com\/fr_ca\"><img loading=\"lazy\" decoding=\"async\" class=\"alignnone wp-image-3058 size-full\" title=\"bornes ext\u00e9rieures\" src=\"https:\/\/keweicorten.com\/wp-content\/uploads\/2024\/12\/Courtyard-Antique-Hanging-Metal-Lantern-1.jpg\" alt=\"bollards ext\u00e9rieurs Factory,china,price,manufacturers,suppliers,customized,wholesale,cheap,for sale,in stock.-keweicorten\" width=\"498\" height=\"500\" srcset=\"https:\/\/keweicorten.com\/wp-content\/uploads\/2024\/12\/Courtyard-Antique-Hanging-Metal-Lantern-1.jpg 498w, https:\/\/keweicorten.com\/wp-content\/uploads\/2024\/12\/Courtyard-Antique-Hanging-Metal-Lantern-1-300x300.jpg 300w, https:\/\/keweicorten.com\/wp-content\/uploads\/2024\/12\/Courtyard-Antique-Hanging-Metal-Lantern-1-150x150.jpg 150w, https:\/\/keweicorten.com\/wp-content\/uploads\/2024\/12\/Courtyard-Antique-Hanging-Metal-Lantern-1-12x12.jpg 12w, https:\/\/keweicorten.com\/wp-content\/uploads\/2024\/12\/Courtyard-Antique-Hanging-Metal-Lantern-1-100x100.jpg 100w\" sizes=\"(max-width: 498px) 100vw, 498px\" \/><\/a><\/p>\n<hr \/>\n<h3><strong>Applications de la <a href=\"https:\/\/keweicorten.com\/fr_ca\/produit\/lampe-en-corten\/\">Bollard Lighting<\/a>\uff1a<\/strong><\/h3>\n<ol>\n<li><strong>Sentiers et all\u00e9es<\/strong>\n<ul>\n<li>Guidez les pi\u00e9tons \u00e0 l'aide de bornes r\u00e9guli\u00e8rement espac\u00e9es pour un \u00e9clairage uniforme.<\/li>\n<\/ul>\n<\/li>\n<li><strong>Voies d'acc\u00e8s<\/strong>\n<ul>\n<li>Marquer les bords pour assurer la s\u00e9curit\u00e9 de la navigation des v\u00e9hicules.<\/li>\n<\/ul>\n<\/li>\n<li><strong>Jardins et am\u00e9nagements paysagers<\/strong>\n<ul>\n<li>Accentuer les parterres de fleurs, les arbustes ou les plans d'eau.<\/li>\n<\/ul>\n<\/li>\n<li><strong>Espaces commerciaux<\/strong>\n<ul>\n<li>Id\u00e9al pour les stations baln\u00e9aires, les parcs ou les all\u00e9es publiques.<\/li>\n<\/ul>\n<\/li>\n<\/ol>","protected":false},"excerpt":{"rendered":"<p>Les bornes d'\u00e9clairage paysager offrent des solutions d'\u00e9clairage ext\u00e9rieur modernes et \u00e9l\u00e9gantes pour les chemins, les jardins et les all\u00e9es qui combinent fonctionnalit\u00e9 et beaut\u00e9 pour am\u00e9liorer la s\u00e9curit\u00e9 et l'am\u00e9nagement paysager nocturne.<\/p>","protected":false},"featured_media":3058,"comment_status":"open","ping_status":"closed","template":"","meta":{"_eb_attr":"","_monsterinsights_skip_tracking":false,"_monsterinsights_sitenote_active":false,"_monsterinsights_sitenote_note":"","_monsterinsights_sitenote_category":0,"_uf_show_specific_survey":0,"_uf_disable_surveys":false},"product_brand":[],"product_cat":[61],"product_tag":[],"class_list":{"0":"post-3057","1":"product","2":"type-product","3":"status-publish","4":"has-post-thumbnail","6":"product_cat-light-post","8":"first","9":"instock","10":"shipping-taxable","11":"product-type-simple"},"_links":{"self":[{"href":"https:\/\/keweicorten.com\/fr_ca\/wp-json\/wp\/v2\/product\/3057"}],"collection":[{"href":"https:\/\/keweicorten.com\/fr_ca\/wp-json\/wp\/v2\/product"}],"about":[{"href":"https:\/\/keweicorten.com\/fr_ca\/wp-json\/wp\/v2\/types\/product"}],"replies":[{"embeddable":true,"href":"https:\/\/keweicorten.com\/fr_ca\/wp-json\/wp\/v2\/comments?post=3057"}],"version-history":[{"count":1,"href":"https:\/\/keweicorten.com\/fr_ca\/wp-json\/wp\/v2\/product\/3057\/revisions"}],"predecessor-version":[{"id":3067,"href":"https:\/\/keweicorten.com\/fr_ca\/wp-json\/wp\/v2\/product\/3057\/revisions\/3067"}],"wp:featuredmedia":[{"embeddable":true,"href":"https:\/\/keweicorten.com\/fr_ca\/wp-json\/wp\/v2\/media\/3058"}],"wp:attachment":[{"href":"https:\/\/keweicorten.com\/fr_ca\/wp-json\/wp\/v2\/media?parent=3057"}],"wp:term":[{"taxonomy":"product_brand","embeddable":true,"href":"https:\/\/keweicorten.com\/fr_ca\/wp-json\/wp\/v2\/product_brand?post=3057"},{"taxonomy":"product_cat","embeddable":true,"href":"https:\/\/keweicorten.com\/fr_ca\/wp-json\/wp\/v2\/product_cat?post=3057"},{"taxonomy":"product_tag","embeddable":true,"href":"https:\/\/keweicorten.com\/fr_ca\/wp-json\/wp\/v2\/product_tag?post=3057"}],"curies":[{"name":"wp","href":"https:\/\/api.w.org\/{rel}","templated":true}]}}