{"id":663,"date":"2024-07-16T06:51:20","date_gmt":"2024-07-16T06:51:20","guid":{"rendered":"https:\/\/keweicorten.com\/?post_type=product&#038;p=663"},"modified":"2025-01-15T06:29:01","modified_gmt":"2025-01-15T06:29:01","slug":"pot-de-fleurs-en-corten","status":"publish","type":"product","link":"https:\/\/keweicorten.com\/fr_ca\/pot-de-fleurs-en-corten\/","title":{"rendered":"pot de fleurs en corten"},"content":{"rendered":"<h2>Les avantages du pot de fleurs en corten et les sc\u00e9narios applicables \u00e0 partager :<\/h2>\n<p>Les pots de fleurs en Corten sont le choix pr\u00e9f\u00e9r\u00e9 de nombreux amateurs de jardinage, avec les avantages et les sc\u00e9narios d'application suivants :<\/p>\n<p>Avantages :<br \/>\n1. R\u00e9sistance \u00e0 la corrosion : L'acier pour intemp\u00e9ries pr\u00e9sente une excellente r\u00e9sistance aux intemp\u00e9ries, peut r\u00e9sister au vent et \u00e0 la pluie dans l'environnement ext\u00e9rieur, au soleil et \u00e0 la pluie, n'est pas facile \u00e0 rouiller et \u00e0 corroder, et conserve un bel aspect \u00e0 long terme.<br \/>\n2. Solide et durable : le pot de fleurs en acier r\u00e9sistant aux intemp\u00e9ries est durable, il n'est pas facile \u00e0 d\u00e9former ou \u00e0 casser et peut r\u00e9sister \u00e0 l'\u00e9preuve d'une utilisation \u00e0 long terme et \u00e0 diverses conditions climatiques.<br \/>\n3. Un aspect unique : Associ\u00e9 \u00e0 des plantes, le pot de fleurs en acier r\u00e9sistant aux intemp\u00e9ries pr\u00e9sente une esth\u00e9tique moderne et industrielle, ajoutant du caract\u00e8re et de la personnalit\u00e9 \u00e0 l'espace ext\u00e9rieur.<\/p>\n<p>Application du pot de fleurs en corten :<br \/>\n1. Lieux publics : pots de fleurs en corten pour l'am\u00e9nagement des lieux publics tels que les rues urbaines, les parcs et les places afin d'ajouter de la couleur et de la verdure \u00e0 la ville.<br \/>\n2. H\u00f4tels ou lieux commerciaux : les pots de fleurs en corten peuvent \u00eatre utilis\u00e9s pour la d\u00e9coration des jardins ou des terrasses dans les h\u00f4tels, les centres commerciaux, les immeubles de bureaux et autres lieux, afin d'am\u00e9liorer le confort et la beaut\u00e9 de l'environnement g\u00e9n\u00e9ral.<br \/>\n3. R\u00e9sidence priv\u00e9e : Le pot de fleurs en acier r\u00e9sistant aux intemp\u00e9ries convient \u00e0 la d\u00e9coration de la cour, du balcon ou du jardin d'une r\u00e9sidence priv\u00e9e, ajoutant des \u00e9l\u00e9ments verts \u00e0 l'environnement domestique et cr\u00e9ant une atmosph\u00e8re de vie agr\u00e9able.<\/p>","protected":false},"excerpt":{"rendered":"<p>Les pots de fleurs en acier Corten sont un choix populaire pour les jardini\u00e8res d'ext\u00e9rieur en raison de leur durabilit\u00e9 et de leurs propri\u00e9t\u00e9s de r\u00e9sistance aux intemp\u00e9ries. L'acier Corten, \u00e9galement connu sous le nom d'acier r\u00e9sistant aux intemp\u00e9ries, prend un aspect rouill\u00e9 protecteur lorsqu'il est expos\u00e9 aux \u00e9l\u00e9ments, ce qui en fait une option \u00e9l\u00e9gante et n\u00e9cessitant peu d'entretien pour votre jardin ou votre terrasse.<\/p>","protected":false},"featured_media":664,"comment_status":"open","ping_status":"closed","template":"","meta":{"_eb_attr":"","_monsterinsights_skip_tracking":false,"_monsterinsights_sitenote_active":false,"_monsterinsights_sitenote_note":"","_monsterinsights_sitenote_category":0,"_uf_show_specific_survey":0,"_uf_disable_surveys":false},"product_brand":[],"product_cat":[59],"product_tag":[],"class_list":{"0":"post-663","1":"product","2":"type-product","3":"status-publish","4":"has-post-thumbnail","6":"product_cat-flower-pot","8":"first","9":"instock","10":"shipping-taxable","11":"product-type-simple"},"_links":{"self":[{"href":"https:\/\/keweicorten.com\/fr_ca\/wp-json\/wp\/v2\/product\/663"}],"collection":[{"href":"https:\/\/keweicorten.com\/fr_ca\/wp-json\/wp\/v2\/product"}],"about":[{"href":"https:\/\/keweicorten.com\/fr_ca\/wp-json\/wp\/v2\/types\/product"}],"replies":[{"embeddable":true,"href":"https:\/\/keweicorten.com\/fr_ca\/wp-json\/wp\/v2\/comments?post=663"}],"version-history":[{"count":2,"href":"https:\/\/keweicorten.com\/fr_ca\/wp-json\/wp\/v2\/product\/663\/revisions"}],"predecessor-version":[{"id":3237,"href":"https:\/\/keweicorten.com\/fr_ca\/wp-json\/wp\/v2\/product\/663\/revisions\/3237"}],"wp:featuredmedia":[{"embeddable":true,"href":"https:\/\/keweicorten.com\/fr_ca\/wp-json\/wp\/v2\/media\/664"}],"wp:attachment":[{"href":"https:\/\/keweicorten.com\/fr_ca\/wp-json\/wp\/v2\/media?parent=663"}],"wp:term":[{"taxonomy":"product_brand","embeddable":true,"href":"https:\/\/keweicorten.com\/fr_ca\/wp-json\/wp\/v2\/product_brand?post=663"},{"taxonomy":"product_cat","embeddable":true,"href":"https:\/\/keweicorten.com\/fr_ca\/wp-json\/wp\/v2\/product_cat?post=663"},{"taxonomy":"product_tag","embeddable":true,"href":"https:\/\/keweicorten.com\/fr_ca\/wp-json\/wp\/v2\/product_tag?post=663"}],"curies":[{"name":"wp","href":"https:\/\/api.w.org\/{rel}","templated":true}]}}