{"id":671,"date":"2024-07-16T07:00:36","date_gmt":"2024-07-16T07:00:36","guid":{"rendered":"https:\/\/keweicorten.com\/?post_type=product&#038;p=671"},"modified":"2025-01-15T06:28:52","modified_gmt":"2025-01-15T06:28:52","slug":"ecrans-en-acier-corten","status":"publish","type":"product","link":"https:\/\/keweicorten.com\/fr_ca\/ecrans-en-acier-corten\/","title":{"rendered":"\u00e9crans en acier corten"},"content":{"rendered":"<table class=\"has-title all magic-8\" style=\"height: 141px;\" width=\"651\">\n<tbody>\n<tr>\n<td colspan=\"1\" rowspan=\"1\">\n<div class=\"magic-9\" data-spm-anchor-id=\"a2700.details.0.i41.1c02dc31QPyZ9q\">Nom du produit<\/div>\n<\/td>\n<td colspan=\"1\" rowspan=\"1\">\n<div class=\"magic-10\">portail et cl\u00f4ture en acier corten villas pour arri\u00e8re-cour<\/div>\n<\/td>\n<\/tr>\n<tr>\n<td colspan=\"1\" rowspan=\"1\" data-spm-anchor-id=\"a2700.details.0.i42.1c02dc31QPyZ9q\">\n<div class=\"magic-9\">Taille<\/div>\n<\/td>\n<td colspan=\"1\" rowspan=\"1\">\n<div class=\"magic-10\">Taille du client<\/div>\n<\/td>\n<\/tr>\n<tr>\n<td colspan=\"1\" rowspan=\"1\">\n<div class=\"magic-9\">Mat\u00e9riau<\/div>\n<\/td>\n<td colspan=\"1\" rowspan=\"1\">\n<div class=\"magic-10\">acier corten<\/div>\n<\/td>\n<\/tr>\n<tr>\n<td colspan=\"1\" rowspan=\"1\">\n<div class=\"magic-9\">Mod\u00e8le<\/div>\n<\/td>\n<td colspan=\"1\" rowspan=\"1\">\n<div class=\"magic-10\">Plantes, animaux, abstraites, format urbain ou format client<\/div>\n<\/td>\n<\/tr>\n<tr>\n<td colspan=\"1\" rowspan=\"1\">\n<div class=\"magic-9\">Couleur<\/div>\n<\/td>\n<td colspan=\"1\" rowspan=\"1\">\n<div class=\"magic-10\">d'origine ou pr\u00e9-rouill\u00e9<\/div>\n<\/td>\n<\/tr>\n<tr>\n<td colspan=\"1\" rowspan=\"1\">\n<div class=\"magic-9\">Utilis\u00e9<\/div>\n<\/td>\n<td colspan=\"1\" rowspan=\"1\">\n<div class=\"magic-10\">Maison et jardin<\/div>\n<\/td>\n<\/tr>\n<\/tbody>\n<\/table>\n<p>Les avantages de l'\u00e9cran en Corten et son application dans l'horticulture :<\/p>\n<p>1. R\u00e9sistance aux intemp\u00e9ries : L'acier Corten a une excellente r\u00e9sistance aux intemp\u00e9ries et peut r\u00e9sister \u00e0 la corrosion oxydative dans des environnements ext\u00e9rieurs pendant une longue p\u00e9riode, et ne n\u00e9cessite pas de rev\u00eatements protecteurs suppl\u00e9mentaires.<\/p>\n<p>2. Aspect unique : L'acier Corten pr\u00e9sente un aspect corrod\u00e9 unique, et sa couche corrod\u00e9e forme un film protecteur naturel, ce qui donne \u00e0 sa surface un aspect tr\u00e8s distinctif et tr\u00e8s beau.<\/p>\n<p>3. Longue dur\u00e9e de vie : Gr\u00e2ce \u00e0 leur r\u00e9sistance aux intemp\u00e9ries et \u00e0 leur grande solidit\u00e9, les produits en acier Corten ont une longue dur\u00e9e de vie, ce qui r\u00e9duit les co\u00fbts d'entretien et de remplacement.<\/p>\n<p>Dans le domaine de l'horticulture, les \u00e9crans en acier corten peuvent \u00eatre utilis\u00e9s dans les domaines suivants :<\/p>\n<p>1. Cloison de s\u00e9paration : Les \u00e9crans en acier corten peuvent \u00eatre utilis\u00e9s comme cloisons dans l'am\u00e9nagement horticole, ce qui permet de cr\u00e9er un espace priv\u00e9, de bloquer la vue et, en m\u00eame temps, d'ajouter \u00e0 la beaut\u00e9 du paysage horticole gr\u00e2ce \u00e0 son apparence unique.<\/p>\n<p>2. D\u00e9coration du jardin : les \u00e9crans en acier corten peuvent \u00eatre utilis\u00e9s comme \u00e9l\u00e9ments d\u00e9coratifs dans le jardin, assortis aux plantes, rochers et autres \u00e9l\u00e9ments pour augmenter le niveau du paysage et l'impact visuel.<\/p>\n<p>3. D\u00e9limitation du jardin : les \u00e9crans en acier corten peuvent \u00e9galement \u00eatre utilis\u00e9s pour d\u00e9limiter le jardin, diviser les diff\u00e9rentes zones fonctionnelles, tout en jouant un r\u00f4le d\u00e9coratif.<\/p>\n<p><a href=\"https:\/\/keweicorten.com\/fr_ca\/nous-contacter\/\"><img fetchpriority=\"high\" decoding=\"async\" class=\"wp-image-677 size-full\" src=\"https:\/\/keweicorten.com\/wp-content\/uploads\/2024\/07\/\u5fae\u4fe1\u56fe\u7247_20230914112941.jpg\" alt=\"\" width=\"750\" height=\"439\" srcset=\"https:\/\/keweicorten.com\/wp-content\/uploads\/2024\/07\/\u5fae\u4fe1\u56fe\u7247_20230914112941.jpg 750w, https:\/\/keweicorten.com\/wp-content\/uploads\/2024\/07\/\u5fae\u4fe1\u56fe\u7247_20230914112941-300x176.jpg 300w, https:\/\/keweicorten.com\/wp-content\/uploads\/2024\/07\/\u5fae\u4fe1\u56fe\u7247_20230914112941-600x351.jpg 600w\" sizes=\"(max-width: 750px) 100vw, 750px\" \/><\/a><\/p>","protected":false},"excerpt":{"rendered":"<p>Product Name corten steel villas metal gate and fence for backyard Size Customer Size Material corten steel Pattern Plants, Animal, Abstract.Urban or customer size Color original or pre-rusted Used Home and Garden The advantages of Corten screen panel and its application in horticultural design: 1. Weather resistance: Corten steel has excellent weather resistance and can [&hellip;]<\/p>","protected":false},"featured_media":672,"comment_status":"open","ping_status":"closed","template":"","meta":{"_eb_attr":"","_monsterinsights_skip_tracking":false,"_monsterinsights_sitenote_active":false,"_monsterinsights_sitenote_note":"","_monsterinsights_sitenote_category":0,"_uf_show_specific_survey":0,"_uf_disable_surveys":false},"product_brand":[],"product_cat":[57],"product_tag":[],"class_list":{"0":"post-671","1":"product","2":"type-product","3":"status-publish","4":"has-post-thumbnail","6":"product_cat-screen-panel","8":"first","9":"instock","10":"shipping-taxable","11":"product-type-simple"},"_links":{"self":[{"href":"https:\/\/keweicorten.com\/fr_ca\/wp-json\/wp\/v2\/product\/671"}],"collection":[{"href":"https:\/\/keweicorten.com\/fr_ca\/wp-json\/wp\/v2\/product"}],"about":[{"href":"https:\/\/keweicorten.com\/fr_ca\/wp-json\/wp\/v2\/types\/product"}],"replies":[{"embeddable":true,"href":"https:\/\/keweicorten.com\/fr_ca\/wp-json\/wp\/v2\/comments?post=671"}],"version-history":[{"count":1,"href":"https:\/\/keweicorten.com\/fr_ca\/wp-json\/wp\/v2\/product\/671\/revisions"}],"predecessor-version":[{"id":3236,"href":"https:\/\/keweicorten.com\/fr_ca\/wp-json\/wp\/v2\/product\/671\/revisions\/3236"}],"wp:featuredmedia":[{"embeddable":true,"href":"https:\/\/keweicorten.com\/fr_ca\/wp-json\/wp\/v2\/media\/672"}],"wp:attachment":[{"href":"https:\/\/keweicorten.com\/fr_ca\/wp-json\/wp\/v2\/media?parent=671"}],"wp:term":[{"taxonomy":"product_brand","embeddable":true,"href":"https:\/\/keweicorten.com\/fr_ca\/wp-json\/wp\/v2\/product_brand?post=671"},{"taxonomy":"product_cat","embeddable":true,"href":"https:\/\/keweicorten.com\/fr_ca\/wp-json\/wp\/v2\/product_cat?post=671"},{"taxonomy":"product_tag","embeddable":true,"href":"https:\/\/keweicorten.com\/fr_ca\/wp-json\/wp\/v2\/product_tag?post=671"}],"curies":[{"name":"wp","href":"https:\/\/api.w.org\/{rel}","templated":true}]}}