{"id":978,"date":"2024-09-10T01:58:48","date_gmt":"2024-09-10T01:58:48","guid":{"rendered":"https:\/\/keweicorten.com\/?post_type=product&#038;p=978"},"modified":"2025-01-15T06:28:30","modified_gmt":"2025-01-15T06:28:30","slug":"fontaine-moderne-dexterieur","status":"publish","type":"product","link":"https:\/\/keweicorten.com\/fr_ca\/fontaine-moderne-dexterieur\/","title":{"rendered":"fontaine moderne d'ext\u00e9rieur"},"content":{"rendered":"<p>Les fontaines d'ext\u00e9rieur modernes en Corten peuvent \u00eatre conserv\u00e9es dans les meilleures conditions et prolonger leur dur\u00e9e de vie m\u00eame dans des conditions climatiques vari\u00e9es. Un entretien r\u00e9gulier est la cl\u00e9 pour garantir la beaut\u00e9 et le fonctionnement \u00e0 long terme de la fontaine.<\/p>\n<p>L'acier Corten est un acier alli\u00e9 sp\u00e9cialement con\u00e7u pour \u00eatre utilis\u00e9 dans des environnements ext\u00e9rieurs, qui pr\u00e9sente une esth\u00e9tique unique et une r\u00e9sistance aux intemp\u00e9ries gr\u00e2ce \u00e0 la couche de rouille form\u00e9e par l'oxydation naturelle de sa surface. Bien que l'acier Corten fonctionne bien dans de nombreux climats, un entretien r\u00e9gulier est essentiel pour garantir son \u00e9tat optimal et prolonger sa dur\u00e9e de vie. Voici quelques conseils d'entretien et de maintenance :<\/p>\n<table class=\"table\" border=\"1\" cellspacing=\"1\" cellpadding=\"1\">\n<tbody>\n<tr>\n<td colspan=\"2\" rowspan=\"1\">\n<div class=\"magic-18\"><strong>Sp\u00e9cifications<\/strong><\/div>\n<\/td>\n<\/tr>\n<tr>\n<td colspan=\"1\" rowspan=\"1\">\n<div class=\"magic-21\">Objet<\/div>\n<\/td>\n<td colspan=\"1\" rowspan=\"1\">\n<div class=\"magic-22\">Fontaine d'eau de jardin personnalis\u00e9e Ornements de jardin Chute d'eau design Ext\u00e9rieur Corten Steel Water Feature<\/div>\n<\/td>\n<\/tr>\n<tr>\n<td colspan=\"1\" rowspan=\"1\">\n<div class=\"magic-21\">Marque<\/div>\n<\/td>\n<td colspan=\"1\" rowspan=\"1\">\n<div class=\"magic-22\">Jardin SHKW<\/div>\n<\/td>\n<\/tr>\n<tr>\n<td colspan=\"1\" rowspan=\"1\">\n<div class=\"magic-21\">Num\u00e9ro de mod\u00e8le<\/div>\n<\/td>\n<td colspan=\"1\" rowspan=\"1\">\n<div class=\"magic-22\">SHKW-WF-088<\/div>\n<\/td>\n<\/tr>\n<tr>\n<td colspan=\"1\" rowspan=\"1\">\n<div class=\"magic-21\">Mat\u00e9riau<\/div>\n<\/td>\n<td colspan=\"1\" rowspan=\"1\">\n<div class=\"magic-22\">Acier Corten\/Acier r\u00e9sistant aux intemp\u00e9ries<\/div>\n<\/td>\n<\/tr>\n<tr>\n<td colspan=\"1\" rowspan=\"1\">\n<div class=\"magic-21\">Surface<\/div>\n<\/td>\n<td colspan=\"1\" rowspan=\"1\">\n<div class=\"magic-22\">Pr\u00e9-rouill\u00e9\/pr\u00e9-patin\u00e9, sur mesure<\/div>\n<\/td>\n<\/tr>\n<tr>\n<td colspan=\"1\" rowspan=\"1\">\n<div class=\"magic-21\">Emballage<\/div>\n<\/td>\n<td colspan=\"1\" rowspan=\"1\">\n<div class=\"magic-22\">Int\u00e9rieur : papier mousse anti-usure ; ext\u00e9rieur : palette en bois<\/div>\n<\/td>\n<\/tr>\n<tr>\n<td colspan=\"1\" rowspan=\"1\">\n<div class=\"magic-21\">Service sur mesure<\/div>\n<\/td>\n<td colspan=\"1\" rowspan=\"1\">\n<div class=\"magic-22\">Motif, taille et traitement de surface ; ODM et OEM disponibles<\/div>\n<\/td>\n<\/tr>\n<\/tbody>\n<\/table>\n<h3 class=\"kche-t101-title\">Centre de produits<\/h3>\n<div class=\"kche-t101-list\">\n<div class=\"kche-t101-item\">\n<div class=\"kche-t101-item-img\"><img fetchpriority=\"high\" decoding=\"async\" class=\"alignnone\" title=\"pi\u00e8ce d&#039;eau\" src=\"https:\/\/www.keweistove.com\/uploads\/39684\/products\/2024060415451943cde.jpg?size=750x0\" alt=\"pi\u00e8ce d&#039;eau\" width=\"750\" height=\"750\" \/><\/div>\n<div class=\"kche-t101-item-info\">\n<p class=\"kche-t101-item-tit\">Fontaine en cascade<\/p>\n<div class=\"kche-t101-item-des\">\n<p>Un jeu d'eau de jardin apportera une nouvelle dimension \u00e0 votre espace ext\u00e9rieur.<\/p>\n<\/div>\n<div class=\"kche-t101-item-btn\"><a href=\"https:\/\/keweicorten.com\/fr_ca\/nous-contacter\/\" target=\"_blank\" rel=\"noopener\">en savoir plus<\/a><\/div>\n<\/div>\n<\/div>\n<div class=\"kche-t101-item\">\n<div class=\"kche-t101-item-img\"><img decoding=\"async\" class=\"alignnone\" title=\"rideau d&#039;eau\" src=\"https:\/\/www.keweistove.com\/uploads\/39684\/products\/20240604154552036b0.jpg?size=750x0\" alt=\"rideau d&#039;eau\" width=\"750\" height=\"750\" \/><\/div>\n<div class=\"kche-t101-item-info\">\n<p class=\"kche-t101-item-tit\"><strong>L'eau<\/strong>\u00a0Tableau<\/p>\n<div class=\"kche-t101-item-des\">\n<p>L'introduction de l'eau dans votre jardin peut avoir de nombreux avantages, notamment celui d'encourager la faune et la flore et de favoriser la relaxation.<\/p>\n<\/div>\n<div class=\"kche-t101-item-btn\"><a href=\"https:\/\/keweicorten.com\/fr_ca\/nous-contacter\/\" target=\"_blank\" rel=\"noopener\">en savoir plus<\/a><\/div>\n<\/div>\n<\/div>\n<div class=\"kche-t101-item\">\n<div class=\"kche-t101-item-img\"><img decoding=\"async\" class=\"alignnone\" title=\"corten water feature\" src=\"https:\/\/www.keweistove.com\/uploads\/39684\/products\/20240604154619904a2.jpg?size=750x0\" alt=\"corten water feature\" width=\"750\" height=\"750\" \/><\/div>\n<div class=\"kche-t101-item-info\">\n<p class=\"kche-t101-item-tit\"><strong>L'eau<\/strong>\u00a0<strong>Caract\u00e9ristiques<\/strong><\/p>\n<div class=\"kche-t101-item-des\">\n<p>SHKW-CORTEN propose une large gamme de jeux d'eau pour votre jardin.<\/p>\n<\/div>\n<div class=\"kche-t101-item-btn\"><a href=\"https:\/\/www.keweistove.com\/water-features\/\" target=\"_blank\" rel=\"noopener nofollow\">en savoir plus<\/a><\/div>\n<\/div>\n<\/div>\n<div class=\"kche-t101-item\">\n<div class=\"kche-t101-item-img\"><img loading=\"lazy\" decoding=\"async\" class=\"alignnone\" title=\"chute d&#039;eau\" src=\"https:\/\/www.keweistove.com\/uploads\/39684\/products\/202406041546545b72d.jpg?size=750x0\" alt=\"chute d&#039;eau\" width=\"750\" height=\"750\" \/><\/div>\n<div class=\"kche-t101-item-info\">\n<p class=\"kche-t101-item-tit\">Rideau de pluie<\/p>\n<div class=\"kche-t101-item-des\">\n<h3>Nous pouvons concevoir le dessin CAO d\u00e9taill\u00e9 selon vos exigences et le personnaliser avec diff\u00e9rents mod\u00e8les.<\/h3>\n<\/div>\n<div class=\"kche-t101-item-btn\">en savoir plus<\/div>\n<\/div>\n<\/div>\n<\/div>\n<h3>Fontaine moderne d'ext\u00e9rieur Entretien et conseils d'entretien<\/h3>\n<ul>\n<li>Contr\u00f4ler r\u00e9guli\u00e8rement<\/li>\n<li>Gardez-le propre<\/li>\n<li>Traiter la salet\u00e9 et les algues<\/li>\n<li>Protection hivernale<\/li>\n<li>Pr\u00e9venir la r\u00e9tention d'eau<\/li>\n<li>Appliquer r\u00e9guli\u00e8rement une couche de protection<\/li>\n<li>\u00c9viter le contact direct avec les produits chimiques<\/li>\n<li>Maintien de la qualit\u00e9 de l'eau<\/li>\n<\/ul>\n<h3>Diff\u00e9rents styles de fontaines d'ext\u00e9rieur modernes en Corten sont pr\u00e9sent\u00e9s :<\/h3>\n<ol>\n<li>Style industriel<\/li>\n<li>Minimalisme moderne<\/li>\n<li>Style naturel<\/li>\n<li>Style artistique moderne<\/li>\n<li>Combiner le style traditionnel et le style moderne<\/li>\n<li>Style sportif<\/li>\n<li>Style \u00e9cologique<\/li>\n<\/ol>","protected":false},"excerpt":{"rendered":"<p>Faites de la fontaine moderne d'ext\u00e9rieur le point fort de votre jardin et profitez de la paix et de la beaut\u00e9 de l'\u00e9coulement de l'eau. Explorez les diff\u00e9rents designs pour cr\u00e9er l'espace ext\u00e9rieur id\u00e9al.<\/p>","protected":false},"featured_media":979,"comment_status":"open","ping_status":"closed","template":"","meta":{"_eb_attr":"","_monsterinsights_skip_tracking":false,"_monsterinsights_sitenote_active":false,"_monsterinsights_sitenote_note":"","_monsterinsights_sitenote_category":0,"_uf_show_specific_survey":0,"_uf_disable_surveys":false},"product_brand":[],"product_cat":[56],"product_tag":[],"class_list":{"0":"post-978","1":"product","2":"type-product","3":"status-publish","4":"has-post-thumbnail","6":"product_cat-water-feature","8":"first","9":"instock","10":"shipping-taxable","11":"product-type-simple"},"_links":{"self":[{"href":"https:\/\/keweicorten.com\/fr_ca\/wp-json\/wp\/v2\/product\/978"}],"collection":[{"href":"https:\/\/keweicorten.com\/fr_ca\/wp-json\/wp\/v2\/product"}],"about":[{"href":"https:\/\/keweicorten.com\/fr_ca\/wp-json\/wp\/v2\/types\/product"}],"replies":[{"embeddable":true,"href":"https:\/\/keweicorten.com\/fr_ca\/wp-json\/wp\/v2\/comments?post=978"}],"version-history":[{"count":1,"href":"https:\/\/keweicorten.com\/fr_ca\/wp-json\/wp\/v2\/product\/978\/revisions"}],"predecessor-version":[{"id":984,"href":"https:\/\/keweicorten.com\/fr_ca\/wp-json\/wp\/v2\/product\/978\/revisions\/984"}],"wp:featuredmedia":[{"embeddable":true,"href":"https:\/\/keweicorten.com\/fr_ca\/wp-json\/wp\/v2\/media\/979"}],"wp:attachment":[{"href":"https:\/\/keweicorten.com\/fr_ca\/wp-json\/wp\/v2\/media?parent=978"}],"wp:term":[{"taxonomy":"product_brand","embeddable":true,"href":"https:\/\/keweicorten.com\/fr_ca\/wp-json\/wp\/v2\/product_brand?post=978"},{"taxonomy":"product_cat","embeddable":true,"href":"https:\/\/keweicorten.com\/fr_ca\/wp-json\/wp\/v2\/product_cat?post=978"},{"taxonomy":"product_tag","embeddable":true,"href":"https:\/\/keweicorten.com\/fr_ca\/wp-json\/wp\/v2\/product_tag?post=978"}],"curies":[{"name":"wp","href":"https:\/\/api.w.org\/{rel}","templated":true}]}}