{"id":5032,"date":"2025-06-17T08:24:52","date_gmt":"2025-06-17T08:24:52","guid":{"rendered":"https:\/\/keweicorten.com\/?page_id=5032"},"modified":"2025-06-17T08:33:09","modified_gmt":"2025-06-17T08:33:09","slug":"corten-sculpture-2","status":"publish","type":"page","link":"https:\/\/keweicorten.com\/hu\/corten-sculpture-2\/","title":{"rendered":"steel sculpture"},"content":{"rendered":"<div data-elementor-type=\"wp-page\" data-elementor-id=\"5032\" class=\"elementor elementor-5032\" data-elementor-post-type=\"page\">\n\t\t\t\t<div class=\"elementor-element elementor-element-ac97851 e-con-full e-flex e-con e-parent\" data-id=\"ac97851\" data-element_type=\"container\" data-settings=\"{&quot;background_background&quot;:&quot;classic&quot;}\">\n\t\t\t\t<div class=\"elementor-element elementor-element-6c0a60f elementor-absolute elementor-widget elementor-widget-heading\" data-id=\"6c0a60f\" data-element_type=\"widget\" data-settings=\"{&quot;_position&quot;:&quot;absolute&quot;}\" data-widget_type=\"heading.default\">\n\t\t\t\t<div class=\"elementor-widget-container\">\n\t\t\t\t\t<h2 class=\"elementor-heading-title elementor-size-default\">Corten sculpture<\/h2>\t\t\t\t<\/div>\n\t\t\t\t<\/div>\n\t\t\t\t<\/div>\n\t\t<div class=\"elementor-element elementor-element-c8b12c3 e-flex e-con-boxed e-con e-parent\" data-id=\"c8b12c3\" data-element_type=\"container\">\n\t\t\t\t\t<div class=\"e-con-inner\">\n\t\t<div class=\"elementor-element elementor-element-bd096ff e-con-full e-flex e-con e-child\" data-id=\"bd096ff\" data-element_type=\"container\">\n\t\t\t\t<div class=\"elementor-element elementor-element-6e7e523 elementor-widget elementor-widget-wp-widget-woocommerce_product_categories\" data-id=\"6e7e523\" data-element_type=\"widget\" data-widget_type=\"wp-widget-woocommerce_product_categories.default\">\n\t\t\t\t<div class=\"elementor-widget-container\">\n\t\t\t\t\t<div class=\"woocommerce widget_product_categories\"><h5>Product Catalogue<\/h5><ul class=\"product-categories\"><li class=\"cat-item cat-item-25 cat-parent\"><a href=\"https:\/\/keweicorten.com\/hu\/flower-accessories\/\">Tartoz\u00e9kok<\/a><ul class='children'>\n<li class=\"cat-item cat-item-49\"><a href=\"https:\/\/keweicorten.com\/hu\/flower-accessories\/bbq-tartozekok\/\">bbq tartoz\u00e9kok<\/a><\/li>\n<li class=\"cat-item cat-item-50\"><a href=\"https:\/\/keweicorten.com\/hu\/flower-accessories\/virag-ertekelesek\/\">vir\u00e1g \u00e9rt\u00e9kel\u00e9sek<\/a><\/li>\n<\/ul>\n<\/li>\n<li class=\"cat-item cat-item-22 cat-parent\"><a href=\"https:\/\/keweicorten.com\/hu\/garden-art\/\">Garden art<\/a><ul class='children'>\n<li class=\"cat-item cat-item-62\"><a href=\"https:\/\/keweicorten.com\/hu\/garden-art\/corten-szobor\/\">corten szobor<\/a><\/li>\n<li class=\"cat-item cat-item-59\"><a href=\"https:\/\/keweicorten.com\/hu\/garden-art\/viragcserep\/\">vir\u00e1gcser\u00e9p<\/a><\/li>\n<li class=\"cat-item cat-item-58\"><a href=\"https:\/\/keweicorten.com\/hu\/garden-art\/kerti-szegelyezes\/\">kerti szeg\u00e9lyez\u00e9s<\/a><\/li>\n<li class=\"cat-item cat-item-61\"><a href=\"https:\/\/keweicorten.com\/hu\/garden-art\/villanyoszlop\/\">villanyoszlop<\/a><\/li>\n<li class=\"cat-item cat-item-60\"><a href=\"https:\/\/keweicorten.com\/hu\/garden-art\/postalada\/\">postal\u00e1da<\/a><\/li>\n<li class=\"cat-item cat-item-57\"><a href=\"https:\/\/keweicorten.com\/hu\/garden-art\/kepernyo-panel\/\">k\u00e9perny\u0151 panel<\/a><\/li>\n<li class=\"cat-item cat-item-56\"><a href=\"https:\/\/keweicorten.com\/hu\/garden-art\/vizi-funkcio\/\">v\u00edzi funkci\u00f3<\/a><\/li>\n<\/ul>\n<\/li>\n<li class=\"cat-item cat-item-51\"><a href=\"https:\/\/keweicorten.com\/hu\/fuggo-kandallo\/\">F\u00fcgg\u0151 kandall\u00f3<\/a><\/li>\n<li class=\"cat-item cat-item-23\"><a href=\"https:\/\/keweicorten.com\/hu\/teraszbutorok\/\">Patio b\u00fatorok<\/a><\/li>\n<li class=\"cat-item cat-item-63\"><a href=\"https:\/\/keweicorten.com\/hu\/acel-grillsuto\/\">ac\u00e9l BBQ grill<\/a><\/li>\n<li class=\"cat-item cat-item-20 cat-parent\"><a href=\"https:\/\/keweicorten.com\/hu\/tuzrakohely\/\">Ac\u00e9l t\u0171zrak\u00f3hely<\/a><ul class='children'>\n<li class=\"cat-item cat-item-55\"><a href=\"https:\/\/keweicorten.com\/hu\/tuzrakohely\/gaz-tuzrakohely\/\">g\u00e1z t\u0171zrak\u00f3hely<\/a><\/li>\n<li class=\"cat-item cat-item-53\"><a href=\"https:\/\/keweicorten.com\/hu\/tuzrakohely\/gaz-tuzrakohely-ego\/\">g\u00e1z t\u0171zrak\u00f3hely \u00e9g\u0151<\/a><\/li>\n<li class=\"cat-item cat-item-54\"><a href=\"https:\/\/keweicorten.com\/hu\/tuzrakohely\/fa-tuzrakohely\/\">fa t\u0171zrak\u00f3hely<\/a><\/li>\n<li class=\"cat-item cat-item-52\"><a href=\"https:\/\/keweicorten.com\/hu\/tuzrakohely\/wood-pellet-tourch\/\">wood pellet tourch<\/a><\/li>\n<\/ul>\n<\/li>\n<li class=\"cat-item cat-item-21\"><a href=\"https:\/\/keweicorten.com\/hu\/idojarasallo-acellemez\/\">Id\u0151j\u00e1r\u00e1s\u00e1ll\u00f3 ac\u00e9llemez<\/a><\/li>\n<\/ul><\/div>\t\t\t\t<\/div>\n\t\t\t\t<\/div>\n\t\t\t\t<\/div>\n\t\t<div class=\"elementor-element elementor-element-c435cd6 e-con-full e-flex e-con e-child\" data-id=\"c435cd6\" data-element_type=\"container\">\n\t\t\t\t<div class=\"elementor-element elementor-element-dc449b6 elementor-grid-3 elementor-grid-tablet-3 elementor-grid-mobile-2 elementor-products-grid elementor-wc-products elementor-show-pagination-border-yes elementor-widget elementor-widget-woocommerce-products\" data-id=\"dc449b6\" data-element_type=\"widget\" data-widget_type=\"woocommerce-products.default\">\n\t\t\t\t<div class=\"elementor-widget-container\">\n\t\t\t\t\t<div class=\"woocommerce columns-3\"><div class=\"woocommerce-notices-wrapper\"><\/div><ul class=\"products elementor-grid columns-3\">\n<li class=\"product type-product post-4058 status-publish first instock product_cat-corten-sculpture has-post-thumbnail shipping-taxable product-type-simple\">\n\t<a href=\"https:\/\/keweicorten.com\/hu\/metal-tree-wall-art\/\" class=\"woocommerce-LoopProduct-link woocommerce-loop-product__link\"><img fetchpriority=\"high\" decoding=\"async\" width=\"300\" height=\"300\" src=\"https:\/\/keweicorten.com\/wp-content\/uploads\/2025\/03\/photobank-26-300x300.jpg\" class=\"attachment-woocommerce_thumbnail size-woocommerce_thumbnail\" alt=\"\" srcset=\"https:\/\/keweicorten.com\/wp-content\/uploads\/2025\/03\/photobank-26-300x300.jpg 300w, https:\/\/keweicorten.com\/wp-content\/uploads\/2025\/03\/photobank-26-1024x1024.jpg 1024w, https:\/\/keweicorten.com\/wp-content\/uploads\/2025\/03\/photobank-26-150x150.jpg 150w, https:\/\/keweicorten.com\/wp-content\/uploads\/2025\/03\/photobank-26-768x768.jpg 768w, https:\/\/keweicorten.com\/wp-content\/uploads\/2025\/03\/photobank-26-1536x1536.jpg 1536w, https:\/\/keweicorten.com\/wp-content\/uploads\/2025\/03\/photobank-26-2048x2048.jpg 2048w, https:\/\/keweicorten.com\/wp-content\/uploads\/2025\/03\/photobank-26-12x12.jpg 12w, https:\/\/keweicorten.com\/wp-content\/uploads\/2025\/03\/photobank-26-600x600.jpg 600w, https:\/\/keweicorten.com\/wp-content\/uploads\/2025\/03\/photobank-26-100x100.jpg 100w\" sizes=\"(max-width: 300px) 100vw, 300px\" \/><h2 class=\"woocommerce-loop-product__title\">metal tree wall art<\/h2>\n<\/a><a href=\"https:\/\/keweicorten.com\/hu\/metal-tree-wall-art\/\" aria-describedby=\"woocommerce_loop_add_to_cart_link_describedby_4058\" data-quantity=\"1\" class=\"button product_type_simple\" data-product_id=\"4058\" data-product_sku=\"\" aria-label=\"\u201cmetal tree wall art\u201d term\u00e9kr\u0151l t\u00f6bb inform\u00e1ci\u00f3\" rel=\"nofollow\" data-success_message=\"\" data-no-translation=\"\" data-trp-gettext=\"\" data-no-translation-aria-label=\"\">Tov\u00e1bb olvasom<\/a>\t<span id=\"woocommerce_loop_add_to_cart_link_describedby_4058\" class=\"screen-reader-text\">\n\t\t\t<\/span>\n<\/li>\n<li class=\"product type-product post-1293 status-publish instock product_cat-corten-sculpture product_cat-fire-pit has-post-thumbnail shipping-taxable product-type-simple\">\n\t<a href=\"https:\/\/keweicorten.com\/hu\/tuzgomb\/\" class=\"woocommerce-LoopProduct-link woocommerce-loop-product__link\"><img decoding=\"async\" width=\"300\" height=\"300\" src=\"https:\/\/keweicorten.com\/wp-content\/uploads\/2024\/09\/photobank-62-300x300.jpg\" class=\"attachment-woocommerce_thumbnail size-woocommerce_thumbnail\" alt=\"\" srcset=\"https:\/\/keweicorten.com\/wp-content\/uploads\/2024\/09\/photobank-62-300x300.jpg 300w, https:\/\/keweicorten.com\/wp-content\/uploads\/2024\/09\/photobank-62-150x150.jpg 150w, https:\/\/keweicorten.com\/wp-content\/uploads\/2024\/09\/photobank-62-12x12.jpg 12w, https:\/\/keweicorten.com\/wp-content\/uploads\/2024\/09\/photobank-62-100x100.jpg 100w\" sizes=\"(max-width: 300px) 100vw, 300px\" \/><h2 class=\"woocommerce-loop-product__title\">g\u00f6mb alak\u00fa t\u0171zrak\u00f3hely<\/h2>\n<\/a><a href=\"https:\/\/keweicorten.com\/hu\/tuzgomb\/\" aria-describedby=\"woocommerce_loop_add_to_cart_link_describedby_1293\" data-quantity=\"1\" class=\"button product_type_simple\" data-product_id=\"1293\" data-product_sku=\"\" aria-label=\"\u201cball shaped fire pit\u201d term\u00e9kr\u0151l t\u00f6bb inform\u00e1ci\u00f3\" rel=\"nofollow\" data-success_message=\"\" data-no-translation=\"\" data-trp-gettext=\"\" data-no-translation-aria-label=\"\">Tov\u00e1bb olvasom<\/a>\t<span id=\"woocommerce_loop_add_to_cart_link_describedby_1293\" class=\"screen-reader-text\">\n\t\t\t<\/span>\n<\/li>\n<li class=\"product type-product post-1110 status-publish last instock product_cat-corten-sculpture has-post-thumbnail shipping-taxable product-type-simple\">\n\t<a href=\"https:\/\/keweicorten.com\/hu\/szobor\/\" class=\"woocommerce-LoopProduct-link woocommerce-loop-product__link\"><img decoding=\"async\" width=\"300\" height=\"300\" src=\"https:\/\/keweicorten.com\/wp-content\/uploads\/2024\/09\/photobank-53-300x300.jpg\" class=\"attachment-woocommerce_thumbnail size-woocommerce_thumbnail\" alt=\"\" srcset=\"https:\/\/keweicorten.com\/wp-content\/uploads\/2024\/09\/photobank-53-300x300.jpg 300w, https:\/\/keweicorten.com\/wp-content\/uploads\/2024\/09\/photobank-53-150x150.jpg 150w, https:\/\/keweicorten.com\/wp-content\/uploads\/2024\/09\/photobank-53-12x12.jpg 12w, https:\/\/keweicorten.com\/wp-content\/uploads\/2024\/09\/photobank-53-600x600.jpg 600w, https:\/\/keweicorten.com\/wp-content\/uploads\/2024\/09\/photobank-53-100x100.jpg 100w, https:\/\/keweicorten.com\/wp-content\/uploads\/2024\/09\/photobank-53.jpg 700w\" sizes=\"(max-width: 300px) 100vw, 300px\" \/><h2 class=\"woocommerce-loop-product__title\">modern fali szobor<\/h2>\n<\/a><a href=\"https:\/\/keweicorten.com\/hu\/szobor\/\" aria-describedby=\"woocommerce_loop_add_to_cart_link_describedby_1110\" data-quantity=\"1\" class=\"button product_type_simple\" data-product_id=\"1110\" data-product_sku=\"\" aria-label=\"\u201cmodern wall sculpture\u201d term\u00e9kr\u0151l t\u00f6bb inform\u00e1ci\u00f3\" rel=\"nofollow\" data-success_message=\"\" data-no-translation=\"\" data-trp-gettext=\"\" data-no-translation-aria-label=\"\">Tov\u00e1bb olvasom<\/a>\t<span id=\"woocommerce_loop_add_to_cart_link_describedby_1110\" class=\"screen-reader-text\">\n\t\t\t<\/span>\n<\/li>\n<li class=\"product type-product post-1105 status-publish first instock product_cat-corten-sculpture has-post-thumbnail shipping-taxable product-type-simple\">\n\t<a href=\"https:\/\/keweicorten.com\/hu\/kerti-dekoracio\/\" class=\"woocommerce-LoopProduct-link woocommerce-loop-product__link\"><img loading=\"lazy\" decoding=\"async\" width=\"300\" height=\"300\" src=\"https:\/\/keweicorten.com\/wp-content\/uploads\/2024\/09\/wall-sculpture-300x300.jpg\" class=\"attachment-woocommerce_thumbnail size-woocommerce_thumbnail\" alt=\"\" srcset=\"https:\/\/keweicorten.com\/wp-content\/uploads\/2024\/09\/wall-sculpture-300x300.jpg 300w, https:\/\/keweicorten.com\/wp-content\/uploads\/2024\/09\/wall-sculpture-150x150.jpg 150w, https:\/\/keweicorten.com\/wp-content\/uploads\/2024\/09\/wall-sculpture-12x12.jpg 12w, https:\/\/keweicorten.com\/wp-content\/uploads\/2024\/09\/wall-sculpture-600x600.jpg 600w, https:\/\/keweicorten.com\/wp-content\/uploads\/2024\/09\/wall-sculpture-100x100.jpg 100w, https:\/\/keweicorten.com\/wp-content\/uploads\/2024\/09\/wall-sculpture.jpg 700w\" sizes=\"(max-width: 300px) 100vw, 300px\" \/><h2 class=\"woocommerce-loop-product__title\">kerti d\u00edszek \u00e9s szobrok<\/h2>\n<\/a><a href=\"https:\/\/keweicorten.com\/hu\/kerti-dekoracio\/\" aria-describedby=\"woocommerce_loop_add_to_cart_link_describedby_1105\" data-quantity=\"1\" class=\"button product_type_simple\" data-product_id=\"1105\" data-product_sku=\"\" aria-label=\"\u201cgarden ornaments and statues\u201d term\u00e9kr\u0151l t\u00f6bb inform\u00e1ci\u00f3\" rel=\"nofollow\" data-success_message=\"\" data-no-translation=\"\" data-trp-gettext=\"\" data-no-translation-aria-label=\"\">Tov\u00e1bb olvasom<\/a>\t<span id=\"woocommerce_loop_add_to_cart_link_describedby_1105\" class=\"screen-reader-text\">\n\t\t\t<\/span>\n<\/li>\n<\/ul>\n<\/div>\t\t\t\t<\/div>\n\t\t\t\t<\/div>\n\t\t\t\t<\/div>\n\t\t\t\t\t<\/div>\n\t\t\t\t<\/div>\n\t\t<div class=\"elementor-element elementor-element-4aaeca3 e-flex e-con-boxed e-con e-parent\" data-id=\"4aaeca3\" data-element_type=\"container\">\n\t\t\t\t\t<div class=\"e-con-inner\">\n\t\t\t\t<div class=\"elementor-element elementor-element-60f0c22 elementor-widget elementor-widget-text-editor\" data-id=\"60f0c22\" data-element_type=\"widget\" data-widget_type=\"text-editor.default\">\n\t\t\t\t<div class=\"elementor-widget-container\">\n\t\t\t\t\t\t\t\t\t<p data-start=\"83\" data-end=\"455\">Add a bold statement to your outdoor space with our handcrafted Corten steel sculptures. Designed to age beautifully with a natural rusted finish, each piece combines raw industrial texture with artistic form. Whether you&#8217;re enhancing a modern landscape or creating a focal point in your garden, Corten sculptures offer timeless character and weather-resistant durability.<\/p>\t\t\t\t\t\t\t\t<\/div>\n\t\t\t\t<\/div>\n\t\t\t\t\t<\/div>\n\t\t\t\t<\/div>\n\t\t\t\t<\/div>","protected":false},"excerpt":{"rendered":"<p>Corten sculpture Add a bold statement to your outdoor space with our handcrafted Corten steel sculptures. Designed to age beautifully with a natural rusted finish, each piece combines raw industrial texture with artistic form. Whether you&#8217;re enhancing a modern landscape or creating a focal point in your garden, Corten sculptures offer timeless character and weather-resistant [&hellip;]<\/p>","protected":false},"author":1,"featured_media":0,"parent":0,"menu_order":0,"comment_status":"closed","ping_status":"closed","template":"","meta":{"_eb_attr":"","_monsterinsights_skip_tracking":false,"_monsterinsights_sitenote_active":false,"_monsterinsights_sitenote_note":"","_monsterinsights_sitenote_category":0,"_uf_show_specific_survey":0,"_uf_disable_surveys":false,"footnotes":""},"class_list":["post-5032","page","type-page","status-publish","hentry"],"_links":{"self":[{"href":"https:\/\/keweicorten.com\/hu\/wp-json\/wp\/v2\/pages\/5032"}],"collection":[{"href":"https:\/\/keweicorten.com\/hu\/wp-json\/wp\/v2\/pages"}],"about":[{"href":"https:\/\/keweicorten.com\/hu\/wp-json\/wp\/v2\/types\/page"}],"author":[{"embeddable":true,"href":"https:\/\/keweicorten.com\/hu\/wp-json\/wp\/v2\/users\/1"}],"replies":[{"embeddable":true,"href":"https:\/\/keweicorten.com\/hu\/wp-json\/wp\/v2\/comments?post=5032"}],"version-history":[{"count":7,"href":"https:\/\/keweicorten.com\/hu\/wp-json\/wp\/v2\/pages\/5032\/revisions"}],"predecessor-version":[{"id":5041,"href":"https:\/\/keweicorten.com\/hu\/wp-json\/wp\/v2\/pages\/5032\/revisions\/5041"}],"wp:attachment":[{"href":"https:\/\/keweicorten.com\/hu\/wp-json\/wp\/v2\/media?parent=5032"}],"curies":[{"name":"wp","href":"https:\/\/api.w.org\/{rel}","templated":true}]}}