{"id":1006,"date":"2024-09-10T06:29:40","date_gmt":"2024-09-10T06:29:40","guid":{"rendered":"https:\/\/keweicorten.com\/?post_type=product&#038;p=1006"},"modified":"2025-01-15T06:28:19","modified_gmt":"2025-01-15T06:28:19","slug":"corten-feny","status":"publish","type":"product","link":"https:\/\/keweicorten.com\/hu\/corten-feny\/","title":{"rendered":"corten f\u00e9ny"},"content":{"rendered":"<h3>A corten f\u00e9ny tervez\u00e9se \u00e9s alkalmaz\u00e1sa:<\/h3>\n<h4>tervez\u00e9s<\/h4>\n<p>1. Anyagi jellemz\u0151k :<br \/>\nId\u0151j\u00e1r\u00e1s\u00e1ll\u00f3s\u00e1g : Az id\u0151j\u00e1r\u00e1s\u00e1ll\u00f3 ac\u00e9l kiv\u00e1l\u00f3 korr\u00f3zi\u00f3\u00e1ll\u00f3s\u00e1ggal \u00e9s oxid\u00e1ci\u00f3\u00e1ll\u00f3s\u00e1ggal rendelkezik, \u00e9s gyakori karbantart\u00e1s n\u00e9lk\u00fcl hossz\u00fa ideig haszn\u00e1lhat\u00f3 k\u00fclt\u00e9ri k\u00f6rnyezetben.<br \/>\nSz\u00ednv\u00e1ltoz\u00e1s : Amikor az id\u0151j\u00e1r\u00e1s\u00e1ll\u00f3 ac\u00e9l ki van t\u00e9ve a term\u00e9szetes k\u00f6rnyezetnek, fokozatosan kialakul egy v\u00e9d\u0151 rozsdar\u00e9teg, \u00edgy sz\u00edne egyedi v\u00f6r\u00f6sesbarna sz\u00ednt mutat, j\u00f3 eszt\u00e9tikai hat\u00e1ssal.<\/p>\n<p>2. Alak \u00e9s szerkezet :<br \/>\n- K\u00fcl\u00f6nb\u00f6z\u0151 form\u00e1kban \u00e9s m\u00e9retekben tervezhet\u0151, hogy megfeleljen a k\u00fcl\u00f6nb\u00f6z\u0151 k\u00f6rnyezeteknek \u00e9s ig\u00e9nyeknek. A leggyakoribb kialak\u00edt\u00e1sok k\u00f6z\u00e9 tartoznak a t\u00e9glalap alak\u00fa, a k\u00f6r alak\u00fa \u00e9s a szab\u00e1lytalan form\u00e1k.<br \/>\n- Tekintettel a f\u00e9nydoboz tartalm\u00e1nak megjelen\u00edt\u00e9s\u00e9re, h\u00e1romdimenzi\u00f3s, lapos, h\u00e1tt\u00e9rvil\u00e1g\u00edt\u00e1s\u00fa \u00e9s egy\u00e9b form\u00e1kban tervezhet\u0151.<\/p>\n<p>3.  Vil\u00e1g\u00edt\u00e1si hat\u00e1s :<br \/>\n- A corten l\u00e1mpa belseje LED-l\u00e1mp\u00e1kkal v\u00e1laszthat\u00f3 a hat\u00e9kony \u00e9s k\u00f6rnyezetbar\u00e1t megvil\u00e1g\u00edt\u00e1s \u00e9rdek\u00e9ben, mik\u00f6zben k\u00fcl\u00f6nb\u00f6z\u0151 f\u00e9nyer\u0151 \u00e9s sz\u00ednhat\u00e1sok \u00e9rhet\u0151ek el a vizu\u00e1lis vonzer\u0151 fokoz\u00e1sa \u00e9rdek\u00e9ben.<\/p>\n<p>4.  Funkcion\u00e1lis tervez\u00e9s :<br \/>\n- Figyelembe v\u00e9ve az id\u0151j\u00e1r\u00e1st, a tervez\u00e9snek biztos\u00edtania kell, hogy a f\u00e9nydoboz j\u00f3 v\u00edz\u00e1ll\u00f3 \u00e9s sz\u00e9l\u00e1ll\u00f3 tulajdons\u00e1gokkal rendelkezzen az elektromos alkatr\u00e9szek biztons\u00e1g\u00e1nak biztos\u00edt\u00e1sa \u00e9rdek\u00e9ben.<\/p>\n<h4>Alkalmaz\u00e1s<\/h4>\n<p>1. V\u00e1rosn\u00e9z\u00e9s :<br \/>\nAz id\u0151j\u00e1r\u00e1s\u00e1ll\u00f3 ac\u00e9l f\u00e9nydobozokat sz\u00e9les k\u00f6rben haszn\u00e1lj\u00e1k a v\u00e1rosi k\u00f6zt\u00e9ri m\u0171v\u00e9szetben \u00e9s a t\u00e1jtervez\u00e9sben a v\u00e1rosi kultur\u00e1lis l\u00e9gk\u00f6r \u00e9s sz\u00e9ps\u00e9g fokoz\u00e1s\u00e1ra.<\/p>\n<p>2. Kereskedelmi:<br \/>\nAz id\u0151j\u00e1r\u00e1s\u00e1ll\u00f3 ac\u00e9l egyedi megjelen\u00e9se miatt gyakran haszn\u00e1lj\u00e1k kereskedelmi f\u00e9nydobozk\u00e9nt, hogy felh\u00edvj\u00e1k a j\u00e1r\u00f3kel\u0151k figyelm\u00e9t.<\/p>\n<p>3. K\u00f6zleked\u00e9si utas\u00edt\u00e1sok :<br \/>\nK\u00f6zleked\u00e9si t\u00e1bl\u00e1kon, inform\u00e1ci\u00f3s t\u00e1bl\u00e1kon \u00e9s m\u00e1s helyeken haszn\u00e1lj\u00e1k, sz\u00e9p \u00e9s praktikus.<\/p>\n<p>4. K\u00f6z\u00f6ss\u00e9gi l\u00e9tes\u00edtm\u00e9nyek:<br \/>\nAz id\u0151j\u00e1r\u00e1s\u00e1ll\u00f3 ac\u00e9lb\u00f3l k\u00e9sz\u00fclt f\u00e9nydobozok telep\u00edt\u00e9se nyilv\u00e1nos terekben, p\u00e9ld\u00e1ul parkokban \u00e9s tereken, mind f\u00e9nyhat\u00e1st biztos\u00edthat, mind pedig inform\u00e1ci\u00f3s \u00e9s rekl\u00e1mhordoz\u00f3k\u00e9nt szolg\u00e1lhat.<\/p>\n<table class=\"table\" border=\"1\" cellspacing=\"1\" cellpadding=\"1\">\n<tbody>\n<tr>\n<td colspan=\"1\" rowspan=\"1\">Term\u00e9k neve<\/td>\n<td colspan=\"1\" rowspan=\"1\">Kerti \u00f6sv\u00e9ny f\u00e9nyek<\/td>\n<\/tr>\n<tr>\n<td colspan=\"1\" rowspan=\"1\">Anyag<\/td>\n<td colspan=\"1\" rowspan=\"1\">Corten ac\u00e9l<\/td>\n<\/tr>\n<tr>\n<td colspan=\"1\" rowspan=\"1\">Haszn\u00e1lat<\/td>\n<td colspan=\"1\" rowspan=\"1\">K\u00fclt\u00e9r Patio \u00datvonal T\u00e1jk\u00e9p Kert<\/td>\n<\/tr>\n<tr>\n<td colspan=\"1\" rowspan=\"1\">F\u00f6ld feletti magass\u00e1g (mm)<\/td>\n<td colspan=\"1\" rowspan=\"1\">800mm, 600mm<\/td>\n<\/tr>\n<tr>\n<td colspan=\"1\" rowspan=\"1\">\u00c1tm\u00e9r\u0151 \/ sz\u00e9less\u00e9g (mm)<\/td>\n<td colspan=\"1\" rowspan=\"1\">120mm, 150mm<\/td>\n<\/tr>\n<tr>\n<td colspan=\"1\" rowspan=\"1\">A  r\u00f6gz\u00edt\u00e9se<\/td>\n<td colspan=\"1\" rowspan=\"1\">Fel\u00fcletre \/ alaplemezre r\u00f6gz\u00edtett<\/td>\n<\/tr>\n<tr>\n<td colspan=\"1\" rowspan=\"1\">St\u00edlus<\/td>\n<td colspan=\"1\" rowspan=\"1\">Modern - K\u00fclt\u00e9ri p\u00e1zsitl\u00e1mpa<\/td>\n<\/tr>\n<tr>\n<td colspan=\"1\" rowspan=\"1\">Fel\u00fcletkezel\u00e9s<\/td>\n<td colspan=\"1\" rowspan=\"1\">Corten rozsda<\/td>\n<\/tr>\n<tr>\n<td colspan=\"1\" rowspan=\"1\">Tervez\u00e9s<\/td>\n<td colspan=\"1\" rowspan=\"1\">M\u0171v\u00e9szeti alkot\u00e1s<\/td>\n<\/tr>\n<tr>\n<td colspan=\"1\" rowspan=\"1\">Minta<\/td>\n<td colspan=\"1\" rowspan=\"1\">7 nap<\/td>\n<\/tr>\n<\/tbody>\n<\/table>\n<div class=\"kche-t104-item\">\n<div class=\"kche-t104-item-img\"><img fetchpriority=\"high\" decoding=\"async\" title=\"T\u00e1jk\u00e9pi kerti napelemes poller f\u00e9ny\" src=\"https:\/\/www.keweistove.com\/uploads\/39684\/products\/202403291605106e6cb.jpg?size=750x0\" alt=\"T\u00e1jk\u00e9pi kerti napelemes poller f\u00e9ny\" width=\"750\" height=\"750\" \/><\/div>\n<\/div>\n<div class=\"kche-t104-item\">\n<div class=\"kche-t104-item-img\"><img decoding=\"async\" title=\"Kerti \u00f6sv\u00e9ny f\u00e9nyek\" src=\"https:\/\/www.keweistove.com\/uploads\/39684\/products\/2024032916052398d2c.jpg?size=750x0\" alt=\"Kerti \u00f6sv\u00e9ny f\u00e9nyek\" width=\"750\" height=\"750\" \/><\/div>\n<\/div>\n<div class=\"kche-t104-item\">\n<div class=\"kche-t104-item-img\"><img decoding=\"async\" class=\"alignnone\" title=\"Legjobb id\u0151j\u00e1r\u00e1s\u00e1ll\u00f3 k\u00fclt\u00e9ri vil\u00e1g\u00edt\u00e1s\" src=\"https:\/\/www.keweistove.com\/uploads\/39684\/products\/20240329160540ec715.jpg?size=600x0\" alt=\"Legjobb id\u0151j\u00e1r\u00e1s\u00e1ll\u00f3 k\u00fclt\u00e9ri vil\u00e1g\u00edt\u00e1s\" width=\"751\" height=\"751\" \/><\/div>\n<div class=\"kche-t104-item-text\">\n<p class=\"kche-t94-tit\">GYIK<\/p>\n<div class=\"kche-t94-bottom\">\n<div class=\"kche-t94-bottom-r\">\n<div id=\"kchet94Accordion\">\n<div class=\"kche-t94-bottom-item\">\n<p class=\"kche-t94-item-tit\">K\u00e9rd\u00e9s: Hogyan lehetnek v\u00edz\u00e1ll\u00f3ak a k\u00fclt\u00e9ri l\u00e1mp\u00e1k?<\/p>\n<div class=\"kche-t94-bottom-item\">\n<div class=\"kche-t94-item-box\">V\u00e1lasz: A k\u00fclt\u00e9ri vil\u00e1g\u00edt\u00e1s \u00e1ltal\u00e1ban v\u00edz\u00e1ll\u00f3 kialak\u00edt\u00e1s\u00fa, p\u00e9ld\u00e1ul IP65 v\u00edz\u00e1ll\u00f3 min\u0151s\u00edt\u00e9s\u0171, hogy es\u0151s id\u0151j\u00e1r\u00e1s ne befoly\u00e1solja.<\/div>\n<\/div>\n<div class=\"kche-t94-bottom-item\"><\/div>\n<\/div>\n<div class=\"kche-t94-bottom-item\">\n<p class=\"kche-t94-item-tit\">K\u00e9rd\u00e9s: Milyen f\u00e9nyforr\u00e1st haszn\u00e1lnak a k\u00fclt\u00e9ri vil\u00e1g\u00edt\u00e1shoz az energiatakar\u00e9koss\u00e1g \u00e9rdek\u00e9ben?<\/p>\n<div class=\"kche-t94-bottom-item\">\n<div class=\"kche-t94-item-box\">V\u00e1lasz: A LED-l\u00e1mp\u00e1k energiatakar\u00e9kosabb v\u00e1laszt\u00e1s, alacsony energiafogyaszt\u00e1s, hossz\u00fa \u00e9lettartam, nagy f\u00e9nyer\u0151.<\/div>\n<\/div>\n<div class=\"kche-t94-bottom-item\"><\/div>\n<\/div>\n<div class=\"kche-t94-bottom-item\">\n<p class=\"kche-t94-item-tit\">K\u00e9rd\u00e9s: Hogyan kell tiszt\u00edtani a k\u00fclt\u00e9ri vil\u00e1g\u00edt\u00e1st?<\/p>\n<div class=\"kche-t94-bottom-item\">\n<div class=\"kche-t94-item-box\">V\u00e1lasz: A fel\u00fcletet tiszta, puha ruh\u00e1val t\u00f6r\u00f6lje \u00e1t, \u00e9s tiszt\u00edt\u00e1s el\u0151tt gondoskodjon arr\u00f3l, hogy a l\u00e1mpa ki legyen kapcsolva, \u00e9s hagyja kih\u0171lni.<\/div>\n<\/div>\n<div class=\"kche-t94-bottom-item\"><\/div>\n<\/div>\n<div class=\"kche-t94-bottom-item\">\n<p class=\"kche-t94-item-tit\">K\u00e9rd\u00e9s: Mi az oka a k\u00fclt\u00e9ri l\u00e1mp\u00e1k gyakori villog\u00e1s\u00e1nak?<\/p>\n<div class=\"kche-wrap-width\">\n<div class=\"kche-t94\">\n<div class=\"kche-t94-content\">\n<div class=\"kche-t94-bottom\">\n<div class=\"kche-t94-bottom-r\">\n<div id=\"kchet94Accordion\">\n<div class=\"kche-t94-bottom-item\">\n<div class=\"kche-t94-item-box\">V\u00e1lasz: Ezt okozhatja rossz \u00e9rintkez\u00e9s, vezet\u00e9khiba, el\u00f6reged\u0151 f\u00e9nyforr\u00e1s \u00e9s egy\u00e9b okok, \u00e9s id\u0151ben meg kell jav\u00edtani.<\/div>\n<\/div>\n<\/div>\n<\/div>\n<\/div>\n<\/div>\n<\/div>\n<\/div>\n<\/div>\n<\/div>\n<\/div>\n<\/div>\n<\/div>\n<\/div>","protected":false},"excerpt":{"rendered":"<p>Az id\u0151j\u00e1r\u00e1s\u00e1ll\u00f3 ac\u00e9l f\u00e9nydobozok tart\u00f3ss\u00e1guk, egyedi megjelen\u00e9s\u00fck \u00e9s v\u00e1ltozatos alkalmaz\u00e1si forgat\u00f3k\u00f6nyveik miatt fokozatosan n\u00e9pszer\u0171 v\u00e1laszt\u00e1ss\u00e1 v\u00e1ltak a v\u00e1rosi tervez\u00e9sben \u00e9s a rekl\u00e1moz\u00e1sban. A tervez\u00e9s \u00e9s az alkalmaz\u00e1s sor\u00e1n vegye figyelembe id\u0151j\u00e1r\u00e1s\u00e1ll\u00f3s\u00e1g\u00e1t, eszt\u00e9tik\u00e1j\u00e1t \u00e9s praktikuss\u00e1g\u00e1t, jobban megfelelhet a piaci ig\u00e9nyeknek.<\/p>","protected":false},"featured_media":1007,"comment_status":"open","ping_status":"closed","template":"","meta":{"_eb_attr":"","_monsterinsights_skip_tracking":false,"_monsterinsights_sitenote_active":false,"_monsterinsights_sitenote_note":"","_monsterinsights_sitenote_category":0,"_uf_show_specific_survey":0,"_uf_disable_surveys":false},"product_brand":[],"product_cat":[61],"product_tag":[],"class_list":{"0":"post-1006","1":"product","2":"type-product","3":"status-publish","4":"has-post-thumbnail","6":"product_cat-light-post","8":"first","9":"instock","10":"shipping-taxable","11":"product-type-simple"},"_links":{"self":[{"href":"https:\/\/keweicorten.com\/hu\/wp-json\/wp\/v2\/product\/1006"}],"collection":[{"href":"https:\/\/keweicorten.com\/hu\/wp-json\/wp\/v2\/product"}],"about":[{"href":"https:\/\/keweicorten.com\/hu\/wp-json\/wp\/v2\/types\/product"}],"replies":[{"embeddable":true,"href":"https:\/\/keweicorten.com\/hu\/wp-json\/wp\/v2\/comments?post=1006"}],"version-history":[{"count":2,"href":"https:\/\/keweicorten.com\/hu\/wp-json\/wp\/v2\/product\/1006\/revisions"}],"predecessor-version":[{"id":1013,"href":"https:\/\/keweicorten.com\/hu\/wp-json\/wp\/v2\/product\/1006\/revisions\/1013"}],"wp:featuredmedia":[{"embeddable":true,"href":"https:\/\/keweicorten.com\/hu\/wp-json\/wp\/v2\/media\/1007"}],"wp:attachment":[{"href":"https:\/\/keweicorten.com\/hu\/wp-json\/wp\/v2\/media?parent=1006"}],"wp:term":[{"taxonomy":"product_brand","embeddable":true,"href":"https:\/\/keweicorten.com\/hu\/wp-json\/wp\/v2\/product_brand?post=1006"},{"taxonomy":"product_cat","embeddable":true,"href":"https:\/\/keweicorten.com\/hu\/wp-json\/wp\/v2\/product_cat?post=1006"},{"taxonomy":"product_tag","embeddable":true,"href":"https:\/\/keweicorten.com\/hu\/wp-json\/wp\/v2\/product_tag?post=1006"}],"curies":[{"name":"wp","href":"https:\/\/api.w.org\/{rel}","templated":true}]}}