{"id":1017,"date":"2024-09-11T02:32:17","date_gmt":"2024-09-11T02:32:17","guid":{"rendered":"https:\/\/keweicorten.com\/?post_type=product&#038;p=1017"},"modified":"2025-01-15T06:28:01","modified_gmt":"2025-01-15T06:28:01","slug":"corten-acel-lampak","status":"publish","type":"product","link":"https:\/\/keweicorten.com\/hu\/corten-acel-lampak\/","title":{"rendered":"corten ac\u00e9l l\u00e1mp\u00e1k"},"content":{"rendered":"<h2>Corten ac\u00e9l l\u00e1mp\u00e1k alkalmaz\u00e1sa a modern otthonban<\/h2>\n<ol>\n<li>Belt\u00e9ri vil\u00e1g\u00edt\u00e1s : A Corten ac\u00e9l l\u00e1mp\u00e1k a bels\u0151\u00e9p\u00edt\u00e9szet r\u00e9szek\u00e9nt haszn\u00e1lhat\u00f3k, hogy egyedi ipari st\u00edlust biztos\u00edtsanak, alkalmasak a nappaliban, konyh\u00e1ban vagy \u00e9tkez\u0151ben \u00e9s m\u00e1s terekben. Egyedi f\u00e9mes text\u00far\u00e1ja divatot k\u00f6lcs\u00f6n\u00f6z a modern otthonoknak.<\/li>\n<li>K\u00fclt\u00e9ri vil\u00e1g\u00edt\u00e1s: Mivel az id\u0151j\u00e1r\u00e1s\u00e1ll\u00f3 ac\u00e9l j\u00f3 korr\u00f3zi\u00f3\u00e1ll\u00f3s\u00e1ggal rendelkezik, az id\u0151j\u00e1r\u00e1s\u00e1ll\u00f3 ac\u00e9ll\u00e1mp\u00e1k nagyon alkalmasak k\u00fclt\u00e9ri k\u00f6rnyezetbe, p\u00e9ld\u00e1ul udvar, erk\u00e9ly \u00e9s terasz vil\u00e1g\u00edt\u00e1s\u00e1ra. Minden id\u0151j\u00e1r\u00e1si k\u00f6r\u00fclm\u00e9nynek ellen\u00e1llnak, \u00e9s hossz\u00fa \u00e9lettartamot biztos\u00edtanak.<\/li>\n<li>M\u0171v\u00e9szeti install\u00e1ci\u00f3: Sok tervez\u0151 m\u0171v\u00e9szeti install\u00e1ci\u00f3k\u00e9nt haszn\u00e1lja a cortenac\u00e9l l\u00e1mp\u00e1kat, hogy egyedi form\u00e1k, f\u00e9ny- \u00e9s \u00e1rny\u00e9khat\u00e1sok r\u00e9v\u00e9n fokozza a t\u00e9r vizu\u00e1lis hat\u00e1s\u00e1t. Ez a falba vagy mennyezetbe \u00e1gyazott diz\u00e1jn gyakran a bels\u0151 t\u00e9r k\u00f6z\u00e9ppontj\u00e1v\u00e1 v\u00e1lik.<\/li>\n<li>Funkcion\u00e1lis munkavil\u00e1g\u00edt\u00e1s : Az otthoni munkater\u00fcleten a corten ac\u00e9l l\u00e1mp\u00e1k funkcion\u00e1lis vil\u00e1g\u00edt\u00e1sk\u00e9nt is haszn\u00e1lhat\u00f3k, elegend\u0151 f\u00e9nyer\u0151t biztos\u00edtva a munka ig\u00e9nyeinek kiel\u00e9g\u00edt\u00e9s\u00e9hez. Egyszer\u0171 kialak\u00edt\u00e1s\u00e1val sz\u00e1mos b\u00fatorst\u00edlusba integr\u00e1lhat\u00f3.<\/li>\n<li>\u00a0K\u00f6rnyezetv\u00e9delem \u00e9s fenntarthat\u00f3 tervez\u00e9s.<\/li>\n<\/ol>\n<figure style=\"width: 750px\" class=\"wp-caption alignnone\"><a href=\"https:\/\/keweicorten.com\/hu\/kapcsolatfelvetel\/\"><img fetchpriority=\"high\" decoding=\"async\" title=\"corten f\u00e9ny\" src=\"https:\/\/sc04.alicdn.com\/kf\/A4a230982885047639f8ccbda507af4993\/276435419\/A4a230982885047639f8ccbda507af4993.jpg\" alt=\"\" width=\"750\" height=\"454\" \/><\/a><figcaption class=\"wp-caption-text\">corten f\u00e9ny<\/figcaption><\/figure>\n<table class=\"has-title all magic-7\" style=\"height: 293px;\" width=\"668\">\n<tbody>\n<tr>\n<td colspan=\"1\" rowspan=\"1\">\n<div class=\"magic-8\" data-spm-anchor-id=\"a2700.details.0.i42.4bb41cbbhIX01D\">t\u00e9tel<\/div>\n<\/td>\n<td colspan=\"1\" rowspan=\"1\">\n<div class=\"magic-9\">\u00e9rt\u00e9k<\/div>\n<\/td>\n<\/tr>\n<tr>\n<td colspan=\"1\" rowspan=\"1\">\n<div class=\"magic-8\">T\u00edpus<\/div>\n<\/td>\n<td colspan=\"1\" rowspan=\"1\">\n<div class=\"magic-9\">Kerti f\u00e9ny<\/div>\n<\/td>\n<\/tr>\n<tr>\n<td colspan=\"1\" rowspan=\"1\">\n<div class=\"magic-8\">Sz\u00e1rmaz\u00e1si hely<\/div>\n<\/td>\n<td colspan=\"1\" rowspan=\"1\">\n<div class=\"magic-9\">Henan, K\u00edna<\/div>\n<\/td>\n<\/tr>\n<tr>\n<td colspan=\"1\" rowspan=\"1\">\n<div class=\"magic-8\">M\u00e1rkan\u00e9v<\/div>\n<\/td>\n<td colspan=\"1\" rowspan=\"1\">\n<div class=\"magic-9\">shkw<\/div>\n<\/td>\n<\/tr>\n<tr>\n<td colspan=\"1\" rowspan=\"1\">\n<div class=\"magic-8\">Modellsz\u00e1m<\/div>\n<\/td>\n<td colspan=\"1\" rowspan=\"1\">\n<div class=\"magic-9\">shkw-CL-111<\/div>\n<\/td>\n<\/tr>\n<tr>\n<td colspan=\"1\" rowspan=\"1\">\n<div class=\"magic-8\">Anyag<\/div>\n<\/td>\n<td colspan=\"1\" rowspan=\"1\">\n<div class=\"magic-9\">Corten ac\u00e9l<\/div>\n<\/td>\n<\/tr>\n<tr>\n<td colspan=\"1\" rowspan=\"1\">\n<div class=\"magic-8\">Haszn\u00e1lat<\/div>\n<\/td>\n<td colspan=\"1\" rowspan=\"1\">\n<div class=\"magic-9\">K\u00fclt\u00e9ri dekor\u00e1ci\u00f3<\/div>\n<\/td>\n<\/tr>\n<tr>\n<td colspan=\"1\" rowspan=\"1\">\n<div class=\"magic-8\">Sz\u00ednes<\/div>\n<\/td>\n<td colspan=\"1\" rowspan=\"1\">\n<div class=\"magic-9\">Rozsd\u00e1s piros<\/div>\n<\/td>\n<\/tr>\n<tr>\n<td colspan=\"1\" rowspan=\"1\">\n<div class=\"magic-8\">Haszn\u00e1lat<\/div>\n<\/td>\n<td colspan=\"1\" rowspan=\"1\">\n<div class=\"magic-9\">Otthoni kert dekor\u00e1ci\u00f3 f\u00e9ny<\/div>\n<\/td>\n<\/tr>\n<tr>\n<td colspan=\"1\" rowspan=\"1\">\n<div class=\"magic-8\">M\u00e9ret<\/div>\n<\/td>\n<td colspan=\"1\" rowspan=\"1\">\n<div class=\"magic-9\">150mm, 300mm, stb.<\/div>\n<\/td>\n<\/tr>\n<tr>\n<td colspan=\"1\" rowspan=\"1\">\n<div class=\"magic-8\">Shape<\/div>\n<\/td>\n<td colspan=\"1\" rowspan=\"1\">\n<div class=\"magic-9\">N\u00e9gyzet<\/div>\n<\/td>\n<\/tr>\n<tr>\n<td colspan=\"1\" rowspan=\"1\">\n<div class=\"magic-8\">Alkalmas(k\u00f6rnyezet)<\/div>\n<\/td>\n<td colspan=\"1\" rowspan=\"1\">\n<div class=\"magic-9\">K\u00fclt\u00e9ri h\u00e1ts\u00f3 udvar kert<\/div>\n<\/td>\n<\/tr>\n<\/tbody>\n<\/table>\n<h2>Mi\u00e9rt v\u00e1lassza a kiv\u00e1l\u00f3 min\u0151s\u00e9g\u0171 Corten ac\u00e9l l\u00e1mp\u00e1kat?<\/h2>\n<ul>\n<li>Id\u0151j\u00e1r\u00e1s\u00e1ll\u00f3s\u00e1g : A Corten ac\u00e9l, vagy id\u0151j\u00e1r\u00e1s\u00e1ll\u00f3 ac\u00e9l, nagyfok\u00fa korr\u00f3zi\u00f3\u00e1ll\u00f3s\u00e1ggal \u00e9s id\u0151j\u00e1r\u00e1s\u00e1ll\u00f3s\u00e1ggal rendelkezik. Miut\u00e1n fel\u00fclet\u00e9t leveg\u0151nek \u00e9s v\u00edznek teszik ki, egy v\u00e9d\u0151 oxidr\u00e9teg k\u00e9pz\u0151dik, amely megakad\u00e1lyozza a tov\u00e1bbi korr\u00f3zi\u00f3t, biztos\u00edtva, hogy a l\u00e1mpa hossz\u00fa ideig haszn\u00e1lhat\u00f3 legyen a legk\u00fcl\u00f6nb\u00f6z\u0151bb \u00e9ghajlati viszonyok k\u00f6z\u00f6tt.<\/li>\n<li>Egyed\u00fcl\u00e1ll\u00f3 eszt\u00e9tika : A Corten ac\u00e9l term\u00e9szetes oxid\u00e1ci\u00f3s sz\u00edne (rozsdav\u00f6r\u00f6s) egyed\u00fcl\u00e1ll\u00f3, amely m\u0171v\u00e9szi \u00e9s ipari st\u00edlust k\u00f6lcs\u00f6n\u00f6zhet egy modern otthon vagy kerti t\u00e9rnek, \u00edgy dekorat\u00edv \u00e9s praktikus v\u00e1laszt\u00e1s.<\/li>\n<li>Alacsony fenntart\u00e1si k\u00f6lts\u00e9g: Anyagi jellemz\u0151i miatt, \u00e9s a Corten ac\u00e9l l\u00e1mp\u00e1k kev\u00e9s karbantart\u00e1st ig\u00e9nyelnek, a hagyom\u00e1nyos f\u00e9ml\u00e1mp\u00e1khoz k\u00e9pest nem ig\u00e9nyel rendszeres fest\u00e9st vagy rozsd\u00e1t megel\u0151z\u0151 kezel\u00e9st, ez\u00e1ltal cs\u00f6kkentve a hossz\u00fa t\u00e1v\u00fa haszn\u00e1lat karbantart\u00e1si k\u00f6lts\u00e9geit.<\/li>\n<li>K\u00f6rnyezetv\u00e9delem : A Corten ac\u00e9l meg\u00fajul\u00f3, \u00fajrahasznos\u00edthat\u00f3 anyag, a mai t\u00e1rsadalom k\u00f6rnyezetv\u00e9delemmel \u00e9s fenntarthat\u00f3 fejl\u0151d\u00e9ssel kapcsolatos k\u00f6vetelm\u00e9nyeinek megfelel\u0151en ide\u00e1lis v\u00e1laszt\u00e1s a k\u00f6rnyezetbar\u00e1t fogyaszt\u00f3k sz\u00e1m\u00e1ra.<\/li>\n<li>Sokoldal\u00fas\u00e1g : A Corten ac\u00e9l l\u00e1mp\u00e1k k\u00fcl\u00f6nb\u00f6z\u0151 helysz\u00edneken, p\u00e9ld\u00e1ul belt\u00e9ri, udvari vagy nyilv\u00e1nos helyeken haszn\u00e1lhat\u00f3k. Funkcion\u00e1lis vil\u00e1g\u00edt\u00e1sk\u00e9nt vagy m\u0171v\u00e9szeti install\u00e1ci\u00f3k\u00e9nt is haszn\u00e1lhat\u00f3k, sz\u00e1mos tervez\u00e9si lehet\u0151s\u00e9get k\u00edn\u00e1lva.<\/li>\n<li>Er\u0151 \u00e9s tart\u00f3ss\u00e1g : A kiv\u00e1l\u00f3 min\u0151s\u00e9g\u0171 Corten ac\u00e9ll\u00e1mp\u00e1k nem csak eszt\u00e9tikailag kiv\u00e1l\u00f3ak, \u00e9s er\u0151s fizikai tulajdons\u00e1gaiknak k\u00f6sz\u00f6nhet\u0151en k\u00e9pesek ellen\u00e1llni a zord k\u00f6rnyezetnek \u00e9s az \u00fct\u00e9seknek, hogy hossz\u00fa t\u00e1v\u00fa stabil haszn\u00e1latot biztos\u00edtsanak.<\/li>\n<\/ul>\n<figure style=\"width: 571px\" class=\"wp-caption alignleft\"><a href=\"https:\/\/keweicorten.com\/hu\/kapcsolatfelvetel\/\"><img decoding=\"async\" class=\"\" title=\"corten f\u00e9ny\" src=\"https:\/\/sc04.alicdn.com\/kf\/Hf1c5940816064e23ad3e6f0628593234c\/276435419\/Hf1c5940816064e23ad3e6f0628593234c.jpg\" alt=\"\" width=\"571\" height=\"571\" \/><\/a><figcaption class=\"wp-caption-text\">corten ac\u00e9l f\u00e9ny<\/figcaption><\/figure>\n<ul>\n<li><span data-spm-anchor-id=\"a2700.details.0.i39.746b59567TvLlT\">A Bollard Lights a rozsd\u00e1s megjelen\u00e9st\u0151l \u00e9s a k\u00fclt\u00e9ri teret k\u00fcl\u00f6nleges jelent\u00e9ssel ruh\u00e1zza fel.<\/span><\/li>\n<\/ul>\n<p>A meleg rozsd\u00e1s megjelen\u00e9st a felhaszn\u00e1lt CORTEN ac\u00e9l speci\u00e1lis k\u00e9miai kezel\u00e9s\u00e9vel \u00e9rik el.<\/p>\n<p>&nbsp;<\/p>\n<ul>\n<li><span data-spm-anchor-id=\"a2700.details.0.i41.746b59567TvLlT\">A k\u00fclt\u00e9ri corten ac\u00e9l dekor\u00e1ci\u00f3 \u00faj technol\u00f3gi\u00e1t alkalmaz a fenntarthat\u00f3 fejl\u0151d\u00e9s \u00e9s az innov\u00e1ci\u00f3 \u00e9rdek\u00e9ben,<\/span>\u00e9s a vil\u00e1g legjobb ac\u00e9ltechnol\u00f3gi\u00e1j\u00e1v\u00e1 v\u00e1lik.Ez teszi a kerti gyepszeg\u00e9lyeket egyedi darabokk\u00e1 \u00e9s k\u00fcl\u00f6nleges elemm\u00e9, b\u00e1rhol is helyezik el \u0151ket.<\/li>\n<\/ul>","protected":false},"excerpt":{"rendered":"<p>\u00c1ltal\u00e1noss\u00e1gban elmondhat\u00f3, hogy az id\u0151j\u00e1r\u00e1s\u00e1ll\u00f3 ac\u00e9ll\u00e1mp\u00e1k nemcsak tart\u00f3ss\u00e1ggal \u00e9s eszt\u00e9tik\u00e1val rendelkeznek, hanem a modern otthonok tervez\u00e9si koncepci\u00f3j\u00e1val is kombin\u00e1lhat\u00f3k, hogy az otthoni k\u00f6rnyezet fontos elem\u00e9v\u00e9 v\u00e1ljanak.<\/p>","protected":false},"featured_media":1087,"comment_status":"open","ping_status":"closed","template":"","meta":{"_eb_attr":"","_monsterinsights_skip_tracking":false,"_monsterinsights_sitenote_active":false,"_monsterinsights_sitenote_note":"","_monsterinsights_sitenote_category":0,"_uf_show_specific_survey":0,"_uf_disable_surveys":false},"product_brand":[],"product_cat":[61],"product_tag":[],"class_list":{"0":"post-1017","1":"product","2":"type-product","3":"status-publish","4":"has-post-thumbnail","6":"product_cat-light-post","8":"first","9":"instock","10":"shipping-taxable","11":"product-type-simple"},"_links":{"self":[{"href":"https:\/\/keweicorten.com\/hu\/wp-json\/wp\/v2\/product\/1017"}],"collection":[{"href":"https:\/\/keweicorten.com\/hu\/wp-json\/wp\/v2\/product"}],"about":[{"href":"https:\/\/keweicorten.com\/hu\/wp-json\/wp\/v2\/types\/product"}],"replies":[{"embeddable":true,"href":"https:\/\/keweicorten.com\/hu\/wp-json\/wp\/v2\/comments?post=1017"}],"version-history":[{"count":2,"href":"https:\/\/keweicorten.com\/hu\/wp-json\/wp\/v2\/product\/1017\/revisions"}],"predecessor-version":[{"id":1089,"href":"https:\/\/keweicorten.com\/hu\/wp-json\/wp\/v2\/product\/1017\/revisions\/1089"}],"wp:featuredmedia":[{"embeddable":true,"href":"https:\/\/keweicorten.com\/hu\/wp-json\/wp\/v2\/media\/1087"}],"wp:attachment":[{"href":"https:\/\/keweicorten.com\/hu\/wp-json\/wp\/v2\/media?parent=1017"}],"wp:term":[{"taxonomy":"product_brand","embeddable":true,"href":"https:\/\/keweicorten.com\/hu\/wp-json\/wp\/v2\/product_brand?post=1017"},{"taxonomy":"product_cat","embeddable":true,"href":"https:\/\/keweicorten.com\/hu\/wp-json\/wp\/v2\/product_cat?post=1017"},{"taxonomy":"product_tag","embeddable":true,"href":"https:\/\/keweicorten.com\/hu\/wp-json\/wp\/v2\/product_tag?post=1017"}],"curies":[{"name":"wp","href":"https:\/\/api.w.org\/{rel}","templated":true}]}}