{"id":1090,"date":"2024-09-11T03:01:04","date_gmt":"2024-09-11T03:01:04","guid":{"rendered":"https:\/\/keweicorten.com\/?post_type=product&#038;p=1090"},"modified":"2025-01-15T06:18:33","modified_gmt":"2025-01-15T06:18:33","slug":"nagy-kulteri-viragcserepek","status":"publish","type":"product","link":"https:\/\/keweicorten.com\/hu\/nagy-kulteri-viragcserepek\/","title":{"rendered":"nagy k\u00fclt\u00e9ri vir\u00e1gcserepek"},"content":{"rendered":"<h2>Az id\u0151j\u00e1r\u00e1s\u00e1ll\u00f3 ac\u00e9l k\u00fclt\u00e9ri vir\u00e1gcser\u00e9p el\u0151nyei \u00e9s alkalmaz\u00e1sai\uff1a<\/h2>\n<hr \/>\n<p>Az id\u0151j\u00e1r\u00e1s\u00e1ll\u00f3 ac\u00e9l kiv\u00e1l\u00f3 korr\u00f3zi\u00f3\u00e1ll\u00f3s\u00e1ggal \u00e9s id\u0151j\u00e1r\u00e1s\u00e1ll\u00f3s\u00e1ggal rendelkezik, \u00e9s stabil teljes\u00edtm\u00e9nyt k\u00e9pes fenntartani k\u00fcl\u00f6nb\u00f6z\u0151 \u00e9ghajlati k\u00f6r\u00fclm\u00e9nyek k\u00f6z\u00f6tt. Ezenk\u00edv\u00fcl egyed\u00fcl\u00e1ll\u00f3 rozsd\u00e1s megjelen\u00e9se nemcsak az eszt\u00e9tik\u00e1t n\u00f6veli, hanem harmonikusan illeszkedik a term\u00e9szeti k\u00f6rnyezetbe is.<\/p>\n<p>&nbsp;<\/p>\n<figure id=\"attachment_1091\" aria-describedby=\"caption-attachment-1091\" style=\"width: 794px\" class=\"wp-caption alignleft\"><img fetchpriority=\"high\" decoding=\"async\" class=\"wp-image-1091\" src=\"https:\/\/keweicorten.com\/wp-content\/uploads\/2024\/09\/\u5fae\u4fe1\u56fe\u7247_20230707144213-300x300.jpg\" alt=\"\" width=\"794\" height=\"794\" srcset=\"https:\/\/keweicorten.com\/wp-content\/uploads\/2024\/09\/\u5fae\u4fe1\u56fe\u7247_20230707144213-300x300.jpg 300w, https:\/\/keweicorten.com\/wp-content\/uploads\/2024\/09\/\u5fae\u4fe1\u56fe\u7247_20230707144213-150x150.jpg 150w, https:\/\/keweicorten.com\/wp-content\/uploads\/2024\/09\/\u5fae\u4fe1\u56fe\u7247_20230707144213-12x12.jpg 12w, https:\/\/keweicorten.com\/wp-content\/uploads\/2024\/09\/\u5fae\u4fe1\u56fe\u7247_20230707144213-600x600.jpg 600w, https:\/\/keweicorten.com\/wp-content\/uploads\/2024\/09\/\u5fae\u4fe1\u56fe\u7247_20230707144213-100x100.jpg 100w, https:\/\/keweicorten.com\/wp-content\/uploads\/2024\/09\/\u5fae\u4fe1\u56fe\u7247_20230707144213.jpg 750w\" sizes=\"(max-width: 794px) 100vw, 794px\" \/><figcaption id=\"caption-attachment-1091\" class=\"wp-caption-text\">corten vir\u00e1g por<\/figcaption><\/figure>\n<h3><\/h3>\n<h3><\/h3>\n<h3><\/h3>\n<h3><\/h3>\n<h3><\/h3>\n<h3><\/h3>\n<h3><\/h3>\n<h3><\/h3>\n<h3><\/h3>\n<h3><\/h3>\n<h3><\/h3>\n<h3><\/h3>\n<h3><\/h3>\n<h3><\/h3>\n<h3><\/h3>\n<h3><\/h3>\n<h3><\/h3>\n<h3><\/h3>\n<h3><\/h3>\n<h3>a nagy k\u00fclt\u00e9ri vir\u00e1gcserepek el\u0151nyei\uff1a<\/h3>\n<ul>\n<li>Tart\u00f3ss\u00e1g: A vir\u00e1gcser\u00e9p id\u0151j\u00e1r\u00e1s\u00e1ll\u00f3 ac\u00e9lb\u00f3l k\u00e9sz\u00fclt, ellen\u00e1ll a sz\u00e9ls\u0151s\u00e9ges id\u0151j\u00e1r\u00e1si k\u00f6r\u00fclm\u00e9nyeknek, hossz\u00fa \u00e9lettartam\u00fa.<br \/>\nAlacsony fenntart\u00e1si k\u00f6lts\u00e9g: A korr\u00f3zi\u00f3\u00e1ll\u00f3s\u00e1gnak k\u00f6sz\u00f6nhet\u0151en cs\u00f6kken a karbantart\u00e1s \u00e9s a csere gyakoris\u00e1ga.<br \/>\nEszt\u00e9tika: A kert\u00e9szeti dekor\u00e1ci\u00f3 kiemelked\u0151 eleme.<br \/>\nK\u00f6rnyezetv\u00e9delem: A fenntarthat\u00f3 fejl\u0151d\u00e9s koncepci\u00f3j\u00e1val \u00f6sszhangban az id\u0151j\u00e1r\u00e1s\u00e1ll\u00f3 ac\u00e9l \u00fajrahasznos\u00edthat\u00f3.<\/li>\n<\/ul>\n<h3>a nagym\u00e9ret\u0171 k\u00fclt\u00e9ri vir\u00e1gcserepek alkalmaz\u00e1si forgat\u00f3k\u00f6nyve\uff1a<\/h3>\n<ul>\n<li>Az ac\u00e9l vir\u00e1gcser\u00e9p sz\u00e1mos alkalomra alkalmas, bele\u00e9rtve a v\u00e1rosi parkokat, kereskedelmi tereket, mag\u00e1nkerteket \u00e9s \u00edgy tov\u00e1bb. V\u00e1ltozatos kialak\u00edt\u00e1sa \u00e9s m\u00e9retv\u00e1laszt\u00e9kai lehet\u0151v\u00e9 teszik, hogy megfeleljen a k\u00fcl\u00f6nb\u00f6z\u0151 k\u00f6rnyezetek \u00e9s ig\u00e9nyek k\u00f6vetelm\u00e9nyeinek.<\/li>\n<li>Az id\u0151j\u00e1r\u00e1s\u00e1ll\u00f3 ac\u00e9lb\u00f3l k\u00e9sz\u00fclt k\u00fclt\u00e9ri vir\u00e1gcserepek kiv\u00e1l\u00f3 teljes\u00edtm\u00e9ny\u00fck \u00e9s gy\u00f6ny\u00f6r\u0171 megjelen\u00e9s\u00fck miatt a modern kert\u00e9szeti tervez\u00e9s fontos v\u00e1laszt\u00e1s\u00e1v\u00e1 v\u00e1ltak. Az emberek k\u00f6rnyezetsz\u00e9p\u00edt\u00e9sre \u00e9s fenntarthat\u00f3 fejl\u0151d\u00e9sre ir\u00e1nyul\u00f3 figyelm\u00e9vel az id\u0151j\u00e1r\u00e1s\u00e1ll\u00f3 ac\u00e9l vir\u00e1gcserepek alkalmaz\u00e1si kil\u00e1t\u00e1sai sz\u00e9lesebbek lesznek.<\/li>\n<\/ul>\n<table border=\"1\">\n<tbody>\n<tr>\n<td><span data-spm-anchor-id=\"a2700.details.0.i39.14133542hOt861\">Term\u00e9k neve<\/span><\/td>\n<td data-spm-anchor-id=\"a2700.details.0.i43.14133542hOt861\">Corten ac\u00e9l k\u00fclt\u00e9ri n\u00f6v\u00e9ny doboz Egyedi kerti n\u00f6v\u00e9ny vir\u00e1gcserepek k\u00fclt\u00e9ri doboz Corten ac\u00e9l kocka \u00fcltetv\u00e9nyes<\/td>\n<\/tr>\n<tr>\n<td data-spm-anchor-id=\"a2700.details.0.i40.14133542hOt861\">Anyag<\/td>\n<td data-spm-anchor-id=\"a2700.details.0.i42.14133542hOt861\">Cor-ten ac\u00e9l Sz\u00e9nac\u00e9l . rozsdamentes ac\u00e9l<\/td>\n<\/tr>\n<tr>\n<td>Befejez\u00e9s<\/td>\n<td>Rozsd\u00e1s vagy porsz\u00f3rt<\/td>\n<\/tr>\n<tr>\n<td>Norm\u00e1l m\u00e9ret<\/td>\n<td>100x45x45cm . 120x50x60cm . 150x50x60cm . 200x50x60cm<\/td>\n<\/tr>\n<tr>\n<td>Tervez\u00e9s<\/td>\n<td>Elfogadom testreszabott<\/td>\n<\/tr>\n<tr>\n<td>alkalmaz\u00e1s<\/td>\n<td>Belt\u00e9ri \u00e9s k\u00fclt\u00e9ri dekor\u00e1ci\u00f3<\/td>\n<\/tr>\n<\/tbody>\n<\/table>\n<p><a href=\"https:\/\/keweicorten.com\/hu\/kapcsolatfelvetel\/\"><img decoding=\"async\" class=\"alignnone\" title=\" N\u00f6v\u00e9ny doboz\" src=\"https:\/\/sc04.alicdn.com\/kf\/H0b0c474c4364463c955113ae286e19faM\/223026859\/H0b0c474c4364463c955113ae286e19faM.png\" alt=\"Corten ac\u00e9l k\u00fclt\u00e9ri n\u00f6v\u00e9ny doboz Egyedi kerti n\u00f6v\u00e9ny vir\u00e1gcserepek k\u00fclt\u00e9ri doboz Corten ac\u00e9l kocka \u00fcltetv\u00e9nyes\" width=\"881\" height=\"292\" \/><\/a><\/p>\n<p>1.K\u00e9rd\u00e9s: A rozsda elsz\u00ednezi a fel\u00fcletet, amelyen \u00fcl?<\/p>\n<p>V\u00e1lasz: Egy k\u00e9miai folyad\u00e9kot permetez\u00fcnk, hogy a rozsda megmaradjon...<\/p>\n<p>&nbsp;<\/p>\n<p>2. K\u00e9rd\u00e9s: Mennyit nyomnak ezek?<br \/>\nV\u00e1lasz: K\u00e9rj\u00fck, \u00e9rdekl\u0151dj\u00f6n a gy\u00e1rt\u00f3n\u00e1l, mivel t\u00f6bbf\u00e9le m\u00e9ret l\u00e9tezik.<\/p>\n<p>&nbsp;<\/p>\n<p>3. K\u00e9rd\u00e9s: CM s\u00falya?<\/p>\n<p>V\u00e1lasz: 36KG<\/p>\n<p>&nbsp;<\/p>\n<p>4. K\u00e9rd\u00e9s: Lehet-e alapozni \u00e9s festeni, miel\u0151tt rozsd\u00e1sodni kezdene?<br \/>\nV\u00e1lasz: Nem, az \u00fcltetv\u00e9ny sz\u00e9ps\u00e9ge az, amikor rozsd\u00e1sodni kezd. Nem arra val\u00f3, hogy le legyen festve.<\/p>\n<p>&nbsp;<\/p>\n<p>5. K\u00e9rd\u00e9s: A panited panter el\u00e9rhet\u0151?<\/p>\n<p>V\u00e1lasz: Term\u00e9szetesen nem csak a rozsd\u00e1s fel\u00fclet\u0171 \u00fcltet\u0151k vannak n\u00e1lunk, hanem a porsz\u00f3rt bevonat\u00faak is.<\/p>","protected":false},"excerpt":{"rendered":"<p>Az id\u0151j\u00e1r\u00e1s\u00e1ll\u00f3 ac\u00e9l vir\u00e1gcser\u00e9p a modern vir\u00e1gtermeszt\u00e9sben nagyon gyakori vir\u00e1gcser\u00e9p anyag. Kiv\u00e1l\u00f3 min\u0151s\u00e9g\u0171 ac\u00e9lb\u00f3l k\u00e9sz\u00fcl, rendk\u00edv\u00fcl nagy tart\u00f3ss\u00e1ggal, korr\u00f3zi\u00f3\u00e1ll\u00f3s\u00e1ggal \u00e9s id\u0151j\u00e1r\u00e1s\u00e1ll\u00f3s\u00e1ggal. A vir\u00e1gtermeszt\u00e9sben az id\u0151j\u00e1r\u00e1s\u00e1ll\u00f3 ac\u00e9l vir\u00e1gcserepek el\u0151nyei nyilv\u00e1nval\u00f3ak<\/p>","protected":false},"featured_media":1092,"comment_status":"open","ping_status":"closed","template":"","meta":{"_eb_attr":"","_monsterinsights_skip_tracking":false,"_monsterinsights_sitenote_active":false,"_monsterinsights_sitenote_note":"","_monsterinsights_sitenote_category":0,"_uf_show_specific_survey":0,"_uf_disable_surveys":false},"product_brand":[],"product_cat":[59],"product_tag":[],"class_list":{"0":"post-1090","1":"product","2":"type-product","3":"status-publish","4":"has-post-thumbnail","6":"product_cat-flower-pot","8":"first","9":"instock","10":"shipping-taxable","11":"product-type-simple"},"_links":{"self":[{"href":"https:\/\/keweicorten.com\/hu\/wp-json\/wp\/v2\/product\/1090"}],"collection":[{"href":"https:\/\/keweicorten.com\/hu\/wp-json\/wp\/v2\/product"}],"about":[{"href":"https:\/\/keweicorten.com\/hu\/wp-json\/wp\/v2\/types\/product"}],"replies":[{"embeddable":true,"href":"https:\/\/keweicorten.com\/hu\/wp-json\/wp\/v2\/comments?post=1090"}],"version-history":[{"count":7,"href":"https:\/\/keweicorten.com\/hu\/wp-json\/wp\/v2\/product\/1090\/revisions"}],"predecessor-version":[{"id":1099,"href":"https:\/\/keweicorten.com\/hu\/wp-json\/wp\/v2\/product\/1090\/revisions\/1099"}],"wp:featuredmedia":[{"embeddable":true,"href":"https:\/\/keweicorten.com\/hu\/wp-json\/wp\/v2\/media\/1092"}],"wp:attachment":[{"href":"https:\/\/keweicorten.com\/hu\/wp-json\/wp\/v2\/media?parent=1090"}],"wp:term":[{"taxonomy":"product_brand","embeddable":true,"href":"https:\/\/keweicorten.com\/hu\/wp-json\/wp\/v2\/product_brand?post=1090"},{"taxonomy":"product_cat","embeddable":true,"href":"https:\/\/keweicorten.com\/hu\/wp-json\/wp\/v2\/product_cat?post=1090"},{"taxonomy":"product_tag","embeddable":true,"href":"https:\/\/keweicorten.com\/hu\/wp-json\/wp\/v2\/product_tag?post=1090"}],"curies":[{"name":"wp","href":"https:\/\/api.w.org\/{rel}","templated":true}]}}