{"id":1105,"date":"2024-09-11T06:42:20","date_gmt":"2024-09-11T06:42:20","guid":{"rendered":"https:\/\/keweicorten.com\/?post_type=product&#038;p=1105"},"modified":"2025-01-15T06:18:22","modified_gmt":"2025-01-15T06:18:22","slug":"kerti-dekoracio","status":"publish","type":"product","link":"https:\/\/keweicorten.com\/hu\/kerti-dekoracio\/","title":{"rendered":"kerti d\u00edszek \u00e9s szobrok"},"content":{"rendered":"<h2>Hogyan v\u00e1lasszuk ki a megfelel\u0151 id\u0151j\u00e1r\u00e1s\u00e1ll\u00f3 ac\u00e9lszobrot a kert\u00fcnkbe\uff1f<\/h2>\n<p>Vegye figyelembe a kert st\u00edlus\u00e1t<\/p>\n<p>El\u0151sz\u00f6r is vegye figyelembe a kert st\u00edlus\u00e1t. A k\u00fcl\u00f6nb\u00f6z\u0151 kerti st\u00edlusok k\u00fcl\u00f6nb\u00f6z\u0151 szobrokat ig\u00e9nyelnek a d\u00edsz\u00edt\u00e9shez. Az eur\u00f3pai kertek p\u00e9ld\u00e1ul nagy \u00e9s \u00f6sszetett szobrokat, m\u00edg a jap\u00e1n kertek ink\u00e1bb egyszer\u0171 \u00e9s egyszer\u0171 szobrokat ig\u00e9nyelnek. Ez\u00e9rt az id\u0151j\u00e1r\u00e1s\u00e1ll\u00f3 ac\u00e9lszobor kiv\u00e1laszt\u00e1sakor a kert st\u00edlus\u00e1nak megfelel\u0151en kell v\u00e1lasztani.<\/p>\n<p>Vegye figyelembe a kerti d\u00edszek \u00e9s szobrok alakj\u00e1t \u00e9s m\u00e9ret\u00e9t.<\/p>\n<p>Nagyon fontos a szobor alakj\u00e1nak \u00e9s m\u00e9ret\u00e9nek kiv\u00e1laszt\u00e1sa is. A kert m\u00e9ret\u00e9t\u0151l \u00e9s mint\u00e1zat\u00e1t\u00f3l f\u00fcgg\u0151en k\u00fcl\u00f6nb\u00f6z\u0151 form\u00e1j\u00fa \u00e9s m\u00e9ret\u0171 szobrokat v\u00e1lasztanak. P\u00e9ld\u00e1ul a kis kertek alkalmasak kis szobrok kiv\u00e1laszt\u00e1s\u00e1ra, m\u00edg a nagy kertekbe nagyobb szobrokat lehet v\u00e1lasztani.<\/p>\n<p>Tekints\u00fck a kerti d\u00edszek \u00e9s szobrok anyag\u00e1t<\/p>\n<p>Az id\u0151j\u00e1r\u00e1s\u00e1ll\u00f3 ac\u00e9lszobor nagyon tart\u00f3s anyag, \u00e9s k\u00fcl- \u00e9s belt\u00e9ren egyar\u00e1nt haszn\u00e1lhat\u00f3. A szobor kiv\u00e1laszt\u00e1sakor azonban figyelembe kell venni a konkr\u00e9t felhaszn\u00e1l\u00e1st is. Ha a szobrot k\u00fclt\u00e9ren haszn\u00e1lj\u00e1k, olyan anyagokat kell v\u00e1lasztani, amelyek h\u0151t\u00e1gul\u00e1si \u00e9s \u00f6sszeh\u00faz\u00f3d\u00e1si k\u00e9pess\u00e9ggel, sz\u00e9l\u00e1ll\u00f3s\u00e1ggal, j\u00f3 id\u0151j\u00e1r\u00e1s\u00e1ll\u00f3s\u00e1ggal \u00e9s j\u00f3 korr\u00f3zi\u00f3\u00e1ll\u00f3s\u00e1ggal rendelkeznek. Az id\u0151j\u00e1r\u00e1s\u00e1ll\u00f3 ac\u00e9l az ide\u00e1lis anyag ezekkel a tulajdons\u00e1gokkal.<\/p>\n<p>Tekints\u00fck a szobor sz\u00edn\u00e9t<\/p>\n<p>Az id\u0151j\u00e1r\u00e1s\u00e1ll\u00f3 ac\u00e9lszobrok \u00e1ltal\u00e1ban sz\u00fcrk\u00e9k, de sz\u00fcks\u00e9g szerint kezelhet\u0151k, p\u00e9ld\u00e1ul fest\u00e9ssel, hogy k\u00fcl\u00f6nb\u00f6z\u0151 sz\u00edneket \u00e9s hat\u00e1sokat kapjanak. A szobor kiv\u00e1laszt\u00e1sakor vegye figyelembe, hogy sz\u00edne illeszkedhet-e a kert \u00e1ltal\u00e1nos sz\u00ednst\u00edlus\u00e1hoz.<\/p>\n<p>Fontolja meg a szobor t\u00e9m\u00e1j\u00e1t<\/p>\n<p>A szobor t\u00e9m\u00e1j\u00e1t is a saj\u00e1t preferenci\u00e1inak \u00e9s ig\u00e9nyeinek megfelel\u0151en kell kiv\u00e1lasztania. P\u00e9ld\u00e1ul azok, akik szeretik a term\u00e9szetet, v\u00e1laszthatnak n\u00f6v\u00e9nyeket vagy \u00e1llatokat \u00e1br\u00e1zol\u00f3 szobrokat, m\u00edg azok, akik szeretik a modern st\u00edlusokat, v\u00e1laszthatnak absztrakt szobrokat \u00e9s \u00edgy tov\u00e1bb.<\/p>\n<div style=\"width: 800px;\" class=\"wp-video\"><!--[if lt IE 9]><script>document.createElement('video');<\/script><![endif]-->\n<video class=\"wp-video-shortcode\" id=\"video-1105-1\" width=\"800\" height=\"450\" poster=\"https:\/\/keweicorten.com\/wp-content\/uploads\/2024\/09\/\u5fae\u4fe1\u56fe\u7247_20231019115916.jpg\" autoplay=\"1\" preload=\"metadata\" controls=\"controls\"><source type=\"video\/mp4\" src=\"https:\/\/keweicorten.com\/wp-content\/uploads\/2024\/09\/\u89c6\u989121min.mp4?_=1\" \/><a href=\"https:\/\/keweicorten.com\/wp-content\/uploads\/2024\/09\/\u89c6\u989121min.mp4\">https:\/\/keweicorten.com\/wp-content\/uploads\/2024\/09\/\u89c6\u989121min.mp4<\/a><\/video><\/div>\n<h2>Az id\u0151j\u00e1r\u00e1s\u00e1ll\u00f3 ac\u00e9l kerti szobor a k\u00f6vetkez\u0151 jellemz\u0151kkel rendelkezik:<\/h2>\n<p>Er\u0151s tart\u00f3ss\u00e1g: az id\u0151j\u00e1r\u00e1s\u00e1ll\u00f3 ac\u00e9l speci\u00e1lis kezel\u00e9ssel hossz\u00fa ideig ellen\u00e1ll a k\u00fcl\u00f6nb\u00f6z\u0151 zord \u00e9ghajlatok er\u00f3zi\u00f3j\u00e1nak, hosszabb ideig fenntartja a f\u00e9nyvisszaver\u0151 hat\u00e1st, \u00edgy a kerti szobor nem k\u00f6nnyen s\u00e9r\u00fclhet a k\u00fclt\u00e9ri k\u00f6rnyezetben, \u00e9s hossz\u00fa \u00e9lettartam\u00fa.<\/p>\n<p>Er\u0151s korr\u00f3zi\u00f3g\u00e1tl\u00f3 k\u00e9pess\u00e9g: Er\u0151s korr\u00f3zi\u00f3g\u00e1tl\u00f3 k\u00e9pess\u00e9ggel rendelkezik, \u00e9s nem befoly\u00e1solj\u00e1k a k\u00fcls\u0151 t\u00e9nyez\u0151k, p\u00e9ld\u00e1ul az es\u0151, a naps\u00fct\u00e9s, a homok \u00e9s a s\u00f3s k\u00f6d, hogy hat\u00e9kony v\u00e9delmet biztos\u00edtson a k\u00fclt\u00e9ri k\u00f6rnyezetben.<\/p>\n<p>Magas eszt\u00e9tika: Az id\u0151j\u00e1r\u00e1s ac\u00e9lb\u00f3l k\u00e9sz\u00fclt kerti szobor fejlett technol\u00f3gi\u00e1t alkalmaz, az id\u0151k k\u00fcl\u00f6nb\u00f6z\u0151 kult\u00far\u00e1inak \u00e9s jellemz\u0151inek megfelel\u0151en alak\u00edthat\u00f3, k\u00fcl\u00f6nb\u00f6z\u0151 form\u00e1kkal, gy\u00f6ny\u00f6r\u0171 megjelen\u00e9ssel, egyedi jellemz\u0151kkel rendelkezik, \u00e9s gy\u00f6ny\u00f6r\u0171 t\u00e1jk\u00e9pp\u00e9 v\u00e1lt a kerti k\u00f6rnyezetben.<\/p>\n<p>Gazdag sz\u00ednek: Az id\u0151j\u00e1r\u00e1s ac\u00e9lb\u00f3l k\u00e9sz\u00fclt kerti szobor gy\u00e1rt\u00e1si anyagai nemcsak term\u00e9szetes sz\u00edneket mutathatnak be, hanem festhet\u0151k is, hogy sz\u00ednes form\u00e1kat k\u00e9sz\u00edtsenek, gazdag\u00edts\u00e1k a v\u00e1rosi kertek k\u00e9p\u00e9t, \u00e9s tele legyenek \u00e9leter\u0151vel.<\/p>\n<figure style=\"width: 602px\" class=\"wp-caption aligncenter\"><a href=\"https:\/\/keweicorten.com\/hu\/kapcsolatfelvetel\/\"><img fetchpriority=\"high\" decoding=\"async\" title=\"Kerti d\u00edszek \u00e9s szobrok\" src=\"https:\/\/www.keweistove.com\/uploads\/39684\/garden-ornaments-and-statues02482.jpg\" alt=\"Kerti d\u00edszek \u00e9s szobrok\" width=\"602\" height=\"602\" \/><\/a><figcaption class=\"wp-caption-text\">Kerti d\u00edszek \u00e9s szobrok<\/figcaption><\/figure>\n<p><img decoding=\"async\" class=\"aligncenter\" src=\"https:\/\/www.keweistove.com\/Content\/uploads\/2023970354\/202307121511574ab65c7ec9ae440c88788f735e2204f7.jpg\" alt=\"term\u00e9k-750-750\" width=\"626\" height=\"626\" \/><\/p>\n<div class=\"text\">Ez a cortenac\u00e9l szobor kertj\u00e9nek vonz\u00f3 eleme lesz. Ez a rozsdamentes ac\u00e9lb\u00f3l k\u00e9sz\u00fclt m\u0171alkot\u00e1s k\u00fcl\u00f6nb\u00f6z\u0151 m\u00e9retben testre szabhat\u00f3. Felt\u0171n\u0151 f\u00f3kuszpontot hoz l\u00e9tre, ha ezt a corten ac\u00e9lszobrot k\u00fclt\u00e9ren helyezik el.<\/div>\n<div class=\"text\">A kerti dekor\u00e1ci\u00f3 egyedi szobor a k\u00fcl\u00f6nb\u00f6z\u0151 ig\u00e9nyeknek megfelel\u0151en testre szabhat\u00f3. A tervez\u0151k az \u00fcgyfelek \u00e9s a k\u00f6rnyezet ig\u00e9nyei alapj\u00e1n megfelel\u0151 szobrokat hozhatnak l\u00e9tre \u00e9s fejleszthetnek ki, hogy azok jobban megfeleljenek a modern emberek eszt\u00e9tikai \u00e9s \u00e9letm\u00f3dbeli szok\u00e1sainak. Az egyedi szobrok teljes m\u00e9rt\u00e9kben t\u00fckr\u00f6zhetik az \u00fcgyfelek szakmais\u00e1g\u00e1t \u00e9s szab\u00e1lyoss\u00e1g\u00e1t, \u00edgy az \u00fcgyfelek egyedibb\u00e9 \u00e9s egyedibb\u00e9 v\u00e1lnak a t\u00e9rben.<\/div>","protected":false},"excerpt":{"rendered":"<p>L\u00e1togasson el weboldalunkra, \u00e9s keressen olyan gy\u00f6ny\u00f6r\u0171 kerti dekor\u00e1ci\u00f3kat \u00e9s szobrokat, amelyek t\u00f6k\u00e9letesen feldobj\u00e1k k\u00fclt\u00e9ri k\u00f6rnyezet\u00e9t. Sz\u00e1mos lehet\u0151s\u00e9g minden kert\u00e9szkedni v\u00e1gy\u00f3 ig\u00e9nyeinek kiel\u00e9g\u00edt\u00e9s\u00e9re.<\/p>","protected":false},"featured_media":1108,"comment_status":"open","ping_status":"closed","template":"","meta":{"_eb_attr":"","_monsterinsights_skip_tracking":false,"_monsterinsights_sitenote_active":false,"_monsterinsights_sitenote_note":"","_monsterinsights_sitenote_category":0,"_uf_show_specific_survey":0,"_uf_disable_surveys":false},"product_brand":[],"product_cat":[62],"product_tag":[],"class_list":{"0":"post-1105","1":"product","2":"type-product","3":"status-publish","4":"has-post-thumbnail","6":"product_cat-corten-sculpture","8":"first","9":"instock","10":"shipping-taxable","11":"product-type-simple"},"_links":{"self":[{"href":"https:\/\/keweicorten.com\/hu\/wp-json\/wp\/v2\/product\/1105"}],"collection":[{"href":"https:\/\/keweicorten.com\/hu\/wp-json\/wp\/v2\/product"}],"about":[{"href":"https:\/\/keweicorten.com\/hu\/wp-json\/wp\/v2\/types\/product"}],"replies":[{"embeddable":true,"href":"https:\/\/keweicorten.com\/hu\/wp-json\/wp\/v2\/comments?post=1105"}],"version-history":[{"count":1,"href":"https:\/\/keweicorten.com\/hu\/wp-json\/wp\/v2\/product\/1105\/revisions"}],"predecessor-version":[{"id":1109,"href":"https:\/\/keweicorten.com\/hu\/wp-json\/wp\/v2\/product\/1105\/revisions\/1109"}],"wp:featuredmedia":[{"embeddable":true,"href":"https:\/\/keweicorten.com\/hu\/wp-json\/wp\/v2\/media\/1108"}],"wp:attachment":[{"href":"https:\/\/keweicorten.com\/hu\/wp-json\/wp\/v2\/media?parent=1105"}],"wp:term":[{"taxonomy":"product_brand","embeddable":true,"href":"https:\/\/keweicorten.com\/hu\/wp-json\/wp\/v2\/product_brand?post=1105"},{"taxonomy":"product_cat","embeddable":true,"href":"https:\/\/keweicorten.com\/hu\/wp-json\/wp\/v2\/product_cat?post=1105"},{"taxonomy":"product_tag","embeddable":true,"href":"https:\/\/keweicorten.com\/hu\/wp-json\/wp\/v2\/product_tag?post=1105"}],"curies":[{"name":"wp","href":"https:\/\/api.w.org\/{rel}","templated":true}]}}