{"id":1110,"date":"2024-09-11T07:19:01","date_gmt":"2024-09-11T07:19:01","guid":{"rendered":"https:\/\/keweicorten.com\/?post_type=product&#038;p=1110"},"modified":"2025-01-15T06:16:12","modified_gmt":"2025-01-15T06:16:12","slug":"szobor","status":"publish","type":"product","link":"https:\/\/keweicorten.com\/hu\/szobor\/","title":{"rendered":"modern fali szobor"},"content":{"rendered":"<table class=\"table\" border=\"1\" cellspacing=\"1\" cellpadding=\"1\">\n<tbody>\n<tr>\n<td>Term\u00e9k neve<\/td>\n<td>K\u00fclt\u00e9ri Modern f\u00e9m k\u00e9zm\u0171ves corten ac\u00e9l szobor kerti lev\u00e9l<\/td>\n<\/tr>\n<tr>\n<td>Anyag<\/td>\n<td>corten ac\u00e9l, l\u00e1gyac\u00e9l stb.<\/td>\n<\/tr>\n<tr>\n<td>Sz\u00ednes<\/td>\n<td>Porsz\u00f3rtan bevonva vagy rozsdav\u00f6r\u00f6s<\/td>\n<\/tr>\n<tr>\n<td><strong>CSOMAGOL\u00c1S:<\/strong><\/td>\n<td>FADOBOZOK<\/td>\n<\/tr>\n<tr>\n<td>Haszn\u00e1lt<\/td>\n<td>lakberendez\u00e9s<\/td>\n<\/tr>\n<\/tbody>\n<\/table>\n<p>Mi\u00e9rt v\u00e1lassza a modern faliszobrot?<\/p>\n<p>A modern faliszobrok nagyon tart\u00f3sak. Kiv\u00e1l\u00f3 min\u0151s\u00e9g\u0171 id\u0151j\u00e1r\u00e1s\u00e1ll\u00f3 ac\u00e9lb\u00f3l k\u00e9sz\u00fcl, \u00e9s ellen\u00e1ll a k\u00fcl\u00f6nb\u00f6z\u0151 \u00e9ghajlati viszonyoknak, bele\u00e9rtve az es\u0151t, a napot, a hideget \u00e9s a h\u0151hull\u00e1mokat. Ez a dekor\u00e1ci\u00f3s anyag kiv\u00e1l\u00f3 v\u00e1laszt\u00e1s azok sz\u00e1m\u00e1ra, akiknek sz\u00fcks\u00e9g\u00fck van arra, hogy a k\u00fcls\u0151 kerti dekor\u00e1ci\u00f3k hossz\u00fa \u00e9veken kereszt\u00fcl meg\u0151rizz\u00e9k eszt\u00e9tik\u00e1jukat.<\/p>\n<p>A modern fali szobor gy\u00f6ny\u00f6r\u0171en d\u00edsz\u00edtett. Ez a dekor\u00e1ci\u00f3s anyag nagyon egyedi form\u00e1j\u00fa \u00e9s \u00e9l\u00e9nk sz\u00ednekkel rendelkezik, amelyek fokozhatj\u00e1k a kert sz\u00e9ps\u00e9g\u00e9t. Sokan szeretik az id\u0151j\u00e1r\u00e1s\u00e1ll\u00f3 ac\u00e9lb\u00f3l k\u00e9sz\u00fclt kerti dekor\u00e1ci\u00f3t is, mert modern hangulatot k\u00f6lcs\u00f6n\u00f6z, \u00e9s st\u00edlusoss\u00e1 teheti a kertet.<\/p>\n<p>Ez a dekor\u00e1ci\u00f3s anyag nagyon k\u00f6rnyezetbar\u00e1t. Hossz\u00fa \u00e9lettartama miatt nem termel t\u00fal sok hullad\u00e9kot \u00e9s szemetet. S\u0151t, mivel anyaga ac\u00e9l, k\u00e9tszer is felhaszn\u00e1lhat\u00f3, \u00e9s nem okoz k\u00f6rnyezetszennyez\u00e9st.<\/p>\n<p>A modern fali szobrokat nagyon k\u00f6nny\u0171 felszerelni. Sz\u00e1mos m\u00e1rka k\u00edn\u00e1l el\u0151re gy\u00e1rtott modulokat \u00e9s alkatr\u00e9szeket k\u00fcl\u00f6nb\u00f6z\u0151 forgat\u00f3k\u00f6nyvekhez, amelyeket a felhaszn\u00e1l\u00f3k szabadon kombin\u00e1lhatnak ig\u00e9nyeik szerint.<\/p>\n<p>Az id\u0151j\u00e1r\u00e1s\u00e1ll\u00f3 ac\u00e9lb\u00f3l k\u00e9sz\u00fclt kerti dekor\u00e1ci\u00f3 v\u00e1laszt\u00e1sa pozit\u00edv, k\u00f6rnyezetbar\u00e1t, sz\u00e9p \u00e9s tart\u00f3s v\u00e1laszt\u00e1s. Hat\u00e1rtalan inspir\u00e1ci\u00f3t hozhat, \u00e9s m\u00e9g sz\u00ednesebb\u00e9 teheti kertj\u00e9t.<\/p>\n<p>Az id\u0151j\u00e1r\u00e1s\u00e1ll\u00f3 ac\u00e9l kerti dekor\u00e1ci\u00f3 egyfajta sz\u00e9les alkalmaz\u00e1si \u00e9rt\u00e9kkel rendelkez\u0151 anyag, amely dekorat\u00edv \u00e9s sz\u00e9p\u00edt\u0151 t\u00e9rk\u00e9nt haszn\u00e1lhat\u00f3.<\/p>\n<div class=\"J_module\">\n<figure id=\"attachment_1112\" aria-describedby=\"caption-attachment-1112\" style=\"width: 500px\" class=\"wp-caption alignnone\"><a href=\"https:\/\/keweicorten.com\/hu\/?attachment_id=1112\"><img fetchpriority=\"high\" decoding=\"async\" class=\"wp-image-1112\" title=\"nagy fali szobrok\" src=\"https:\/\/keweicorten.com\/wp-content\/uploads\/2024\/09\/photobank-52-300x300.jpg\" alt=\"\" width=\"500\" height=\"500\" srcset=\"https:\/\/keweicorten.com\/wp-content\/uploads\/2024\/09\/photobank-52-300x300.jpg 300w, https:\/\/keweicorten.com\/wp-content\/uploads\/2024\/09\/photobank-52-150x150.jpg 150w, https:\/\/keweicorten.com\/wp-content\/uploads\/2024\/09\/photobank-52-12x12.jpg 12w, https:\/\/keweicorten.com\/wp-content\/uploads\/2024\/09\/photobank-52-600x600.jpg 600w, https:\/\/keweicorten.com\/wp-content\/uploads\/2024\/09\/photobank-52-100x100.jpg 100w, https:\/\/keweicorten.com\/wp-content\/uploads\/2024\/09\/photobank-52.jpg 700w\" sizes=\"(max-width: 500px) 100vw, 500px\" \/><\/a><figcaption id=\"caption-attachment-1112\" class=\"wp-caption-text\">nagy fali szobrok<\/figcaption><\/figure>\n<div data-section=\"AliMagic-1caf3d\" data-section-title=\"Our Services\" data-spm-anchor-id=\"a2700.details.0.i38.5f3c554eic1XgH\">\n<figure id=\"attachment_1111\" aria-describedby=\"caption-attachment-1111\" style=\"width: 502px\" class=\"wp-caption alignnone\"><a href=\"https:\/\/keweicorten.com\/hu\"><img decoding=\"async\" class=\"wp-image-1111\" title=\"elad\u00f3 szobrok\" src=\"https:\/\/keweicorten.com\/wp-content\/uploads\/2024\/09\/photobank-109-300x300.jpg\" alt=\"\" width=\"502\" height=\"502\" srcset=\"https:\/\/keweicorten.com\/wp-content\/uploads\/2024\/09\/photobank-109-300x300.jpg 300w, https:\/\/keweicorten.com\/wp-content\/uploads\/2024\/09\/photobank-109-150x150.jpg 150w, https:\/\/keweicorten.com\/wp-content\/uploads\/2024\/09\/photobank-109-12x12.jpg 12w, https:\/\/keweicorten.com\/wp-content\/uploads\/2024\/09\/photobank-109-600x600.jpg 600w, https:\/\/keweicorten.com\/wp-content\/uploads\/2024\/09\/photobank-109-100x100.jpg 100w, https:\/\/keweicorten.com\/wp-content\/uploads\/2024\/09\/photobank-109.jpg 700w\" sizes=\"(max-width: 502px) 100vw, 502px\" \/><\/a><figcaption id=\"caption-attachment-1111\" class=\"wp-caption-text\">. szobrok elad\u00f3<\/figcaption><\/figure>\n<\/div>\n<div id=\"ali-anchor-AliMagic-1caf3d\" class=\"magic-7\" data-section=\"AliMagic-1caf3d\" data-section-title=\"Our Services\" data-spm-anchor-id=\"a2700.details.0.i38.5f3c554eic1XgH\">Szolg\u00e1ltat\u00e1saink<\/div>\n<\/div>\n<div class=\"J_module\">\n<div class=\"detail-decorate-json-renderer-container\">\n<div class=\"magic-0\">\n<div class=\"magic-1\">\n<div class=\"magic-2\">\n<div class=\"magic-3\"><span class=\"magic-24\">Egy \u00f3r\u00e1n bel\u00fcl jelentkez\u00fcnk.<\/span><\/div>\n<div class=\"magic-3\"><span class=\"magic-24\">K\u00fcldhet e-mailt, vagy kapcsolatba l\u00e9phet vel\u00fcnk whatsapp, akkor a lehet\u0151 leghamarabb v\u00e1laszolunk \u00d6nnek.<br \/>\n<\/span><\/div>\n<div><\/div>\n<div class=\"magic-3\"><span class=\"magic-24\">2. Testreszabott szolg\u00e1ltat\u00e1s ingyen.<br \/>\nHa nem tervezte meg, k\u00e9rj\u00fck, kommunik\u00e1ljon vel\u00fcnk, egy profi tervez\u0151i csapat \u00e1ll az \u00d6n rendelkez\u00e9s\u00e9re.<br \/>\nPontosan az \u00d6n ig\u00e9nyei szerint tudjuk testre szabni.<br \/>\n<\/span><\/div>\n<div><\/div>\n<div class=\"magic-3\"><span class=\"magic-24\">3. Elmondjuk az \u00fcgyfeleknek a gy\u00e1rt\u00e1si folyamat minden egyes l\u00e9p\u00e9s\u00e9t.K\u00e9peket k\u00e9sz\u00edthet\u00fcnk a gy\u00e1rt\u00e1s, csomagol\u00e1s minden egyes l\u00e9p\u00e9s\u00e9r\u0151l.<br \/>\nA k\u00e9peket meger\u0151s\u00edtve elk\u00fcldhetj\u00fck \u00d6nnek.<br \/>\n<\/span><\/div>\n<div><\/div>\n<div class=\"magic-3\"><span class=\"magic-24\">4. A legjobb term\u00e9keket \u00e9s a leggondosabb szolg\u00e1ltat\u00e1st tudjuk ny\u00fajtani.<br \/>\n<\/span><\/div>\n<div class=\"magic-3\"><\/div>\n<\/div>\n<\/div>\n<\/div>\n<\/div>\n<\/div>","protected":false},"excerpt":{"rendered":"<p>A modern faliszobr\u00e1szat csod\u00e1latos m\u00f3dja annak, hogy b\u00e1rmilyen t\u00e9rbe sz\u00e9ps\u00e9get \u00e9s \u00e9rdekl\u0151d\u00e9st var\u00e1zsoljon. Ak\u00e1r otthon\u00e1t, ak\u00e1r \u00fczlet\u00e9t d\u00edsz\u00edti, ez a fajta m\u0171v\u00e9szet seg\u00edthet olyan l\u00e9gk\u00f6rt teremteni, amely bar\u00e1ts\u00e1gos, inspir\u00e1l\u00f3 \u00e9s felemel\u0151.<\/p>","protected":false},"featured_media":1113,"comment_status":"open","ping_status":"closed","template":"","meta":{"_eb_attr":"","_monsterinsights_skip_tracking":false,"_monsterinsights_sitenote_active":false,"_monsterinsights_sitenote_note":"","_monsterinsights_sitenote_category":0,"_uf_show_specific_survey":0,"_uf_disable_surveys":false},"product_brand":[],"product_cat":[62],"product_tag":[],"class_list":{"0":"post-1110","1":"product","2":"type-product","3":"status-publish","4":"has-post-thumbnail","6":"product_cat-corten-sculpture","8":"first","9":"instock","10":"shipping-taxable","11":"product-type-simple"},"_links":{"self":[{"href":"https:\/\/keweicorten.com\/hu\/wp-json\/wp\/v2\/product\/1110"}],"collection":[{"href":"https:\/\/keweicorten.com\/hu\/wp-json\/wp\/v2\/product"}],"about":[{"href":"https:\/\/keweicorten.com\/hu\/wp-json\/wp\/v2\/types\/product"}],"replies":[{"embeddable":true,"href":"https:\/\/keweicorten.com\/hu\/wp-json\/wp\/v2\/comments?post=1110"}],"version-history":[{"count":1,"href":"https:\/\/keweicorten.com\/hu\/wp-json\/wp\/v2\/product\/1110\/revisions"}],"predecessor-version":[{"id":1114,"href":"https:\/\/keweicorten.com\/hu\/wp-json\/wp\/v2\/product\/1110\/revisions\/1114"}],"wp:featuredmedia":[{"embeddable":true,"href":"https:\/\/keweicorten.com\/hu\/wp-json\/wp\/v2\/media\/1113"}],"wp:attachment":[{"href":"https:\/\/keweicorten.com\/hu\/wp-json\/wp\/v2\/media?parent=1110"}],"wp:term":[{"taxonomy":"product_brand","embeddable":true,"href":"https:\/\/keweicorten.com\/hu\/wp-json\/wp\/v2\/product_brand?post=1110"},{"taxonomy":"product_cat","embeddable":true,"href":"https:\/\/keweicorten.com\/hu\/wp-json\/wp\/v2\/product_cat?post=1110"},{"taxonomy":"product_tag","embeddable":true,"href":"https:\/\/keweicorten.com\/hu\/wp-json\/wp\/v2\/product_tag?post=1110"}],"curies":[{"name":"wp","href":"https:\/\/api.w.org\/{rel}","templated":true}]}}