{"id":1121,"date":"2024-09-11T09:07:08","date_gmt":"2024-09-11T09:07:08","guid":{"rendered":"https:\/\/keweicorten.com\/?post_type=product&#038;p=1121"},"modified":"2025-01-15T06:15:52","modified_gmt":"2025-01-15T06:15:52","slug":"acel-tuzrakohely","status":"publish","type":"product","link":"https:\/\/keweicorten.com\/hu\/acel-tuzrakohely\/","title":{"rendered":"ac\u00e9l t\u0171zrak\u00f3hely"},"content":{"rendered":"<h2>Az ac\u00e9l t\u0171zrak\u00f3hely el\u0151nyei:<\/h2>\n<p>Tart\u00f3ss\u00e1g : Az ac\u00e9l nagyon er\u0151s, \u00e9s ellen\u00e1ll a magas h\u0151m\u00e9rs\u00e9kletnek \u00e9s a hossz\u00fa t\u00e1v\u00fa haszn\u00e1latnak. Nem s\u00e9r\u00fcl vagy deform\u00e1l\u00f3dik olyan k\u00f6nnyen, mint n\u00e9h\u00e1ny m\u00e1s anyag.<\/p>\n<p>Gyors f\u0171t\u00e9s : Az ac\u00e9l h\u0151vezet\u0151 k\u00e9pess\u00e9ge j\u00f3, \u00e9s a t\u0171zrak\u00f3hely gyorsan el\u00e9rheti a magas h\u0151m\u00e9rs\u00e9kletet, \u00edgy hat\u00e9konyabb f\u0171t\u00e9si hat\u00e1st biztos\u00edt.<\/p>\n<p>Alacsony karbantart\u00e1si ig\u00e9ny : Az ac\u00e9l t\u0171zrak\u00f3hely fel\u00fclet\u00e9t \u00e1ltal\u00e1ban k\u00f6nnyebb tiszt\u00edtani, \u00e9s nem halmoz\u00f3dik fel k\u00f6nnyen hamu vagy szennyez\u0151d\u00e9s.<\/p>\n<p>Id\u0151j\u00e1r\u00e1s\u00e1ll\u00f3s\u00e1g : A kiv\u00e1l\u00f3 min\u0151s\u00e9g\u0171 ac\u00e9l \u00e1ltal\u00e1ban j\u00f3 korr\u00f3zi\u00f3\u00e1ll\u00f3s\u00e1ggal rendelkezik, k\u00fcl\u00f6n\u00f6sen a bevont vagy kezelt ac\u00e9l, amely ellen\u00e1ll az id\u0151j\u00e1r\u00e1s v\u00e1ltoz\u00e1sainak.<\/p>\n<p>Rugalmass\u00e1g a tervez\u00e9sben : Az ac\u00e9l t\u0171zrak\u00f3helyek k\u00fcl\u00f6nb\u00f6z\u0151 form\u00e1k \u00e9s st\u00edlusok szerint tervezhet\u0151k, hogy megfeleljenek a k\u00fcl\u00f6nb\u00f6z\u0151 dekor\u00e1ci\u00f3s ig\u00e9nyeknek \u00e9s szem\u00e9lyes preferenci\u00e1knak.<\/p>\n<p>Biztons\u00e1g : Az ac\u00e9l szil\u00e1rds\u00e1ga \u00e9s stabilit\u00e1sa miatt a t\u0171zrak\u00f3hely kev\u00e9sb\u00e9 val\u00f3sz\u00edn\u0171, hogy haszn\u00e1lat k\u00f6zben felborul vagy elt\u00f6rik, \u00edgy javul a haszn\u00e1lat biztons\u00e1ga.<\/p>\n<p>Gazdas\u00e1g : N\u00e9h\u00e1ny m\u00e1s anyaggal \u00f6sszehasonl\u00edtva az ac\u00e9l \u00e1ltal\u00e1ban alacsonyabb k\u00f6lts\u00e9ggel rendelkezik, \u00edgy az ac\u00e9l t\u0171zrak\u00f3helyek gyakran k\u00f6lts\u00e9ghat\u00e9konyabbak.<\/p>\n<table style=\"height: 286px;\" width=\"943\">\n<tbody>\n<tr>\n<td colspan=\"1\" rowspan=\"1\">\n<div><span data-spm-anchor-id=\"a2700.details.0.i40.21cc481046iNBp\">Term\u00e9k neve<\/span><\/div>\n<\/td>\n<td colspan=\"1\" rowspan=\"1\">\n<div>K\u00fclt\u00e9ri kerek t\u0171z t\u00e1l fa Corten ac\u00e9l k\u00fclt\u00e9ri t\u0171zrak\u00f3hely<\/div>\n<\/td>\n<\/tr>\n<tr>\n<td colspan=\"1\" rowspan=\"1\">\n<div>M\u00e1rkan\u00e9v<\/div>\n<\/td>\n<td colspan=\"1\" rowspan=\"1\">\n<div>SHKW<\/div>\n<\/td>\n<\/tr>\n<tr>\n<td colspan=\"1\" rowspan=\"1\">\n<div>Modellsz\u00e1m<\/div>\n<\/td>\n<td colspan=\"1\" rowspan=\"1\">\n<div>SHKW-FP-1<\/div>\n<\/td>\n<\/tr>\n<tr>\n<td colspan=\"1\" rowspan=\"1\">\n<div>Anyag<\/div>\n<\/td>\n<td colspan=\"1\" rowspan=\"1\">\n<div>Corten ac\u00e9l \/ id\u0151j\u00e1r\u00e1s\u00e1ll\u00f3 ac\u00e9l<\/div>\n<\/td>\n<\/tr>\n<tr>\n<td colspan=\"1\" rowspan=\"1\">\n<div>M\u00e9ret<\/div>\n<\/td>\n<td colspan=\"1\" rowspan=\"1\">\n<div>\u00c1tm\u00e9r\u0151: 600mm\/800mm<\/div>\n<\/td>\n<\/tr>\n<tr>\n<td colspan=\"1\" rowspan=\"1\">\n<div>Vastags\u00e1g<\/div>\n<\/td>\n<td colspan=\"1\" rowspan=\"1\">\n<div>2mm, 3mm<\/div>\n<\/td>\n<\/tr>\n<tr>\n<td colspan=\"1\" rowspan=\"1\">\n<div>Csomag<\/div>\n<\/td>\n<td colspan=\"1\" rowspan=\"1\">\n<div>Bel\u00fcl: K\u00edv\u00fcl: r\u00e9tegelt lemez doboz<\/div>\n<\/td>\n<\/tr>\n<tr>\n<td colspan=\"1\" rowspan=\"1\">\n<div>Fel\u00fcletkezel\u00e9s<\/div>\n<\/td>\n<td colspan=\"1\" rowspan=\"1\">\n<div>El\u0151re rozsd\u00e1s\u00edtott, testre szabhat\u00f3<\/div>\n<\/td>\n<\/tr>\n<tr>\n<td colspan=\"1\" rowspan=\"1\">\n<div>MOQ<\/div>\n<\/td>\n<td colspan=\"1\" rowspan=\"1\">\n<div>10 db<\/div>\n<\/td>\n<\/tr>\n<\/tbody>\n<\/table>\n<figure style=\"width: 525px\" class=\"wp-caption alignnone\"><a href=\"https:\/\/keweicorten.com\/hu\/kapcsolatfelvetel\/\"><img fetchpriority=\"high\" decoding=\"async\" class=\"\" title=\"frrepits\" src=\"https:\/\/sc04.alicdn.com\/kf\/H227635724f8b49b9bcb03865b8a626a2Q\/238887437\/H227635724f8b49b9bcb03865b8a626a2Q.png\" alt=\"frrepits\" width=\"525\" height=\"492\" \/><\/a><figcaption class=\"wp-caption-text\">frrepits<\/figcaption><\/figure>\n<figure style=\"width: 524px\" class=\"wp-caption alignnone\"><a href=\"https:\/\/keweicorten.com\/hu\"><img decoding=\"async\" class=\"\" title=\"frrepits\" src=\"https:\/\/sc04.alicdn.com\/kf\/H02bda928a986446fbb5638e5ae0f5b89u\/238887437\/H02bda928a986446fbb5638e5ae0f5b89u.png\" alt=\"frrepits\" width=\"524\" height=\"524\" \/><\/a><figcaption class=\"wp-caption-text\">frrepits<\/figcaption><\/figure>\n<p>El\u0151ny\u00f6ket k\u00edn\u00e1lunk:<\/p>\n<p><span data-spm-anchor-id=\"a2700.details.0.i38.d01b235dvPHBfu\">1. <\/span><strong>Anyag:<\/strong>\u00a0\u00d6nt\u00f6ttvas, sz\u00e9nac\u00e9l, k\u00f6nny\u0171ac\u00e9l, Corten ac\u00e9l, rozsdamentes ac\u00e9l;<\/p>\n<p>2. <strong>Folyamat:<\/strong>\u00a0B\u00e9lyegz\u00e9s \u00e9s rajzol\u00e1s - Hegeszt\u00e9s - Fest\u00e9s - Ellen\u0151rz\u00e9s - Csomagol\u00e1s;;<\/p>\n<p>3.\u00a0<strong>Befejez\u00e9s:<\/strong>\u00a0Porbevonat, magas h\u0151m\u00e9rs\u00e9klet\u0171 fest\u00e9k, stb....;<\/p>\n<p>4.\u00a0<strong>M\u00e9ret:<\/strong>\u00a0600mm - 1500mm;<\/p>\n<p>5. T\u00f6bb \u00e9ves tapasztalat\u00a0<strong>gy\u00e1rt\u00e1s \u00e9s export<\/strong>.<\/p>\n<p>6. Mindenf\u00e9le t\u0171zrak\u00f3hely gy\u00e1rthat\u00f3\u00a0<strong>az \u00fcgyf\u00e9l ig\u00e9nye szerint<\/strong>, rajz, terv vagy minta;<\/p>\n<p>7. Az \u00f6sszehangolt szolg\u00e1ltat\u00e1s (rajzol\u00e1s, hegeszt\u00e9s \u00e9s fel\u00fcletkezel\u00e9s) teszi\u00a0<strong>alacsonyabb \u00e1r\u00a0<\/strong>lehets\u00e9ges;<\/p>\n<p>8.\u00a0<strong>Er\u0151s m\u00e9rn\u00f6ki csapat\u00a0<\/strong>kiv\u00e1l\u00f3 min\u0151s\u00e9g\u0171v\u00e9 teszi;<\/p>\n<p>9. Teljes anyagvizsg\u00e1lati folyamat \u00e9s\u00a0<strong>min\u0151s\u00e9gellen\u0151rz\u00e9s\u00a0<\/strong>rendszer;<\/p>\n<p>10.\u00a0<strong>Id\u0151ben\u00a0<\/strong>sz\u00e1ll\u00edt\u00e1s;<\/p>\n<p>11. <strong>OEM\u00a0<\/strong>;<\/p>\n<figure id=\"attachment_1125\" aria-describedby=\"caption-attachment-1125\" style=\"width: 471px\" class=\"wp-caption alignnone\"><a href=\"https:\/\/keweicorten.com\/hu\/kapcsolatfelvetel\/\"><img decoding=\"async\" class=\"wp-image-1125\" title=\"corten t\u0171zrak\u00f3hely\" src=\"https:\/\/keweicorten.com\/wp-content\/uploads\/2024\/09\/23-300x300.jpg\" alt=\"corten t\u0171zrak\u00f3hely\" width=\"471\" height=\"471\" srcset=\"https:\/\/keweicorten.com\/wp-content\/uploads\/2024\/09\/23-300x300.jpg 300w, https:\/\/keweicorten.com\/wp-content\/uploads\/2024\/09\/23-150x150.jpg 150w, https:\/\/keweicorten.com\/wp-content\/uploads\/2024\/09\/23-12x12.jpg 12w, https:\/\/keweicorten.com\/wp-content\/uploads\/2024\/09\/23-600x600.jpg 600w, https:\/\/keweicorten.com\/wp-content\/uploads\/2024\/09\/23-100x100.jpg 100w, https:\/\/keweicorten.com\/wp-content\/uploads\/2024\/09\/23.jpg 750w\" sizes=\"(max-width: 471px) 100vw, 471px\" \/><\/a><figcaption id=\"caption-attachment-1125\" class=\"wp-caption-text\">corten t\u0171zrak\u00f3hely<\/figcaption><\/figure>\n<h3><span style=\"color: #000000;\">GYIK<\/span><\/h3>\n<p>K: \u00d6n kereskedelmi v\u00e1llalat vagy gy\u00e1rt\u00f3?<\/p>\n<p>V: Mi vagyunk a gy\u00e1r.<\/p>\n<p>&nbsp;<\/p>\n<p>K: Mennyi a sz\u00e1ll\u00edt\u00e1si id\u0151?<br \/>\nV: \u00c1ltal\u00e1ban 5-10 nap, a mennyis\u00e9gt\u0151l f\u00fcgg\u0151en.<\/p>\n<p>&nbsp;<\/p>\n<p>K: Adnak mint\u00e1kat? ingyenes vagy extra?<\/p>\n<p>V: Igen, felaj\u00e1nlhatjuk a mint\u00e1t.<\/p>\n<p>&nbsp;<\/p>\n<p>K: Mik a fizet\u00e9si felt\u00e9telei?<br \/>\nV: Fizet\u00e9s=1000USD, 30% T\/T el\u0151re .balance sz\u00e1ll\u00edt\u00e1s el\u0151tt.<\/p>\n<p>Ha van m\u00e1s k\u00e9rd\u00e9se, pls cleck itt, biztosak vagyunk benne, hogy b\u00e1rmelyik k\u00e9rd\u00e9s\u00e9t kap a mi azonnali figyelmet \u00e9s v\u00e1laszt!<\/p>","protected":false},"excerpt":{"rendered":"<p>Ac\u00e9l t\u0171zrak\u00f3helyeink a tart\u00f3ss\u00e1got \u00e9s a sz\u00e9ps\u00e9get \u00f6tv\u00f6zik minden szabadt\u00e9ri alkalomra. Tegye melegebb\u00e9 az est\u00e9t, \u00e9s \u00e9lvezze a t\u0171z var\u00e1zs\u00e1t.<\/p>","protected":false},"featured_media":1128,"comment_status":"open","ping_status":"closed","template":"","meta":{"_eb_attr":"","_monsterinsights_skip_tracking":false,"_monsterinsights_sitenote_active":false,"_monsterinsights_sitenote_note":"","_monsterinsights_sitenote_category":0,"_uf_show_specific_survey":0,"_uf_disable_surveys":false},"product_brand":[],"product_cat":[54],"product_tag":[],"class_list":{"0":"post-1121","1":"product","2":"type-product","3":"status-publish","4":"has-post-thumbnail","6":"product_cat-wood-fire-pit","8":"first","9":"instock","10":"shipping-taxable","11":"product-type-simple"},"_links":{"self":[{"href":"https:\/\/keweicorten.com\/hu\/wp-json\/wp\/v2\/product\/1121"}],"collection":[{"href":"https:\/\/keweicorten.com\/hu\/wp-json\/wp\/v2\/product"}],"about":[{"href":"https:\/\/keweicorten.com\/hu\/wp-json\/wp\/v2\/types\/product"}],"replies":[{"embeddable":true,"href":"https:\/\/keweicorten.com\/hu\/wp-json\/wp\/v2\/comments?post=1121"}],"version-history":[{"count":1,"href":"https:\/\/keweicorten.com\/hu\/wp-json\/wp\/v2\/product\/1121\/revisions"}],"predecessor-version":[{"id":1127,"href":"https:\/\/keweicorten.com\/hu\/wp-json\/wp\/v2\/product\/1121\/revisions\/1127"}],"wp:featuredmedia":[{"embeddable":true,"href":"https:\/\/keweicorten.com\/hu\/wp-json\/wp\/v2\/media\/1128"}],"wp:attachment":[{"href":"https:\/\/keweicorten.com\/hu\/wp-json\/wp\/v2\/media?parent=1121"}],"wp:term":[{"taxonomy":"product_brand","embeddable":true,"href":"https:\/\/keweicorten.com\/hu\/wp-json\/wp\/v2\/product_brand?post=1121"},{"taxonomy":"product_cat","embeddable":true,"href":"https:\/\/keweicorten.com\/hu\/wp-json\/wp\/v2\/product_cat?post=1121"},{"taxonomy":"product_tag","embeddable":true,"href":"https:\/\/keweicorten.com\/hu\/wp-json\/wp\/v2\/product_tag?post=1121"}],"curies":[{"name":"wp","href":"https:\/\/api.w.org\/{rel}","templated":true}]}}