{"id":1129,"date":"2024-09-11T09:25:31","date_gmt":"2024-09-11T09:25:31","guid":{"rendered":"https:\/\/keweicorten.com\/?post_type=product&#038;p=1129"},"modified":"2025-01-15T06:15:41","modified_gmt":"2025-01-15T06:15:41","slug":"corten-barbecue","status":"publish","type":"product","link":"https:\/\/keweicorten.com\/hu\/corten-barbecue\/","title":{"rendered":"Corten barbecue"},"content":{"rendered":"<h2>Corten Barbecue term\u00e9kjellemz\u0151\uff1a<\/h2>\n<p>Anyag: Corten ac\u00e9l<br \/>\n- A grills\u00fct\u0151 Corten ac\u00e9lb\u00f3l k\u00e9sz\u00fclt, amely nemcsak robusztus \u00e9s ipari eszt\u00e9tik\u00e1t biztos\u00edt, hanem kiv\u00e1l\u00f3 id\u0151j\u00e1r\u00e1s\u00e1ll\u00f3s\u00e1got is, \u00edgy hossz\u00fa \u00e9lettartamot biztos\u00edt.<\/p>\n<p>Rusztikus megjelen\u00e9s:<br \/>\n- A cortenac\u00e9l az id\u0151 m\u00fal\u00e1s\u00e1val jellegzetes rozsdaszer\u0171 patin\u00e1t fejleszt, ami rusztikus \u00e9s id\u0151j\u00e1r\u00e1sf\u00fcgg\u0151 megjelen\u00e9st k\u00f6lcs\u00f6n\u00f6z a grillr\u00e1csnak. Ez az eszt\u00e9tikum teszi a grillt a kert vagy a terasz kiemelked\u0151 elem\u00e9v\u00e9.<\/p>\n<p>Tart\u00f3ss\u00e1g:<br \/>\nEz teszi a grillr\u00e1csot k\u00fclt\u00e9ri haszn\u00e1latra alkalmass\u00e1, \u00e9s k\u00e9pes ellen\u00e1llni a k\u00fcl\u00f6nb\u00f6z\u0151 id\u0151j\u00e1r\u00e1si k\u00f6r\u00fclm\u00e9nyeknek.<\/p>\n<p>F\u0151z\u0151fel\u00fclet:<br \/>\n- A grill t\u00e1gas s\u00fct\u0151fel\u00fclettel rendelkezik, amely alkalmas k\u00fcl\u00f6nf\u00e9le \u00e9telek elk\u00e9sz\u00edt\u00e9s\u00e9re. Ez mag\u00e1ban foglalhat egy els\u0151dleges grillez\u0151fel\u00fcletet a h\u00fasok \u00e9s z\u00f6lds\u00e9gek sz\u00e1m\u00e1ra, \u00e9s esetleg tov\u00e1bbi fel\u00fcleteket a k\u00f6retek sz\u00e1m\u00e1ra.<\/p>\n<p>\u00c1ll\u00edthat\u00f3 r\u00e1csok:<br \/>\n- Egyes grillr\u00e1csok \u00e1ll\u00edthat\u00f3 r\u00e1ccsal rendelkeznek, \u00edgy szab\u00e1lyozhatja a h\u0151forr\u00e1s \u00e9s az \u00e9tel k\u00f6z\u00f6tti t\u00e1vols\u00e1got. Ez a funkci\u00f3 hasznos a k\u00fcl\u00f6nb\u00f6z\u0151 s\u00fct\u00e9si szintek el\u00e9r\u00e9s\u00e9hez, a perzsel\u0151d\u00e9st\u0151l a lass\u00fa s\u00fct\u00e9sig.<\/p>\n<p>T\u00e1rol\u00e1s \u00e9s polcok:<br \/>\n- A funkcionalit\u00e1s fokoz\u00e1sa \u00e9rdek\u00e9ben a grills\u00fct\u0151 t\u00e1rol\u00f3 polcokat vagy horgokat tartalmazhat az eszk\u00f6z\u00f6k, f\u0171szerek \u00e9s egy\u00e9b grillez\u00e9si kieg\u00e9sz\u00edt\u0151k sz\u00e1m\u00e1ra.<\/p>\n<p>K\u00f6nnyen tiszt\u00edthat\u00f3:<br \/>\n- A kialak\u00edt\u00e1s tartalmazhat olyan funkci\u00f3kat, amelyek megk\u00f6nny\u00edtik a tiszt\u00edt\u00e1st, p\u00e9ld\u00e1ul kivehet\u0151 r\u00e1csokat \u00e9s hamut\u00e1lc\u00e1kat. Ez biztos\u00edtja, hogy a karbantart\u00e1s k\u00e9nyelmes legyen, \u00e9s a grill j\u00f3 \u00e1llapotban maradjon.<\/p>\n<p>Hordozhat\u00f3s\u00e1g:<br \/>\n- Kialak\u00edt\u00e1s\u00e1t\u00f3l f\u00fcgg\u0151en a grills\u00fct\u0151 hordozhat\u00f3, \u00edgy sz\u00fcks\u00e9g szerint mozgathatja a teraszon vagy a kertben. Ez k\u00fcl\u00f6n\u00f6sen k\u00e9nyelmes lehet a k\u00fclt\u00e9ri helyis\u00e9gek \u00e1trendez\u00e9sekor.<\/p>\n<p>Szell\u0151z\u00e9s \u00e9s h\u0151m\u00e9rs\u00e9klet-szab\u00e1lyoz\u00e1s:<br \/>\n- Egyes modellek be\u00e9p\u00edtett szell\u0151z\u0151ny\u00edl\u00e1sokkal vagy csappanty\u00fakkal rendelkeznek a l\u00e9g\u00e1raml\u00e1s \u00e9s a h\u0151m\u00e9rs\u00e9klet szab\u00e1lyoz\u00e1s\u00e1ra. Ez a funkci\u00f3 \u00e9rt\u00e9kes az optim\u00e1lis f\u0151z\u00e9si felt\u00e9telek el\u00e9r\u00e9s\u00e9hez \u00e9s az egyenletes h\u0151eloszl\u00e1s biztos\u00edt\u00e1s\u00e1hoz.<\/p>\n<p>\u00d6sszeszerel\u00e9s \u00e9s telep\u00edt\u00e9s:<br \/>\n- A term\u00e9ket \u00fagy lehet megtervezni, hogy k\u00f6nnyen \u00f6sszeszerelhet\u0151 \u00e9s telep\u00edthet\u0151 legyen, \u00e9s egy\u00e9rtelm\u0171 haszn\u00e1lati utas\u00edt\u00e1ssal rendelkezzen. Ez\u00e1ltal a k\u00fcl\u00f6nb\u00f6z\u0151 szint\u0171 bark\u00e1csol\u00e1si szak\u00e9rtelemmel rendelkez\u0151 felhaszn\u00e1l\u00f3k sz\u00e1m\u00e1ra is el\u00e9rhet\u0151v\u00e9 v\u00e1lik.<\/p>\n<table class=\"has-title all magic-17\">\n<tbody>\n<tr>\n<td colspan=\"1\" rowspan=\"1\">\n<div class=\"magic-21\"><span class=\"magic-22\" style=\"color: #000000;\" data-spm-anchor-id=\"a2700.details.0.i40.49d75047wtersS\">T\u00e9tel<\/span><\/div>\n<\/td>\n<td colspan=\"1\" rowspan=\"1\">\n<div class=\"magic-23\"><span class=\"magic-22\" style=\"color: #000000;\">Neh\u00e9z f\u00e9m grills\u00fct\u0151k BBQ Eur\u00f3pa \u00daj design kerti konyh\u00e1k t\u0171zrak\u00f3hely grills\u00fct\u0151 Corten ac\u00e9l k\u00fclt\u00e9ri fasz\u00e9n BBQ grill<\/span><\/div>\n<\/td>\n<\/tr>\n<tr>\n<td colspan=\"1\" rowspan=\"1\">\n<div class=\"magic-21\"><span class=\"magic-22\" style=\"color: #000000;\">M\u00e1rka<\/span><\/div>\n<\/td>\n<td colspan=\"1\" rowspan=\"1\">\n<div class=\"magic-23\"><span class=\"magic-22\" style=\"color: #000000;\"> shkw Kert<\/span><\/div>\n<\/td>\n<\/tr>\n<tr>\n<td colspan=\"1\" rowspan=\"1\">\n<div class=\"magic-21\"><span class=\"magic-22\" style=\"color: #000000;\">Modellsz\u00e1m<\/span><\/div>\n<\/td>\n<td colspan=\"1\" rowspan=\"1\">\n<div class=\"magic-23\"><span class=\"magic-22\" style=\"color: #000000;\">shkw-BBQ-01<\/span><\/div>\n<\/td>\n<\/tr>\n<tr>\n<td colspan=\"1\" rowspan=\"1\">\n<div class=\"magic-21\"><span class=\"magic-22\" style=\"color: #000000;\">Anyag<\/span><\/div>\n<\/td>\n<td colspan=\"1\" rowspan=\"1\">\n<div class=\"magic-23\"><span class=\"magic-22\" style=\"color: #000000;\">Corten ac\u00e9l \/ id\u0151j\u00e1r\u00e1s\u00e1ll\u00f3 ac\u00e9l<\/span><\/div>\n<\/td>\n<\/tr>\n<tr>\n<td colspan=\"1\" rowspan=\"1\">\n<div class=\"magic-21\"><span class=\"magic-22\" style=\"color: #000000;\">Vastags\u00e1g<\/span><\/div>\n<\/td>\n<td colspan=\"1\" rowspan=\"1\">\n<div class=\"magic-23\"><span class=\"magic-22\" style=\"color: #000000;\">2mm, grilllemez: 10mm<\/span><\/div>\n<\/td>\n<\/tr>\n<tr>\n<td colspan=\"1\" rowspan=\"1\">\n<div class=\"magic-21\"><span style=\"color: #000000;\">Csomag<\/span><\/div>\n<\/td>\n<td colspan=\"1\" rowspan=\"1\">\n<div class=\"magic-23\"><span style=\"color: #000000;\">Bel\u00fcl: K\u00edv\u00fcl: kop\u00e1sg\u00e1tl\u00f3 habpap\u00edr, k\u00edv\u00fcl: Karton doboz<\/span><\/div>\n<\/td>\n<\/tr>\n<tr>\n<td colspan=\"1\" rowspan=\"1\">\n<div class=\"magic-21\"><span class=\"magic-22\" style=\"color: #000000;\">Fel\u00fclet<\/span><\/div>\n<\/td>\n<td colspan=\"1\" rowspan=\"1\">\n<div class=\"magic-23\"><span class=\"magic-22\" style=\"color: #000000;\">El\u0151re rozsd\u00e1s\u00edtott, testre szabhat\u00f3<\/span><\/div>\n<\/td>\n<\/tr>\n<tr>\n<td colspan=\"1\" rowspan=\"1\">\n<div class=\"magic-21\"><span class=\"magic-22\" style=\"color: #000000;\">MOQ<\/span><\/div>\n<\/td>\n<td colspan=\"1\" rowspan=\"1\">\n<div class=\"magic-23\"><span class=\"magic-22\" style=\"color: #000000;\">1 db<\/span><\/div>\n<\/td>\n<\/tr>\n<\/tbody>\n<\/table>\n<figure style=\"width: 551px\" class=\"wp-caption alignnone\"><a href=\"https:\/\/keweicorten.com\/hu\"><img fetchpriority=\"high\" decoding=\"async\" title=\"corten bbq grill\" src=\"https:\/\/sc04.alicdn.com\/kf\/H6c6a51c7ff444d619a69eb33ef044679C\/235950374\/H6c6a51c7ff444d619a69eb33ef044679C.jpg\" alt=\"\" width=\"551\" height=\"551\" \/><\/a><figcaption class=\"wp-caption-text\">barbecue grill<\/figcaption><\/figure>\n<h2 class=\"magic-29\"><span data-spm-anchor-id=\"a2700.details.0.i41.49d75047wtersS\">Mi\u00e9rt v\u00e1lassza a k\u00fclt\u00e9ri t\u0171zrak\u00f3helyes BBQ-t?<\/span><\/h2>\n<div class=\"magic-30\">\n<div class=\"magic-8\">\n<div class=\"magic-9\">\n<p>Egyedi design<\/p>\n<p>Haszn\u00e1lhat\u00f3 grillez\u0151 \u00e9s t\u0171zrak\u00f3 t\u00e1lk\u00e9nt is<\/p>\n<div>K\u00f6nnyen sz\u00e1ll\u00edthat\u00f3 h\u00e1romr\u00e9szes modul\u00e1ris kialak\u00edt\u00e1s<\/div>\n<div>A talapzaton praktikus hely van a fa t\u00e1rol\u00e1s\u00e1hoz<\/div>\n<\/div>\n<\/div>\n<\/div>\n<div class=\"magic-30\">\n<div class=\"magic-8\">\n<div class=\"magic-31\">\n<p>Tart\u00f3s Corten ac\u00e9lb\u00f3l k\u00e9sz\u00fclt: A BBQ minden \u00e9vszakban a szabadban maradhat.<\/p>\n<p>K\u00fcl\u00f6nb\u00f6z\u0151 m\u00e9retekben kaphat\u00f3 (k\u00fap \u00e1tm\u00e9r\u0151)<\/p>\n<p>K\u00fcl\u00f6n\u00f6sen alkalmas vend\u00e9gl\u00e1t\u00f3ipari c\u00e9lokra<\/p>\n<p>K\u00f6nnyen haszn\u00e1lhat\u00f3 \u00e9s k\u00f6nnyen tiszt\u00edthat\u00f3<\/p>\n<\/div>\n<div>\n<figure style=\"width: 566px\" class=\"wp-caption alignnone\"><a href=\"https:\/\/keweicorten.com\/hu\/kapcsolatfelvetel\/\"><img decoding=\"async\" title=\"barbecue grill\" src=\"https:\/\/sc04.alicdn.com\/kf\/Hb2a9ecba4bb64ff4a92047898488428a9\/227652262\/Hb2a9ecba4bb64ff4a92047898488428a9.jpg\" alt=\"\" width=\"566\" height=\"755\" \/><\/a><figcaption class=\"wp-caption-text\">barbecue grill<\/figcaption><\/figure>\n<\/div>\n<div>\n<div class=\"text-title\">\n<p><span class=\"magic-18\"><span class=\"magic-12\" style=\"font-family: Arial;\" data-spm-anchor-id=\"a2700.details.0.i40.5f147cabQPR2Ms\">R\u00e9szletek M\u0171szaki param\u00e9terek:<\/span><\/span><\/p>\n<\/div>\n<div class=\"text-content\">\n<p><span class=\"magic-19\" style=\"font-family: Arial;\">1.Top Ring 3 k\u00fcl\u00f6nb\u00f6z\u0151 t\u00edpus\u00fa: 10 mm vastags\u00e1g\u00fa CR ac\u00e9l\u00a0<\/span><\/p>\n<p><span class=\"magic-19\" style=\"font-family: Arial;\">2.grill lemez :Hidegen hengerelt 10 mm-es ac\u00e9llemez Diamater 1000mm<br \/>\n3.Fire-kamra: 2mm vastag Corten ac\u00e9l\u00a0<\/span><\/p>\n<p><span class=\"magic-19\" style=\"font-family: Arial;\">4.Ash tart\u00e1ly: 2mm Corten ac\u00e9l<br \/>\n5.Down test: Corten ac\u00e9l vastags\u00e1ga: 2mm M\u00e9ret: 600 * 450 * 450mm<\/span><\/p>\n<div>\n<figure style=\"width: 590px\" class=\"wp-caption alignnone\"><a href=\"https:\/\/keweicorten.com\/hu\"><img decoding=\"async\" title=\"corten bbq\" src=\"https:\/\/sc02.alicdn.com\/kf\/H6b2e4eaa05fa4a65b89befdc51756f79B\/227652262\/H6b2e4eaa05fa4a65b89befdc51756f79B.jpg\" alt=\"corten bbq\" width=\"590\" height=\"384\" \/><\/a><figcaption class=\"wp-caption-text\">corten bbq<\/figcaption><\/figure>\n<\/div>\n<\/div>\n<\/div>\n<\/div>\n<\/div>","protected":false},"excerpt":{"rendered":"<p>Amikor egy kerti Corten grills\u00fct\u0151t fontolgat, fontos, hogy ellen\u0151rizze a term\u00e9kle\u00edr\u00e1sokat, a felhaszn\u00e1l\u00f3i v\u00e9lem\u00e9nyeket \u00e9s minden olyan kieg\u00e9sz\u00edt\u0151 funkci\u00f3t, amely jav\u00edthatja a szabadt\u00e9ri f\u0151z\u00e9s \u00e9lm\u00e9ny\u00e9t. Mindig tartsa be a biztons\u00e1gi ir\u00e1nyelveket \u00e9s a megfelel\u0151 karbantart\u00e1si gyakorlatokat, hogy biztos\u00edtsa a grills\u00fct\u0151 hossz\u00fa \u00e9lettartam\u00e1t.<\/p>","protected":false},"featured_media":997,"comment_status":"open","ping_status":"closed","template":"","meta":{"_eb_attr":"","_monsterinsights_skip_tracking":false,"_monsterinsights_sitenote_active":false,"_monsterinsights_sitenote_note":"","_monsterinsights_sitenote_category":0,"_uf_show_specific_survey":0,"_uf_disable_surveys":false},"product_brand":[],"product_cat":[63],"product_tag":[],"class_list":{"0":"post-1129","1":"product","2":"type-product","3":"status-publish","4":"has-post-thumbnail","6":"product_cat-steel-bbq-grill","8":"first","9":"instock","10":"shipping-taxable","11":"product-type-simple"},"_links":{"self":[{"href":"https:\/\/keweicorten.com\/hu\/wp-json\/wp\/v2\/product\/1129"}],"collection":[{"href":"https:\/\/keweicorten.com\/hu\/wp-json\/wp\/v2\/product"}],"about":[{"href":"https:\/\/keweicorten.com\/hu\/wp-json\/wp\/v2\/types\/product"}],"replies":[{"embeddable":true,"href":"https:\/\/keweicorten.com\/hu\/wp-json\/wp\/v2\/comments?post=1129"}],"version-history":[{"count":1,"href":"https:\/\/keweicorten.com\/hu\/wp-json\/wp\/v2\/product\/1129\/revisions"}],"predecessor-version":[{"id":1130,"href":"https:\/\/keweicorten.com\/hu\/wp-json\/wp\/v2\/product\/1129\/revisions\/1130"}],"wp:featuredmedia":[{"embeddable":true,"href":"https:\/\/keweicorten.com\/hu\/wp-json\/wp\/v2\/media\/997"}],"wp:attachment":[{"href":"https:\/\/keweicorten.com\/hu\/wp-json\/wp\/v2\/media?parent=1129"}],"wp:term":[{"taxonomy":"product_brand","embeddable":true,"href":"https:\/\/keweicorten.com\/hu\/wp-json\/wp\/v2\/product_brand?post=1129"},{"taxonomy":"product_cat","embeddable":true,"href":"https:\/\/keweicorten.com\/hu\/wp-json\/wp\/v2\/product_cat?post=1129"},{"taxonomy":"product_tag","embeddable":true,"href":"https:\/\/keweicorten.com\/hu\/wp-json\/wp\/v2\/product_tag?post=1129"}],"curies":[{"name":"wp","href":"https:\/\/api.w.org\/{rel}","templated":true}]}}