{"id":1131,"date":"2024-09-12T02:07:38","date_gmt":"2024-09-12T02:07:38","guid":{"rendered":"https:\/\/keweicorten.com\/?post_type=product&#038;p=1131"},"modified":"2025-01-15T06:15:32","modified_gmt":"2025-01-15T06:15:32","slug":"corten-acel-viz-funkcio","status":"publish","type":"product","link":"https:\/\/keweicorten.com\/hu\/corten-acel-viz-funkcio\/","title":{"rendered":"corten ac\u00e9l v\u00edz funkci\u00f3"},"content":{"rendered":"<table>\n<tbody>\n<tr>\n<td valign=\"center\" width=\"223\"><a>N\u00e9v<\/a><\/td>\n<td valign=\"center\" width=\"517\">K\u00fclt\u00e9ri f\u00e9m v\u00edzes\u00e9s sz\u00f6k\u0151k\u00fat Nagy Corten ac\u00e9l v\u00edzjellemz\u0151 sz\u00f6k\u0151kutak kerti dekor\u00e1ci\u00f3hoz<\/td>\n<\/tr>\n<tr>\n<td valign=\"center\" width=\"223\">Anyag<\/td>\n<td valign=\"center\" width=\"517\">\u00a0Rozsdamentes ac\u00e9l 304\/316, CORTEN<\/td>\n<\/tr>\n<tr>\n<td valign=\"center\" width=\"223\">Haszn\u00e1lat<\/td>\n<td valign=\"center\" width=\"517\">Kert, park dekor\u00e1ci\u00f3<\/td>\n<\/tr>\n<tr>\n<td valign=\"center\" width=\"223\">Sz\u00ednes<\/td>\n<td valign=\"center\" width=\"517\">Ez\u00fcst ,RUSTY<\/td>\n<\/tr>\n<tr>\n<td valign=\"center\" width=\"223\">Tervek<\/td>\n<td valign=\"center\" width=\"517\">Minden design testre szabhat\u00f3<\/td>\n<\/tr>\n<tr>\n<td valign=\"center\" width=\"223\">MOQ<\/td>\n<td valign=\"center\" width=\"517\">1 darab<\/td>\n<\/tr>\n<tr>\n<td rowspan=\"6\" valign=\"center\" width=\"223\">El\u0151ny<\/td>\n<td valign=\"center\" width=\"517\">Mi vagyunk a fakult\u00e1s<\/td>\n<\/tr>\n<tr>\n<td valign=\"center\" width=\"517\">sok tapasztalat a gy\u00e1rt\u00e1s \u00e9s az export ter\u00e9n<\/td>\n<\/tr>\n<tr>\n<td valign=\"center\" width=\"517\">versenyk\u00e9pes \u00e1rat tudunk k\u00edn\u00e1lni<\/td>\n<\/tr>\n<tr>\n<td valign=\"center\" width=\"517\">Professzion\u00e1lis tervez\u0151csapat<\/td>\n<\/tr>\n<tr>\n<td valign=\"center\" width=\"517\">Gazdag tapasztalat sz\u00e1ll\u00edt\u00e1si \u00fcgyn\u00f6k l\u00e9gi, tengeri vagy vonat sz\u00e1m\u00e1ra<\/td>\n<\/tr>\n<tr>\n<td valign=\"center\" width=\"517\">\u00a0\u00e9rt\u00e9kes\u00edt\u00e9s \u00e9s \u00e9rt\u00e9kes\u00edt\u00e9s ut\u00e1ni szolg\u00e1ltat\u00e1s<\/td>\n<\/tr>\n<tr>\n<td valign=\"center\" width=\"223\">Fizet\u00e9si felt\u00e9telek<\/td>\n<td valign=\"center\" width=\"517\">T \/ T, Trade Assurance, Paypal, Western Union, hitelk\u00e1rtya, hitelk\u00e1rtya<\/td>\n<\/tr>\n<tr>\n<td valign=\"center\" width=\"223\">Csomagol\u00e1s<\/td>\n<td valign=\"center\" width=\"517\">Er\u0151s fa l\u00e1da, bel\u00fcl v\u00edz\u00e1ll\u00f3 \u00e9s \u00fct\u00e9s\u00e1ll\u00f3 habbal<\/td>\n<\/tr>\n<tr>\n<td valign=\"center\" width=\"223\">Sz\u00e1ll\u00edt\u00e1si id\u0151<\/td>\n<td valign=\"center\" width=\"517\">35-40 nap a befizet\u00e9s ut\u00e1n, nem bele\u00e9rtve az agyag moud fix \u00e9s meger\u0151s\u00edti az id\u0151t<\/td>\n<\/tr>\n<\/tbody>\n<\/table>\n<h2>El\u0151nyei corten ac\u00e9l v\u00edz funkci\u00f3<\/h2>\n<p>Ez a rozsdamentes ac\u00e9lb\u00f3l\/kortenac\u00e9lb\u00f3l k\u00e9sz\u00fclt, ez\u00fcst vagy rozsd\u00e1s sz\u00edn\u0171 v\u00edzj\u00e1t\u00e9k, .It abszol\u00fat ide\u00e1lis dekor\u00e1ci\u00f3 a saj\u00e1t kertj\u00e9ben. Egyedi \u00e9s hangulatos szerkezet h\u0171v\u00f6s \u00e9s k\u00e9nyelmes nyarat hoz \u00d6nnek, \u00e9lvezheti a gy\u00f6ny\u00f6r\u0171 kerti id\u0151t a csal\u00e1dj\u00e1val \u00e9s bar\u00e1taival. Mi a k\u00edn\u00e1lat veries a st\u00edlusok, m\u00e9retek \u00e9s anyag, amit szeretne az \u00d6n sz\u00e1m\u00e1ra, javasoljuk rozsdamentes ac\u00e9l vagy id\u0151j\u00e1r\u00e1s\u00e1ll\u00f3 ac\u00e9l.<\/p>\n<p><img fetchpriority=\"high\" decoding=\"async\" class=\"\" src=\"https:\/\/sc04.alicdn.com\/kf\/H48150a6b46654a21b8eb4ef77a3b7107X\/255157415\/H48150a6b46654a21b8eb4ef77a3b7107X.png\" width=\"587\" height=\"587\" \/><\/p>\n<h3>Kiv\u00e1l\u00f3 korr\u00f3zi\u00f3\u00e1ll\u00f3s\u00e1g<\/h3>\n<p>Az id\u0151j\u00e1r\u00e1s\u00e1ll\u00f3 ac\u00e9l anyag speci\u00e1lis kezel\u00e9s ut\u00e1n er\u0151s korr\u00f3zi\u00f3\u00e1ll\u00f3s\u00e1ggal rendelkezik, ellen\u00e1ll a k\u00fcl\u00f6nb\u00f6z\u0151 vegyi anyagoknak \u00e9s k\u00f6rnyezeti t\u00e9nyez\u0151knek, k\u00fcl\u00f6n\u00f6sen alkalmas a zord ipari k\u00f6rnyezet \u00e9s a vegyi telephelyek sz\u00e1m\u00e1ra.<\/p>\n<h3>Id\u0151j\u00e1r\u00e1s\u00e1ll\u00f3s\u00e1g \u00e9s tart\u00f3ss\u00e1g<\/h3>\n<p>Az id\u0151j\u00e1r\u00e1s\u00e1ll\u00f3 ac\u00e9l j\u00f3 id\u0151j\u00e1r\u00e1s\u00e1ll\u00f3s\u00e1ggal rendelkezik, hat\u00e9konyan ellen\u00e1ll a sz\u00e9lnek \u00e9s az es\u0151nek, az ultraibolya \u00e9s m\u00e1s \u00e9ghajlati t\u00e9nyez\u0151knek, meghosszabb\u00edtja az \u00e9lettartamot, jelent\u0151sen cs\u00f6kkenti a karbantart\u00e1si k\u00f6lts\u00e9geket.<\/p>\n<p>H\u0151v\u00e9delmi teljes\u00edtm\u00e9ny<br \/>\nAz id\u0151j\u00e1r\u00e1s\u00e1ll\u00f3 ac\u00e9l hat\u00e9konyan elszigeteli a h\u0151sug\u00e1rz\u00e1st, alkalmas a koh\u00e1szati \u00e9s magas h\u0151m\u00e9rs\u00e9klet\u0171 k\u00f6rnyezetek sz\u00e1m\u00e1ra a munkater\u00fcleten, hogy megv\u00e9dje a munkav\u00e1llal\u00f3kat \u00e9s a berendez\u00e9seket a k\u00e1rosod\u00e1st\u00f3l.<\/p>\n<h3>Por- \u00e9s zajcs\u00f6kkent\u00e9s<\/h3>\n<p>A v\u00edzf\u00fcgg\u00f6nyszerkezet hat\u00e9konyan megakad\u00e1lyozhatja a por, a f\u00fcst \u00e9s m\u00e1s r\u00e9szecsk\u00e9k terjed\u00e9s\u00e9t, tiszta munkak\u00f6rnyezetet hozhat l\u00e9tre, \u00e9s bizonyos zajcs\u00f6kkent\u0151 hat\u00e1ssal b\u00edr.<\/p>\n<h3>Eszt\u00e9tika<\/h3>\n<p>Az id\u0151j\u00e1r\u00e1s\u00e1ll\u00f3 ac\u00e9l megjelen\u00e9se modern \u00e9s vizu\u00e1lisan vonz\u00f3, \u00e9s sz\u00e1mos \u00e9p\u00edt\u00e9szeti st\u00edlussal integr\u00e1lhat\u00f3, hogy fokozza az \u00e9p\u00fclet \u00e1ltal\u00e1nos sz\u00e9ps\u00e9g\u00e9t.<\/p>\n<h3>Alacsony fenntart\u00e1si k\u00f6lts\u00e9g<\/h3>\n<p>Az id\u0151j\u00e1r\u00e1s\u00e1ll\u00f3 ac\u00e9l tart\u00f3ss\u00e1ga \u00e9s korr\u00f3zi\u00f3\u00e1ll\u00f3s\u00e1ga miatt a teljes karbantart\u00e1si \u00e9s cserek\u00f6lts\u00e9g nagyon alacsony, \u00e9s a hossz\u00fa t\u00e1v\u00fa haszn\u00e1lat sok p\u00e9nzt takar\u00edthat meg.<\/p>\n<h3>K\u00f6rnyezetv\u00e9delem<\/h3>\n<p>Az id\u0151j\u00e1r\u00e1s\u00e1ll\u00f3 ac\u00e9lf\u00fcgg\u00f6ny hat\u00e9konyan elszigeteli a k\u00e1ros anyagokat, cs\u00f6kkenti a szennyez\u0151 anyagok terjed\u00e9s\u00e9t, \u00e9s megfelel a k\u00f6rnyezetv\u00e9delem k\u00f6vetelm\u00e9nyeinek a gy\u00e1rt\u00e1s \u00e9s a haszn\u00e1lat sor\u00e1n.<\/p>\n<h3>Magas biztons\u00e1g<\/h3>\n<p>Az id\u0151j\u00e1r\u00e1s\u00e1ll\u00f3 ac\u00e9lf\u00fcgg\u00f6ny\u00f6k haszn\u00e1lata hat\u00e9konyan v\u00e9di a munkav\u00e1llal\u00f3k \u00e9s a berendez\u00e9sek biztons\u00e1g\u00e1t, cs\u00f6kkenti a balesetek kock\u00e1zat\u00e1t, \u00e9s biztons\u00e1gosabb munkak\u00f6rnyezetet biztos\u00edt a munkav\u00e1llal\u00f3k sz\u00e1m\u00e1ra.<\/p>\n<h3>Alkalmaz\u00e1s rugalmass\u00e1ga<\/h3>\n<p>Az id\u0151j\u00e1r\u00e1s\u00e1ll\u00f3 ac\u00e9lf\u00fcgg\u00f6ny a k\u00fcl\u00f6nb\u00f6z\u0151 ig\u00e9nyeknek megfelel\u0151en testre szabhat\u00f3, k\u00fcl\u00f6nb\u00f6z\u0151 helyekre alkalmas, ak\u00e1r ipari, \u00e9p\u00edt\u0151ipari vagy k\u00f6rnyezetv\u00e9delmi, megtal\u00e1lhatja a megfelel\u0151 alkalmaz\u00e1st.<\/p>\n<figure style=\"width: 750px\" class=\"wp-caption alignnone\"><a href=\"https:\/\/keweicorten.com\/hu\"><img decoding=\"async\" title=\"F\u00e9m Corten ac\u00e9l es\u0151f\u00fcgg\u00f6ny\" src=\"https:\/\/www.keweistove.com\/uploads\/39684\/products\/20240604160439b3453.jpg?size=750x0\" alt=\"sz\u00f6k\u0151k\u00fat\" width=\"750\" height=\"535\" \/><\/a><figcaption class=\"wp-caption-text\">F\u00e9m Corten ac\u00e9l es\u0151f\u00fcgg\u00f6ny<\/figcaption><\/figure>\n<table class=\"has-title hight-light-first-column all magic-29\" style=\"height: 148px;\" width=\"749\">\n<tbody>\n<tr>\n<td colspan=\"1\" rowspan=\"1\">\n<div class=\"magic-30\" data-spm-anchor-id=\"a2700.details.0.i43.43c8614cX0B5cl\">N\u00e9v<\/div>\n<\/td>\n<td colspan=\"4\" rowspan=\"1\">\n<div class=\"magic-31\">corten ac\u00e9l udvar m\u0171v\u00e9szet v\u00edz asztal kerti v\u00edz funkci\u00f3 k\u00fclt\u00e9ri sz\u00f6k\u0151k\u00fat<\/div>\n<\/td>\n<\/tr>\n<tr>\n<td colspan=\"1\" rowspan=\"1\">\n<div class=\"magic-30\">anyag<\/div>\n<\/td>\n<td colspan=\"4\" rowspan=\"1\">\n<div class=\"magic-31\">cortenac\u00e9l<\/div>\n<\/td>\n<\/tr>\n<tr>\n<td colspan=\"1\" rowspan=\"1\">\n<div class=\"magic-30\">forr\u00f3 elad\u00f3 t\u00edpusok<\/div>\n<\/td>\n<td colspan=\"4\" rowspan=\"1\">\n<div class=\"magic-31\">sz\u00f6k\u0151k\u00fat, es\u0151f\u00fcgg\u00f6ny, v\u00edzt\u00e1bla<\/div>\n<\/td>\n<\/tr>\n<tr>\n<td colspan=\"1\" rowspan=\"1\">\n<div class=\"magic-30\">testreszabott<\/div>\n<\/td>\n<td colspan=\"4\" rowspan=\"1\">\n<div class=\"magic-34\">el\u00e9rhet\u0151<\/div>\n<\/td>\n<\/tr>\n<\/tbody>\n<\/table>\n<figure style=\"width: 750px\" class=\"wp-caption alignnone\"><a href=\"https:\/\/keweicorten.com\/hu\"><img decoding=\"async\" title=\"F\u00e9m Corten ac\u00e9l es\u0151f\u00fcgg\u00f6ny\" src=\"https:\/\/www.keweistove.com\/uploads\/39684\/products\/p2024060415530822cfb.png?size=750x0\" alt=\"F\u00e9m Corten ac\u00e9l es\u0151f\u00fcgg\u00f6ny\" width=\"750\" height=\"386\" \/><\/a><figcaption class=\"wp-caption-text\">F\u00e9m Corten ac\u00e9l es\u0151f\u00fcgg\u00f6ny<\/figcaption><\/figure>\n<div class=\"J_module\">\n<div data-section=\"AliMagic-0xfsiv\" data-section-title=\"FAQ\" data-spm-anchor-id=\"a2700.details.0.i39.35342bacfqBWEo\"><\/div>\n<div id=\"ali-anchor-AliMagic-0xfsiv\" class=\"magic-0\" data-section=\"AliMagic-0xfsiv\" data-section-title=\"FAQ\" data-spm-anchor-id=\"a2700.details.0.i39.35342bacfqBWEo\">GYIK<\/div>\n<\/div>\n<div class=\"J_module\">\n<div class=\"detail-decorate-json-renderer-container\">\n<div class=\"magic-20\">\n<div class=\"magic-23\">\n<div class=\"magic-24\">\n<div class=\"magic-25\">\n<div class=\"magic-11\"><span class=\"magic-6\" style=\"font-family: Arial;\">K: K\u00e9sz\u00edt-e egyedi term\u00e9keket a tervrajzaink vagy \u00f6tleteink alapj\u00e1n?<\/span><\/div>\n<div class=\"magic-11\" data-spm-anchor-id=\"a2700.details.0.i38.35342bacfqBWEo\">V:Igen.<\/div>\n<div><\/div>\n<div class=\"magic-11\">K: Mennyi a MOQ?<\/div>\n<div class=\"magic-11\" data-spm-anchor-id=\"a2700.details.0.i37.35342bacfqBWEo\">V: \u00c1ltal\u00e1ban nem hat\u00e1rozzuk meg a MOQ-t, de min\u00e9l t\u00f6bb, ann\u00e1l olcs\u00f3bb. Ezenk\u00edv\u00fcl sz\u00edvesen k\u00e9sz\u00edt\u00fcnk protot\u00edpust vagy mint\u00e1t az \u00fcgyfelek sz\u00e1m\u00e1ra a min\u0151s\u00e9gi szabv\u00e1ny biztos\u00edt\u00e1sa \u00e9rdek\u00e9ben.<\/div>\n<div class=\"magic-11\"><\/div>\n<div class=\"magic-11\">K: \u00d6n maga kezeli a porfest\u00e9st?<\/div>\n<div class=\"magic-11\" data-spm-anchor-id=\"a2700.details.0.i40.35342bacfqBWEo\">V: Igen, mi egy professzion\u00e1lis f\u00e9mlemezgy\u00e1rt\u00f3 gy\u00e1r vagyunk, amely teljes k\u00f6r\u0171 gy\u00e1rt\u00e1si szolg\u00e1ltat\u00e1st ny\u00fajt, bele\u00e9rtve a l\u00e9zerv\u00e1g\u00e1st is.<\/div>\n<div class=\"magic-11\"><\/div>\n<div class=\"magic-11\">K: Tudna seg\u00edteni a rakt\u00e1roz\u00e1sban?<\/div>\n<div class=\"magic-11\"><span class=\"magic-22\">A: Persze.<\/span><\/div>\n<\/div>\n<\/div>\n<\/div>\n<\/div>\n<\/div>\n<\/div>","protected":false},"excerpt":{"rendered":"<p>A biztons\u00e1g \u00e9s tart\u00f3ss\u00e1g biztos\u00edt\u00e1sa \u00e9rdek\u00e9ben kiv\u00e1l\u00f3 min\u0151s\u00e9g\u0171 id\u0151j\u00e1r\u00e1s\u00e1ll\u00f3 ac\u00e9lf\u00fcgg\u00f6ny term\u00e9kek biztos\u00edt\u00e1s\u00e1ra szakosodtunk a legk\u00fcl\u00f6nb\u00f6z\u0151bb ipari k\u00f6rnyezetek sz\u00e1m\u00e1ra.<\/p>","protected":false},"featured_media":1132,"comment_status":"open","ping_status":"closed","template":"","meta":{"_eb_attr":"","_monsterinsights_skip_tracking":false,"_monsterinsights_sitenote_active":false,"_monsterinsights_sitenote_note":"","_monsterinsights_sitenote_category":0,"_uf_show_specific_survey":0,"_uf_disable_surveys":false},"product_brand":[],"product_cat":[56],"product_tag":[],"class_list":{"0":"post-1131","1":"product","2":"type-product","3":"status-publish","4":"has-post-thumbnail","6":"product_cat-water-feature","8":"first","9":"instock","10":"shipping-taxable","11":"product-type-simple"},"_links":{"self":[{"href":"https:\/\/keweicorten.com\/hu\/wp-json\/wp\/v2\/product\/1131"}],"collection":[{"href":"https:\/\/keweicorten.com\/hu\/wp-json\/wp\/v2\/product"}],"about":[{"href":"https:\/\/keweicorten.com\/hu\/wp-json\/wp\/v2\/types\/product"}],"replies":[{"embeddable":true,"href":"https:\/\/keweicorten.com\/hu\/wp-json\/wp\/v2\/comments?post=1131"}],"version-history":[{"count":4,"href":"https:\/\/keweicorten.com\/hu\/wp-json\/wp\/v2\/product\/1131\/revisions"}],"predecessor-version":[{"id":1136,"href":"https:\/\/keweicorten.com\/hu\/wp-json\/wp\/v2\/product\/1131\/revisions\/1136"}],"wp:featuredmedia":[{"embeddable":true,"href":"https:\/\/keweicorten.com\/hu\/wp-json\/wp\/v2\/media\/1132"}],"wp:attachment":[{"href":"https:\/\/keweicorten.com\/hu\/wp-json\/wp\/v2\/media?parent=1131"}],"wp:term":[{"taxonomy":"product_brand","embeddable":true,"href":"https:\/\/keweicorten.com\/hu\/wp-json\/wp\/v2\/product_brand?post=1131"},{"taxonomy":"product_cat","embeddable":true,"href":"https:\/\/keweicorten.com\/hu\/wp-json\/wp\/v2\/product_cat?post=1131"},{"taxonomy":"product_tag","embeddable":true,"href":"https:\/\/keweicorten.com\/hu\/wp-json\/wp\/v2\/product_tag?post=1131"}],"curies":[{"name":"wp","href":"https:\/\/api.w.org\/{rel}","templated":true}]}}