{"id":1137,"date":"2024-09-12T03:07:39","date_gmt":"2024-09-12T03:07:39","guid":{"rendered":"https:\/\/keweicorten.com\/?post_type=product&#038;p=1137"},"modified":"2025-01-15T06:15:24","modified_gmt":"2025-01-15T06:15:24","slug":"corten-acel-kerti-szegely","status":"publish","type":"product","link":"https:\/\/keweicorten.com\/hu\/corten-acel-kerti-szegely\/","title":{"rendered":"corten ac\u00e9l kerti szeg\u00e9ly"},"content":{"rendered":"<h2>Corten ac\u00e9l kerti szeg\u00e9ly alkalmaz\u00e1sa<\/h2>\n<p>Az id\u0151j\u00e1r\u00e1s\u00e1ll\u00f3 ac\u00e9l terel\u0151lap egy olyan anyag, amelyet az \u00e9p\u00edt\u0151m\u00e9rn\u00f6ki \u00e9s \u00e9p\u00edt\u0151ipari ter\u00fcleten haszn\u00e1lnak, kiv\u00e1l\u00f3 korr\u00f3zi\u00f3\u00e1ll\u00f3s\u00e1ggal \u00e9s szil\u00e1rds\u00e1ggal, sz\u00e9les k\u00f6rben haszn\u00e1lj\u00e1k a k\u00f6vetkez\u0151 szempontok szerint:<\/p>\n<ul>\n<li>F\u00f6ld DAMS \u00e9s t\u00e1mfalak<\/li>\n<li>K\u00f6z\u00fati \u00e9s vas\u00fati munk\u00e1latok<\/li>\n<li>V\u00edzv\u00e9delmi projekt<\/li>\n<li>Alap\u00edtv\u00e1nyi g\u00f6dr\u00f6k t\u00e1mogat\u00e1sa<\/li>\n<\/ul>\n<ul>\n<li>T\u00e1j\u00e9p\u00edt\u00e9szet<\/li>\n<li>V\u00e9delmi l\u00e9tes\u00edtm\u00e9ny<\/li>\n<\/ul>\n<p>A Corten ac\u00e9l kerti szeg\u00e9lyez\u00e9s id\u0151j\u00e1r\u00e1s\u00e1ll\u00f3 ac\u00e9lb\u00f3l (p\u00e9ld\u00e1ul Corten ac\u00e9lb\u00f3l) k\u00e9sz\u00fclt szerkezeti lemez, amelyet els\u0151sorban a talaj megtart\u00e1s\u00e1ra, al\u00e1t\u00e1maszt\u00e1s\u00e1ra vagy v\u00e9delm\u00e9re haszn\u00e1lnak k\u00fcl\u00f6nb\u00f6z\u0151 m\u00e9rn\u00f6ki projektekben. Az id\u0151j\u00e1r\u00e1s\u00e1ll\u00f3 ac\u00e9l kiv\u00e1l\u00f3 korr\u00f3zi\u00f3\u00e1ll\u00f3s\u00e1ggal \u00e9s j\u00f3 mechanikai szil\u00e1rds\u00e1ggal rendelkezik.<\/p>\n<table class=\"has-title all magic-11\" style=\"height: 70px;\" width=\"577\">\n<tbody>\n<tr>\n<td colspan=\"1\" rowspan=\"1\">\n<div class=\"magic-12\" data-spm-anchor-id=\"a2700.details.0.i39.58e96c3bcoRvcr\">anyag<\/div>\n<\/td>\n<td colspan=\"1\" rowspan=\"1\">\n<div class=\"magic-13\">corten ac\u00e9llemez<\/div>\n<\/td>\n<\/tr>\n<tr>\n<td colspan=\"1\" rowspan=\"1\">\n<div class=\"magic-12\">m\u00e9ret<\/div>\n<\/td>\n<td colspan=\"1\" rowspan=\"1\">\n<div class=\"magic-13\">1.6*1075*100\/150+100mm<\/div>\n<\/td>\n<\/tr>\n<tr>\n<td colspan=\"1\" rowspan=\"1\">\n<div class=\"magic-12\">fel\u00fclet<\/div>\n<\/td>\n<td colspan=\"1\" rowspan=\"1\">\n<div class=\"magic-13\">festett vagy rozsd\u00e1s<\/div>\n<\/td>\n<\/tr>\n<\/tbody>\n<\/table>\n<figure id=\"attachment_1140\" aria-describedby=\"caption-attachment-1140\" style=\"width: 300px\" class=\"wp-caption alignnone\"><img fetchpriority=\"high\" decoding=\"async\" class=\"size-medium wp-image-1140\" src=\"https:\/\/keweicorten.com\/wp-content\/uploads\/2024\/09\/\u5fae\u4fe1\u56fe\u7247_202307211703502-300x300.jpg\" alt=\"\" width=\"300\" height=\"300\" srcset=\"https:\/\/keweicorten.com\/wp-content\/uploads\/2024\/09\/\u5fae\u4fe1\u56fe\u7247_202307211703502-300x300.jpg 300w, https:\/\/keweicorten.com\/wp-content\/uploads\/2024\/09\/\u5fae\u4fe1\u56fe\u7247_202307211703502-150x150.jpg 150w, https:\/\/keweicorten.com\/wp-content\/uploads\/2024\/09\/\u5fae\u4fe1\u56fe\u7247_202307211703502-12x12.jpg 12w, https:\/\/keweicorten.com\/wp-content\/uploads\/2024\/09\/\u5fae\u4fe1\u56fe\u7247_202307211703502-600x600.jpg 600w, https:\/\/keweicorten.com\/wp-content\/uploads\/2024\/09\/\u5fae\u4fe1\u56fe\u7247_202307211703502-100x100.jpg 100w, https:\/\/keweicorten.com\/wp-content\/uploads\/2024\/09\/\u5fae\u4fe1\u56fe\u7247_202307211703502.jpg 750w\" sizes=\"(max-width: 300px) 100vw, 300px\" \/><figcaption id=\"caption-attachment-1140\" class=\"wp-caption-text\">CORTEN EDGING<\/figcaption><\/figure>\n<h2>A corten ac\u00e9l kerti szeg\u00e9lyek jellemz\u0151i<\/h2>\n<p>Korr\u00f3zi\u00f3\u00e1ll\u00f3s\u00e1g: Az id\u0151j\u00e1r\u00e1s\u00e1ll\u00f3 ac\u00e9l fel\u00fclet\u00e9n k\u00e9pz\u0151d\u00f6tt oxidfilmr\u00e9teg hat\u00e9konyan ellen\u00e1ll az es\u0151 \u00e9s a szennyez\u0151 anyagok er\u00f3zi\u00f3j\u00e1nak, \u00edgy nedves \u00e9s zord k\u00f6rnyezetben is j\u00f3 teljes\u00edtm\u00e9nyt ny\u00fajt.<\/p>\n<p>Nagy szil\u00e1rds\u00e1g: Az id\u0151j\u00e1r\u00e1s\u00e1ll\u00f3 ac\u00e9l nagy szak\u00edt\u00f3szil\u00e1rds\u00e1ggal \u00e9s nyom\u00f3szil\u00e1rds\u00e1ggal rendelkezik, \u00e9s nagyobb talajnyom\u00e1snak is ellen\u00e1ll.<\/p>\n<p>Egyszer\u0171 karbantart\u00e1s: A kiv\u00e1l\u00f3 id\u0151j\u00e1r\u00e1s\u00e1ll\u00f3s\u00e1g\u00e1nak k\u00f6sz\u00f6nhet\u0151en az id\u0151j\u00e1r\u00e1s\u00e1ll\u00f3 ac\u00e9l terel\u0151lemez a haszn\u00e1lat sor\u00e1n alacsony karbantart\u00e1si k\u00f6lts\u00e9geket ig\u00e9nyel.<\/p>\n<p>Eszt\u00e9tika: Az id\u0151j\u00e1r\u00e1s\u00e1ll\u00f3 ac\u00e9l fel\u00fclet\u00e9n term\u00e9szetesen kialakult rozsdaszerkezet sz\u00e9ps\u00e9get adhat, amely alkalmas a t\u00e1jk\u00e9pi \u00e9s v\u00e1rosi \u00e9p\u00edt\u00e9szethez.<\/p>\n<p><img decoding=\"async\" class=\"\" src=\"https:\/\/sc04.alicdn.com\/kf\/H254e4e58aa4a4cd7ae5f7f5b9a8def6eJ\/223026859\/H254e4e58aa4a4cd7ae5f7f5b9a8def6eJ.jpg\" width=\"595\" height=\"595\" \/><\/p>\n<div class=\"text-title\">\n<h2 class=\"magic-9\"><b class=\"magic-24\"><span class=\"magic-10\" style=\"color: #000000;\" data-spm-anchor-id=\"a2700.details.0.i44.6227b6fedKS63A\">Rozsd\u00e1s Corten ac\u00e9l bevezet\u00e9se<\/span><\/b><\/h2>\n<p><span class=\"magic-15\" style=\"color: #000000;\" data-spm-anchor-id=\"a2700.details.0.i46.6227b6fedKS63A\"><b data-spm-anchor-id=\"a2700.details.0.i45.6227b6fedKS63A\">Corten ac\u00e9l<\/b>\u00a0megtartja az eredeti fekete fel\u00fcletet, amikor el\u0151sz\u00f6r megv\u00e1s\u00e1rolt\u00e1k.N\u00e9h\u00e1ny h\u00f3nappal k\u00e9s\u0151bb foltosnak fog t\u0171nni, miel\u0151tt sz\u00e9p, egyenletes sz\u00ednbevonatot kapna. Ezt a talaj, a l\u00e9gk\u00f6ri viszonyok \u00e9s az \u00d6n k\u00fcl\u00f6nb\u00f6z\u0151 helyei k\u00f6z\u00f6tti k\u00fcl\u00f6nbs\u00e9gek okozz\u00e1k. <\/span><\/p>\n<div><span class=\"magic-15\" style=\"color: #000000;\">\u00a0<\/span><\/div>\n<div><span class=\"magic-15\" style=\"color: #000000;\">V\u00e9g\u00fcl a jobb oldali k\u00e9pen l\u00e1that\u00f3 sz\u00e9p rozsd\u00e1s sz\u00ednt kapja. Tov\u00e1bb\u00e1, a rozsd\u00e1s feldolgoz\u00e1s k\u00f6zvetlen\u00fcl, id\u0151vesztes\u00e9g n\u00e9lk\u00fcl.<\/span><\/div>\n<div>\n<div class=\"mceTemp\">\nCORTEN EDGING<\/p>\n<figure style=\"width: 750px\" class=\"wp-caption alignnone\"><a href=\"https:\/\/keweicorten.com\/hu\"><img decoding=\"async\" title=\"corten STEEL szeg\u00e9lyez\u00e9s\" src=\"https:\/\/sc02.alicdn.com\/kf\/H650f0e63dacb4e35bd6d646fd2d0975cK\/235950374\/H650f0e63dacb4e35bd6d646fd2d0975cK.jpg\" alt=\"\" width=\"750\" height=\"404\" \/><\/a><figcaption class=\"wp-caption-text\">corten STEEL szeg\u00e9lyez\u00e9s<\/figcaption><\/figure>\n<\/div>\n<\/div>","protected":false},"excerpt":{"rendered":"<p>V\u00e1lassza a Corten ac\u00e9l kerti sz\u00e9l\u00e9t, hogy \u00e9lvezze a kiv\u00e1l\u00f3 min\u0151s\u00e9get \u00e9s a st\u00edlusos kialak\u00edt\u00e1st, \u00e9s hozzon l\u00e9tre egy egyedi szabadt\u00e9ri teret, amely n\u00f6veli a kert \u00e1ltal\u00e1nos sz\u00e9ps\u00e9g\u00e9t \u00e9s funkcionalit\u00e1s\u00e1t.<\/p>","protected":false},"featured_media":1138,"comment_status":"open","ping_status":"closed","template":"","meta":{"_eb_attr":"","_monsterinsights_skip_tracking":false,"_monsterinsights_sitenote_active":false,"_monsterinsights_sitenote_note":"","_monsterinsights_sitenote_category":0,"_uf_show_specific_survey":0,"_uf_disable_surveys":false},"product_brand":[],"product_cat":[58],"product_tag":[],"class_list":{"0":"post-1137","1":"product","2":"type-product","3":"status-publish","4":"has-post-thumbnail","6":"product_cat-garden-edging","8":"first","9":"instock","10":"shipping-taxable","11":"product-type-simple"},"_links":{"self":[{"href":"https:\/\/keweicorten.com\/hu\/wp-json\/wp\/v2\/product\/1137"}],"collection":[{"href":"https:\/\/keweicorten.com\/hu\/wp-json\/wp\/v2\/product"}],"about":[{"href":"https:\/\/keweicorten.com\/hu\/wp-json\/wp\/v2\/types\/product"}],"replies":[{"embeddable":true,"href":"https:\/\/keweicorten.com\/hu\/wp-json\/wp\/v2\/comments?post=1137"}],"version-history":[{"count":2,"href":"https:\/\/keweicorten.com\/hu\/wp-json\/wp\/v2\/product\/1137\/revisions"}],"predecessor-version":[{"id":1142,"href":"https:\/\/keweicorten.com\/hu\/wp-json\/wp\/v2\/product\/1137\/revisions\/1142"}],"wp:featuredmedia":[{"embeddable":true,"href":"https:\/\/keweicorten.com\/hu\/wp-json\/wp\/v2\/media\/1138"}],"wp:attachment":[{"href":"https:\/\/keweicorten.com\/hu\/wp-json\/wp\/v2\/media?parent=1137"}],"wp:term":[{"taxonomy":"product_brand","embeddable":true,"href":"https:\/\/keweicorten.com\/hu\/wp-json\/wp\/v2\/product_brand?post=1137"},{"taxonomy":"product_cat","embeddable":true,"href":"https:\/\/keweicorten.com\/hu\/wp-json\/wp\/v2\/product_cat?post=1137"},{"taxonomy":"product_tag","embeddable":true,"href":"https:\/\/keweicorten.com\/hu\/wp-json\/wp\/v2\/product_tag?post=1137"}],"curies":[{"name":"wp","href":"https:\/\/api.w.org\/{rel}","templated":true}]}}