{"id":1143,"date":"2024-09-12T03:32:05","date_gmt":"2024-09-12T03:32:05","guid":{"rendered":"https:\/\/keweicorten.com\/?post_type=product&#038;p=1143"},"modified":"2025-01-15T06:15:15","modified_gmt":"2025-01-15T06:15:15","slug":"kerti-szegelyezes","status":"publish","type":"product","link":"https:\/\/keweicorten.com\/hu\/kerti-szegelyezes\/","title":{"rendered":"corten t\u00e1jk\u00e9pi szeg\u00e9lyez\u00e9s"},"content":{"rendered":"<div class=\"text-title\">\n<figure style=\"width: 750px\" class=\"wp-caption alignnone\"><a href=\"https:\/\/keweicorten.com\/hu\/kapcsolatfelvetel\/\"><img fetchpriority=\"high\" decoding=\"async\" title=\"corten t\u00e1jk\u00e9pi szeg\u00e9lyez\u00e9s\" src=\"https:\/\/sc04.alicdn.com\/kf\/A4a230982885047639f8ccbda507af4993\/276435419\/A4a230982885047639f8ccbda507af4993.jpg\" alt=\"corten t\u00e1jk\u00e9pi szeg\u00e9lyez\u00e9s\" width=\"750\" height=\"454\" \/><\/a><figcaption class=\"wp-caption-text\">corten t\u00e1jk\u00e9pi szeg\u00e9lyez\u00e9s<\/figcaption><\/figure>\n<h2 class=\"magic-9\"><b class=\"magic-22\"><span class=\"magic-10\" style=\"color: #000000;\" data-spm-anchor-id=\"a2700.details.0.i40.6227b6fedKS63A\">Corten ac\u00e9l Alkalmaz\u00e1s:<\/span><\/b><\/h2>\n<\/div>\n<div class=\"text-content\">\n<p><span class=\"magic-15\" style=\"color: #000000;\" data-spm-anchor-id=\"a2700.details.0.i49.6227b6fedKS63A\">A Corten ac\u00e9l id\u0151j\u00e1r\u00e1s\u00e1ll\u00f3 ac\u00e9l, ez az anyag korr\u00f3zi\u00f3\u00e1ll\u00f3 ac\u00e9l, amely bevonat n\u00e9lk\u00fcl hagyva k\u00fcls\u0151 r\u00e9teg patin\u00e1t fejleszt.\u00a0<\/span><\/p>\n<div><span style=\"color: #000000;\"><br \/>\n<\/span><\/p>\n<div><span style=\"color: #000000;\">Ez a patina megv\u00e9di az ac\u00e9lt a tov\u00e1bbi korr\u00f3zi\u00f3t\u00f3l.Ez egy nagy szil\u00e1rds\u00e1g\u00fa ac\u00e9l\u00f6tv\u00f6zet, \u00e9s ott haszn\u00e1lj\u00e1k, ahol nagyobb szil\u00e1rds\u00e1gra \u00e9s hosszabb \u00e9lettartam\u00fa anyagra van sz\u00fcks\u00e9g.<\/span><\/div>\n<div>\n<table style=\"height: 212px;\" width=\"746\">\n<tbody>\n<tr>\n<td colspan=\"1\" rowspan=\"1\">\n<div data-spm-anchor-id=\"a2700.details.0.i42.448a13b5E0l0Oz\">Term\u00e9k neve<\/div>\n<\/td>\n<td colspan=\"1\" rowspan=\"1\">\n<div>Horganyzott &amp; CORTEN ac\u00e9l fekete por bevonat ac\u00e9l t\u00e1jk\u00e9p szeg\u00e9lyez\u00e9se<\/div>\n<\/td>\n<\/tr>\n<tr>\n<td colspan=\"1\" rowspan=\"1\">\n<div>Anyag<\/div>\n<\/td>\n<td colspan=\"1\" rowspan=\"1\">\n<div>Corten ac\u00e9l, horganyzott ac\u00e9l stb.<\/div>\n<\/td>\n<\/tr>\n<tr>\n<td colspan=\"1\" rowspan=\"1\">\n<div data-spm-anchor-id=\"a2700.details.0.i41.448a13b5E0l0Oz\">M\u00e9ret<\/div>\n<\/td>\n<td colspan=\"1\" rowspan=\"1\">\n<div>100 mm, 150 mm-es arc vagy egyedi gy\u00e1rt\u00e1s<\/div>\n<\/td>\n<\/tr>\n<tr>\n<td colspan=\"1\" rowspan=\"1\">\n<div>T\u00fcsk\u00e9k<\/div>\n<\/td>\n<td colspan=\"1\" rowspan=\"1\">\n<div>Azzal vagy an\u00e9lk\u00fcl<\/div>\n<\/td>\n<\/tr>\n<tr>\n<td colspan=\"1\" rowspan=\"1\">\n<div>Sz\u00ednes<\/div>\n<\/td>\n<td colspan=\"1\" rowspan=\"1\">\n<div>Term\u00e9szet ac\u00e9l, k\u00fcl\u00f6nb\u00f6z\u0151 sz\u00edn\u0171<\/div>\n<\/td>\n<\/tr>\n<tr>\n<td colspan=\"1\" rowspan=\"1\">\n<div>N\u00f6v\u00e9nyek<\/div>\n<\/td>\n<td colspan=\"1\" rowspan=\"1\">\n<div>Z\u00f6ld n\u00f6v\u00e9nyek, mesters\u00e9ges n\u00f6v\u00e9nyek<\/div>\n<\/td>\n<\/tr>\n<\/tbody>\n<\/table>\n<\/div>\n<div>\n<figure style=\"width: 750px\" class=\"wp-caption alignnone\"><a href=\"https:\/\/keweicorten.com\/hu\/kapcsolatfelvetel\/\"><img decoding=\"async\" title=\"corten ac\u00e9l t\u00e1jk\u00e9pi szeg\u00e9lyez\u00e9s\" src=\"https:\/\/sc02.alicdn.com\/kf\/H650f0e63dacb4e35bd6d646fd2d0975cK\/235950374\/H650f0e63dacb4e35bd6d646fd2d0975cK.jpg\" alt=\"corten ac\u00e9l t\u00e1jk\u00e9pi szeg\u00e9lyez\u00e9s\" width=\"750\" height=\"404\" \/><\/a><figcaption class=\"wp-caption-text\">corten ac\u00e9l t\u00e1jk\u00e9pi szeg\u00e9lyez\u00e9s<\/figcaption><\/figure>\n<\/div>\n<h2>HOGYAN KELL TELEP\u00cdTENI<\/h2>\n<p>A corten t\u00e1jszeg\u00e9lyek t\u00fcsk\u00e9i k\u00f6nnyed\u00e9n \u00e1tv\u00e1gj\u00e1k a f\u00f6ldet. Minden egyes szalag 1 perc alatt telep\u00edthet\u0151, \u00e9s szorosan a hely\u00e9n tartja mag\u00e1t, Hihetetlen\u00fcl k\u00f6nny\u0171 telep\u00edteni - val\u00f3j\u00e1ban az egyetlen szersz\u00e1m, amire sz\u00fcks\u00e9ge lesz, egy 4\u2033 x 2\u2033-es fadarab \u00e9s egy kalap\u00e1cs.<\/p>\n<figure style=\"width: 635px\" class=\"wp-caption alignnone\"><a href=\"https:\/\/keweicorten.com\/hu\/kapcsolatfelvetel\/\"><img decoding=\"async\" title=\"corten gyepszeg\u00e9ly\" src=\"https:\/\/sc04.alicdn.com\/kf\/HTB1kC8LQFXXXXcTXFXXq6xXFXXX5\/223026859\/HTB1kC8LQFXXXXcTXFXXq6xXFXXX5.jpg\" alt=\"corten gyepszeg\u00e9ly\" width=\"635\" height=\"477\" \/><\/a><figcaption class=\"wp-caption-text\">corten gyepszeg\u00e9ly<\/figcaption><\/figure>\n<p>A k\u00fclt\u00e9ri corten t\u00e1jk\u00e9pi szeg\u00e9lyk\u00e9szlet bar\u00e1ts\u00e1gos f\u00f3kuszpontot hoz l\u00e9tre a k\u00fclt\u00e9ri \u00e9lett\u00e9rben. A tart\u00f3s ac\u00e9lb\u00f3l k\u00e9sz\u00fclt, rozsd\u00e1s oxid\u00e1lt fel\u00fclet\u0171, egyszer\u0171, t\u00fcsk\u00e9kkel ell\u00e1tott szeg\u00e9lyek egyszer\u0171 kialak\u00edt\u00e1s\u00faak. A szeg\u00e9lyek modern, rusztikus hangulatot \u00e1rasztanak, ami feldobja a terasz \u00e9s a terasz ter\u00fclet\u00e9nek megjelen\u00e9s\u00e9t. Haszn\u00e1lja ezeket a szeg\u00e9lyeket \u00e9s \u00fcltet\u0151ed\u00e9nyeket bokrok vagy vir\u00e1gok elhelyez\u00e9s\u00e9re. T\u00f6k\u00e9letes k\u00e9szletk\u00e9nt, \u00e9s m\u00e9g jobb, ha t\u00f6bbsz\u00f6r\u00f6sen haszn\u00e1lj\u00e1k.<\/p>\n<h2>N\u00e9h\u00e1ny el\u0151nye a <span class=\"keyword _ngcontent-dwf-109\" aria-hidden=\"false\">corten ac\u00e9l szeg\u00e9lyez\u00e9s <\/span>a kert\u00e9szetben:<\/h2>\n<p>Korr\u00f3zi\u00f3\u00e1ll\u00f3s\u00e1g<br \/>\nA Corten ac\u00e9l j\u00f3 korr\u00f3zi\u00f3\u00e1ll\u00f3s\u00e1ggal rendelkezik, \u00e9s fel\u00fclet\u00e9n korr\u00f3zi\u00f3v\u00e9d\u0151 filmet k\u00e9pez, amely hat\u00e9konyan megakad\u00e1lyozza a tov\u00e1bbi korr\u00f3zi\u00f3t \u00e9s biztos\u00edtja a hossz\u00fa t\u00e1v\u00fa stabilit\u00e1st, bele\u00e9rtve a nedves k\u00f6rnyezetet \u00e9s a talajban l\u00e9v\u0151 vegyi anyagokat is.<\/p>\n<p>Eszt\u00e9tika<\/p>\n<p>Szerkezeti stabilit\u00e1s<br \/>\nNagy szil\u00e1rds\u00e1ga \u00e9s merevs\u00e9ge miatt a Corten t\u00e1maszt\u00f3lapok hat\u00e9konyan t\u00e1mogatj\u00e1k a talajt, megakad\u00e1lyozz\u00e1k a talajer\u00f3zi\u00f3t \u00e9s az er\u00f3zi\u00f3t, \u00e9s biztos\u00edtj\u00e1k a kert\u00e9szeti projektek hossz\u00fa t\u00e1v\u00fa stabilit\u00e1s\u00e1t.<\/p>\n<p>Alacsony fenntart\u00e1si k\u00f6lts\u00e9g<br \/>\nA Corten ac\u00e9l karbantart\u00e1si ig\u00e9nye alacsonyabb, mint m\u00e1s anyagok\u00e9.<\/p>\n<p>K\u00f6rnyezetv\u00e9delem<\/p>\n<p>sokoldal\u00fas\u00e1g<br \/>\nHat\u00e1rok \u00e9s feloszt\u00e1sok vagy t\u00e1jk\u00e9pi ter\u00fcletek.<br \/>\nFokozott megk\u00f6nnyebb\u00fcl\u00e9s<br \/>\nVir\u00e1g\u00e1gy\u00e1sok vagy z\u00f6lds\u00e9geskertek<\/p>\n<p>K\u00f6nnyen telep\u00edthet\u0151<br \/>\nA Corten ac\u00e9l ig\u00e9ny szerint k\u00fcl\u00f6nb\u00f6z\u0151 form\u00e1kra \u00e9s m\u00e9retekre v\u00e1ghat\u00f3<\/p>\n<\/div>\n<\/div>","protected":false},"excerpt":{"rendered":"<p>Fedezze fel Corten \u00e9l\u0171 term\u00e9keinket a tart\u00f3s \u00e9s eszt\u00e9tikus kert\u00e9szeti megold\u00e1sok\u00e9rt. Dobja fel k\u00fclt\u00e9ri ter\u00e9t, \u00e9s \u00e9lvezze a tart\u00f3s min\u0151s\u00e9get egyedi diz\u00e1jnnal.<\/p>","protected":false},"featured_media":1144,"comment_status":"open","ping_status":"closed","template":"","meta":{"_eb_attr":"","_monsterinsights_skip_tracking":false,"_monsterinsights_sitenote_active":false,"_monsterinsights_sitenote_note":"","_monsterinsights_sitenote_category":0,"_uf_show_specific_survey":0,"_uf_disable_surveys":false},"product_brand":[],"product_cat":[58],"product_tag":[],"class_list":{"0":"post-1143","1":"product","2":"type-product","3":"status-publish","4":"has-post-thumbnail","6":"product_cat-garden-edging","8":"first","9":"instock","10":"shipping-taxable","11":"product-type-simple"},"_links":{"self":[{"href":"https:\/\/keweicorten.com\/hu\/wp-json\/wp\/v2\/product\/1143"}],"collection":[{"href":"https:\/\/keweicorten.com\/hu\/wp-json\/wp\/v2\/product"}],"about":[{"href":"https:\/\/keweicorten.com\/hu\/wp-json\/wp\/v2\/types\/product"}],"replies":[{"embeddable":true,"href":"https:\/\/keweicorten.com\/hu\/wp-json\/wp\/v2\/comments?post=1143"}],"version-history":[{"count":2,"href":"https:\/\/keweicorten.com\/hu\/wp-json\/wp\/v2\/product\/1143\/revisions"}],"predecessor-version":[{"id":1878,"href":"https:\/\/keweicorten.com\/hu\/wp-json\/wp\/v2\/product\/1143\/revisions\/1878"}],"wp:featuredmedia":[{"embeddable":true,"href":"https:\/\/keweicorten.com\/hu\/wp-json\/wp\/v2\/media\/1144"}],"wp:attachment":[{"href":"https:\/\/keweicorten.com\/hu\/wp-json\/wp\/v2\/media?parent=1143"}],"wp:term":[{"taxonomy":"product_brand","embeddable":true,"href":"https:\/\/keweicorten.com\/hu\/wp-json\/wp\/v2\/product_brand?post=1143"},{"taxonomy":"product_cat","embeddable":true,"href":"https:\/\/keweicorten.com\/hu\/wp-json\/wp\/v2\/product_cat?post=1143"},{"taxonomy":"product_tag","embeddable":true,"href":"https:\/\/keweicorten.com\/hu\/wp-json\/wp\/v2\/product_tag?post=1143"}],"curies":[{"name":"wp","href":"https:\/\/api.w.org\/{rel}","templated":true}]}}