{"id":1159,"date":"2024-09-12T08:59:48","date_gmt":"2024-09-12T08:59:48","guid":{"rendered":"https:\/\/keweicorten.com\/?post_type=product&#038;p=1159"},"modified":"2025-01-15T06:27:40","modified_gmt":"2025-01-15T06:27:40","slug":"corten-acel-tuzrako-tal","status":"publish","type":"product","link":"https:\/\/keweicorten.com\/hu\/corten-acel-tuzrako-tal\/","title":{"rendered":"corten ac\u00e9l t\u0171zrak\u00f3 t\u00e1l"},"content":{"rendered":"<h2><strong>A Corten ac\u00e9l t\u0171zrak\u00f3 t\u00e1l el\u0151nyei<\/strong><\/h2>\n<ol>\n<li><strong>Tart\u00f3ss\u00e1g<\/strong>: A Corten ac\u00e9l rendk\u00edv\u00fcl tart\u00f3s \u00e9s korr\u00f3zi\u00f3\u00e1ll\u00f3, mivel k\u00e9pes rozsdav\u00e9d\u0151 r\u00e9teget k\u00e9pezni. Ez a patina megv\u00e9di az ac\u00e9lt a tov\u00e1bbi id\u0151j\u00e1r\u00e1si k\u00e1rokt\u00f3l, \u00edgy a t\u0171zt\u00e1l a zord id\u0151j\u00e1r\u00e1si k\u00f6r\u00fclm\u00e9nyeknek is ellen\u00e1ll an\u00e9lk\u00fcl, hogy megromlana.<\/li>\n<li><strong>Eszt\u00e9tikai vonzer\u0151<\/strong>: A rozsd\u00e1s fel\u00fclet gazdag, f\u00f6ldes t\u00f3nusai meleg, rusztikus megjelen\u00e9st k\u00f6lcs\u00f6n\u00f6znek, amely j\u00f3l illeszkedik a term\u00e9szetes k\u00f6rnyezethez. Az id\u0151 m\u00fal\u00e1s\u00e1val a t\u0171zt\u00e1l \u00e9rettebb \u00e9s struktur\u00e1ltabb megjelen\u00e9st kap, \u00edgy a kertek, teraszok vagy teraszok k\u00f6z\u00e9ppontj\u00e1v\u00e1 v\u00e1lik.<\/li>\n<li><strong>Alacsony karbantart\u00e1s<\/strong>: A hagyom\u00e1nyos ac\u00e9l t\u0171zrak\u00f3helyekkel ellent\u00e9tben, amelyek gyakori \u00fajrafest\u00e9st vagy korr\u00f3zi\u00f3g\u00e1tl\u00f3 kezel\u00e9st ig\u00e9nyelnek, a Corten t\u0171zrak\u00f3helyek gyakorlatilag karbantart\u00e1smentesek. A rozsdar\u00e9teg a v\u00e9delmet szolg\u00e1lja, cs\u00f6kkentve a karbantart\u00e1s sz\u00fcks\u00e9gess\u00e9g\u00e9t.<\/li>\n<li><strong>H\u0151\u00e1ll\u00f3s\u00e1g<\/strong>: A Corten ac\u00e9l kiv\u00e1l\u00f3 h\u0151\u00e1ll\u00f3s\u00e1ggal rendelkezik, \u00edgy ide\u00e1lis t\u0171zrak\u00f3 helyekhez. A magas h\u0151m\u00e9rs\u00e9kletet is kib\u00edrja vetemed\u00e9s vagy reped\u00e9s n\u00e9lk\u00fcl, \u00edgy hossz\u00fa t\u00e1v\u00fa haszn\u00e1latot biztos\u00edt.<\/li>\n<li><strong>Fenntarthat\u00f3s\u00e1g<\/strong>: A Corten t\u0171zrak\u00f3 t\u00e1lak k\u00f6rnyezetbar\u00e1tok, mivel \u00fajrahasznos\u00edthat\u00f3 ac\u00e9lb\u00f3l k\u00e9sz\u00fclnek, \u00e9s hossz\u00fa \u00e9lettartammal rendelkeznek, cs\u00f6kkentve a hullad\u00e9k mennyis\u00e9g\u00e9t \u00e9s a cser\u00e9k sz\u00fcks\u00e9gess\u00e9g\u00e9t.<\/li>\n<\/ol>\n<figure style=\"width: 750px\" class=\"wp-caption alignnone\"><a href=\"https:\/\/keweicorten.com\/hu\/kapcsolatfelvetel\/\"><img fetchpriority=\"high\" decoding=\"async\" title=\"corten t\u0171zg\u00f6d\u00f6r\" src=\"http:\/\/sc04.alicdn.com\/kf\/H77c1eb0f864d442bafb1efb104310746P\/252624420\/H77c1eb0f864d442bafb1efb104310746P.jpg\" alt=\"corten t\u0171zg\u00f6d\u00f6r\" width=\"750\" height=\"321\" \/><\/a><figcaption class=\"wp-caption-text\">corten t\u0171zg\u00f6d\u00f6r<\/figcaption><\/figure>\n<h2><strong>A Corten t\u0171zrak\u00f3 t\u00e1l alkalmaz\u00e1sai<\/strong><\/h2>\n<ol>\n<li><strong>K\u00fclt\u00e9ri t\u0171zrak\u00f3helyek<\/strong>: A Corten t\u0171zrak\u00f3 t\u00e1lak t\u00f6k\u00e9letesek a k\u00fclt\u00e9ri \u00e9letterekbe, melegs\u00e9get \u00e9s gy\u00fclekez\u0151helyet biztos\u00edtanak a bar\u00e1tok \u00e9s a csal\u00e1d sz\u00e1m\u00e1ra. Id\u0151tlen kialak\u00edt\u00e1suk kieg\u00e9sz\u00edti a modern, rusztikus \u00e9s ipari st\u00edlus\u00fa t\u00e1jakat.<\/li>\n<li><strong>Kerti vagy terasz dekor\u00e1ci\u00f3<\/strong>: Ezek a t\u0171zt\u00e1lak dekor\u00e1ci\u00f3s darabk\u00e9nt haszn\u00e1lhat\u00f3k akkor is, ha nincsenek haszn\u00e1latban. Term\u00e9szetes rozsd\u00e1s megjelen\u00e9s\u00fckkel karaktert k\u00f6lcs\u00f6n\u00f6znek a kerteknek, teraszoknak vagy udvaroknak, funkcion\u00e1lis \u00e9s eszt\u00e9tikai elemk\u00e9nt egyar\u00e1nt szolg\u00e1lnak.<\/li>\n<li><strong>Kereskedelmi terek<\/strong>: A Corten t\u00fczel\u0151t\u00e1lakat kereskedelmi helyis\u00e9gekben, p\u00e9ld\u00e1ul \u00e9ttermekben, sz\u00e1llod\u00e1kban \u00e9s k\u00f6zparkokban is haszn\u00e1lj\u00e1k. Felt\u0171n\u0151 vizu\u00e1lis vonzerej\u00fck \u00e9s tart\u00f3ss\u00e1guk alkalmass\u00e1 teszi \u0151ket a k\u00fclt\u00e9ri k\u00f6rnyezetek hangulatos t\u0171zelemeinek kialak\u00edt\u00e1s\u00e1ra.<\/li>\n<\/ol>\n<figure style=\"width: 743px\" class=\"wp-caption alignnone\"><a href=\"https:\/\/keweicorten.com\/hu\"><img decoding=\"async\" title=\"corten ac\u00e9l t\u0171zrak\u00f3hely t\u00e1l\" src=\"https:\/\/sc04.alicdn.com\/kf\/H14ba7ae6c2fc4278a692757a35209734O\/268101461\/H14ba7ae6c2fc4278a692757a35209734O.jpg\" alt=\"corten ac\u00e9l t\u0171zrak\u00f3hely t\u00e1l\" width=\"743\" height=\"507\" \/><\/a><figcaption class=\"wp-caption-text\">corten ac\u00e9l t\u0171zrak\u00f3hely t\u00e1l<\/figcaption><\/figure>\n<h2><strong>Gondoz\u00e1s \u00e9s karbantart\u00e1s<\/strong><\/h2>\n<p>B\u00e1r a Corten t\u0171zrak\u00f3 t\u00e1lak alacsony karbantart\u00e1si ig\u00e9ny\u0171ek, fontos, hogy:<\/p>\n<ul>\n<li>Helyezze \u0151ket j\u00f3l szell\u0151z\u0151 helyre, hogy a patina egyenletesen fejl\u0151dj\u00f6n.<\/li>\n<li>Ker\u00fclje az er\u0151s vegyszerek haszn\u00e1lat\u00e1t a t\u00e1l tiszt\u00edt\u00e1s\u00e1hoz, mivel ez k\u00e1ros\u00edthatja a rozsdav\u00e9d\u0151 r\u00e9teget.<\/li>\n<li>Rendszeresen t\u00e1vol\u00edtsa el a hamut \u00e9s a t\u00f6rmel\u00e9ket, hogy megakad\u00e1lyozza a felhalmoz\u00f3d\u00e1st \u00e9s jav\u00edtsa a l\u00e9g\u00e1raml\u00e1st a haszn\u00e1lat sor\u00e1n.<\/li>\n<\/ul>","protected":false},"excerpt":{"rendered":"<p>A t\u0171zrak\u00f3hely biztons\u00e1gos \u00e9s megb\u00edzhat\u00f3 m\u00f3dja annak, hogy a t\u00e1bort\u0171z rusztikus \u00e9rz\u00e9s\u00e9t hozza az udvarra, a fed\u00e9lzetre vagy a teraszra.A t\u0171zrak\u00f3hely eg\u00e9sz \u00e9vben \u00e9lvezhet\u0151, \u00e9s var\u00e1zslatos f\u00f3kuszpontot biztos\u00edt, amely k\u00f6r\u00e9 a bar\u00e1tok \u00e9s a csal\u00e1dtagok \u00f6sszegy\u0171lhetnek.<\/p>","protected":false},"featured_media":1160,"comment_status":"open","ping_status":"closed","template":"","meta":{"_eb_attr":"","_monsterinsights_skip_tracking":false,"_monsterinsights_sitenote_active":false,"_monsterinsights_sitenote_note":"","_monsterinsights_sitenote_category":0,"_uf_show_specific_survey":0,"_uf_disable_surveys":false},"product_brand":[],"product_cat":[54],"product_tag":[],"class_list":{"0":"post-1159","1":"product","2":"type-product","3":"status-publish","4":"has-post-thumbnail","6":"product_cat-wood-fire-pit","8":"first","9":"instock","10":"shipping-taxable","11":"product-type-simple"},"_links":{"self":[{"href":"https:\/\/keweicorten.com\/hu\/wp-json\/wp\/v2\/product\/1159"}],"collection":[{"href":"https:\/\/keweicorten.com\/hu\/wp-json\/wp\/v2\/product"}],"about":[{"href":"https:\/\/keweicorten.com\/hu\/wp-json\/wp\/v2\/types\/product"}],"replies":[{"embeddable":true,"href":"https:\/\/keweicorten.com\/hu\/wp-json\/wp\/v2\/comments?post=1159"}],"version-history":[{"count":1,"href":"https:\/\/keweicorten.com\/hu\/wp-json\/wp\/v2\/product\/1159\/revisions"}],"predecessor-version":[{"id":1161,"href":"https:\/\/keweicorten.com\/hu\/wp-json\/wp\/v2\/product\/1159\/revisions\/1161"}],"wp:featuredmedia":[{"embeddable":true,"href":"https:\/\/keweicorten.com\/hu\/wp-json\/wp\/v2\/media\/1160"}],"wp:attachment":[{"href":"https:\/\/keweicorten.com\/hu\/wp-json\/wp\/v2\/media?parent=1159"}],"wp:term":[{"taxonomy":"product_brand","embeddable":true,"href":"https:\/\/keweicorten.com\/hu\/wp-json\/wp\/v2\/product_brand?post=1159"},{"taxonomy":"product_cat","embeddable":true,"href":"https:\/\/keweicorten.com\/hu\/wp-json\/wp\/v2\/product_cat?post=1159"},{"taxonomy":"product_tag","embeddable":true,"href":"https:\/\/keweicorten.com\/hu\/wp-json\/wp\/v2\/product_tag?post=1159"}],"curies":[{"name":"wp","href":"https:\/\/api.w.org\/{rel}","templated":true}]}}