{"id":1181,"date":"2024-09-13T02:01:10","date_gmt":"2024-09-13T02:01:10","guid":{"rendered":"https:\/\/keweicorten.com\/?post_type=product&#038;p=1181"},"modified":"2025-01-15T06:27:31","modified_gmt":"2025-01-15T06:27:31","slug":"kulteri-gaz-tuzrakohely","status":"publish","type":"product","link":"https:\/\/keweicorten.com\/hu\/kulteri-gaz-tuzrakohely\/","title":{"rendered":"k\u00fclt\u00e9ri g\u00e1z t\u0171zrak\u00f3hely"},"content":{"rendered":"<h2>A corten g\u00e1z t\u0171zg\u00f6d\u00f6r el\u0151nyei\uff1a<\/h2>\n<ul>\n<li>\u00a0Korr\u00f3zi\u00f3\u00e1ll\u00f3s\u00e1g: A Corten ac\u00e9l (m\u00e1s n\u00e9ven korrod\u00e1lt ac\u00e9l) a leveg\u0151nek \u00e9s v\u00edznek kit\u00e9ve rozsd\u00e1sod\u00f3 v\u00e9d\u0151r\u00e9teget k\u00e9pez, megakad\u00e1lyozva ezzel a bels\u0151 ac\u00e9l tov\u00e1bbi korr\u00f3zi\u00f3j\u00e1t. Ez lehet\u0151v\u00e9 teszi, hogy a Corten t\u0171zrak\u00f3helyek hosszabb \u00e9lettartam\u00faak legyenek k\u00fclt\u00e9ri k\u00f6rnyezetben.<\/li>\n<li>\u00a0Egyed\u00fcl\u00e1ll\u00f3 megjelen\u00e9s : A Corten ac\u00e9l rozsdasz\u00edn\u0171 megjelen\u00e9se egyed\u00fcl\u00e1ll\u00f3 sz\u00e9ps\u00e9get k\u00f6lcs\u00f6n\u00f6z a t\u0171zrak\u00f3helynek.Ez a term\u00e9szetes rozsd\u00e1sod\u00e1si hat\u00e1s m\u0171v\u00e9szi hat\u00e1st k\u00f6lcs\u00f6n\u00f6z a terasznak vagy a terasznak.<\/li>\n<li>\u00a0Magas h\u0151m\u00e9rs\u00e9kleti ellen\u00e1ll\u00e1s: Corten ac\u00e9l ellen\u00e1ll a magas h\u0151m\u00e9rs\u00e9kletnek, \u00edgy nem k\u00f6nny\u0171 deform\u00e1l\u00f3dni vagy megs\u00e9r\u00fclni g\u00e1zl\u00e1ng haszn\u00e1lata eset\u00e9n.<\/li>\n<li>\u00a0Alacsony karbantart\u00e1s : M\u00e1s anyagokkal \u00f6sszehasonl\u00edtva a Corten t\u0171zrak\u00f3hely nem ig\u00e9nyel sok karbantart\u00e1st, csak a rendszeres tiszt\u00edt\u00e1s \u00e9s ellen\u0151rz\u00e9s takar\u00edthat meg karbantart\u00e1si k\u00f6lts\u00e9geket \u00e9s id\u0151t.<\/li>\n<li>\u00a0K\u00f6rnyezetbar\u00e1t anyag : A Corten ac\u00e9l \u00fajrahasznos\u00edthat\u00f3 anyag, \u00e9s az ezt az anyagot haszn\u00e1l\u00f3 t\u0171zrak\u00f3hely k\u00f6rnyezetbar\u00e1tabb.<\/li>\n<li>Sokoldal\u00fas\u00e1g : A Corten g\u00e1z t\u0171zrak\u00f3hely nemcsak meleget adhat, hanem szabadt\u00e9ri \u00f6sszej\u00f6vetelekre \u00e9s szoci\u00e1lis k\u00f6zpontk\u00e9nt is szolg\u00e1lhat, n\u00f6velve a szabadt\u00e9ri t\u00e9r haszn\u00e1lati \u00e9rt\u00e9k\u00e9t.<\/li>\n<li>K\u00f6nnyen meggy\u00fajthat\u00f3 \u00e9s szab\u00e1lyozhat\u00f3 : A fat\u00fczel\u00e9s\u0171 t\u0171zrak\u00f3helyhez k\u00e9pest a g\u00e1zt\u0171zrak\u00f3hely gyorsabban indul, a l\u00e1ng intenzit\u00e1sa jobban szab\u00e1lyozhat\u00f3, \u00e9s a felhaszn\u00e1l\u00f3 az ig\u00e9nyeknek megfelel\u0151en be\u00e1ll\u00edthatja a l\u00e1ng m\u00e9ret\u00e9t.<\/li>\n<\/ul>\n<table style=\"height: 213px;\" border=\"1\" width=\"648\">\n<tbody>\n<tr>\n<td><span data-spm-anchor-id=\"a2700.details.0.i39.19b054e3u6wk7f\">Term\u00e9k neve<\/span><\/td>\n<td>Vintage t\u00e9glalap alak\u00fa k\u00fclt\u00e9ri Corten ac\u00e9l t\u0171zrak\u00f3hely<\/td>\n<\/tr>\n<tr>\n<td>Anyag<\/td>\n<td>Corten ac\u00e9l<\/td>\n<\/tr>\n<tr>\n<td>M\u00e9ret<\/td>\n<td>600-1500mm vagy testreszabott<\/td>\n<\/tr>\n<tr>\n<td>Fel\u00fclet<\/td>\n<td data-spm-anchor-id=\"a2700.details.0.i40.19b054e3u6wk7f\">Rozsd\u00e1s piros<\/td>\n<\/tr>\n<tr>\n<td>Technol\u00f3gia<\/td>\n<td>L\u00e9zerv\u00e1g\u00e1s, hajl\u00edt\u00e1s, lyukaszt\u00e1s, hegeszt\u00e9s.<\/td>\n<\/tr>\n<tr>\n<td>Alkalmaz\u00e1s<\/td>\n<td>K\u00fclt\u00e9ri \u00e9s kerti udvari dekor\u00e1ci\u00f3<\/td>\n<\/tr>\n<tr>\n<td>Megjegyz\u00e9sek<\/td>\n<td>Minden t\u0171zrak\u00f3hely sz\u00ednben, m\u00e9retben \u00e9s mint\u00e1zatban testre szabhat\u00f3<\/td>\n<\/tr>\n<\/tbody>\n<\/table>\n<figure style=\"width: 647px\" class=\"wp-caption alignnone\"><a href=\"https:\/\/keweicorten.com\/hu\/kapcsolatfelvetel\/\"><img fetchpriority=\"high\" decoding=\"async\" title=\"g\u00e1z t\u0171zrak\u00f3hely\" src=\"https:\/\/sc04.alicdn.com\/kf\/H55b70dd04cc642b2b0d4458090f7b11eF\/268101461\/H55b70dd04cc642b2b0d4458090f7b11eF.jpg\" alt=\"\" width=\"647\" height=\"555\" \/><\/a><figcaption class=\"wp-caption-text\">g\u00e1z t\u0171zrak\u00f3hely<\/figcaption><\/figure>\n<figure style=\"width: 648px\" class=\"wp-caption alignnone\"><a href=\"https:\/\/keweicorten.com\/hu\"><img decoding=\"async\" title=\"corten g\u00e1z t\u0171zrak\u00f3hely\" src=\"https:\/\/sc04.alicdn.com\/kf\/He746143a3b404a47a119dab8bba07fc1n\/268101461\/He746143a3b404a47a119dab8bba07fc1n.jpg\" alt=\"\" width=\"648\" height=\"486\" \/><\/a><figcaption class=\"wp-caption-text\">corten g\u00e1z t\u0171zrak\u00f3hely<\/figcaption><\/figure>\n<div class=\"J_module\">\n<div class=\"detail-decorate-json-renderer-container\">\n<div class=\"magic-0\">\n<div class=\"magic-1\">\n<div class=\"magic-2\">\n<h2 class=\"magic-3\"><b data-spm-anchor-id=\"a2700.details.0.i40.33572cfbTrBe22\">Mi a rozsd\u00e1sod\u00e1si kezel\u00e9s ( corten ac\u00e9l id\u0151j\u00e1r\u00e1si folyamat ) a corten ac\u00e9lhoz <\/b><\/h2>\n<div class=\"magic-3\">\u00c1ltal\u00e1ban hossz\u00fa id\u0151be telik, am\u00edg a term\u00e9szet \u00e1ltal kialakul a stabil rozsd\u00e1s r\u00e9teg. Ez nagyban befoly\u00e1solja az id\u0151j\u00e1r\u00e1s\u00e1ll\u00f3 ac\u00e9l haszn\u00e1lat\u00e1t.<\/div>\n<\/div>\n<\/div>\n<\/div>\n<\/div>\n<\/div>\n<div class=\"J_module\">\n<div class=\"icbu-pc-images magic-4\">\n<div>\n<div class=\"flex-layout-v\">\n<div class=\"flex-layout-h magic-4\">\n<div class=\"magic-22\">\n<figure style=\"width: 667px\" class=\"wp-caption alignnone\"><a href=\"https:\/\/keweicorten.com\/hu\"><img decoding=\"async\" class=\"magic-23\" title=\"corten\" src=\"https:\/\/sc04.alicdn.com\/kf\/H495922a4f0e344cc829e873e73ac2f33N\/268101461\/H495922a4f0e344cc829e873e73ac2f33N.jpg\" alt=\"\" width=\"667\" height=\"750\" data-src=\"\/\/sc04.alicdn.com\/kf\/H495922a4f0e344cc829e873e73ac2f33N\/268101461\/H495922a4f0e344cc829e873e73ac2f33N.jpg\" \/><\/a><figcaption class=\"wp-caption-text\">corten<\/figcaption><\/figure>\n<\/div>\n<\/div>\n<\/div>\n<\/div>\n<\/div>\n<\/div>","protected":false},"excerpt":{"rendered":"<p>Ezek az el\u0151ny\u00f6k teszik a Corten g\u00e1z t\u0171zrak\u00f3helyet a modern k\u00fclt\u00e9ri terek n\u00e9pszer\u0171 v\u00e1laszt\u00e1s\u00e1v\u00e1.<\/p>","protected":false},"featured_media":1182,"comment_status":"open","ping_status":"closed","template":"","meta":{"_eb_attr":"","_monsterinsights_skip_tracking":false,"_monsterinsights_sitenote_active":false,"_monsterinsights_sitenote_note":"","_monsterinsights_sitenote_category":0,"_uf_show_specific_survey":0,"_uf_disable_surveys":false},"product_brand":[],"product_cat":[55],"product_tag":[],"class_list":{"0":"post-1181","1":"product","2":"type-product","3":"status-publish","4":"has-post-thumbnail","6":"product_cat-gas-fire-pit","8":"first","9":"instock","10":"shipping-taxable","11":"product-type-simple"},"_links":{"self":[{"href":"https:\/\/keweicorten.com\/hu\/wp-json\/wp\/v2\/product\/1181"}],"collection":[{"href":"https:\/\/keweicorten.com\/hu\/wp-json\/wp\/v2\/product"}],"about":[{"href":"https:\/\/keweicorten.com\/hu\/wp-json\/wp\/v2\/types\/product"}],"replies":[{"embeddable":true,"href":"https:\/\/keweicorten.com\/hu\/wp-json\/wp\/v2\/comments?post=1181"}],"version-history":[{"count":1,"href":"https:\/\/keweicorten.com\/hu\/wp-json\/wp\/v2\/product\/1181\/revisions"}],"predecessor-version":[{"id":1184,"href":"https:\/\/keweicorten.com\/hu\/wp-json\/wp\/v2\/product\/1181\/revisions\/1184"}],"wp:featuredmedia":[{"embeddable":true,"href":"https:\/\/keweicorten.com\/hu\/wp-json\/wp\/v2\/media\/1182"}],"wp:attachment":[{"href":"https:\/\/keweicorten.com\/hu\/wp-json\/wp\/v2\/media?parent=1181"}],"wp:term":[{"taxonomy":"product_brand","embeddable":true,"href":"https:\/\/keweicorten.com\/hu\/wp-json\/wp\/v2\/product_brand?post=1181"},{"taxonomy":"product_cat","embeddable":true,"href":"https:\/\/keweicorten.com\/hu\/wp-json\/wp\/v2\/product_cat?post=1181"},{"taxonomy":"product_tag","embeddable":true,"href":"https:\/\/keweicorten.com\/hu\/wp-json\/wp\/v2\/product_tag?post=1181"}],"curies":[{"name":"wp","href":"https:\/\/api.w.org\/{rel}","templated":true}]}}