{"id":1185,"date":"2024-09-13T02:16:19","date_gmt":"2024-09-13T02:16:19","guid":{"rendered":"https:\/\/keweicorten.com\/?post_type=product&#038;p=1185"},"modified":"2025-01-15T06:27:24","modified_gmt":"2025-01-15T06:27:24","slug":"teglalap-alaku-tuzrakohely","status":"publish","type":"product","link":"https:\/\/keweicorten.com\/hu\/teglalap-alaku-tuzrakohely\/","title":{"rendered":"t\u00e9glalap alak\u00fa t\u0171zrak\u00f3hely"},"content":{"rendered":"<h2>Corten ac\u00e9l t\u00e9glalap alak\u00fa t\u0171zrak\u00f3hely a tart\u00f3ss\u00e1g \u00e9rdek\u00e9ben:<\/h2>\n<p>A Corten ac\u00e9l (m\u00e1s n\u00e9ven id\u0151j\u00e1r\u00e1s\u00e1ll\u00f3 ac\u00e9l) egy j\u00f3 korr\u00f3zi\u00f3\u00e1ll\u00f3s\u00e1ggal rendelkez\u0151 \u00f6tv\u00f6z\u00f6tt ac\u00e9l, amelyet \u00e1ltal\u00e1ban olyan term\u00e9kekben haszn\u00e1lnak, mint a k\u00fclt\u00e9ri b\u00fatorok, az \u00e9p\u00edt\u0151ipar \u00e9s a t\u0171zrak\u00f3helyek. A Corten ac\u00e9lb\u00f3l k\u00e9sz\u00fclt t\u00e9glalap alak\u00fa t\u0171zrak\u00f3hely tart\u00f3ss\u00e1ga els\u0151sorban a k\u00f6vetkez\u0151 szempontokban mutatkozik meg:<\/p>\n<p>Korr\u00f3zi\u00f3\u00e1ll\u00f3s\u00e1g : A Corten ac\u00e9l fel\u00fclet\u00e9n kialakul\u00f3 korr\u00f3zi\u00f3s r\u00e9teg hat\u00e9konyan v\u00e9di a bels\u0151 f\u00e9met \u00e9s megakad\u00e1lyozza a tov\u00e1bbi korr\u00f3zi\u00f3t. Ez\u00e1ltal kiv\u00e1l\u00f3an alkalmazhat\u00f3 k\u00fclt\u00e9ri k\u00f6rnyezetben, k\u00fcl\u00f6n\u00f6sen nedves vagy es\u0151s \u00e9ghajlaton.<\/p>\n<p>Magas h\u0151m\u00e9rs\u00e9kleti ellen\u00e1ll\u00e1s: Corten ac\u00e9l ellen\u00e1ll a magas h\u0151m\u00e9rs\u00e9kletnek, alkalmas t\u0171zrak\u00f3 helyk\u00e9nt val\u00f3 haszn\u00e1latra. Magas h\u0151m\u00e9rs\u00e9klet\u0171 k\u00f6rnyezetben fizikai tulajdons\u00e1gai nem v\u00e1ltoznak jelent\u0151sen.<\/p>\n<p>Gy\u00f6ny\u00f6r\u0171 megjelen\u00e9s : A Corten ac\u00e9l id\u0151vel egyedi rozsdasz\u00ednt k\u00e9pez, ami term\u00e9szetes sz\u00e9ps\u00e9get k\u00f6lcs\u00f6n\u00f6z a t\u0171zrak\u00f3helynek, \u00e9s id\u0151vel ez a megjelen\u00e9s fokozatosan elm\u00e9ly\u00fcl, elt\u00e9r a t\u0171zrak\u00f3hely m\u00e1s anyagait\u00f3l.<\/p>\n<p>Er\u0151 \u00e9s sz\u00edv\u00f3ss\u00e1g: A Corten ac\u00e9l nagy szil\u00e1rds\u00e1g\u00fa, j\u00f3 sz\u00edv\u00f3ss\u00e1ggal rendelkezik, \u00e9s ellen\u00e1ll a nagy s\u00falynak \u00e9s \u00fct\u00e9snek, \u00edgy a mindennapi haszn\u00e1lat sor\u00e1n nem k\u00f6nny\u0171 megs\u00e9r\u00fclni.<\/p>\n<p>Egyszer\u0171 karbantart\u00e1s: B\u00e1r a Corten ac\u00e9l rozsd\u00e1sodik, \u00e1ltal\u00e1ban nem ig\u00e9nyel k\u00fcl\u00f6nleges karbantart\u00e1st. Alkalmi tiszt\u00edt\u00e1ssal \u00e9s ellen\u0151rz\u00e9ssel j\u00f3 \u00e1llapotban tarthat\u00f3.<\/p>\n<figure style=\"width: 560px\" class=\"wp-caption alignnone\"><a href=\"https:\/\/keweicorten.com\/hu\/kapcsolatfelvetel\/\"><img fetchpriority=\"high\" decoding=\"async\" class=\"\" title=\"t\u0171zrak\u00f3hely\" src=\"https:\/\/sc04.alicdn.com\/kf\/H60df13f6dc9647ea9a7650652491828df\/253038816\/H60df13f6dc9647ea9a7650652491828df.jpg\" alt=\"\" width=\"560\" height=\"560\" \/><\/a><figcaption class=\"wp-caption-text\">t\u0171zrak\u00f3hely<\/figcaption><\/figure>\n<p>Ez a k\u00fclt\u00e9ri f\u0171t\u0151 t\u0171zrak\u00f3hely t\u00f6k\u00e9letesen alkalmas arra, hogy hangulatos \u00e9s h\u00edvogat\u00f3 l\u00e9gk\u00f6rt teremtsen a k\u00fclt\u00e9ri \u00e9letter\u00e9ben, legyen sz\u00f3 ak\u00e1r teraszr\u00f3l, fed\u00e9lzetr\u0151l vagy h\u00e1ts\u00f3 udvarr\u00f3l. Meleget \u00e9s hangulatot biztos\u00edt, \u00edgy a hidegebb \u00e9vszakokban is \u00e9lvezheti a szabadban t\u00f6lt\u00f6tt id\u0151t.<\/p>\n<figure style=\"width: 557px\" class=\"wp-caption alignnone\"><a href=\"https:\/\/keweicorten.com\/hu\"><img decoding=\"async\" class=\"\" title=\"GAS t\u0171zrak\u00f3hely\" src=\"https:\/\/sc04.alicdn.com\/kf\/Hc231db4a5b974aa583a6dbafea6de497j\/253038816\/Hc231db4a5b974aa583a6dbafea6de497j.jpg\" alt=\"\" width=\"557\" height=\"557\" \/><\/a><figcaption class=\"wp-caption-text\">GAS t\u0171zrak\u00f3hely<\/figcaption><\/figure>\n<div class=\"J_module\">\n<div class=\"detail-decorate-json-renderer-container\">\n<div class=\"magic-8\">\n<div class=\"magic-9\">\n<div class=\"magic-10\" data-spm-anchor-id=\"a2700.details.0.i44.15a8483bWMzzev\">\n<div class=\"magic-11\"><span data-spm-anchor-id=\"a2700.details.0.i43.15a8483bWMzzev\">Tart\u00f3s konstrukci\u00f3j\u00e1val, hat\u00e9kony t\u00fczel\u0151anyag-rendszer\u00e9vel \u00e9s a term\u00e9szetes t\u0171z \u00e9lm\u00e9ny\u00e9vel ez a k\u00fclt\u00e9ri f\u0171t\u0151berendez\u00e9s t\u0171zrak\u00f3hely egy nagyszer\u0171<br \/>\nb\u00e1rmely k\u00fclt\u00e9ri t\u00e9r kieg\u00e9sz\u00edt\u00e9se. Funkcionalit\u00e1st \u00e9s eszt\u00e9tik\u00e1t egyar\u00e1nt biztos\u00edt, \u00edgy sokoldal\u00fa \u00e9s hossz\u00fa t\u00e1v\u00fa befektet\u00e9s.<\/span><\/div>\n<\/div>\n<\/div>\n<\/div>\n<\/div>\n<\/div>\n<div class=\"J_module\">\n<div class=\"J_module\">\n<p id=\"ali-anchor-AliMagic-c3jg5w\" class=\"magic-3\" data-section=\"AliMagic-c3jg5w\" data-section-title=\"Exhibition\" data-spm-anchor-id=\"a2700.details.0.i45.15a8483bWMzzev\">Ki\u00e1ll\u00edt\u00e1s<\/p>\n<\/div>\n<div class=\"J_module\">\n<div class=\"icbu-pc-images magic-0\">\n<div>\n<div class=\"flex-layout-v\">\n<div class=\"flex-layout-h magic-0\">\n<div class=\"magic-39\">\n<figure style=\"width: 700px\" class=\"wp-caption alignnone\"><a href=\"https:\/\/keweicorten.com\/hu\"><img decoding=\"async\" class=\"magic-40\" title=\"asztal t\u0171zzel\" src=\"https:\/\/sc04.alicdn.com\/kf\/H9226ec0116f94907a0411307640a9146o\/253038816\/H9226ec0116f94907a0411307640a9146o.jpg\" alt=\"\" width=\"700\" height=\"200\" data-src=\"\/\/sc04.alicdn.com\/kf\/H9226ec0116f94907a0411307640a9146o\/253038816\/H9226ec0116f94907a0411307640a9146o.jpg\" \/><\/a><figcaption class=\"wp-caption-text\">asztal t\u0171zzel<\/figcaption><\/figure>\n<\/div>\n<\/div>\n<\/div>\n<\/div>\n<\/div>\n<\/div>\n<div class=\"J_module\">\n<div class=\"icbu-pc-images magic-0\">\n<div>\n<div class=\"flex-layout-v\">\n<div class=\"flex-layout-h magic-0\">\n<div class=\"magic-39\">\n<figure style=\"width: 700px\" class=\"wp-caption alignnone\"><a href=\"https:\/\/keweicorten.com\/hu\"><img loading=\"lazy\" decoding=\"async\" class=\"magic-40\" title=\"T\u0170ZG\u00d6D\u00d6R \" src=\"https:\/\/sc04.alicdn.com\/kf\/H4ed416c0efba48138a0d71bfbaf9f14dF\/253038816\/H4ed416c0efba48138a0d71bfbaf9f14dF.jpg\" alt=\"\" width=\"700\" height=\"200\" data-src=\"\/\/sc04.alicdn.com\/kf\/H4ed416c0efba48138a0d71bfbaf9f14dF\/253038816\/H4ed416c0efba48138a0d71bfbaf9f14dF.jpg\" \/><\/a><figcaption class=\"wp-caption-text\">T\u0170ZG\u00d6D\u00d6R<\/figcaption><\/figure>\n<\/div>\n<\/div>\n<\/div>\n<\/div>\n<\/div>\n<\/div>\n<\/div>","protected":false},"excerpt":{"rendered":"<p>A Corten ac\u00e9lb\u00f3l k\u00e9sz\u00fclt t\u00e9glalap alak\u00fa t\u0171zrak\u00f3helyek tart\u00f3ss\u00e1ga nagyon j\u00f3, de \u00e9lettartamuk meghosszabb\u00edt\u00e1sa \u00e9rdek\u00e9ben \u00e1ltal\u00e1ban aj\u00e1nlott elker\u00fclni a hossz\u00fa ideig tart\u00f3 v\u00edzbe mer\u00edt\u00e9st, \u00e9s biztos\u00edtani, hogy a t\u0171zrak\u00f3hely j\u00f3l szell\u0151ztethet\u0151 legyen, amikor nem haszn\u00e1lj\u00e1k.<\/p>\n<table class=\"has-title all magic-30\">\n<tbody>\n<tr>\n<td colspan=\"1\" rowspan=\"1\">\n<div class=\"magic-31\" data-spm-anchor-id=\"a2700.details.0.i47.15a8483bWMzzev\">t\u00e9tel<\/div>\n<\/td>\n<td colspan=\"1\" rowspan=\"1\">\n<div class=\"magic-32\">\u00e9rt\u00e9k<\/div>\n<\/td>\n<\/tr>\n<tr>\n<td colspan=\"1\" rowspan=\"1\">\n<div class=\"magic-33\">Sz\u00ednes<\/div>\n<\/td>\n<td colspan=\"1\" rowspan=\"1\">\n<div class=\"magic-34\">Rozsd\u00e1s piros\/fekete<\/div>\n<\/td>\n<\/tr>\n<tr>\n<td colspan=\"1\" rowspan=\"1\">\n<div class=\"magic-33\">Anyag<\/div>\n<\/td>\n<td colspan=\"1\" rowspan=\"1\">\n<div class=\"magic-34\">Corten ac\u00e9l<\/div>\n<\/td>\n<\/tr>\n<tr>\n<td colspan=\"1\" rowspan=\"1\">\n<div class=\"magic-33\">Befejez\u00e9s<\/div>\n<\/td>\n<td colspan=\"1\" rowspan=\"1\">\n<div class=\"magic-34\">Porfest\u00e9s, fest\u00e9s, horganyzott<\/div>\n<\/td>\n<\/tr>\n<\/tbody>\n<\/table>","protected":false},"featured_media":1191,"comment_status":"open","ping_status":"closed","template":"","meta":{"_eb_attr":"","_monsterinsights_skip_tracking":false,"_monsterinsights_sitenote_active":false,"_monsterinsights_sitenote_note":"","_monsterinsights_sitenote_category":0,"_uf_show_specific_survey":0,"_uf_disable_surveys":false},"product_brand":[],"product_cat":[55],"product_tag":[],"class_list":{"0":"post-1185","1":"product","2":"type-product","3":"status-publish","4":"has-post-thumbnail","6":"product_cat-gas-fire-pit","8":"first","9":"instock","10":"shipping-taxable","11":"product-type-simple"},"_links":{"self":[{"href":"https:\/\/keweicorten.com\/hu\/wp-json\/wp\/v2\/product\/1185"}],"collection":[{"href":"https:\/\/keweicorten.com\/hu\/wp-json\/wp\/v2\/product"}],"about":[{"href":"https:\/\/keweicorten.com\/hu\/wp-json\/wp\/v2\/types\/product"}],"replies":[{"embeddable":true,"href":"https:\/\/keweicorten.com\/hu\/wp-json\/wp\/v2\/comments?post=1185"}],"version-history":[{"count":1,"href":"https:\/\/keweicorten.com\/hu\/wp-json\/wp\/v2\/product\/1185\/revisions"}],"predecessor-version":[{"id":1190,"href":"https:\/\/keweicorten.com\/hu\/wp-json\/wp\/v2\/product\/1185\/revisions\/1190"}],"wp:featuredmedia":[{"embeddable":true,"href":"https:\/\/keweicorten.com\/hu\/wp-json\/wp\/v2\/media\/1191"}],"wp:attachment":[{"href":"https:\/\/keweicorten.com\/hu\/wp-json\/wp\/v2\/media?parent=1185"}],"wp:term":[{"taxonomy":"product_brand","embeddable":true,"href":"https:\/\/keweicorten.com\/hu\/wp-json\/wp\/v2\/product_brand?post=1185"},{"taxonomy":"product_cat","embeddable":true,"href":"https:\/\/keweicorten.com\/hu\/wp-json\/wp\/v2\/product_cat?post=1185"},{"taxonomy":"product_tag","embeddable":true,"href":"https:\/\/keweicorten.com\/hu\/wp-json\/wp\/v2\/product_tag?post=1185"}],"curies":[{"name":"wp","href":"https:\/\/api.w.org\/{rel}","templated":true}]}}