{"id":1192,"date":"2024-09-13T03:01:53","date_gmt":"2024-09-13T03:01:53","guid":{"rendered":"https:\/\/keweicorten.com\/?post_type=product&#038;p=1192"},"modified":"2025-01-15T06:27:15","modified_gmt":"2025-01-15T06:27:15","slug":"barbecue-grill","status":"publish","type":"product","link":"https:\/\/keweicorten.com\/hu\/barbecue-grill\/","title":{"rendered":"Corten ac\u00e9l t\u0171zrak\u00f3hely"},"content":{"rendered":"<h2>A Corten ac\u00e9l t\u0171zrak\u00f3hely el\u0151nyei:<\/h2>\n<ul>\n<li>Korr\u00f3zi\u00f3\u00e1ll\u00f3s\u00e1g : jobb tart\u00f3ss\u00e1g k\u00fclt\u00e9ri haszn\u00e1lat eset\u00e9n.<\/li>\n<li>\u00a0Gy\u00f6ny\u00f6r\u0171 : A Corten ac\u00e9l egyedi rozsd\u00e1s megjelen\u00e9s\u0171, id\u0151vel csod\u00e1latos kontrasztot alkot a k\u00f6rnyez\u0151 k\u00f6rnyezettel, term\u00e9szetes, m\u0171v\u00e9szi hangulatot teremtve, amely k\u00fcl\u00f6nb\u00f6z\u0151 k\u00fclt\u00e9ri t\u00e1jakhoz alkalmas.<\/li>\n<li>Alacsony fenntart\u00e1si k\u00f6lts\u00e9g: Id\u0151j\u00e1r\u00e1s\u00e1ll\u00f3s\u00e1ga miatt a Corten ac\u00e9l t\u0171zrak\u00f3hely nem ig\u00e9nyel gyakori karbantart\u00e1st \u00e9s fest\u00e9st, a hagyom\u00e1nyos ac\u00e9lhoz k\u00e9pest a hossz\u00fa t\u00e1v\u00fa haszn\u00e1lat k\u00f6lts\u00e9gmegtakar\u00edt\u00e1st eredm\u00e9nyezhet.<\/li>\n<li>K\u00f6rnyezetv\u00e9delem : A Corten ac\u00e9l gy\u00e1rt\u00e1sa \u00e9s \u00fajrahasznos\u00edt\u00e1sa viszonylag k\u00f6rnyezetbar\u00e1t, \u00e9s a haszn\u00e1lat sor\u00e1n nem szabadulnak fel k\u00e1ros anyagok, ami \u00f6sszhangban van a modern emberek z\u00f6ld k\u00f6rnyezetv\u00e9delemre val\u00f3 t\u00f6rekv\u00e9s\u00e9vel.<\/li>\n<li>H\u0151megtart\u00e1s : A Corten ac\u00e9l j\u00f3 h\u0151vezet\u0151 k\u00e9pess\u00e9ggel rendelkezik, hat\u00e9konyan megtartja a h\u0151t, hosszabb melegs\u00e9get \u00e9s komfort\u00e9rzetet biztos\u00edt, \u00e9s nagyon alkalmas \u0151szi \u00e9s t\u00e9li haszn\u00e1latra.<\/li>\n<li>V\u00e1ltozatos kialak\u00edt\u00e1s: Corten ac\u00e9l feldolgozhat\u00f3 a k\u00fcl\u00f6nb\u00f6z\u0151 form\u00e1k \u00e9s m\u00e9retek, alkalmas a k\u00fcl\u00f6nb\u00f6z\u0151 st\u00edlus\u00fa udvar vagy terasz tervez\u00e9s, rugalmass\u00e1g.<\/li>\n<li>Biztons\u00e1g : A Corten ac\u00e9l t\u0171zrak\u00f3hely kialak\u00edt\u00e1sa \u00e1ltal\u00e1ban figyelembe veszi a biztons\u00e1gi t\u00e9nyez\u0151ket, p\u00e9ld\u00e1ul a stabilit\u00e1st \u00e9s a v\u00e9d\u0151int\u00e9zked\u00e9seket, \u00e9s viszonylag biztons\u00e1gos a haszn\u00e1lata.<\/li>\n<\/ul>\n<table class=\"has-title all magic-7\" style=\"height: 242px;\" width=\"717\">\n<tbody>\n<tr>\n<td colspan=\"1\" rowspan=\"1\">\n<div class=\"magic-12\" data-spm-anchor-id=\"a2700.details.0.i40.236d4d79eIl29B\"><span class=\"magic-13\" style=\"color: #000000;\">Term\u00e9k neve<\/span><\/div>\n<\/td>\n<td colspan=\"1\" rowspan=\"1\">\n<div class=\"magic-14\"><span class=\"magic-13\" style=\"color: #000000;\">Id\u0151j\u00e1r\u00e1s corten ac\u00e9l hordozhat\u00f3 t\u0171zrak\u00f3hely BBQ Grill<\/span><\/div>\n<\/td>\n<\/tr>\n<tr>\n<td colspan=\"1\" rowspan=\"1\">\n<div class=\"magic-12\"><span class=\"magic-13\" style=\"color: #000000;\">M\u00e1rkan\u00e9v<\/span><\/div>\n<\/td>\n<td colspan=\"1\" rowspan=\"1\"><span class=\"magic-13\" style=\"color: #000000;\">SHKW<\/span><\/td>\n<\/tr>\n<tr>\n<td colspan=\"1\" rowspan=\"1\">\n<div class=\"magic-12\"><span class=\"magic-13\" style=\"color: #000000;\">Modellsz\u00e1m<\/span><\/div>\n<\/td>\n<td colspan=\"1\" rowspan=\"1\">\n<div class=\"magic-14\"><span class=\"magic-13\" style=\"color: #000000;\">SHKW-BBQ<\/span><span class=\"magic-15\" data-spm-anchor-id=\"a2700.pc-decorate.0.i3.5c623333VNk22J\">07<\/span><\/div>\n<\/td>\n<\/tr>\n<tr>\n<td colspan=\"1\" rowspan=\"1\">\n<div class=\"magic-12\"><span class=\"magic-13\" style=\"color: #000000;\">Anyag<\/span><\/div>\n<\/td>\n<td colspan=\"1\" rowspan=\"1\">\n<div class=\"magic-14\"><span class=\"magic-13\" style=\"color: #000000;\">Corten ac\u00e9l \/ id\u0151j\u00e1r\u00e1s\u00e1ll\u00f3 ac\u00e9l<\/span><\/div>\n<\/td>\n<\/tr>\n<tr>\n<td colspan=\"1\" rowspan=\"1\">\n<div class=\"magic-12\"><span class=\"magic-13\" style=\"color: #000000;\">M\u00e9ret<\/span><\/div>\n<\/td>\n<td colspan=\"1\" rowspan=\"1\">\n<div class=\"magic-14\"><span class=\"magic-13\" style=\"color: #000000;\">Dia\uff1a600\/800\/900\/1000mm, vastags\u00e1g: 2mm<\/span><\/div>\n<\/td>\n<\/tr>\n<tr>\n<td colspan=\"1\" rowspan=\"1\">\n<div class=\"magic-12\"><span class=\"magic-13\" style=\"color: #000000;\">Csomag<\/span><\/div>\n<\/td>\n<td colspan=\"1\" rowspan=\"1\">\n<div class=\"magic-14\"><span class=\"magic-13\" style=\"color: #000000;\">Bel\u00fcl: K\u00edv\u00fcl: kop\u00e1sg\u00e1tl\u00f3 habpap\u00edr, k\u00edv\u00fcl: Karton doboz<\/span><\/div>\n<\/td>\n<\/tr>\n<tr>\n<td colspan=\"1\" rowspan=\"1\">\n<div class=\"magic-12\"><span class=\"magic-13\" style=\"color: #000000;\">Fel\u00fcletkezel\u00e9s<\/span><\/div>\n<\/td>\n<td colspan=\"1\" rowspan=\"1\">\n<div class=\"magic-14\"><span class=\"magic-13\" style=\"color: #000000;\">El\u0151re rozsd\u00e1s\u00edtott, testre szabhat\u00f3<\/span><\/div>\n<\/td>\n<\/tr>\n<tr>\n<td colspan=\"1\" rowspan=\"1\">\n<div class=\"magic-12\"><span class=\"magic-13\" style=\"color: #000000;\">MOQ<\/span><\/div>\n<\/td>\n<td colspan=\"1\" rowspan=\"1\">\n<div class=\"magic-14\"><span class=\"magic-13\" style=\"color: #000000;\">10 db<\/span><\/div>\n<\/td>\n<\/tr>\n<\/tbody>\n<\/table>\n<figure style=\"width: 550px\" class=\"wp-caption alignnone\"><a href=\"https:\/\/keweicorten.com\/hu\/kapcsolatfelvetel\/\"><img fetchpriority=\"high\" decoding=\"async\" title=\"h\u00e1ts\u00f3 udvari t\u0171zrak\u00f3hely\" src=\"https:\/\/sc04.alicdn.com\/kf\/H642e390ca630457fb4af493b00d4798fV\/235950374\/H642e390ca630457fb4af493b00d4798fV.jpg\" alt=\"\" width=\"550\" height=\"550\" \/><\/a><figcaption class=\"wp-caption-text\">h\u00e1ts\u00f3 udvari t\u0171zrak\u00f3hely<\/figcaption><\/figure>\n<h2>Id\u0151j\u00e1r\u00e1s\u00e1ll\u00f3 ac\u00e9lr\u00e1csok alkalmaz\u00e1sa\uff1a<\/h2>\n<h3>Alkalmaz\u00e1s.<\/h3>\n<p>K\u00fclt\u00e9ri grillez\u00e9s : Az id\u0151j\u00e1r\u00e1s\u00e1ll\u00f3 ac\u00e9lgrillek nagyon alkalmasak k\u00fclt\u00e9ri helyeken, p\u00e9ld\u00e1ul udvarokon, erk\u00e9lyeken, teraszokon val\u00f3 haszn\u00e1latra, \u00e9s k\u00e9nyelmes grillez\u00e9si \u00e9lm\u00e9nyt ny\u00fajthatnak a csal\u00e1di \u00f6sszej\u00f6vetelek \u00e9s a bar\u00e1tok sz\u00e1m\u00e1ra.<\/p>\n<p>T\u00e1jtervez\u00e9s : Az id\u0151j\u00e1r\u00e1s\u00e1ll\u00f3 ac\u00e9l egyedi rozsd\u00e1s megjelen\u00e9se miatt n\u00e9pszer\u0171 v\u00e1laszt\u00e1s a modern kert- \u00e9s t\u00e1jtervez\u00e9sben, amely t\u00f6k\u00e9letesen integr\u00e1lhat\u00f3 a k\u00f6rnyez\u0151 k\u00f6rnyezetbe, \u00e9s \u00edgy fokozza az udvar sz\u00e9ps\u00e9g\u00e9t.<\/p>\n<p>Szabadt\u00e9ri \u00e9tkez\u00e9si helysz\u00ednek: Az \u00e9ttermek, k\u00e1v\u00e9z\u00f3k \u00e9s m\u00e1s szabadt\u00e9ri \u00e9tkez\u0151helyek id\u0151j\u00e1r\u00e1s\u00e1ll\u00f3 ac\u00e9l grills\u00fct\u0151ket haszn\u00e1lhatnak, hogy vonzz\u00e1k a vend\u00e9geket a szabadt\u00e9ri f\u0151z\u00e9s \u00e9s \u00e9tkez\u00e9si sz\u00f3rakoz\u00e1s \u00e9lvezet\u00e9re.<\/p>\n<p>Kempingez\u00e9s \uff1a Az id\u0151j\u00e1r\u00e1s\u00e1ll\u00f3 ac\u00e9l tart\u00f3ss\u00e1ga \u00e9s korr\u00f3zi\u00f3\u00e1ll\u00f3s\u00e1ga miatt ide\u00e1lis v\u00e1laszt\u00e1s a vadonban val\u00f3 kempingez\u00e9shez, mivel k\u00e9pes ellen\u00e1llni a rossz id\u0151j\u00e1r\u00e1snak.<\/p>\n<p>Rendezv\u00e9nyek \u00e9s fesztiv\u00e1lok : Alkalmas piacok, zenei fesztiv\u00e1lok, szabadt\u00e9ri partik \u00e9s egy\u00e9b alkalmak sz\u00e1m\u00e1ra, a helysz\u00ednen t\u00f6rt\u00e9n\u0151 grillez\u00e9si szolg\u00e1ltat\u00e1s biztos\u00edt\u00e1sa a tev\u00e9kenys\u00e9g hangulat\u00e1nak fokoz\u00e1sa \u00e9rdek\u00e9ben.<\/p>\n<figure style=\"width: 695px\" class=\"wp-caption alignnone\"><a href=\"https:\/\/keweicorten.com\/hu\/kapcsolatfelvetel\/\"><img decoding=\"async\" title=\"barbecue grill\" src=\"https:\/\/sc04.alicdn.com\/kf\/H813aeec6354044c9964495c20d84b311D\/235950374\/H813aeec6354044c9964495c20d84b311D.png\" alt=\"\" width=\"695\" height=\"295\" \/><\/a><figcaption class=\"wp-caption-text\">barbecue grill<\/figcaption><\/figure>\n<h3>El\u0151ny<\/h3>\n<ul>\n<li>Er\u0151s id\u0151j\u00e1r\u00e1s\u00e1ll\u00f3s\u00e1g<\/li>\n<li>Eszt\u00e9tika<\/li>\n<li>Magas h\u0151m\u00e9rs\u00e9kleti ellen\u00e1ll\u00e1s<\/li>\n<li>Alacsony karbantart\u00e1si k\u00f6vetelm\u00e9nyek<\/li>\n<li>Nagy szil\u00e1rds\u00e1g<\/li>\n<li>K\u00f6rnyezetv\u00e9delem<\/li>\n<li>T\u00f6bbfunkci\u00f3s kialak\u00edt\u00e1s<\/li>\n<\/ul>\n<div class=\"J_module\">\n<div id=\"ali-anchor-AliMagic-4f9wm2\" class=\"magic-3\" data-section=\"AliMagic-4f9wm2\" data-section-title=\"More Details\">Tov\u00e1bbi r\u00e9szletek<\/div>\n<\/div>\n<div class=\"J_module\">\n<div class=\"icbu-pc-images magic-0\">\n<div class=\"flex-layout-h\">\n<div class=\"flex-layout-v magic-18\">\n<div class=\"magic-19\"><\/div>\n<\/div>\n<div class=\"text-wrapper magic-21\">\n<div class=\"text-wrapper-right text-theme-light text-align-left\">\n<div class=\"text-content\">\n<div><span class=\"magic-13\"><a href=\"https:\/\/keweicorten.com\/hu\"><img decoding=\"async\" class=\"alignnone\" src=\"https:\/\/keweicorten.com\/wp-content\/uploads\/2024\/09\/%E5%BE%AE%E4%BF%A1%E5%9B%BE%E7%89%87_20240219150940-300x232.jpg\" alt=\"\" width=\"413\" height=\"319\" \/><\/a><\/span>- 5mm vastag Corten ac\u00e9l- Min Flat Pack t\u0171zrak\u00f3hely\/\u00e9g\u0151- K\u00f6nnyen sz\u00e9tszerelhet\u0151 \u00e9s t\u00e1rolhat\u00f3 5 darabk\u00e9nt<\/div>\n<\/div>\n<\/div>\n<\/div>\n<\/div>\n<\/div>\n<\/div>","protected":false},"excerpt":{"rendered":"<p>Az id\u0151j\u00e1r\u00e1s\u00e1ll\u00f3 ac\u00e9l grillek nemcsak kiv\u00e1l\u00f3 f\u0151z\u00e9si \u00e9lm\u00e9nyt ny\u00fajtanak a felhaszn\u00e1l\u00f3knak, hanem a k\u00f6rnyezetet is term\u00e9szetes sz\u00e9ps\u00e9ggel ruh\u00e1zz\u00e1k fel, \u00edgy ide\u00e1lisak a szabadt\u00e9ri \u00e9lethez.<\/p>","protected":false},"featured_media":1202,"comment_status":"open","ping_status":"closed","template":"","meta":{"_eb_attr":"","_monsterinsights_skip_tracking":false,"_monsterinsights_sitenote_active":false,"_monsterinsights_sitenote_note":"","_monsterinsights_sitenote_category":0,"_uf_show_specific_survey":0,"_uf_disable_surveys":false},"product_brand":[],"product_cat":[63],"product_tag":[],"class_list":{"0":"post-1192","1":"product","2":"type-product","3":"status-publish","4":"has-post-thumbnail","6":"product_cat-steel-bbq-grill","8":"first","9":"instock","10":"shipping-taxable","11":"product-type-simple"},"_links":{"self":[{"href":"https:\/\/keweicorten.com\/hu\/wp-json\/wp\/v2\/product\/1192"}],"collection":[{"href":"https:\/\/keweicorten.com\/hu\/wp-json\/wp\/v2\/product"}],"about":[{"href":"https:\/\/keweicorten.com\/hu\/wp-json\/wp\/v2\/types\/product"}],"replies":[{"embeddable":true,"href":"https:\/\/keweicorten.com\/hu\/wp-json\/wp\/v2\/comments?post=1192"}],"version-history":[{"count":3,"href":"https:\/\/keweicorten.com\/hu\/wp-json\/wp\/v2\/product\/1192\/revisions"}],"predecessor-version":[{"id":1203,"href":"https:\/\/keweicorten.com\/hu\/wp-json\/wp\/v2\/product\/1192\/revisions\/1203"}],"wp:featuredmedia":[{"embeddable":true,"href":"https:\/\/keweicorten.com\/hu\/wp-json\/wp\/v2\/media\/1202"}],"wp:attachment":[{"href":"https:\/\/keweicorten.com\/hu\/wp-json\/wp\/v2\/media?parent=1192"}],"wp:term":[{"taxonomy":"product_brand","embeddable":true,"href":"https:\/\/keweicorten.com\/hu\/wp-json\/wp\/v2\/product_brand?post=1192"},{"taxonomy":"product_cat","embeddable":true,"href":"https:\/\/keweicorten.com\/hu\/wp-json\/wp\/v2\/product_cat?post=1192"},{"taxonomy":"product_tag","embeddable":true,"href":"https:\/\/keweicorten.com\/hu\/wp-json\/wp\/v2\/product_tag?post=1192"}],"curies":[{"name":"wp","href":"https:\/\/api.w.org\/{rel}","templated":true}]}}