{"id":1230,"date":"2024-09-14T08:41:19","date_gmt":"2024-09-14T08:41:19","guid":{"rendered":"https:\/\/keweicorten.com\/?post_type=product&#038;p=1230"},"modified":"2025-01-15T06:26:56","modified_gmt":"2025-01-15T06:26:56","slug":"emelt-agyas-ulteto-doboz","status":"publish","type":"product","link":"https:\/\/keweicorten.com\/hu\/emelt-agyas-ulteto-doboz\/","title":{"rendered":"emelt \u00e1gy\u00e1s \u00fcltet\u0151 doboz"},"content":{"rendered":"<h2>Id\u0151j\u00e1r\u00e1s ac\u00e9l emelt \u00e1gy\u00e1s \u00fcltet\u0151 doboz jellemz\u0151i\uff1a<\/h2>\n<ul>\n<li><strong>Anyag<\/strong>: 2-4 mm vastag cortenac\u00e9lb\u00f3l k\u00e9sz\u00fclt, amely robusztuss\u00e1got \u00e9s hossz\u00fa \u00e9lettartamot biztos\u00edt. A vastags\u00e1g biztos\u00edtja a szerkezeti integrit\u00e1st, mik\u00f6zben lehet\u0151v\u00e9 teszi, hogy a n\u00f6v\u00e9nytart\u00f3 ellen\u00e1lljon a v\u00e1ltoz\u00f3 id\u0151j\u00e1r\u00e1si k\u00f6r\u00fclm\u00e9nyeknek.<\/li>\n<li><strong>Term\u00e9szetes eszt\u00e9tika<\/strong>: A rozsdasz\u00edn\u0171 fel\u00fclet az id\u0151 m\u00fal\u00e1s\u00e1val alakul ki, \u00e9s gy\u00f6ny\u00f6r\u0171en illeszkedik a kert term\u00e9szetes k\u00f6rnyezet\u00e9hez. Ez a sz\u00edn az ac\u00e9l id\u0151j\u00e1r\u00e1s sor\u00e1n alakul ki, \u00edgy egy egyedi, rusztikus megjelen\u00e9st eredm\u00e9nyez.<\/li>\n<li><strong>Tart\u00f3ss\u00e1g<\/strong>: A korr\u00f3zi\u00f3val szemben ellen\u00e1ll\u00f3, ezek a vir\u00e1gtart\u00f3k ellen\u00e1llnak a zord k\u00f6rnyezeti elemeknek an\u00e9lk\u00fcl, hogy romlan\u00e1nak, \u00edgy hossz\u00fa t\u00e1v\u00fa kieg\u00e9sz\u00edt\u0151i lehetnek a kert\u00e9p\u00edt\u00e9snek.<\/li>\n<li><strong>Testreszab\u00e1s<\/strong>: A testreszab\u00e1si lehet\u0151s\u00e9gek k\u00fcl\u00f6nb\u00f6z\u0151 m\u00e9reteket, form\u00e1kat \u00e9s kiviteleket foglalhatnak magukban, hogy megfeleljenek az egy\u00e9ni \u00edzl\u00e9snek \u00e9s a kerttervez\u00e9snek. A k\u00fapos forma eleg\u00e1ns sziluettet k\u00edn\u00e1l, amely b\u00e1rmilyen k\u00f6rnyezetben kiemelkedik.<\/li>\n<li><strong>K\u00f6nnyen telep\u00edthet\u0151<\/strong>: Ezek az \u00fcltet\u0151ed\u00e9nyek m\u00e1s anyagokhoz k\u00e9pest \u00fcresen k\u00f6nny\u0171ek, \u00edgy sz\u00fcks\u00e9g szerint k\u00f6nnyen \u00e1thelyezhet\u0151k a kert k\u00fcl\u00f6nb\u00f6z\u0151 pontjaira.<\/li>\n<li><strong>V\u00edzelvezet\u00e9s<\/strong>: A megfelel\u0151 v\u00edzelvezet\u00e9s elengedhetetlen a n\u00f6v\u00e9nyek eg\u00e9szs\u00e9g\u00e9hez. Gy\u0151z\u0151dj\u00f6n meg r\u00f3la, hogy az \u00fcltet\u0151ed\u00e9nyekben vannak v\u00edzelvezet\u0151 lyukak vagy olyan tervez\u00e9si jellemz\u0151k, amelyek lehet\u0151v\u00e9 teszik a felesleges v\u00edz t\u00e1voz\u00e1s\u00e1t.<\/li>\n<\/ul>\n<figure style=\"width: 612px\" class=\"wp-caption alignnone\"><a href=\"https:\/\/keweicorten.com\/hu\"><img fetchpriority=\"high\" decoding=\"async\" title=\"emelt kerti \u00e1gy\u00e1s\" src=\"https:\/\/sc04.alicdn.com\/kf\/H7b8fa5fba8f640418543df2d00059383B\/232904194\/H7b8fa5fba8f640418543df2d00059383B.jpg\" alt=\"\" width=\"612\" height=\"408\" \/><\/a><figcaption class=\"wp-caption-text\">emelt kerti \u00e1gy\u00e1s<\/figcaption><\/figure>\n<p>Az emelt \u00e1gy\u00e1s \u00fcltet\u0151l\u00e1d\u00e1t f\u00e9mb\u0151l alak\u00edtj\u00e1k ki a szakk\u00e9pzett mesteremberek, akik a f\u00e9m pontos hajtogat\u00e1s\u00e1val olyan \u00fcltet\u0151l\u00e1d\u00e1t hoznak l\u00e9tre, amely n\u00e9gy panelb\u0151l t\u00e9glalap alak\u00fav\u00e1 \u00e1ll \u00f6ssze. Az \u00fcltet\u0151\u00e1gy panelek egym\u00e1sba illeszkedve hihetetlen\u00fcl szil\u00e1rd n\u00f6v\u00e9nytart\u00f3t alkotnak, amely maxim\u00e1lis \u00fcltet\u00e9si ter\u00fcletet biztos\u00edt. a legfontosabb, hogy az \u00fcltet\u0151\u00e1gy egyszer\u0171, modern \u00e9s minimalista.<\/p>\n<table class=\"is-zebra all magic-10\">\n<tbody>\n<tr>\n<td colspan=\"1\" rowspan=\"1\">\n<div class=\"magic-11\" data-spm-anchor-id=\"a2700.details.0.i39.6b435473fC2YOp\"><b>Term\u00e9k neve<\/b><\/div>\n<\/td>\n<td colspan=\"1\" rowspan=\"1\">\n<div class=\"magic-12\">Rozsd\u00e1s f\u00e9m emelt kerti \u00e1gy Corten Steel z\u00f6lds\u00e9g \u00fcltet\u0151 dobozok<\/div>\n<\/td>\n<\/tr>\n<tr>\n<td colspan=\"1\" rowspan=\"1\">\n<div class=\"magic-11\" data-spm-anchor-id=\"a2700.details.0.i41.6b435473fC2YOp\"><b>Sz\u00ednes<\/b><\/div>\n<\/td>\n<td colspan=\"1\" rowspan=\"1\">\n<div class=\"magic-12\">Sz\u00fcrke vagy rozsdav\u00f6r\u00f6s<\/div>\n<\/td>\n<\/tr>\n<tr>\n<td colspan=\"1\" rowspan=\"1\">\n<div class=\"magic-11\"><b>Anyag<\/b><\/div>\n<\/td>\n<td colspan=\"1\" rowspan=\"1\">\n<div class=\"magic-12\">Enyhe ac\u00e9l, Corten ac\u00e9l<\/div>\n<\/td>\n<\/tr>\n<tr>\n<td colspan=\"1\" rowspan=\"1\">\n<div class=\"magic-11\"><b>M\u00e9ret<\/b><\/div>\n<\/td>\n<td colspan=\"1\" rowspan=\"1\">\n<div class=\"magic-12\">\u00a0 L500 x W500x H200 mm\/L800 x W800x H400mm<\/p>\n<div data-spm-anchor-id=\"a2700.pc-decorate.0.i4.26b13333MCzf1x\">\u00a0 L900 x W600 x H300 mm\/ L1200 x W900 x H300 mm<br \/>\n( Legyen testreszabva)<\/div>\n<\/div>\n<\/td>\n<\/tr>\n<tr>\n<td colspan=\"1\" rowspan=\"1\">\n<div class=\"magic-11\"><b>Vastags\u00e1g<\/b><\/div>\n<\/td>\n<td colspan=\"1\" rowspan=\"1\">\n<div class=\"magic-12\">2-3mm<\/div>\n<\/td>\n<\/tr>\n<tr>\n<td colspan=\"1\" rowspan=\"1\">\n<div class=\"magic-11\"><b>Fel\u00fcletkezel\u00e9s<\/b><\/div>\n<\/td>\n<td colspan=\"1\" rowspan=\"1\">\n<div class=\"magic-12\" data-spm-anchor-id=\"a2700.details.0.i40.6b435473fC2YOp\">El\u0151re rozsd\u00e1s\u00edtott, fekete festett, testre szabhat\u00f3<\/div>\n<\/td>\n<\/tr>\n<tr>\n<td colspan=\"1\" rowspan=\"1\">\n<div class=\"magic-11\"><b>MOQ<\/b><\/div>\n<\/td>\n<td colspan=\"1\" rowspan=\"1\">\n<div class=\"magic-12\">4 darab<\/div>\n<\/td>\n<\/tr>\n<tr>\n<td colspan=\"1\" rowspan=\"1\">\n<div class=\"magic-11\"><b>OEM &amp; ODM<\/b><\/div>\n<\/td>\n<td colspan=\"1\" rowspan=\"1\">\n<div class=\"magic-12\">Testreszabott szolg\u00e1ltat\u00e1s \u00e1ll rendelkez\u00e9sre.<\/div>\n<\/td>\n<\/tr>\n<\/tbody>\n<\/table>\n<p class=\"magic-5\"><span style=\"font-size: large;\" data-spm-anchor-id=\"a2700.details.0.i40.722e768ceArIts\">100% El\u00e9gedetts\u00e9gi garancia<\/span><\/p>\n<p class=\"magic-5\" data-spm-anchor-id=\"a2700.details.0.i41.722e768ceArIts\"><span style=\"font-size: large;\"><br \/>\nAnyag - Corten ac\u00e9l<\/span><\/p>\n<p class=\"magic-5\"><span style=\"font-size: large;\"><br \/>\nExtra m\u00e9ly a nagyobb n\u00f6v\u00e9nyek sz\u00e1m\u00e1ra<\/span><\/p>\n<div class=\"text-content\">Az emelt \u00e1gy\u00e1sl\u00e1d\u00e1k kiv\u00e1l\u00f3an megakad\u00e1lyozz\u00e1k a talaj t\u00f6m\u00f6r\u00f6d\u00e9s\u00e9t, kiv\u00e1l\u00f3 v\u00edzelvezet\u00e9st biztos\u00edtanak, \u00e9s seg\u00edtenek megakad\u00e1lyozni, hogy a gyomok megvethess\u00e9k a l\u00e1bukat a term\u0151f\u00f6ldben.Emellett lehet\u0151v\u00e9 teszik a termel\u0151k sz\u00e1m\u00e1ra, hogy k\u00fcl\u00f6nb\u00f6z\u0151 talajt\u00edpusokat vezessenek be kertjeikbe, ami azt jelenti, hogy sz\u00e1mos \u00faj \u00e9s izgalmas gy\u00fcm\u00f6lcs\u00f6t \u00e9s z\u00f6lds\u00e9get termeszthetnek.<\/div>\n<figure style=\"width: 613px\" class=\"wp-caption alignnone\"><a href=\"https:\/\/keweicorten.com\/hu\"><img decoding=\"async\" title=\"emelt \u00e1gy\u00e1s kerti \u00e1gy\" src=\"https:\/\/sc04.alicdn.com\/kf\/He51239b636024d93b16c341680a98532y\/223026859\/He51239b636024d93b16c341680a98532y.jpg\" alt=\"\" width=\"613\" height=\"439\" \/><\/a><figcaption class=\"wp-caption-text\">emelt \u00e1gy\u00e1s kerti \u00e1gy<\/figcaption><\/figure>","protected":false},"excerpt":{"rendered":"<p>Corten ac\u00e9llemez (piros f\u00fcgg\u00f6nyfal ac\u00e9llemez, t\u00e1j ac\u00e9llemez, faragott ac\u00e9llemez) k\u00f6z\u00f6tt a k\u00f6z\u00f6ns\u00e9ges ac\u00e9l \u00e9s a rozsdamentes ac\u00e9l olcs\u00f3 \u00f6tv\u00f6z\u00f6tt ac\u00e9l sorozat; k\u00fclt\u00e9ri corten ac\u00e9l dekor\u00e1ci\u00f3 elfogadja az \u00faj technol\u00f3gi\u00e1t a fenntarthat\u00f3 fejl\u0151d\u00e9s \u00e9s az innov\u00e1ci\u00f3, \u00e9s egyre a vil\u00e1g legjobb ac\u00e9ltechnol\u00f3gi\u00e1ja.<\/p>\n<table border=\"1\">\n<tbody>\n<tr>\n<td data-spm-anchor-id=\"a2700.details.0.i40.2eb5646aQ18go6\"><span data-spm-anchor-id=\"a2700.details.0.i39.2eb5646aQ18go6\">N\u00e9v<br \/>\n<\/span><\/td>\n<td>Dekorat\u00edv f\u00e9m \u00fcltet\u0151k \/ magas n\u00e9gyzet alak\u00fa \u00fcltet\u0151k \/ nagym\u00e9ret\u0171 k\u00fclt\u00e9ri \u00fcltet\u0151k<\/td>\n<\/tr>\n<tr>\n<td>Fel\u00fclet<\/td>\n<td>El\u0151re rozsd\u00e1s\u00edtott<\/td>\n<\/tr>\n<tr>\n<td>Technol\u00f3gia<\/td>\n<td>\u00a0L\u00e9zerv\u00e1g\u00e1s, hajl\u00edt\u00e1s, profiloz\u00e1s, hegeszt\u00e9s.<\/td>\n<\/tr>\n<tr>\n<td>\u00a0Term\u00e9kek<\/td>\n<td>corten vir\u00e1gcser\u00e9p, corten kerti parav\u00e1nok, corten ker\u00edt\u00e9s, corten \u00fcltet\u0151, corten r\u00e1cs, corten falm\u0171v\u00e9szet, Cor-Ten ac\u00e9l t\u00e1mfalak.<\/td>\n<\/tr>\n<\/tbody>\n<\/table>","protected":false},"featured_media":1231,"comment_status":"open","ping_status":"closed","template":"","meta":{"_eb_attr":"","_monsterinsights_skip_tracking":false,"_monsterinsights_sitenote_active":false,"_monsterinsights_sitenote_note":"","_monsterinsights_sitenote_category":0,"_uf_show_specific_survey":0,"_uf_disable_surveys":false},"product_brand":[],"product_cat":[59],"product_tag":[],"class_list":{"0":"post-1230","1":"product","2":"type-product","3":"status-publish","4":"has-post-thumbnail","6":"product_cat-flower-pot","8":"first","9":"instock","10":"shipping-taxable","11":"product-type-simple"},"_links":{"self":[{"href":"https:\/\/keweicorten.com\/hu\/wp-json\/wp\/v2\/product\/1230"}],"collection":[{"href":"https:\/\/keweicorten.com\/hu\/wp-json\/wp\/v2\/product"}],"about":[{"href":"https:\/\/keweicorten.com\/hu\/wp-json\/wp\/v2\/types\/product"}],"replies":[{"embeddable":true,"href":"https:\/\/keweicorten.com\/hu\/wp-json\/wp\/v2\/comments?post=1230"}],"version-history":[{"count":1,"href":"https:\/\/keweicorten.com\/hu\/wp-json\/wp\/v2\/product\/1230\/revisions"}],"predecessor-version":[{"id":1232,"href":"https:\/\/keweicorten.com\/hu\/wp-json\/wp\/v2\/product\/1230\/revisions\/1232"}],"wp:featuredmedia":[{"embeddable":true,"href":"https:\/\/keweicorten.com\/hu\/wp-json\/wp\/v2\/media\/1231"}],"wp:attachment":[{"href":"https:\/\/keweicorten.com\/hu\/wp-json\/wp\/v2\/media?parent=1230"}],"wp:term":[{"taxonomy":"product_brand","embeddable":true,"href":"https:\/\/keweicorten.com\/hu\/wp-json\/wp\/v2\/product_brand?post=1230"},{"taxonomy":"product_cat","embeddable":true,"href":"https:\/\/keweicorten.com\/hu\/wp-json\/wp\/v2\/product_cat?post=1230"},{"taxonomy":"product_tag","embeddable":true,"href":"https:\/\/keweicorten.com\/hu\/wp-json\/wp\/v2\/product_tag?post=1230"}],"curies":[{"name":"wp","href":"https:\/\/api.w.org\/{rel}","templated":true}]}}