{"id":1234,"date":"2024-09-18T07:48:58","date_gmt":"2024-09-18T07:48:58","guid":{"rendered":"https:\/\/keweicorten.com\/?post_type=product&#038;p=1234"},"modified":"2024-09-18T07:48:59","modified_gmt":"2024-09-18T07:48:59","slug":"corten-acel-a588gra","status":"publish","type":"product","link":"https:\/\/keweicorten.com\/hu\/corten-acel-a588gra\/","title":{"rendered":"Corten ac\u00e9l A588GRA"},"content":{"rendered":"<h2>Az id\u0151j\u00e1r\u00e1s\u00e1ll\u00f3 ac\u00e9llemezek legfontosabb jellemz\u0151i:<\/h2>\n<ul>\n<li>Korr\u00f3zi\u00f3\u00e1ll\u00f3s\u00e1g: Az id\u0151j\u00e1r\u00e1s\u00e1ll\u00f3 ac\u00e9l az id\u0151j\u00e1r\u00e1si elemeknek kit\u00e9ve stabil rozsdaszer\u0171 megjelen\u00e9st k\u00e9pez, amely v\u00e9d\u0151r\u00e9tegk\u00e9nt megakad\u00e1lyozza a m\u00e9lyebb korr\u00f3zi\u00f3t. Ez az oxidr\u00e9teg id\u0151vel tov\u00e1bb fejl\u0151dik, folyamatos v\u00e9delmet ny\u00fajtva a k\u00f6rnyezettel szemben.<\/li>\n<li>Nagy szil\u00e1rds\u00e1g: Ez teszi alkalmass\u00e1 az ig\u00e9nyes szerkezeti alkalmaz\u00e1sokhoz, valamint k\u00f6nnyebb \u00e9s er\u0151sebb konstrukci\u00f3kat tesz lehet\u0151v\u00e9.<\/li>\n<li>Alacsony \u00f6tv\u00f6zettartalom: Ez az anyag olyan speci\u00e1lis \u00f6tv\u00f6z\u0151elemeket tartalmaz, mint a r\u00e9z, kr\u00f3m \u00e9s nikkel, amelyek fokozz\u00e1k az id\u0151j\u00e1r\u00e1s\u00e1ll\u00f3s\u00e1got \u00e9s az \u00e1ltal\u00e1nos tart\u00f3ss\u00e1got.<\/li>\n<li>Eszt\u00e9tikai vonzer\u0151<\/li>\n<li>Karbantart\u00e1smentes: Corten ac\u00e9l A588GRA egyik legnagyobb el\u0151nye az alacsony karbantart\u00e1si ig\u00e9ny. A v\u00e9d\u0151 patina kialakul\u00e1sa ut\u00e1n \u00e1ltal\u00e1ban nincs nagy sz\u00fcks\u00e9g kezel\u00e9sekre, bevonatokra vagy \u00fajrafest\u00e9sre.<\/li>\n<li>K\u00f6rnyezeti ellen\u00e1ll\u00e1s: Az id\u0151j\u00e1r\u00e1s\u00e1ll\u00f3 ac\u00e9l k\u00fcl\u00f6n\u00f6sen alkalmas k\u00fclt\u00e9ri szerkezetekhez, mivel ellen\u00e1ll a k\u00fcl\u00f6nb\u00f6z\u0151 l\u00e9gk\u00f6ri k\u00f6r\u00fclm\u00e9nyeknek, bele\u00e9rtve az es\u0151t, a havat \u00e9s a sz\u00e9ls\u0151s\u00e9ges h\u0151m\u00e9rs\u00e9kletet.<\/li>\n<li>Hegeszthet\u0151s\u00e9g: A Corten Steel A588GRA ugyan\u00fagy hegeszthet\u0151, mint m\u00e1s szerkezeti ac\u00e9lok, b\u00e1r az anyag tulajdons\u00e1gainak meg\u0151rz\u00e9se \u00e9rdek\u00e9ben a hegeszt\u00e9si elj\u00e1r\u00e1ssal kapcsolatban k\u00fcl\u00f6nleges szempontokat kell figyelembe venni.<\/li>\n<li>Hossz\u00fa \u00e9lettartam: Az id\u0151j\u00e1r\u00e1s\u00e1ll\u00f3 ac\u00e9l Corten Steel A588GRA hossz\u00fa \u00e9lettartammal rendelkezik, \u00edgy id\u0151vel k\u00f6lts\u00e9ghat\u00e9kony v\u00e1laszt\u00e1s a zord id\u0151j\u00e1r\u00e1si k\u00f6r\u00fclm\u00e9nyeknek kitett szerkezetek sz\u00e1m\u00e1ra.<\/li>\n<li>Form\u00e1zhat\u00f3s\u00e1g: K\u00f6nnyen alak\u00edthat\u00f3 k\u00fcl\u00f6nb\u00f6z\u0151 form\u00e1kk\u00e1 \u00e9s szerkezetekk\u00e9, \u00edgy sokoldal\u00faan alkalmazhat\u00f3 \u00e9p\u00edt\u00e9szeti \u00e9s szerkezeti alkalmaz\u00e1sokban.<\/li>\n<li>Fenntarthat\u00f3s\u00e1g: Az id\u0151j\u00e1r\u00e1s\u00e1ll\u00f3 ac\u00e9l tart\u00f3ss\u00e1ga \u00e9s alacsony karbantart\u00e1si ig\u00e9nye miatt hozz\u00e1j\u00e1rul a fenntarthat\u00f3 \u00e9p\u00edt\u00e9si gyakorlathoz, mivel cs\u00f6kkenti a bevonatokra \u00e9s a gyakori cser\u00e9kre ford\u00edtott er\u0151forr\u00e1sok sz\u00fcks\u00e9gess\u00e9g\u00e9t.<\/li>\n<\/ul>\n<figure style=\"width: 750px\" class=\"wp-caption alignnone\"><a href=\"https:\/\/keweicorten.com\/hu\/kapcsolatfelvetel\/\"><img fetchpriority=\"high\" decoding=\"async\" title=\"corten ac\u00e9llemezek\" src=\"https:\/\/sc04.alicdn.com\/kf\/H4b06690ff5ec4483be228e9342b4f08fn\/239729424\/H4b06690ff5ec4483be228e9342b4f08fn.jpg\" alt=\"\" width=\"750\" height=\"929\" \/><\/a><figcaption class=\"wp-caption-text\">corten ac\u00e9llemezek<\/figcaption><\/figure>\n<table class=\"has-title all magic-9\" style=\"height: 323px;\" width=\"910\">\n<tbody>\n<tr>\n<td colspan=\"1\" rowspan=\"1\">\n<div class=\"magic-10\" data-spm-anchor-id=\"a2700.details.0.i42.4d704381X3PZPe\">Term\u00e9k neve<\/div>\n<\/td>\n<td colspan=\"4\" rowspan=\"1\">\n<div class=\"magic-11\">Id\u0151j\u00e1r\u00e1s\u00e1ll\u00f3 ac\u00e9llemez<\/div>\n<\/td>\n<\/tr>\n<tr>\n<td colspan=\"1\" rowspan=\"1\">\n<div class=\"magic-10\" data-spm-anchor-id=\"a2700.details.0.i41.4d704381X3PZPe\">Standard<\/div>\n<\/td>\n<td colspan=\"4\" rowspan=\"1\">\n<div class=\"magic-11\">DIN GB JIS BA AISI ASTM<\/div>\n<\/td>\n<\/tr>\n<tr>\n<td colspan=\"1\" rowspan=\"1\">\n<div class=\"magic-10\">Hossz\u00fas\u00e1g<\/div>\n<\/td>\n<td colspan=\"4\" rowspan=\"1\">\n<div class=\"magic-11\">\u00a0testreszab\u00e1s<\/div>\n<\/td>\n<\/tr>\n<tr>\n<td colspan=\"1\" rowspan=\"1\">\n<div class=\"magic-10\">Sz\u00e9less\u00e9g<\/div>\n<\/td>\n<td colspan=\"4\" rowspan=\"1\">\n<div class=\"magic-11\">testreszab\u00e1s<\/div>\n<\/td>\n<\/tr>\n<tr>\n<td colspan=\"1\" rowspan=\"1\">\n<div class=\"magic-10\">Vastags\u00e1g<\/div>\n<\/td>\n<td colspan=\"4\" rowspan=\"1\">\n<div class=\"magic-11\">2-100mm vagy testre szabhat\u00f3<\/div>\n<\/td>\n<\/tr>\n<tr>\n<td colspan=\"1\" rowspan=\"1\">\n<div class=\"magic-10\">Anyag<\/div>\n<\/td>\n<td colspan=\"4\" rowspan=\"1\">\n<div class=\"magic-11\">\u00a0Q235NH Q355NH Q355GNH Q295NH Q295GNH Q460NH S235J0WP S235J2WP S235J2W S235J2W A588grA CortenA CortenB Q345NH Q295NH Q295GNH Q295GNH Q355GNHL 09CuPCrNi-A SPA-H Corten A CortenB Cu-P Cu-P<\/div>\n<\/td>\n<\/tr>\n<tr>\n<td colspan=\"1\" rowspan=\"1\">\n<div class=\"magic-10\">Fizet\u00e9s<\/div>\n<\/td>\n<td colspan=\"4\" rowspan=\"1\">\n<div class=\"magic-11\">30%T\/T + 70% m\u00e9rleg<\/div>\n<\/td>\n<\/tr>\n<tr>\n<td colspan=\"1\" rowspan=\"1\">\n<div class=\"magic-10\">Alkalmaz\u00e1s<\/div>\n<\/td>\n<td colspan=\"4\" rowspan=\"1\">\n<div class=\"magic-11\">Az id\u0151j\u00e1r\u00e1s\u00e1ll\u00f3 ac\u00e9lt els\u0151sorban a vas\u00fat, a j\u00e1rm\u0171, a h\u00edd, a torony, a fotovoltaikus, a nagysebess\u00e9g\u0171 m\u00e9rn\u00f6ki \u00e9s egy\u00e9b hossz\u00fa t\u00e1v\u00fa m\u00e9rn\u00f6ki munk\u00e1khoz haszn\u00e1lj\u00e1k.<br \/>\naz ac\u00e9lszerkezetek haszn\u00e1lat\u00e1nak l\u00e9gk\u00f6ri expoz\u00edci\u00f3ja. Haszn\u00e1lhat\u00f3 tov\u00e1bb\u00e1 kont\u00e9nerek gy\u00e1rt\u00e1s\u00e1n\u00e1l, vas\u00fati<br \/>\nj\u00e1rm\u0171vek, olajf\u00far\u00f3tornyok, kik\u00f6t\u0151i \u00e9p\u00fcletek, olajf\u00far\u00f3 platformok \u00e9s k\u00e9ntartalm\u00fa mar\u00f3 k\u00f6zegek tart\u00e1lyai a vegyipari \u00e9s ipari l\u00e9tes\u00edtm\u00e9nyekben<br \/>\nk\u0151olajipari berendez\u00e9sek. Ezenk\u00edv\u00fcl az id\u0151j\u00e1r\u00e1s\u00e1ll\u00f3 ac\u00e9l egyedi megjelen\u00e9se miatt gyakran haszn\u00e1lj\u00e1k a k\u00f6zt\u00e9ri m\u0171v\u00e9szetben, k\u00fclt\u00e9ri<br \/>\nszobor \u00e9s \u00e9p\u00fclet k\u00fcls\u0151 fald\u00edsz\u00edt\u00e9s.<\/div>\n<\/td>\n<\/tr>\n<tr>\n<td colspan=\"1\" rowspan=\"1\">\n<div class=\"magic-10\">Export csomagol\u00e1s<\/div>\n<\/td>\n<td colspan=\"4\" rowspan=\"1\">\n<div class=\"magic-11\">V\u00edz\u00e1ll\u00f3 pap\u00edr \u00e9s ac\u00e9lszalag csomagolva.<br \/>\nStandard export tengeri csomag.Alkalmas mindenf\u00e9le sz\u00e1ll\u00edt\u00e1shoz, vagy ig\u00e9ny szerint<\/div>\n<\/td>\n<\/tr>\n<tr>\n<td colspan=\"1\" rowspan=\"1\">\n<div class=\"magic-10\">Fel\u00fclet<\/div>\n<\/td>\n<td colspan=\"4\" rowspan=\"1\">\n<div class=\"magic-14\">Fekete, bevonat, sz\u00ednes bevonat, rozsdag\u00e1tl\u00f3 lakk, rozsdag\u00e1tl\u00f3 olaj, r\u00e1cs stb.<\/div>\n<\/td>\n<\/tr>\n<\/tbody>\n<\/table>\n<h2 class=\"magic-29\"><span class=\"magic-30\" data-spm-anchor-id=\"a2700.details.0.i45.4d704381X3PZPe\">Id\u0151j\u00e1r\u00e1s\u00e1ll\u00f3 ac\u00e9llemez alkalmaz\u00e1sa<\/span><\/h2>\n<div class=\"magic-5\">\n<div class=\"magic-6\">\n<div class=\"magic-7\">1<b>\u3001Az id\u0151j\u00e1r\u00e1snak ellen\u00e1ll\u00f3 t\u00e1jk\u00e9p<\/b><\/p>\n<div><\/div>\n<div>2\u3001<b>Id\u0151j\u00e1r\u00e1s\u00e1ll\u00f3 f\u00fcgg\u00f6nyfal<\/b><\/div>\n<div><\/div>\n<div>3\u3001<b>Id\u0151j\u00e1r\u00e1s szobor<\/b><\/div>\n<div><\/div>\n<div>4\u3001<b>Id\u0151j\u00e1r\u00e1s\u00e1ll\u00f3 vir\u00e1gcser\u00e9p<\/b><\/div>\n<div><b>\u00a0<\/b><\/div>\n<div>5\u3001<b>Id\u0151j\u00e1r\u00e1s\u00e1ll\u00f3 \u00e9p\u00fclet<\/b><\/div>\n<div><b>\u00a0<\/b><\/div>\n<div>6\u3001<b>Id\u0151j\u00e1r\u00e1s\u00e1ll\u00f3 k\u00e9perny\u0151<\/b><\/div>\n<h2>A term\u00e9k csomagol\u00e1sa<\/h2>\n<div>\n<figure style=\"width: 646px\" class=\"wp-caption alignnone\"><a href=\"https:\/\/keweicorten.com\/hu\"><img decoding=\"async\" title=\"corten ac\u00e9llemez\" src=\"https:\/\/sc01.alicdn.com\/kf\/HTB1qOM4nrYI8KJjy0Fa762AiVXaL\/231450570\/HTB1qOM4nrYI8KJjy0Fa762AiVXaL.png\" alt=\"\" width=\"646\" height=\"410\" \/><\/a><figcaption class=\"wp-caption-text\">corten ac\u00e9llemez<\/figcaption><\/figure>\n<\/div>\n<\/div>\n<\/div>\n<\/div>","protected":false},"excerpt":{"rendered":"<table class=\"all magic-1\" style=\"height: 120px;\" width=\"313\">\n<tbody>\n<tr>\n<td colspan=\"1\" rowspan=\"1\">\n<div class=\"magic-2\" data-spm-anchor-id=\"a2700.details.0.i39.73d28eb8YeAqUO\">Term\u00e9k neve<\/div>\n<\/td>\n<td colspan=\"1\" rowspan=\"1\">\n<div class=\"magic-3\">Id\u0151j\u00e1r\u00e1s\u00e1ll\u00f3 ac\u00e9llemez<\/div>\n<\/td>\n<\/tr>\n<tr>\n<td colspan=\"1\" rowspan=\"1\">\n<div class=\"magic-2\">Fokozat<\/div>\n<\/td>\n<td colspan=\"1\" rowspan=\"1\">\n<div class=\"magic-3\">09CuPCrNi-A, cortenA, cortenB<br \/>\nQ235NH,Q295NH,Q345NH,Q500NH<br \/>\nS235JOW,S355JOW,S355J2WP<\/div>\n<\/td>\n<\/tr>\n<tr>\n<td colspan=\"1\" rowspan=\"1\">\n<div class=\"magic-2\">Technika<\/div>\n<\/td>\n<td colspan=\"1\" rowspan=\"1\">\n<div class=\"magic-3\">Hidegen hengerelt<\/div>\n<\/td>\n<\/tr>\n<tr>\n<td colspan=\"1\" rowspan=\"1\">\n<div class=\"magic-2\">Fel\u00fclet<\/div>\n<\/td>\n<td colspan=\"1\" rowspan=\"1\">\n<div class=\"magic-3\">Rozsdakezel\u00e9s, tiszt\u00edt\u00e1s, robbant\u00e1s vagy az \u00fcgyf\u00e9l ig\u00e9nyei szerint.<\/div>\n<\/td>\n<\/tr>\n<\/tbody>\n<\/table>","protected":false},"featured_media":1244,"comment_status":"open","ping_status":"closed","template":"","meta":{"_eb_attr":"","_monsterinsights_skip_tracking":false,"_monsterinsights_sitenote_active":false,"_monsterinsights_sitenote_note":"","_monsterinsights_sitenote_category":0,"_uf_show_specific_survey":0,"_uf_disable_surveys":false},"product_brand":[],"product_cat":[21],"product_tag":[],"class_list":{"0":"post-1234","1":"product","2":"type-product","3":"status-publish","4":"has-post-thumbnail","6":"product_cat-weather-resistant-steel-plate","8":"first","9":"instock","10":"shipping-taxable","11":"product-type-simple"},"_links":{"self":[{"href":"https:\/\/keweicorten.com\/hu\/wp-json\/wp\/v2\/product\/1234"}],"collection":[{"href":"https:\/\/keweicorten.com\/hu\/wp-json\/wp\/v2\/product"}],"about":[{"href":"https:\/\/keweicorten.com\/hu\/wp-json\/wp\/v2\/types\/product"}],"replies":[{"embeddable":true,"href":"https:\/\/keweicorten.com\/hu\/wp-json\/wp\/v2\/comments?post=1234"}],"version-history":[{"count":1,"href":"https:\/\/keweicorten.com\/hu\/wp-json\/wp\/v2\/product\/1234\/revisions"}],"predecessor-version":[{"id":1245,"href":"https:\/\/keweicorten.com\/hu\/wp-json\/wp\/v2\/product\/1234\/revisions\/1245"}],"wp:featuredmedia":[{"embeddable":true,"href":"https:\/\/keweicorten.com\/hu\/wp-json\/wp\/v2\/media\/1244"}],"wp:attachment":[{"href":"https:\/\/keweicorten.com\/hu\/wp-json\/wp\/v2\/media?parent=1234"}],"wp:term":[{"taxonomy":"product_brand","embeddable":true,"href":"https:\/\/keweicorten.com\/hu\/wp-json\/wp\/v2\/product_brand?post=1234"},{"taxonomy":"product_cat","embeddable":true,"href":"https:\/\/keweicorten.com\/hu\/wp-json\/wp\/v2\/product_cat?post=1234"},{"taxonomy":"product_tag","embeddable":true,"href":"https:\/\/keweicorten.com\/hu\/wp-json\/wp\/v2\/product_tag?post=1234"}],"curies":[{"name":"wp","href":"https:\/\/api.w.org\/{rel}","templated":true}]}}