{"id":1238,"date":"2024-09-18T07:24:58","date_gmt":"2024-09-18T07:24:58","guid":{"rendered":"https:\/\/keweicorten.com\/?post_type=product&#038;p=1238"},"modified":"2024-09-18T07:24:58","modified_gmt":"2024-09-18T07:24:58","slug":"corten-a-acellemez-2","status":"publish","type":"product","link":"https:\/\/keweicorten.com\/hu\/corten-a-acellemez-2\/","title":{"rendered":"Corten A ac\u00e9llemez"},"content":{"rendered":"<p>Id\u0151j\u00e1r\u00e1s\u00e1ll\u00f3s\u00e1ga, kiv\u00e1l\u00f3 mechanikai tulajdons\u00e1gai, egyed\u00fcl\u00e1ll\u00f3 eszt\u00e9tikai hat\u00e1sa \u00e9s alacsony karbantart\u00e1si k\u00f6lts\u00e9gei r\u00e9v\u00e9n a Corten A ac\u00e9llemez a modern \u00e9p\u00edt\u00e9szet \u00e9s m\u0171v\u00e9szeti tervez\u00e9s egyik n\u00e9lk\u00fcl\u00f6zhetetlen anyag\u00e1v\u00e1 v\u00e1lt. Ak\u00e1r k\u00fclt\u00e9ri szerkezetekhez, ak\u00e1r t\u00e1jtervez\u00e9shez vagy szobr\u00e1szati alkot\u00e1sokhoz haszn\u00e1lj\u00e1k, a Corten A ac\u00e9llemez tart\u00f3s sz\u00e9ps\u00e9get \u00e9s megb\u00edzhat\u00f3 teljes\u00edtm\u00e9nyt biztos\u00edt.<\/p>\n<figure style=\"width: 737px\" class=\"wp-caption alignnone\"><a href=\"https:\/\/keweicorten.com\/hu\/kapcsolatfelvetel\/\"><img fetchpriority=\"high\" decoding=\"async\" title=\"corten ac\u00e9llemez\" src=\"https:\/\/sc04.alicdn.com\/kf\/Adb7c535562cc4a6297ff891b617ab23aF\/239729424\/Adb7c535562cc4a6297ff891b617ab23aF.jpg\" alt=\"\" width=\"737\" height=\"305\" \/><\/a><figcaption class=\"wp-caption-text\">lemez<\/figcaption><\/figure>\n<table class=\"all magic-7\" style=\"height: 280px;\" width=\"734\">\n<tbody>\n<tr>\n<td colspan=\"1\" rowspan=\"1\">\n<div class=\"magic-8\" data-spm-anchor-id=\"a2700.details.0.i39.4da84018QxxdRU\">Term\u00e9k neve<\/div>\n<\/td>\n<td colspan=\"1\" rowspan=\"1\">\n<div class=\"magic-9\">Corten lemez lemez<\/div>\n<\/td>\n<\/tr>\n<tr>\n<td colspan=\"1\" rowspan=\"1\">\n<div class=\"magic-8\">Sz\u00e1rmaz\u00e1si hely<\/div>\n<\/td>\n<td colspan=\"1\" rowspan=\"1\">\n<div class=\"magic-9\">K\u00edna<\/div>\n<\/td>\n<\/tr>\n<tr>\n<td colspan=\"1\" rowspan=\"1\">\n<div class=\"magic-8\">Alkalmaz\u00e1s<\/div>\n<\/td>\n<td colspan=\"1\" rowspan=\"1\">\n<div class=\"magic-9\">\u00e9p\u00edt\u00e9si vas\u00fati j\u00e1rm\u0171 h\u00edd torony<\/div>\n<\/td>\n<\/tr>\n<tr>\n<td colspan=\"1\" rowspan=\"1\">\n<div class=\"magic-8\">\u00d6tv\u00f6zet vagy sem<\/div>\n<\/td>\n<td colspan=\"1\" rowspan=\"1\">\n<div class=\"magic-9\">Nem \u00f6tv\u00f6zet<\/div>\n<\/td>\n<\/tr>\n<tr>\n<td colspan=\"1\" rowspan=\"1\">\n<div class=\"magic-8\">Vastags\u00e1g<\/div>\n<\/td>\n<td colspan=\"1\" rowspan=\"1\">\n<div class=\"magic-9\">1-200mm vagy ig\u00e9ny szerint<\/div>\n<\/td>\n<\/tr>\n<tr>\n<td colspan=\"1\" rowspan=\"1\">\n<div class=\"magic-8\">Standard<\/div>\n<\/td>\n<td colspan=\"1\" rowspan=\"1\">\n<div class=\"magic-9\">ASTM, EN, DIN, ANSI, BS<\/div>\n<\/td>\n<\/tr>\n<tr>\n<td colspan=\"1\" rowspan=\"1\">\n<div class=\"magic-8\">Hossz\u00fas\u00e1g<\/div>\n<\/td>\n<td colspan=\"1\" rowspan=\"1\">\n<div class=\"magic-9\">3000-12000mm ig\u00e9ny szerint<\/div>\n<\/td>\n<\/tr>\n<tr>\n<td colspan=\"1\" rowspan=\"1\">\n<div class=\"magic-8\">Technika<\/div>\n<\/td>\n<td colspan=\"1\" rowspan=\"1\">\n<div class=\"magic-9\">melegen hengerelt hidegen hengerelt (egy\u00e9ni k\u00e9r\u00e9s szerint)<\/div>\n<\/td>\n<\/tr>\n<tr>\n<td colspan=\"1\" rowspan=\"1\">\n<div class=\"magic-8\">Fel\u00fcletkezel\u00e9s<\/div>\n<\/td>\n<td colspan=\"1\" rowspan=\"1\">\n<div class=\"magic-9\">Tiszta, befejez\u0151, f\u00fav\u00e1s az \u00fcgyf\u00e9l ig\u00e9nyei szerint<\/div>\n<\/td>\n<\/tr>\n<tr>\n<td colspan=\"1\" rowspan=\"1\">\n<div class=\"magic-8\">Tolerancia<\/div>\n<\/td>\n<td colspan=\"1\" rowspan=\"1\">\n<div class=\"magic-9\">\u00b11%<\/div>\n<\/td>\n<\/tr>\n<tr>\n<td colspan=\"1\" rowspan=\"1\">\n<div class=\"magic-8\">Feldolgoz\u00e1si szolg\u00e1ltat\u00e1sok<\/div>\n<\/td>\n<td colspan=\"1\" rowspan=\"1\">\n<div class=\"magic-9\">Hegeszt\u00e9s, lyukaszt\u00e1s, v\u00e1g\u00e1s, k\u00e1dmentes\u00edt\u00e9s<\/div>\n<\/td>\n<\/tr>\n<tr>\n<td colspan=\"1\" rowspan=\"1\">\n<div class=\"magic-8\">Sz\u00e1ml\u00e1z\u00e1s<\/div>\n<\/td>\n<td colspan=\"1\" rowspan=\"1\">\n<div class=\"magic-9\">elm\u00e9leti s\u00faly szerint<\/div>\n<\/td>\n<\/tr>\n<tr>\n<td colspan=\"1\" rowspan=\"1\">\n<div class=\"magic-8\">Sz\u00e1ll\u00edt\u00e1si id\u0151<\/div>\n<\/td>\n<td colspan=\"1\" rowspan=\"1\">\n<div class=\"magic-9\">5-7 munkanapon bel\u00fcl<\/div>\n<\/td>\n<\/tr>\n<tr>\n<td colspan=\"1\" rowspan=\"1\">\n<div class=\"magic-8\">Csomagol\u00e1s<\/div>\n<\/td>\n<td colspan=\"1\" rowspan=\"1\">\n<div class=\"magic-9\">Standard csomagol\u00e1s<\/div>\n<\/td>\n<\/tr>\n<\/tbody>\n<\/table>\n<h3>Corten A ac\u00e9llemez alkalmaz\u00e1sok:<\/h3>\n<ul>\n<li><strong>\u00c9p\u00edt\u00e9szet<\/strong>: Homlokzatok, falburkolatok \u00e9s k\u00fclt\u00e9ri szobrok.<\/li>\n<li><strong>Hidak \u00e9s infrastrukt\u00fara<\/strong>: Hidak \u00e9s \u00e9p\u00fcletek olyan r\u00e9szein\u00e9l haszn\u00e1lj\u00e1k, ahol hossz\u00fa \u00e9lettartam\u00fa teljes\u00edtm\u00e9nyre van sz\u00fcks\u00e9g gyakori karbantart\u00e1s n\u00e9lk\u00fcl.<\/li>\n<li><strong>Tereprendez\u00e9s<\/strong>: Kerti \u00e9p\u00edtm\u00e9nyek, t\u00e1mfalak \u00e9s d\u00edsz\u00edt\u0151elemek.<\/li>\n<\/ul>","protected":false},"excerpt":{"rendered":"<p>A Corten A-t \u00e1ltal\u00e1ban speci\u00e1lis szabv\u00e1nyok, p\u00e9ld\u00e1ul az ASTM A588 vagy az A606 szerint gy\u00e1rtj\u00e1k, amelyek meghat\u00e1rozz\u00e1k k\u00e9miai \u00e9s mechanikai tulajdons\u00e1gait. A Corten A ac\u00e9llemezek szabv\u00e1nyos vastags\u00e1ga elt\u00e9r\u0151 lehet, jellemz\u0151en n\u00e9h\u00e1ny millim\u00e9tert\u0151l n\u00e9h\u00e1ny centim\u00e9terig terjedhet, az alkalmaz\u00e1st\u00f3l f\u00fcgg\u0151en.<\/p>","protected":false},"featured_media":1239,"comment_status":"open","ping_status":"closed","template":"","meta":{"_eb_attr":"","_monsterinsights_skip_tracking":false,"_monsterinsights_sitenote_active":false,"_monsterinsights_sitenote_note":"","_monsterinsights_sitenote_category":0,"_uf_show_specific_survey":0,"_uf_disable_surveys":false},"product_brand":[],"product_cat":[21],"product_tag":[],"class_list":{"0":"post-1238","1":"product","2":"type-product","3":"status-publish","4":"has-post-thumbnail","6":"product_cat-weather-resistant-steel-plate","8":"first","9":"instock","10":"shipping-taxable","11":"product-type-simple"},"_links":{"self":[{"href":"https:\/\/keweicorten.com\/hu\/wp-json\/wp\/v2\/product\/1238"}],"collection":[{"href":"https:\/\/keweicorten.com\/hu\/wp-json\/wp\/v2\/product"}],"about":[{"href":"https:\/\/keweicorten.com\/hu\/wp-json\/wp\/v2\/types\/product"}],"replies":[{"embeddable":true,"href":"https:\/\/keweicorten.com\/hu\/wp-json\/wp\/v2\/comments?post=1238"}],"version-history":[{"count":1,"href":"https:\/\/keweicorten.com\/hu\/wp-json\/wp\/v2\/product\/1238\/revisions"}],"predecessor-version":[{"id":1240,"href":"https:\/\/keweicorten.com\/hu\/wp-json\/wp\/v2\/product\/1238\/revisions\/1240"}],"wp:featuredmedia":[{"embeddable":true,"href":"https:\/\/keweicorten.com\/hu\/wp-json\/wp\/v2\/media\/1239"}],"wp:attachment":[{"href":"https:\/\/keweicorten.com\/hu\/wp-json\/wp\/v2\/media?parent=1238"}],"wp:term":[{"taxonomy":"product_brand","embeddable":true,"href":"https:\/\/keweicorten.com\/hu\/wp-json\/wp\/v2\/product_brand?post=1238"},{"taxonomy":"product_cat","embeddable":true,"href":"https:\/\/keweicorten.com\/hu\/wp-json\/wp\/v2\/product_cat?post=1238"},{"taxonomy":"product_tag","embeddable":true,"href":"https:\/\/keweicorten.com\/hu\/wp-json\/wp\/v2\/product_tag?post=1238"}],"curies":[{"name":"wp","href":"https:\/\/api.w.org\/{rel}","templated":true}]}}