{"id":1241,"date":"2024-09-18T07:36:57","date_gmt":"2024-09-18T07:36:57","guid":{"rendered":"https:\/\/keweicorten.com\/?post_type=product&#038;p=1241"},"modified":"2024-09-18T07:36:57","modified_gmt":"2024-09-18T07:36:57","slug":"corten-acellemez-q345nh","status":"publish","type":"product","link":"https:\/\/keweicorten.com\/hu\/corten-acellemez-q345nh\/","title":{"rendered":"corten ac\u00e9llemez Q345NH"},"content":{"rendered":"<p>A Corten ac\u00e9l, m\u00e1s n\u00e9ven id\u0151j\u00e1r\u00e1s\u00e1ll\u00f3 ac\u00e9l, egy olyan ac\u00e9l\u00f6tv\u00f6zet, amelyet \u00fagy terveztek, hogy ellen\u00e1lljon a korr\u00f3zi\u00f3nak \u00e9s a kop\u00e1snak. A Q345NH az id\u0151j\u00e1r\u00e1s\u00e1ll\u00f3 ac\u00e9l egy speci\u00e1lis min\u0151s\u00e9ge, amelyet \u00e1ltal\u00e1ban l\u00e9gk\u00f6ri k\u00f6rnyezetben haszn\u00e1lnak. \u00cdme n\u00e9h\u00e1ny kulcsfontoss\u00e1g\u00fa pont a Q345NH-val kapcsolatban:<\/p>\n<h2>A Q345NH jellemz\u0151i:<\/h2>\n<p>1. \u00d6sszet\u00e9tel: A Q345NH corten ac\u00e9llemez jellemz\u0151en tov\u00e1bbi elemeket tartalmaz, p\u00e9ld\u00e1ul kr\u00f3mot, nikkelt \u00e9s rezet, amelyek fokozz\u00e1k a l\u00e9gk\u00f6ri korr\u00f3zi\u00f3val szembeni ellen\u00e1ll\u00e1s\u00e1t.<br \/>\n2. Korr\u00f3zi\u00f3\u00e1ll\u00f3s\u00e1g: Az ac\u00e9l az elemeknek kit\u00e9ve v\u00e9d\u0151r\u00e9teget k\u00e9pez, amely megakad\u00e1lyozza a tov\u00e1bbi korr\u00f3zi\u00f3t.<br \/>\n3. Mechanikai tulajdons\u00e1gok:<br \/>\n- Ny\u00fal\u00e1sszil\u00e1rds\u00e1g: Megk\u00f6zel\u00edt\u0151leg 345 MPa<br \/>\n- Szak\u00edt\u00f3szil\u00e1rds\u00e1g: MPa k\u00f6z\u00f6tt jellemz\u0151en 470-630 MPa<br \/>\n4. Alkalmaz\u00e1sok: Gyakran haszn\u00e1lj\u00e1k k\u00fclt\u00e9ri szerkezetekn\u00e9l, hidakn\u00e1l, szobrokn\u00e1l \u00e9s \u00e9p\u00edt\u00e9szeti tervez\u00e9sekn\u00e9l, ahol fontos az id\u0151j\u00e1r\u00e1s\u00e1ll\u00f3s\u00e1g.<\/p>\n<h2>Corten ac\u00e9llemez Q345NH El\u0151ny\u00f6k:<\/h2>\n<p>Tart\u00f3ss\u00e1g: Hossz\u00fa \u00e9lettartam a korr\u00f3zi\u00f3val szembeni ellen\u00e1ll\u00e1snak k\u00f6sz\u00f6nhet\u0151en.<br \/>\nAlacsony karbantart\u00e1s: A v\u00e9d\u0151 patina cs\u00f6kkenti a rendszeres karbantart\u00e1s sz\u00fcks\u00e9gess\u00e9g\u00e9t.<br \/>\nEszt\u00e9tikai vonzer\u0151: Egyedi rusztikus megjelen\u00e9s, amely sz\u00e1mos \u00e9p\u00edt\u00e9szeti alkalmaz\u00e1sban k\u00edv\u00e1natos.<\/p>\n<p>Megfontol\u00e1sok:<br \/>\nA patina hat\u00e9konys\u00e1g\u00e1nak biztos\u00edt\u00e1s\u00e1hoz megfelel\u0151 tervez\u00e9sre van sz\u00fcks\u00e9g.<br \/>\n- Az \u00f6tv\u00f6zet \u00f6sszet\u00e9tele miatt k\u00fcl\u00f6nleges kezel\u00e9si \u00e9s hegeszt\u00e9si technik\u00e1kat ig\u00e9nyelhet.<\/p>\n<figure style=\"width: 606px\" class=\"wp-caption alignnone\"><a href=\"https:\/\/keweicorten.com\/hu\/kapcsolatfelvetel\/\"><img fetchpriority=\"high\" decoding=\"async\" title=\"corten f\u00e9m\" src=\"https:\/\/sc04.alicdn.com\/kf\/H1bfd17afb11542dd95c1e18de852bb2cJ\/234518937\/H1bfd17afb11542dd95c1e18de852bb2cJ.jpg\" alt=\"\" width=\"606\" height=\"545\" \/><\/a><figcaption class=\"wp-caption-text\">corten f\u00e9m<\/figcaption><\/figure>\n<table class=\"has-title all magic-9\" style=\"height: 175px;\" width=\"890\">\n<tbody>\n<tr>\n<td colspan=\"1\" rowspan=\"1\">\n<div class=\"magic-10\" data-spm-anchor-id=\"a2700.details.0.i34.6d627765emMXnq\">Term\u00e9k neve<\/div>\n<\/td>\n<td colspan=\"4\" rowspan=\"1\">\n<div class=\"magic-11\">Id\u0151j\u00e1r\u00e1s\u00e1ll\u00f3 ac\u00e9llemez<\/div>\n<\/td>\n<\/tr>\n<tr>\n<td colspan=\"1\" rowspan=\"1\">\n<div class=\"magic-10\">Standard<\/div>\n<\/td>\n<td colspan=\"4\" rowspan=\"1\">\n<div class=\"magic-11\">DIN GB JIS BA AISI ASTM<\/div>\n<\/td>\n<\/tr>\n<tr>\n<td colspan=\"1\" rowspan=\"1\">\n<div class=\"magic-10\">Hossz\u00fas\u00e1g<\/div>\n<\/td>\n<td colspan=\"4\" rowspan=\"1\">\n<div class=\"magic-11\">Testre szabhat\u00f3<\/div>\n<\/td>\n<\/tr>\n<tr>\n<td colspan=\"1\" rowspan=\"1\">\n<div class=\"magic-10\">Sz\u00e9less\u00e9g<\/div>\n<\/td>\n<td colspan=\"4\" rowspan=\"1\">\n<div class=\"magic-11\">Testre szabhat\u00f3<\/div>\n<\/td>\n<\/tr>\n<tr>\n<td colspan=\"1\" rowspan=\"1\">\n<div class=\"magic-10\">Vastags\u00e1g<\/div>\n<\/td>\n<td colspan=\"4\" rowspan=\"1\">\n<div class=\"magic-11\">2-100mm vagy testre szabhat\u00f3<\/div>\n<\/td>\n<\/tr>\n<tr>\n<td colspan=\"1\" rowspan=\"1\">\n<div class=\"magic-10\">Anyag<\/div>\n<\/td>\n<td colspan=\"4\" rowspan=\"1\">\n<div class=\"magic-11\">Q345NH<\/div>\n<\/td>\n<\/tr>\n<tr>\n<td colspan=\"1\" rowspan=\"1\">Provice<\/td>\n<td colspan=\"4\" rowspan=\"1\">Henan,anyang<\/td>\n<\/tr>\n<tr>\n<td colspan=\"1\" rowspan=\"1\">\n<div class=\"magic-10\">Alkalmaz\u00e1s<\/div>\n<\/td>\n<td colspan=\"4\" rowspan=\"1\">\n<div class=\"magic-11\" data-spm-anchor-id=\"a2700.details.0.i41.6d627765emMXnq\">Az id\u0151j\u00e1r\u00e1s\u00e1ll\u00f3 ac\u00e9lt els\u0151sorban a vas\u00fat, a j\u00e1rm\u0171, a h\u00edd, a torony, a fotovoltaikus, a nagysebess\u00e9g\u0171 m\u00e9rn\u00f6ki \u00e9s egy\u00e9b hossz\u00fa t\u00e1v\u00fa m\u00e9rn\u00f6ki munk\u00e1khoz haszn\u00e1lj\u00e1k.<br \/>\naz ac\u00e9lszerkezetek haszn\u00e1lat\u00e1nak l\u00e9gk\u00f6ri expoz\u00edci\u00f3ja. Haszn\u00e1lhat\u00f3 tov\u00e1bb\u00e1 kont\u00e9nerek gy\u00e1rt\u00e1s\u00e1n\u00e1l, vas\u00fati<br \/>\nj\u00e1rm\u0171vek, olajf\u00far\u00f3tornyok, kik\u00f6t\u0151i \u00e9p\u00fcletek, olajf\u00far\u00f3 platformok \u00e9s k\u00e9ntartalm\u00fa mar\u00f3 k\u00f6zegek tart\u00e1lyai a vegyipari \u00e9s ipari l\u00e9tes\u00edtm\u00e9nyekben<br \/>\nk\u0151olajipari berendez\u00e9sek. Ezenk\u00edv\u00fcl az id\u0151j\u00e1r\u00e1s\u00e1ll\u00f3 ac\u00e9l egyedi megjelen\u00e9se miatt gyakran haszn\u00e1lj\u00e1k a k\u00f6zt\u00e9ri m\u0171v\u00e9szetben, k\u00fclt\u00e9ri<br \/>\nszobor \u00e9s \u00e9p\u00fclet k\u00fcls\u0151 fald\u00edsz\u00edt\u00e9s.<\/div>\n<\/td>\n<\/tr>\n<tr>\n<td colspan=\"1\" rowspan=\"1\">\n<div class=\"magic-10\">Export csomagol\u00e1s<\/div>\n<\/td>\n<td colspan=\"4\" rowspan=\"1\">\n<div class=\"magic-11\">V\u00edz\u00e1ll\u00f3 pap\u00edr \u00e9s ac\u00e9lszalag csomagolva.<br \/>\nStandard export tengeri csomag.Alkalmas mindenf\u00e9le sz\u00e1ll\u00edt\u00e1shoz, vagy ig\u00e9ny szerint<\/div>\n<\/td>\n<\/tr>\n<tr>\n<td colspan=\"1\" rowspan=\"1\">\n<div class=\"magic-10\">Fel\u00fclet<\/div>\n<\/td>\n<td colspan=\"4\" rowspan=\"1\">\n<div class=\"magic-14\">Fekete, bevonat, sz\u00ednes bevonat, rozsdag\u00e1tl\u00f3 lakk, rozsdag\u00e1tl\u00f3 olaj, r\u00e1cs stb.<\/div>\n<\/td>\n<\/tr>\n<\/tbody>\n<\/table>\n<figure style=\"width: 808px\" class=\"wp-caption alignnone\"><a href=\"https:\/\/keweicorten.com\/hu\"><img decoding=\"async\" title=\"cor ten id\u0151j\u00e1r\u00e1s\u00e1ll\u00f3 ac\u00e9l\" src=\"https:\/\/sc04.alicdn.com\/kf\/Hd90ee00edc574f218534265cd9014001r\/244098142\/Hd90ee00edc574f218534265cd9014001r.jpg\" alt=\"\" width=\"808\" height=\"606\" \/><\/a><figcaption class=\"wp-caption-text\">cor ten id\u0151j\u00e1r\u00e1s\u00e1ll\u00f3 ac\u00e9l<\/dd>\n<dd><\/figcaption><\/figure>\n<div class=\"magic-25\">\n<h3 class=\"magic-28\"><span class=\"magic-22\" data-spm-anchor-id=\"a2700.details.0.i44.6d627765emMXnq\">Id\u0151j\u00e1r\u00e1s\u00e1ll\u00f3 f\u00fcgg\u00f6nyfal<\/span><\/h3>\n<\/div>\n<div class=\"magic-6\">\n<div class=\"magic-7\"><span class=\"magic-8\">Az id\u0151j\u00e1r\u00e1s\u00e1ll\u00f3 ac\u00e9llemez fel\u00fclete s\u0171r\u0171 oxidr\u00e9teget k\u00e9pezhet stabil \u00e9s egyenletes term\u00e9szetes rozsdav\u00f6r\u00f6s sz\u00edn\u0171, term\u00e9szetes rozsdav\u00f6r\u00f6s sz\u00ednnel, amely vonz\u00f3 \u00e9p\u00fclet k\u00fcls\u0151 falanyag.<\/span><\/div>\n<\/div>\n<div><\/div>\n<div>\n<div class=\"J_module\">\n<h2 id=\"ali-anchor-AliMagic-59mjkc\" class=\"magic-0\" data-section=\"AliMagic-59mjkc\" data-section-title=\"Packing and shipping\" data-spm-anchor-id=\"a2700.details.0.i47.6d627765emMXnq\">Csomagol\u00e1s \u00e9s sz\u00e1ll\u00edt\u00e1s<\/h2>\n<p>Az \u00e1ruk biztons\u00e1g\u00e1nak jobb biztos\u00edt\u00e1sa \u00e9rdek\u00e9ben professzion\u00e1lis, k\u00f6rnyezetbar\u00e1t, k\u00e9nyelmes \u00e9s hat\u00e9kony csomagol\u00e1si szolg\u00e1ltat\u00e1sokat ny\u00fajtunk.<\/p>\n<\/div>\n<\/div>\n<div class=\"magic-6\">\n<div>\n<figure style=\"width: 702px\" class=\"wp-caption alignnone\"><a href=\"https:\/\/keweicorten.com\/hu\"><img decoding=\"async\" title=\"cor ten\" src=\"https:\/\/sc04.alicdn.com\/kf\/H7797fd55b837482089a07478ece1cdc1U\/244098142\/H7797fd55b837482089a07478ece1cdc1U.jpg\" alt=\"\" width=\"702\" height=\"437\" \/><\/a><figcaption class=\"wp-caption-text\">cor ten<\/figcaption><\/figure>\n<figure style=\"width: 700px\" class=\"wp-caption alignnone\"><a href=\"https:\/\/keweicorten.com\/hu\"><img loading=\"lazy\" decoding=\"async\" title=\"corten ac\u00e9l burkolat\" src=\"https:\/\/sc04.alicdn.com\/kf\/H8a0f8c737f5141c4a353d7772f3f6b566\/244098142\/H8a0f8c737f5141c4a353d7772f3f6b566.jpg\" alt=\"\" width=\"700\" height=\"525\" \/><\/a><figcaption class=\"wp-caption-text\">corten ac\u00e9l burkolat<\/figcaption><\/figure>\n<div class=\"J_module\">\n<h2 id=\"ali-anchor-AliMagic-hdaj54\" class=\"magic-0\" data-section=\"AliMagic-hdaj54\" data-section-title=\"FAQ\">GYIK<\/h2>\n<\/div>\n<div class=\"J_module\">\n<div class=\"detail-decorate-json-renderer-container\">\n<div class=\"magic-4\">\n<div class=\"magic-5\">\n<div class=\"magic-6\">\n<div class=\"magic-7\"><b><span class=\"magic-23\">1. KAPHATOK N\u00c9H\u00c1NY MINT\u00c1T? <\/span><\/b><\/p>\n<div><span class=\"magic-23\">Igen. Mint\u00e1kat tudunk biztos\u00edtani, a mintad\u00edjat \u00e9s a sz\u00e1ll\u00edt\u00e1si k\u00f6lts\u00e9get el\u0151re kell fizetnie. A mintad\u00edjat a megrendel\u00e9s lead\u00e1sa ut\u00e1n visszat\u00e9r\u00edtj\u00fck. K\u00e9rj\u00fck, adja meg nek\u00fcnk a fut\u00e1rsz\u00e1ml\u00e1j\u00e1t, vagy k\u00fcldje el nek\u00fcnk a d\u00edjat, \u00e9s mi elint\u00e9zz\u00fck, hogy mint\u00e1t k\u00fcldj\u00fcnk \u00d6nnek.<br \/>\n<b class=\"magic-57\">2. TUD A MINT\u00c1K SZERINT GY\u00c1RTANI? <\/b><br \/>\nIgen, le tudjuk gy\u00e1rtani a mint\u00e1kat vagy m\u0171szaki rajzokat. Meg tudjuk \u00e9p\u00edteni a form\u00e1kat \u00e9s a berendez\u00e9si t\u00e1rgyakat.<br \/>\n<b class=\"magic-57\">3. MILYENEK A FIZET\u00c9SI FELT\u00c9TELEI? <\/b><br \/>\nFizet\u00e9s=1000USD, 30% T\/T el\u0151re, egyenleg a sz\u00e1ll\u00edt\u00e1s el\u0151tt. Ha van m\u00e1s k\u00e9rd\u00e9se, k\u00e9rj\u00fck, b\u00e1tran l\u00e9pjen kapcsolatba vel\u00fcnk.<br \/>\n<b class=\"magic-57\">4. MIK A SZ\u00c1LL\u00cdT\u00c1SI FELT\u00c9TELEI? <\/b><br \/>\nEXW, FOB, CFR, CIF, DDU.<br \/>\n<b class=\"magic-57\">5. MEGL\u00c1TOGATHATJUK A GY\u00c1RAT?<\/b><br \/>\n\u00dcdv\u00f6z\u00f6lj\u00fck. Amint megkapjuk az \u00fctemterv\u00e9t, gondoskodunk arr\u00f3l, hogy a professzion\u00e1lis \u00e9rt\u00e9kes\u00edt\u00e9si csapat nyomon k\u00f6vethesse az \u00d6n \u00fcgy\u00e9t.<br \/>\n<b class=\"magic-57\">6. MI A HELYZET A SZ\u00c1LL\u00cdT\u00c1SI ID\u0150VEL? <\/b><br \/>\n\u00c1ltal\u00e1ban 10-25 nappal az el\u0151leg be\u00e9rkez\u00e9se ut\u00e1n. A pontos sz\u00e1ll\u00edt\u00e1si id\u0151 az \u00d6n \u00e1ltal megrendelt \u00e1rut\u00f3l \u00e9s mennyis\u00e9gt\u0151l f\u00fcgg.<br \/>\n<b class=\"magic-57\">7. \u00c9RT\u00c9KES\u00cdT\u00c9S UT\u00c1NI EL\u0150NY\u00d6K<\/b>.<br \/>\nEgy \u00e9v garancia a term\u00e9kekre; Ha els\u0151 alkalommal hib\u00e1s alkatr\u00e9szeket tal\u00e1l, a k\u00f6vetkez\u0151 megrendel\u00e9sn\u00e9l ingyenesen \u00faj alkatr\u00e9szeket biztos\u00edtunk \u00d6nnek. Tapasztalt gy\u00e1rt\u00f3k\u00e9nt biztos lehet a min\u0151s\u00e9gben \u00e9s az \u00e9rt\u00e9kes\u00edt\u00e9s ut\u00e1ni szolg\u00e1ltat\u00e1sban.<\/span><\/div>\n<\/div>\n<\/div>\n<\/div>\n<\/div>\n<\/div>\n<\/div>\n<\/div>\n<\/div>","protected":false},"excerpt":{"rendered":"<p>A Q345NH-t egyed\u00fcl\u00e1ll\u00f3 tulajdons\u00e1gai \u00e9s eszt\u00e9tikai vonzereje miatt sz\u00e9les k\u00f6rben haszn\u00e1lj\u00e1k az \u00e9p\u00edt\u0151iparban \u00e9s a m\u0171v\u00e9szetben. Ha konkr\u00e9tabb k\u00e9rd\u00e9se van, vagy tov\u00e1bbi inform\u00e1ci\u00f3ra van sz\u00fcks\u00e9ge, k\u00e9rdezzen b\u00e1tran!<\/p>","protected":false},"featured_media":1242,"comment_status":"open","ping_status":"closed","template":"","meta":{"_eb_attr":"","_monsterinsights_skip_tracking":false,"_monsterinsights_sitenote_active":false,"_monsterinsights_sitenote_note":"","_monsterinsights_sitenote_category":0,"_uf_show_specific_survey":0,"_uf_disable_surveys":false},"product_brand":[],"product_cat":[21],"product_tag":[],"class_list":{"0":"post-1241","1":"product","2":"type-product","3":"status-publish","4":"has-post-thumbnail","6":"product_cat-weather-resistant-steel-plate","8":"first","9":"instock","10":"shipping-taxable","11":"product-type-simple"},"_links":{"self":[{"href":"https:\/\/keweicorten.com\/hu\/wp-json\/wp\/v2\/product\/1241"}],"collection":[{"href":"https:\/\/keweicorten.com\/hu\/wp-json\/wp\/v2\/product"}],"about":[{"href":"https:\/\/keweicorten.com\/hu\/wp-json\/wp\/v2\/types\/product"}],"replies":[{"embeddable":true,"href":"https:\/\/keweicorten.com\/hu\/wp-json\/wp\/v2\/comments?post=1241"}],"version-history":[{"count":1,"href":"https:\/\/keweicorten.com\/hu\/wp-json\/wp\/v2\/product\/1241\/revisions"}],"predecessor-version":[{"id":1243,"href":"https:\/\/keweicorten.com\/hu\/wp-json\/wp\/v2\/product\/1241\/revisions\/1243"}],"wp:featuredmedia":[{"embeddable":true,"href":"https:\/\/keweicorten.com\/hu\/wp-json\/wp\/v2\/media\/1242"}],"wp:attachment":[{"href":"https:\/\/keweicorten.com\/hu\/wp-json\/wp\/v2\/media?parent=1241"}],"wp:term":[{"taxonomy":"product_brand","embeddable":true,"href":"https:\/\/keweicorten.com\/hu\/wp-json\/wp\/v2\/product_brand?post=1241"},{"taxonomy":"product_cat","embeddable":true,"href":"https:\/\/keweicorten.com\/hu\/wp-json\/wp\/v2\/product_cat?post=1241"},{"taxonomy":"product_tag","embeddable":true,"href":"https:\/\/keweicorten.com\/hu\/wp-json\/wp\/v2\/product_tag?post=1241"}],"curies":[{"name":"wp","href":"https:\/\/api.w.org\/{rel}","templated":true}]}}