{"id":1246,"date":"2024-09-18T08:03:36","date_gmt":"2024-09-18T08:03:36","guid":{"rendered":"https:\/\/keweicorten.com\/?post_type=product&#038;p=1246"},"modified":"2025-08-14T02:07:48","modified_gmt":"2025-08-14T02:07:48","slug":"10mm-corten-acellemez","status":"publish","type":"product","link":"https:\/\/keweicorten.com\/hu\/10mm-corten-acellemez\/","title":{"rendered":"10mm corten ac\u00e9llemez"},"content":{"rendered":"<h2>A 10 mm-es Corten ac\u00e9llemez tulajdons\u00e1gai \u00e9s felhaszn\u00e1l\u00e1sa:<\/h2>\n<p>Id\u0151j\u00e1r\u00e1s\u00e1ll\u00f3s\u00e1g: A Corten-ac\u00e9lt \u00fagy tervezt\u00e9k, hogy ellen\u00e1lljon az id\u0151j\u00e1r\u00e1s viszontags\u00e1gainak, \u00edgy ide\u00e1lis k\u00fclt\u00e9ri alkalmaz\u00e1sokhoz. Ellen\u00e1ll a l\u00e9gk\u00f6ri korr\u00f3zi\u00f3nak, \u00edgy a hagyom\u00e1nyos ac\u00e9lhoz k\u00e9pest kevesebb karbantart\u00e1st ig\u00e9nyel.<\/p>\n<p>Eszt\u00e9tikai vonzer\u0151: A cortenac\u00e9l egyedi rozsd\u00e1s fel\u00fclet\u00e9t gyakran keresik eszt\u00e9tikai tulajdons\u00e1gai miatt az \u00e9p\u00edt\u00e9szetben \u00e9s a kert\u00e9p\u00edt\u00e9sben.<\/p>\n<p>Alkalmaz\u00e1s:<br \/>\n\u00c9p\u00edt\u00e9szeti jellemz\u0151k: A rusztikus megjelen\u00e9s \u00e9rdek\u00e9ben \u00e9p\u00fcletekben \u00e9s homlokzatokon haszn\u00e1lj\u00e1k.<br \/>\nT\u00e1jtervez\u00e9s: Gyakran haszn\u00e1lj\u00e1k szobrokhoz, ker\u00edt\u00e9sekhez \u00e9s kerti elemekhez.<br \/>\nIpari alkalmaz\u00e1sok: Alkalmas olyan szerkezetekhez, amelyek kem\u00e9ny k\u00f6rnyezetnek vannak kit\u00e9ve, mint p\u00e9ld\u00e1ul hidak \u00e9s \u00e9p\u00fcletek.<br \/>\nM\u0171v\u00e9szet \u00e9s szobrok: Sok m\u0171v\u00e9sz kedveli a text\u00far\u00e1ja \u00e9s sz\u00edne miatt.<\/p>\n<p>Gy\u00e1rt\u00e1s: A 10 mm-es corten ac\u00e9llemez k\u00fcl\u00f6nb\u00f6z\u0151 form\u00e1kra \u00e9s m\u00e9retekre v\u00e1ghat\u00f3, hegeszthet\u0151 \u00e9s alak\u00edthat\u00f3, ami rugalmass\u00e1got biztos\u00edt a tervez\u00e9sben.<\/p>\n<p>Availability: 10mm <a href=\"https:\/\/keweicorten.com\/hu\/a588-corten-idojarasallo-acellemez\/\">Corten steel plate comes in various thicknesses; 10mm is a common thickness for both structural and decorative uses.<\/a><\/p>\n<p>Maintenance: Although Corten steel is low-maintenance due to its protective patina, it may require occasional cleaning to maintain its appearance.<\/p>\n<p>Megfontol\u00e1sok:<\/p>\n<p>S\u00faly: A 10 mm-es corten ac\u00e9llemez el\u00e9g neh\u00e9z lehet, ez\u00e9rt a sz\u00e1ll\u00edt\u00e1s \u00e9s a telep\u00edt\u00e9s tervez\u00e9sekor vegye figyelembe a s\u00falyt.<br \/>\nHegeszt\u00e9s \u00e9s v\u00e1g\u00e1s: A hat\u00e9kony kezel\u00e9shez speci\u00e1lis felszerel\u00e9sre \u00e9s technik\u00e1kra lehet sz\u00fcks\u00e9g.<br \/>\nH\u0151m\u00e9rs\u00e9klet ingadoz\u00e1sok: Az ac\u00e9l integrit\u00e1s\u00e1t id\u0151vel befoly\u00e1solhatja.<\/p>\n<table class=\"has-title is-zebra hight-light-first-column all magic-2\">\n<tbody>\n<tr>\n<td colspan=\"1\" rowspan=\"1\">\n<div class=\"magic-19\">\n<div class=\"magic-17\" data-spm-anchor-id=\"0.0.0.i0.313f4f05QybF0h\">Anyag<\/div>\n<\/div>\n<\/td>\n<td colspan=\"1\" rowspan=\"1\">\n<div class=\"magic-20\">\n<div class=\"magic-17\" data-spm-anchor-id=\"0.0.0.i5.313f4f05QybF0h\">Hossz\u00fas\u00e1g\uff08mm\uff09<\/div>\n<\/div>\n<\/td>\n<td colspan=\"1\" rowspan=\"1\">\n<div class=\"magic-21\">\n<div class=\"magic-17\" data-spm-anchor-id=\"0.0.0.i4.313f4f05QybF0h\">Sz\u00e9less\u00e9g\uff08mm\uff09<\/div>\n<\/div>\n<\/td>\n<td colspan=\"1\" rowspan=\"1\">\n<div class=\"magic-22\">\n<div class=\"magic-17\" data-spm-anchor-id=\"0.0.0.i3.313f4f05QybF0h\">Vastags\u00e1g\uff08mm\uff09<\/div>\n<\/div>\n<\/td>\n<td colspan=\"1\" rowspan=\"1\">\n<div class=\"magic-22\">\n<div class=\"magic-17\" data-spm-anchor-id=\"a2700.custom-template.0.i165.48333333coqoEF\">MOQ\uff08Ton\uff09<\/div>\n<\/div>\n<\/td>\n<\/tr>\n<tr>\n<td colspan=\"1\" rowspan=\"1\">\n<div class=\"magic-19\">\n<div class=\"magic-17\" data-spm-anchor-id=\"0.0.0.i6.313f4f05QybF0h\">A588\/SPA-H\/S355J0WP<\/div>\n<\/div>\n<\/td>\n<td colspan=\"1\" rowspan=\"1\">\n<div class=\"magic-20\">\n<div class=\"magic-17\" data-spm-anchor-id=\"0.0.0.i10.313f4f05QybF0h\">custom\/6000<\/div>\n<\/div>\n<\/td>\n<td colspan=\"1\" rowspan=\"1\">\n<div class=\"magic-21\">\n<div class=\"magic-17\" data-spm-anchor-id=\"0.0.0.i9.313f4f05QybF0h\">custom\/1250<\/div>\n<\/div>\n<\/td>\n<td colspan=\"1\" rowspan=\"1\">\n<div class=\"magic-22\">\n<div class=\"magic-17\" data-spm-anchor-id=\"0.0.0.i11.313f4f05QybF0h\">1.5<\/div>\n<\/div>\n<\/td>\n<td colspan=\"1\" rowspan=\"1\">\n<div class=\"magic-22\">\n<div class=\"magic-17\" data-spm-anchor-id=\"a2700.pc-decorate.0.i77.78c43333yaLfjh\">1<\/div>\n<\/div>\n<\/td>\n<\/tr>\n<tr>\n<td colspan=\"1\" rowspan=\"1\">\n<div class=\"magic-19\">\n<div class=\"magic-17\" data-spm-anchor-id=\"0.0.0.i8.313f4f05QybF0h\">A588\/SPA-H\/S355J0WP<\/div>\n<\/div>\n<\/td>\n<td colspan=\"1\" rowspan=\"1\">\n<div class=\"magic-20\">\n<div class=\"magic-17\" data-spm-anchor-id=\"0.0.0.i1.313f4f05QybF0h\">custom\/6000<\/div>\n<\/div>\n<\/td>\n<td colspan=\"1\" rowspan=\"1\">\n<div class=\"magic-21\">\n<div class=\"magic-17\" data-spm-anchor-id=\"a2700.custom-template.0.i4.529f3333czw0IR\">custom\/1250<\/div>\n<\/div>\n<\/td>\n<td colspan=\"1\" rowspan=\"1\">\n<div class=\"magic-22\">\u00a0 \u00a0 \u00a0 \u00a0 \u00a0 \u00a0 \u00a0 \u00a0 \u00a02.0<\/div>\n<\/td>\n<td colspan=\"1\" rowspan=\"1\">\n<div class=\"magic-22\">\n<div class=\"magic-17\" data-spm-anchor-id=\"a2700.pc-decorate.0.i78.78c43333yaLfjh\">1<\/div>\n<\/div>\n<\/td>\n<\/tr>\n<tr>\n<td colspan=\"1\" rowspan=\"1\">\n<div class=\"magic-19\">\n<div class=\"magic-17\" data-spm-anchor-id=\"a2700.pc-decorate.0.i54.78c43333yaLfjh\">A588\/SPA-H\/S355J0WP<\/div>\n<\/div>\n<\/td>\n<td colspan=\"1\" rowspan=\"1\">\n<div class=\"magic-20\">\n<div class=\"magic-17\" data-spm-anchor-id=\"a2700.pc-decorate.0.i60.78c43333yaLfjh\">custom\/6000<\/div>\n<\/div>\n<\/td>\n<td colspan=\"1\" rowspan=\"1\">\n<div class=\"magic-21\">\n<div class=\"magic-17\" data-spm-anchor-id=\"a2700.pc-decorate.0.i66.78c43333yaLfjh\">custom\/1500<\/div>\n<\/div>\n<\/td>\n<td colspan=\"1\" rowspan=\"1\">\n<div class=\"magic-22\">\n<div class=\"magic-17\" data-spm-anchor-id=\"a2700.pc-decorate.0.i70.78c43333yaLfjh\">3<\/div>\n<\/div>\n<\/td>\n<td colspan=\"1\" rowspan=\"1\">\n<div class=\"magic-22\">\n<div class=\"magic-17\" data-spm-anchor-id=\"a2700.custom-template.0.i163.48333333coqoEF\">1<\/div>\n<\/div>\n<\/td>\n<\/tr>\n<tr>\n<td colspan=\"1\" rowspan=\"1\">\n<div class=\"magic-19\">\n<div class=\"magic-17\" data-spm-anchor-id=\"a2700.pc-decorate.0.i55.78c43333yaLfjh\">A588\/SPA-H\/S355J0WP<\/div>\n<\/div>\n<\/td>\n<td colspan=\"1\" rowspan=\"1\">\n<div class=\"magic-20\">\n<div class=\"magic-17\" data-spm-anchor-id=\"a2700.pc-decorate.0.i61.78c43333yaLfjh\">custom\/6000<\/div>\n<\/div>\n<\/td>\n<td colspan=\"1\" rowspan=\"1\">\n<div class=\"magic-21\">\n<div class=\"magic-17\" data-spm-anchor-id=\"a2700.pc-decorate.0.i67.78c43333yaLfjh\">custom\/1500<\/div>\n<\/div>\n<\/td>\n<td colspan=\"1\" rowspan=\"1\">\n<div class=\"magic-22\">\n<div class=\"magic-17\" data-spm-anchor-id=\"a2700.pc-decorate.0.i72.78c43333yaLfjh\">4<\/div>\n<\/div>\n<\/td>\n<td colspan=\"1\" rowspan=\"1\">\n<div class=\"magic-22\">\n<div class=\"magic-17\" data-spm-anchor-id=\"a2700.pc-decorate.0.i75.78c43333yaLfjh\">1<\/div>\n<\/div>\n<\/td>\n<\/tr>\n<tr>\n<td colspan=\"1\" rowspan=\"1\">\n<div class=\"magic-19\">\n<div class=\"magic-17\" data-spm-anchor-id=\"a2700.pc-decorate.0.i56.78c43333yaLfjh\">A588\/SPA-H\/S355J0WP<\/div>\n<\/div>\n<\/td>\n<td colspan=\"1\" rowspan=\"1\">\n<div class=\"magic-20\">\n<div class=\"magic-17\" data-spm-anchor-id=\"a2700.pc-decorate.0.i63.78c43333yaLfjh\">custom\/6000<\/div>\n<\/div>\n<\/td>\n<td colspan=\"1\" rowspan=\"1\">\n<div class=\"magic-21\">\n<div class=\"magic-17\" data-spm-anchor-id=\"a2700.pc-decorate.0.i68.78c43333yaLfjh\">custom\/1500<\/div>\n<\/div>\n<\/td>\n<td colspan=\"1\" rowspan=\"1\">\n<div class=\"magic-22\">\n<div class=\"magic-17\" data-spm-anchor-id=\"a2700.pc-decorate.0.i73.78c43333yaLfjh\">5-16<\/div>\n<\/div>\n<\/td>\n<td colspan=\"1\" rowspan=\"1\">\n<div class=\"magic-22\">\n<div class=\"magic-17\" data-spm-anchor-id=\"a2700.pc-decorate.0.i76.78c43333yaLfjh\">1<\/div>\n<\/div>\n<\/td>\n<\/tr>\n<tr>\n<td colspan=\"1\" rowspan=\"1\">\n<div class=\"magic-19\">\n<div class=\"magic-17\" data-spm-anchor-id=\"a2700.pc-decorate.0.i57.78c43333yaLfjh\">A588\/SPA-H\/S355J0WP<\/div>\n<\/div>\n<\/td>\n<td colspan=\"1\" rowspan=\"1\">\n<div class=\"magic-20\">\n<div class=\"magic-17\" data-spm-anchor-id=\"a2700.pc-decorate.0.i64.78c43333yaLfjh\">custom\/6000<\/div>\n<\/div>\n<\/td>\n<td colspan=\"1\" rowspan=\"1\">\n<div class=\"magic-21\">\n<div class=\"magic-17\" data-spm-anchor-id=\"a2700.pc-decorate.0.i69.78c43333yaLfjh\">custom\/2200<\/div>\n<\/div>\n<\/td>\n<td colspan=\"1\" rowspan=\"1\">\n<div class=\"magic-22\">\n<div class=\"magic-17\" data-spm-anchor-id=\"a2700.pc-decorate.0.i74.78c43333yaLfjh\">20-30<\/div>\n<\/div>\n<\/td>\n<td colspan=\"1\" rowspan=\"1\">\n<div class=\"magic-22\">\n<div class=\"magic-17\" data-spm-anchor-id=\"a2700.custom-template.0.i166.48333333coqoEF\">1<\/div>\n<\/div>\n<\/td>\n<\/tr>\n<tr>\n<td colspan=\"5\" rowspan=\"1\">\n<div class=\"magic-23\">\n<div class=\"magic-17\" data-spm-anchor-id=\"a2700.custom-template.0.i18.778e3333f1eekh\">Minden term\u00e9k testre szabhat\u00f3 az \u00d6n \u00e1ltal megadott m\u00e9retnek megfelel\u0151en<\/div>\n<\/div>\n<\/td>\n<\/tr>\n<\/tbody>\n<\/table>\n<figure style=\"width: 579px\" class=\"wp-caption alignnone\"><a href=\"https:\/\/keweicorten.com\/hu\/kapcsolatfelvetel\/\"><img fetchpriority=\"high\" decoding=\"async\" title=\"10mm corten ac\u00e9llemez\" src=\"https:\/\/sc04.alicdn.com\/kf\/Hd729c4f03030426381342ad18e2683b6f\/255568936\/Hd729c4f03030426381342ad18e2683b6f.jpg\" alt=\"\" width=\"579\" height=\"434\" \/><\/a><figcaption class=\"wp-caption-text\">10mm corten ac\u00e9llemez<\/figcaption><\/figure>\n<figure style=\"width: 582px\" class=\"wp-caption alignnone\"><a href=\"https:\/\/keweicorten.com\/hu\/kapcsolatfelvetel\/\"><img decoding=\"async\" title=\"corten ac\u00e9l \u00e1ra\" src=\"https:\/\/sc04.alicdn.com\/kf\/H9c47b2003c4c443c985e7541f40ce4b0A\/255568936\/H9c47b2003c4c443c985e7541f40ce4b0A.jpg\" alt=\"\" width=\"582\" height=\"582\" \/><\/a><figcaption class=\"wp-caption-text\">corten ac\u00e9l \u00e1ra<\/figcaption><\/figure>\n<figure style=\"width: 582px\" class=\"wp-caption alignnone\"><a href=\"https:\/\/keweicorten.com\/hu\/a588-corten-idojarasallo-acellemez\/\"><img decoding=\"async\" title=\"corten lemez\" src=\"https:\/\/sc04.alicdn.com\/kf\/Ha244cf4bffd5462e9c1b59d18300734fg\/255568936\/Ha244cf4bffd5462e9c1b59d18300734fg.jpg\" alt=\"\" width=\"582\" height=\"436\" \/><\/a><figcaption class=\"wp-caption-text\">corten lemez<\/figcaption><\/figure>","protected":false},"excerpt":{"rendered":"<p>A Corten ac\u00e9l, m\u00e1s n\u00e9ven id\u0151j\u00e1r\u00e1s\u00e1ll\u00f3 ac\u00e9l, egy olyan ac\u00e9l\u00f6tv\u00f6zet, amely rozsdaszer\u0171 megjelen\u00e9st kap, ha az elemeknek kiteszik. Ez a fel\u00fcleti rozsdar\u00e9teg megv\u00e9di az alapanyagot a tov\u00e1bbi korr\u00f3zi\u00f3t\u00f3l. A 10 mm-es corten ac\u00e9llemez az ebb\u0151l az anyagb\u00f3l k\u00e9sz\u00fclt, 10 millim\u00e9ter vastags\u00e1g\u00fa lapra vagy lemezre utal.<\/p>","protected":false},"featured_media":1247,"comment_status":"open","ping_status":"closed","template":"","meta":{"_eb_attr":"","_monsterinsights_skip_tracking":false,"_monsterinsights_sitenote_active":false,"_monsterinsights_sitenote_note":"","_monsterinsights_sitenote_category":0,"_uf_show_specific_survey":0,"_uf_disable_surveys":false},"product_brand":[],"product_cat":[21],"product_tag":[],"class_list":{"0":"post-1246","1":"product","2":"type-product","3":"status-publish","4":"has-post-thumbnail","6":"product_cat-weather-resistant-steel-plate","8":"first","9":"instock","10":"shipping-taxable","11":"product-type-simple"},"_links":{"self":[{"href":"https:\/\/keweicorten.com\/hu\/wp-json\/wp\/v2\/product\/1246"}],"collection":[{"href":"https:\/\/keweicorten.com\/hu\/wp-json\/wp\/v2\/product"}],"about":[{"href":"https:\/\/keweicorten.com\/hu\/wp-json\/wp\/v2\/types\/product"}],"replies":[{"embeddable":true,"href":"https:\/\/keweicorten.com\/hu\/wp-json\/wp\/v2\/comments?post=1246"}],"version-history":[{"count":3,"href":"https:\/\/keweicorten.com\/hu\/wp-json\/wp\/v2\/product\/1246\/revisions"}],"predecessor-version":[{"id":5379,"href":"https:\/\/keweicorten.com\/hu\/wp-json\/wp\/v2\/product\/1246\/revisions\/5379"}],"wp:featuredmedia":[{"embeddable":true,"href":"https:\/\/keweicorten.com\/hu\/wp-json\/wp\/v2\/media\/1247"}],"wp:attachment":[{"href":"https:\/\/keweicorten.com\/hu\/wp-json\/wp\/v2\/media?parent=1246"}],"wp:term":[{"taxonomy":"product_brand","embeddable":true,"href":"https:\/\/keweicorten.com\/hu\/wp-json\/wp\/v2\/product_brand?post=1246"},{"taxonomy":"product_cat","embeddable":true,"href":"https:\/\/keweicorten.com\/hu\/wp-json\/wp\/v2\/product_cat?post=1246"},{"taxonomy":"product_tag","embeddable":true,"href":"https:\/\/keweicorten.com\/hu\/wp-json\/wp\/v2\/product_tag?post=1246"}],"curies":[{"name":"wp","href":"https:\/\/api.w.org\/{rel}","templated":true}]}}