{"id":1269,"date":"2024-09-19T07:26:56","date_gmt":"2024-09-19T07:26:56","guid":{"rendered":"https:\/\/keweicorten.com\/?post_type=product&#038;p=1269"},"modified":"2025-01-15T06:26:37","modified_gmt":"2025-01-15T06:26:37","slug":"kulteri-gaz-tuzrakohely-asztal","status":"publish","type":"product","link":"https:\/\/keweicorten.com\/hu\/kulteri-gaz-tuzrakohely-asztal\/","title":{"rendered":"k\u00fclt\u00e9ri g\u00e1z t\u0171zrak\u00f3hely asztal"},"content":{"rendered":"<p>A k\u00fclt\u00e9ri g\u00e1z t\u0171zrak\u00f3 asztal egy t\u00f6bbfunkci\u00f3s k\u00fclt\u00e9ri b\u00fatordarab, amely egyes\u00edti a t\u0171zrak\u00f3hely meleg\u00e9t \u00e9s hangulat\u00e1t egy asztal praktikum\u00e1val. Prop\u00e1n- vagy f\u00f6ldg\u00e1zzal m\u0171k\u00f6dik, \u00edgy tiszt\u00e1bb \u00e9s k\u00e9nyelmesebb, mint a fat\u00fczel\u00e9s\u0171 t\u0171zrak\u00f3helyek. Ezek az asztalok gyakran tartalmaznak egy t\u0171zrak\u00f3helyet a k\u00f6zep\u00e9n, amelyet egy sima fel\u00fclet vesz k\u00f6r\u00fcl, ahol italok, harapnival\u00f3k vagy dekor\u00e1ci\u00f3s t\u00e1rgyak helyezhet\u0151k el.<\/p>\n<h2>Term\u00e9szetes g\u00e1zzal m\u0171k\u00f6d\u0151 t\u0171zrak\u00f3 asztal F\u0151bb jellemz\u0151k:<\/h2>\n<p>1. Anyag: Mindegyik k\u00fcl\u00f6nb\u00f6z\u0151 eszt\u00e9tikai \u00e9s k\u00fclt\u00e9ri k\u00f6r\u00fclm\u00e9nyek k\u00f6z\u00f6tt is tart\u00f3s.<br \/>\n2. Fire Media: A t\u0171zter\u00fcletet gyakran d\u00edsz\u00edtik t\u0171z\u00fcveggel, l\u00e1vak\u00f6vekkel vagy ker\u00e1mia r\u00f6nk\u00f6kkel, hogy fokozz\u00e1k a l\u00e1tv\u00e1nyt.<br \/>\n3. \u00dczemanyagt\u00edpus:<br \/>\nProp\u00e1n: Prop\u00e1ntart\u00e1ly sz\u00fcks\u00e9ges, amelyet gyakran az asztal alatt t\u00e1rolnak.<br \/>\nF\u00f6ldg\u00e1z: \u00c1ltal\u00e1ban k\u00f6zvetlen g\u00e1zvezet\u00e9k-csatlakoz\u00e1ssal j\u00e1r, ez\u00e9rt tart\u00f3sabb.<br \/>\n4. Asztali t\u00e9r: A t\u0171zrak\u00f3hely asztal\u00e1nak k\u00fcls\u0151 sz\u00e9le funkcion\u00e1lis asztallapk\u00e9nt szolg\u00e1l, amely helyet biztos\u00edt a t\u00e1rgyak elhelyez\u00e9s\u00e9re, mik\u00f6zben \u00e9lvezheti a t\u00fczet.<br \/>\n5. Gy\u00fajt\u00e1s: A legt\u00f6bb modell k\u00f6nnyen kezelhet\u0151 gy\u00fajt\u00e1si rendszerrel rendelkezik (nyom\u00f3gombos vagy elektronikus).<br \/>\n6. H\u0151teljes\u00edtm\u00e9ny (BTU): A nagyobb BTU-\u00e9rt\u00e9kek nagyobb terek eset\u00e9n nagyobb meleget biztos\u00edtanak.<\/p>\n<p>El\u0151ny\u00f6k:<br \/>\nMultifunkcion\u00e1lis: T\u0171zrak\u00f3helyk\u00e9nt \u00e9s sz\u00f3rakoztat\u00f3 asztalk\u00e9nt is haszn\u00e1lhat\u00f3.<br \/>\nK\u00f6nnyen ind\u00edthat\u00f3 \u00e9s vez\u00e9relhet\u0151: Azonnal be- \u00e9s kikapcsolhatja a t\u00fczet egy kapcsol\u00f3val vagy gombbal.<br \/>\nKevesebb karbantart\u00e1s: A hagyom\u00e1nyos t\u0171zrak\u00f3helyekkel ellent\u00e9tben nincs hamu vagy fat\u00f6rmel\u00e9k, amit el kell takar\u00edtani.<br \/>\nEleg\u00e1ns kialak\u00edt\u00e1s: Sz\u00e1mos modell modern kialak\u00edt\u00e1s\u00fa, amely fokozza a k\u00fclt\u00e9ri terek eszt\u00e9tik\u00e1j\u00e1t.<\/p>\n<p>Megfontol\u00e1sok:<br \/>\nM\u00e9ret: Gy\u0151z\u0151dj\u00f6n meg r\u00f3la, hogy az asztal k\u00e9nyelmesen elf\u00e9r a szabadt\u00e9ri t\u00e9rben, an\u00e9lk\u00fcl, hogy t\u00falzs\u00fafoln\u00e1 azt.<br \/>\nId\u0151j\u00e1r\u00e1s\u00e1ll\u00f3: Keressen olyan anyagokat, amelyek ellen\u00e1llnak a k\u00fclt\u00e9ri expoz\u00edci\u00f3nak, vagy fektessen be egy v\u00e9d\u0151burkolatba.<br \/>\nH\u0151sug\u00e1r: A t\u0171zrak\u00f3hely asztala a m\u00e9rett\u0151l \u00e9s a BTU-\u00e9rt\u00e9kt\u0151l f\u00fcgg\u0151en egy adott ter\u00fcletet fog felmeleg\u00edteni. Fontolja meg, hogy ez elegend\u0151-e az \u00d6n ig\u00e9nyeinek.<\/p>\n<table class=\"has-title all magic-6\">\n<tbody>\n<tr>\n<td colspan=\"1\" rowspan=\"1\">\n<div class=\"magic-7\" data-spm-anchor-id=\"a2700.details.0.i38.476a7509rg8LcG\">Term\u00e9k neve<\/div>\n<\/td>\n<td colspan=\"1\" rowspan=\"1\">\n<div class=\"magic-8\">Tart\u00f3s k\u00fclt\u00e9ri f\u0171t\u0151 t\u0171z fasz\u00e9n f\u00e9m term\u00e9szet g\u00e1z k\u00fclt\u00e9ri t\u0171zrak\u00f3helyen<\/div>\n<\/td>\n<\/tr>\n<tr>\n<td colspan=\"1\" rowspan=\"1\">\n<div class=\"magic-7\">Anyag<\/div>\n<\/td>\n<td colspan=\"1\" rowspan=\"1\">\n<div class=\"magic-8\">Corten ac\u00e9l, rozsdamentes ac\u00e9l<\/div>\n<\/td>\n<\/tr>\n<tr>\n<td colspan=\"1\" rowspan=\"1\">\n<div class=\"magic-7\">M\u00e9ret<\/div>\n<\/td>\n<td colspan=\"1\" rowspan=\"1\">\n<div class=\"magic-8\">800*800*400 vagy testreszabott<\/div>\n<\/td>\n<\/tr>\n<tr>\n<td colspan=\"1\" rowspan=\"1\">\n<div class=\"magic-7\">Fel\u00fclet<\/div>\n<\/td>\n<td colspan=\"1\" rowspan=\"1\">\n<div class=\"magic-8\">porsz\u00f3r\u00e1s fekete<\/div>\n<\/td>\n<\/tr>\n<tr>\n<td colspan=\"1\" rowspan=\"1\">\n<div class=\"magic-7\">Technol\u00f3gia<\/div>\n<\/td>\n<td colspan=\"1\" rowspan=\"1\">\n<div class=\"magic-8\">\u00a0L\u00e9zerv\u00e1g\u00e1s, hajl\u00edt\u00e1s, lyukaszt\u00e1s, hegeszt\u00e9s, id\u0151j\u00e1r\u00e1s-v\u00e9delem<\/div>\n<\/td>\n<\/tr>\n<tr>\n<td colspan=\"1\" rowspan=\"1\">\n<div class=\"magic-7\">Alkalmaz\u00e1s<\/div>\n<\/td>\n<td colspan=\"1\" rowspan=\"1\">\n<div class=\"magic-8\">K\u00fclt\u00e9ri vagy udvari dekor\u00e1ci\u00f3<\/div>\n<\/td>\n<\/tr>\n<\/tbody>\n<\/table>\n<figure style=\"width: 700px\" class=\"wp-caption alignnone\"><a href=\"https:\/\/keweicorten.com\/hu\"><img fetchpriority=\"high\" decoding=\"async\" title=\"t\u0171zrak\u00f3hely az asztalon\" src=\"https:\/\/sc04.alicdn.com\/kf\/H2922166013fd43e4ae1450eaa5391c06A\/252624420\/H2922166013fd43e4ae1450eaa5391c06A.jpg\" alt=\"\" width=\"700\" height=\"700\" \/><\/a><figcaption class=\"wp-caption-text\">t\u0171zrak\u00f3hely az asztalon<\/figcaption><\/figure>","protected":false},"excerpt":{"rendered":"<p>An outdoor gas fire pit table is a multifunctional piece of outdoor furniture that combines the warmth and ambiance of a fire pit with the practicality of a table. It runs on either propane or natural gas, making it cleaner and more convenient than wood-burning fire pits. These tables often feature a fire pit in [&hellip;]<\/p>","protected":false},"featured_media":1271,"comment_status":"open","ping_status":"closed","template":"","meta":{"_eb_attr":"","_monsterinsights_skip_tracking":false,"_monsterinsights_sitenote_active":false,"_monsterinsights_sitenote_note":"","_monsterinsights_sitenote_category":0,"_uf_show_specific_survey":0,"_uf_disable_surveys":false},"product_brand":[],"product_cat":[55],"product_tag":[],"class_list":{"0":"post-1269","1":"product","2":"type-product","3":"status-publish","4":"has-post-thumbnail","6":"product_cat-gas-fire-pit","8":"first","9":"instock","10":"shipping-taxable","11":"product-type-simple"},"_links":{"self":[{"href":"https:\/\/keweicorten.com\/hu\/wp-json\/wp\/v2\/product\/1269"}],"collection":[{"href":"https:\/\/keweicorten.com\/hu\/wp-json\/wp\/v2\/product"}],"about":[{"href":"https:\/\/keweicorten.com\/hu\/wp-json\/wp\/v2\/types\/product"}],"replies":[{"embeddable":true,"href":"https:\/\/keweicorten.com\/hu\/wp-json\/wp\/v2\/comments?post=1269"}],"version-history":[{"count":1,"href":"https:\/\/keweicorten.com\/hu\/wp-json\/wp\/v2\/product\/1269\/revisions"}],"predecessor-version":[{"id":1272,"href":"https:\/\/keweicorten.com\/hu\/wp-json\/wp\/v2\/product\/1269\/revisions\/1272"}],"wp:featuredmedia":[{"embeddable":true,"href":"https:\/\/keweicorten.com\/hu\/wp-json\/wp\/v2\/media\/1271"}],"wp:attachment":[{"href":"https:\/\/keweicorten.com\/hu\/wp-json\/wp\/v2\/media?parent=1269"}],"wp:term":[{"taxonomy":"product_brand","embeddable":true,"href":"https:\/\/keweicorten.com\/hu\/wp-json\/wp\/v2\/product_brand?post=1269"},{"taxonomy":"product_cat","embeddable":true,"href":"https:\/\/keweicorten.com\/hu\/wp-json\/wp\/v2\/product_cat?post=1269"},{"taxonomy":"product_tag","embeddable":true,"href":"https:\/\/keweicorten.com\/hu\/wp-json\/wp\/v2\/product_tag?post=1269"}],"curies":[{"name":"wp","href":"https:\/\/api.w.org\/{rel}","templated":true}]}}