{"id":1273,"date":"2024-09-19T07:42:09","date_gmt":"2024-09-19T07:42:09","guid":{"rendered":"https:\/\/keweicorten.com\/?post_type=product&#038;p=1273"},"modified":"2025-01-15T06:26:29","modified_gmt":"2025-01-15T06:26:29","slug":"gaz-tuzrakohely","status":"publish","type":"product","link":"https:\/\/keweicorten.com\/hu\/gaz-tuzrakohely\/","title":{"rendered":"kerti asztal t\u0171zrak\u00f3hellyel"},"content":{"rendered":"<table class=\"has-title all magic-16\" style=\"height: 272px;\" width=\"773\">\n<tbody>\n<tr>\n<td colspan=\"2\" rowspan=\"1\">\n<div class=\"magic-17\"><b><span class=\"magic-18\" style=\"color: #000000;\" data-spm-anchor-id=\"a2700.details.0.i40.6b724b3bPgup84\">M\u0171szaki adatok<\/span><\/b><\/div>\n<\/td>\n<\/tr>\n<tr>\n<td colspan=\"1\" rowspan=\"1\">\n<div class=\"magic-21\"><span class=\"magic-11\" style=\"color: #000000;\">Term\u00e9k neve<\/span><\/div>\n<\/td>\n<td colspan=\"1\" rowspan=\"1\">\n<div class=\"magic-22\"><span class=\"magic-11\" style=\"color: #000000;\">T\u00e9glalap alak\u00fa f\u00e9m t\u0171zrak\u00f3hely prop\u00e1n k\u00fclt\u00e9ri kerti f\u0171t\u00e9s t\u0171zrak\u00f3hely nagy g\u00e1zf\u0171t\u00e9s Corten ac\u00e9l g\u00e1z t\u0171zrak\u00f3hely<\/span><\/div>\n<\/td>\n<\/tr>\n<tr>\n<td colspan=\"1\" rowspan=\"1\">\n<div class=\"magic-21\"><span class=\"magic-11\" style=\"color: #000000;\">M\u00e1rkan\u00e9v<\/span><\/div>\n<\/td>\n<td colspan=\"1\" rowspan=\"1\">\n<div class=\"magic-22\"><span class=\"magic-11\" style=\"color: #000000;\">SHKW Corten Garden<\/span><\/div>\n<\/td>\n<\/tr>\n<tr>\n<td colspan=\"1\" rowspan=\"1\">\n<div class=\"magic-21\"><span class=\"magic-11\" style=\"color: #000000;\">Modellsz\u00e1m<\/span><\/div>\n<\/td>\n<td colspan=\"1\" rowspan=\"1\">SHKW-FP-01<\/td>\n<\/tr>\n<tr>\n<td colspan=\"1\" rowspan=\"1\">\n<div class=\"magic-21\"><span class=\"magic-11\" style=\"color: #000000;\">Anyag<\/span><\/div>\n<\/td>\n<td colspan=\"1\" rowspan=\"1\">\n<div class=\"magic-22\"><span class=\"magic-11\" style=\"color: #000000;\">Corten ac\u00e9l \/ id\u0151j\u00e1r\u00e1s\u00e1ll\u00f3 ac\u00e9l<\/span><\/div>\n<\/td>\n<\/tr>\n<tr>\n<td colspan=\"1\" rowspan=\"1\">\n<div class=\"magic-21\"><span class=\"magic-11\" style=\"color: #000000;\">M\u00e9ret<\/span><\/div>\n<\/td>\n<td colspan=\"1\" rowspan=\"1\">\n<div class=\"magic-22\"><span class=\"magic-11\" style=\"color: #000000;\">60\" X 16\" X 24 \"H (1500X 400 X 600H mm)<\/span><\/div>\n<\/td>\n<\/tr>\n<tr>\n<td colspan=\"1\" rowspan=\"1\">\n<div class=\"magic-21\"><span style=\"color: #000000;\">S\u00faly<\/span><\/div>\n<\/td>\n<td colspan=\"1\" rowspan=\"1\">\n<div class=\"magic-22\"><span style=\"color: #000000;\">108 KG-IG (240 FONT)<\/span><\/div>\n<\/td>\n<\/tr>\n<tr>\n<td colspan=\"1\" rowspan=\"1\">\n<div class=\"magic-21\"><span class=\"magic-11\" style=\"color: #000000;\">Csomag<\/span><\/div>\n<\/td>\n<td colspan=\"1\" rowspan=\"1\">\n<div class=\"magic-22\"><span class=\"magic-11\" style=\"color: #000000;\">Bel\u00fcl: K\u00edv\u00fcl: kop\u00e1sg\u00e1tl\u00f3 habpap\u00edr, k\u00edv\u00fcl: Karton doboz<\/span><\/div>\n<\/td>\n<\/tr>\n<tr>\n<td colspan=\"1\" rowspan=\"1\">\n<div class=\"magic-21\"><span class=\"magic-11\" style=\"color: #000000;\">Fel\u00fcletkezel\u00e9s<\/span><\/div>\n<\/td>\n<td colspan=\"1\" rowspan=\"1\">\n<div class=\"magic-22\"><span class=\"magic-11\" style=\"color: #000000;\">El\u0151re rozsd\u00e1s\u00edtott, testre szabhat\u00f3<\/span><\/div>\n<\/td>\n<\/tr>\n<tr>\n<td colspan=\"1\" rowspan=\"1\">\n<div class=\"magic-21\"><span class=\"magic-11\" style=\"color: #000000;\">MOQ<\/span><\/div>\n<\/td>\n<td colspan=\"1\" rowspan=\"1\">\n<div class=\"magic-22\"><span class=\"magic-11\" style=\"color: #000000;\">1 db<\/span><\/div>\n<\/td>\n<\/tr>\n<\/tbody>\n<\/table>\n<h2><a href=\"https:\/\/keweicorten.com\/hu\/termekkategoria\/tuzrakohely\/\">Kerti asztal t\u0171zrak\u00f3hely funkci\u00f3kkal:<\/a><\/h2>\n<p><span style=\"color: #000000;\" data-spm-anchor-id=\"a2700.details.0.i41.6b724b3bPgup84\">A cortenac\u00e9l karbantart\u00e1smentes fel\u00fclete f\u00f6ldies, m\u00e9gis modern eszt\u00e9tik\u00e1t biztos\u00edt, amely \u00e9ppoly praktikus, mint amilyen sz\u00e9p.<\/span><span style=\"color: #000000;\">Stabil rozsdaszer\u0171 r\u00e9teg alakul ki, amely folyamatosan regener\u00e1l\u00f3dik \u00e9s megv\u00e9di az ac\u00e9lt a korr\u00f3zi\u00f3t\u00f3l.<\/span><\/p>\n<p><a href=\"https:\/\/keweicorten.com\/hu\/termek\/teglalap-alaku-tuzrakohely\/\"><strong>Kerti asztal t\u0171zrak\u00f3hely anyaggal<\/strong><\/a>: A n\u00e9pszer\u0171 anyagok k\u00f6z\u00e9 tartozik a f\u00e9m (alum\u00ednium vagy ac\u00e9l), a fa, a beton \u00e9s a f\u0171zfa, amelyek mindegyike k\u00fcl\u00f6nb\u00f6z\u0151 szint\u0171 tart\u00f3ss\u00e1got \u00e9s st\u00edlust k\u00edn\u00e1l.<\/p>\n<ul>\n<li><strong>T\u0171zg\u00f6d\u00f6r bet\u00e9t<\/strong>: The <a href=\"https:\/\/keweicorten.com\/hu\/termek\/kulteri-gaz-tuzrakohely-asztal\/\">kerti asztal t\u0171zrak\u00f3hellyel<\/a> jellemz\u0151en k\u00f6z\u00e9pen helyezkedik el, k\u00f6r\u00fcl\u00f6tte egy asztallappal, amelyre italokat vagy t\u00e1ny\u00e9rokat lehet helyezni.<\/li>\n<li><strong>\u00dczemanyag t\u00edpus<\/strong>:<strong>Prop\u00e1n<\/strong>: A prop\u00e1ntart\u00e1lyok \u00e1ltal\u00e1ban az asztal alatt vannak elrejtve.\/<strong>F\u00f6ldg\u00e1z<\/strong>: G\u00e1zvezet\u00e9kre val\u00f3 csatlakoztat\u00e1s sz\u00fcks\u00e9ges, ami \u00e1lland\u00f3bb telep\u00edt\u00e9st jelent.<\/li>\n<li><strong>Fedlap opci\u00f3k<\/strong>: Sokukhoz fed\u00e9l is tartozik, amely lefedheti a t\u0171zrak\u00f3helyet, amikor nincs haszn\u00e1latban, \u00edgy az egy teljes asztall\u00e1 v\u00e1lik.<\/li>\n<li><strong>Fire Media<\/strong>: Dekorat\u00edv anyagok, p\u00e9ld\u00e1ul t\u0171z\u00fcveg, l\u00e1vak\u00f6vek vagy m\u0171feny\u0151, amelyek az \u00e9g\u0151t takarj\u00e1k, \u00e9s fokozz\u00e1k a t\u0171z eszt\u00e9tikai megjelen\u00e9s\u00e9t.<\/li>\n<li><strong>Sz\u00e9lv\u00e9d\u0151k<\/strong>: Egyes modellekhez edzett \u00fcvegb\u0151l k\u00e9sz\u00fclt sz\u00e9lv\u00e9d\u0151 tartozik, amely v\u00e9di a l\u00e1ngokat \u00e9s n\u00f6veli a biztons\u00e1got.<\/li>\n<\/ul>\n<figure style=\"width: 697px\" class=\"wp-caption alignnone\"><a href=\"https:\/\/keweicorten.com\/hu\/kapcsolatfelvetel\/\"><img fetchpriority=\"high\" decoding=\"async\" title=\"prop\u00e1n k\u00fclt\u00e9ri t\u0171zrak\u00f3hely\" src=\"https:\/\/sc04.alicdn.com\/kf\/H3083ba8bd2604171bff24aba76e05ef1B\/235950374\/H3083ba8bd2604171bff24aba76e05ef1B.jpg\" alt=\"\" width=\"697\" height=\"395\" \/><\/a><figcaption class=\"wp-caption-text\">prop\u00e1n k\u00fclt\u00e9ri t\u0171zrak\u00f3hely<\/figcaption><\/figure>\n<figure style=\"width: 698px\" class=\"wp-caption alignnone\"><a href=\"https:\/\/keweicorten.com\/hu\"><img decoding=\"async\" title=\"asztal t\u0171zzel\" src=\"https:\/\/sc04.alicdn.com\/kf\/H379da3bd015940f981085f8baef0f0a0E\/252669402\/H379da3bd015940f981085f8baef0f0a0E.jpg\" alt=\"\" width=\"698\" height=\"464\" \/><\/a><figcaption class=\"wp-caption-text\">asztal t\u0171zzel<\/figcaption><\/figure>\n<p><span style=\"color: #000000;\" data-spm-anchor-id=\"a2700.details.0.i44.6b724b3bPgup84\">3 mm vastag cortenac\u00e9lb\u00f3l k\u00e9sz\u00fclt. F\u00f6ldg\u00e1zzal vagy prop\u00e1nnal m\u0171k\u00f6d\u0151 \u00e9g\u0151k\u00e9szlet\u00fcnket haszn\u00e1lja.\u00a0<\/span><\/p>\n<div><span style=\"color: #000000;\">\u00a0<\/span><\/div>\n<div><span style=\"color: #000000;\">A Gnee Garden nagy tapasztalattal rendelkezik a cortenac\u00e9l t\u0171zrak\u00f3helyek tervez\u00e9s\u00e9ben \u00e9s gy\u00e1rt\u00e1s\u00e1ban, amelyek sokf\u00e9le projekthez illeszkednek, legyen az kicsi vagy nagy.<\/span><\/div>\n<p>A <strong>kerti asztal t\u0171zrak\u00f3hellyel<\/strong> egy sokoldal\u00fa k\u00fclt\u00e9ri b\u00fatordarab, amely egyes\u00edti az \u00e9tkez\u0151- vagy doh\u00e1nyz\u00f3asztal funkcionalit\u00e1s\u00e1t a t\u0171zrak\u00f3hely melegs\u00e9g\u00e9vel \u00e9s hangulat\u00e1val. T\u00f6k\u00e9letes a kertek, teraszok vagy teraszok hangulatos l\u00e9gk\u00f6r\u00e9nek megteremt\u00e9s\u00e9hez, egyszerre k\u00edn\u00e1l st\u00edlusos f\u00f3kuszpontot \u00e9s praktikus megold\u00e1st a szabadt\u00e9ri sz\u00f3rakoz\u00e1shoz.<\/p>","protected":false},"excerpt":{"rendered":"<article class=\"w-full text-token-text-primary focus-visible:outline-2 focus-visible:outline-offset-[-4px]\" dir=\"auto\" data-testid=\"conversation-turn-7\" data-scroll-anchor=\"false\">\n<div class=\"text-base py-[18px] px-3 md:px-4 m-auto w-full md:px-5 lg:px-4 xl:px-5\">\n<div class=\"mx-auto flex flex-1 gap-4 text-base md:gap-5 lg:gap-6 md:max-w-3xl lg:max-w-[40rem] xl:max-w-[48rem]\">\n<div class=\"group\/conversation-turn relative flex w-full min-w-0 flex-col\">\n<div class=\"flex-col gap-1 md:gap-3\">\n<div class=\"flex max-w-full flex-col flex-grow\">\n<div class=\"min-h-[20px] text-message flex w-full flex-col items-end gap-2 whitespace-normal break-words [.text-message+&amp;]:mt-5\" dir=\"auto\" data-message-author-role=\"user\" data-message-id=\"aaa23168-7d7c-42a1-a907-17fd9ddb6c5a\">\n<div class=\"flex w-full flex-col gap-1 empty:hidden items-end rtl:items-start\">\n<div class=\"relative max-w-[70%] rounded-3xl px-5 py-2.5 bg-[#f4f4f4] dark:bg-token-main-surface-secondary\">\n<div class=\"whitespace-pre-wrap\">T\u00e9glalap alak\u00fa \u00e9tkez\u0151 t\u0171zrak\u00f3 asztal: Ide\u00e1lis nagyobb \u00f6sszej\u00f6vetelekhez, ezek az asztalok t\u00f6bb vend\u00e9get is befogadnak, mik\u00f6zben meleget biztos\u00edtanak.<\/div>\n<div class=\"absolute bottom-0 right-full top-0 -mr-3.5 hidden pr-5 pt-1 [.group\\\/conversation-turn:hover_&amp;]:block\"><\/div>\n<\/div>\n<\/div>\n<\/div>\n<\/div>\n<\/div>\n<\/div>\n<\/div>\n<\/div>\n<\/article>\n<article class=\"w-full text-token-text-primary focus-visible:outline-2 focus-visible:outline-offset-[-4px]\" dir=\"auto\" data-testid=\"conversation-turn-8\" data-scroll-anchor=\"true\">\n<h6 class=\"sr-only\"><\/h6>\n<\/article>","protected":false},"featured_media":1275,"comment_status":"open","ping_status":"closed","template":"","meta":{"_eb_attr":"","_monsterinsights_skip_tracking":false,"_monsterinsights_sitenote_active":false,"_monsterinsights_sitenote_note":"","_monsterinsights_sitenote_category":0,"_uf_show_specific_survey":0,"_uf_disable_surveys":false},"product_brand":[],"product_cat":[55],"product_tag":[],"class_list":{"0":"post-1273","1":"product","2":"type-product","3":"status-publish","4":"has-post-thumbnail","6":"product_cat-gas-fire-pit","8":"first","9":"instock","10":"shipping-taxable","11":"product-type-simple"},"_links":{"self":[{"href":"https:\/\/keweicorten.com\/hu\/wp-json\/wp\/v2\/product\/1273"}],"collection":[{"href":"https:\/\/keweicorten.com\/hu\/wp-json\/wp\/v2\/product"}],"about":[{"href":"https:\/\/keweicorten.com\/hu\/wp-json\/wp\/v2\/types\/product"}],"replies":[{"embeddable":true,"href":"https:\/\/keweicorten.com\/hu\/wp-json\/wp\/v2\/comments?post=1273"}],"version-history":[{"count":1,"href":"https:\/\/keweicorten.com\/hu\/wp-json\/wp\/v2\/product\/1273\/revisions"}],"predecessor-version":[{"id":1276,"href":"https:\/\/keweicorten.com\/hu\/wp-json\/wp\/v2\/product\/1273\/revisions\/1276"}],"wp:featuredmedia":[{"embeddable":true,"href":"https:\/\/keweicorten.com\/hu\/wp-json\/wp\/v2\/media\/1275"}],"wp:attachment":[{"href":"https:\/\/keweicorten.com\/hu\/wp-json\/wp\/v2\/media?parent=1273"}],"wp:term":[{"taxonomy":"product_brand","embeddable":true,"href":"https:\/\/keweicorten.com\/hu\/wp-json\/wp\/v2\/product_brand?post=1273"},{"taxonomy":"product_cat","embeddable":true,"href":"https:\/\/keweicorten.com\/hu\/wp-json\/wp\/v2\/product_cat?post=1273"},{"taxonomy":"product_tag","embeddable":true,"href":"https:\/\/keweicorten.com\/hu\/wp-json\/wp\/v2\/product_tag?post=1273"}],"curies":[{"name":"wp","href":"https:\/\/api.w.org\/{rel}","templated":true}]}}