{"id":1277,"date":"2024-09-19T08:11:50","date_gmt":"2024-09-19T08:11:50","guid":{"rendered":"https:\/\/keweicorten.com\/?post_type=product&#038;p=1277"},"modified":"2025-01-15T06:26:18","modified_gmt":"2025-01-15T06:26:18","slug":"tuzrakohely-tal","status":"publish","type":"product","link":"https:\/\/keweicorten.com\/hu\/tuzrakohely-tal\/","title":{"rendered":"corten t\u0171zrak\u00f3 t\u00e1l"},"content":{"rendered":"<h2><b data-spm-anchor-id=\"a2700.details.0.i38.54803c56Fst1G1\">\u00a0K\u00fclt\u00e9ri Corten ac\u00e9l t\u0171zg\u00f6d\u00f6r t\u00e1l kialak\u00edt\u00e1sa <\/b><\/h2>\n<div>A Garden Corten ac\u00e9l fat\u00fczel\u00e9s\u0171 t\u0171zrak\u00f3 t\u00e1l kiv\u00e1l\u00f3 v\u00e1laszt\u00e1s a k\u00fclt\u00e9ri terek melegs\u00e9g\u00e9nek \u00e9s hangulat\u00e1nak megteremt\u00e9s\u00e9hez, mik\u00f6zben kifinomult, rusztikus megjelen\u00e9st biztos\u00edt, amely karaktert k\u00f6lcs\u00f6n\u00f6z a k\u00f6rnyez\u0151 t\u00e1jnak.A Garden Fire Pit Bowl t\u00f6bb, mint egy tipikus t\u0171zrak\u00f3hely; egyben m\u0171alkot\u00e1s is.<\/div>\n<div>Ezek a t\u0171zrak\u00f3helyek k\u00fcl\u00f6nb\u00f6z\u0151 form\u00e1j\u00fa \u00e9s m\u00e9ret\u0171 t\u00e1lakkal rendelkeznek, hogy illeszkedjenek a k\u00fcl\u00f6nb\u00f6z\u0151 k\u00fclt\u00e9ri terekhez, \u00e9s k\u00f6nnyen karbantarthat\u00f3k, \u00edgy a szabadt\u00e9ri \u00e9let szerelmesei k\u00f6r\u00e9ben n\u00e9pszer\u0171 v\u00e1laszt\u00e1snak sz\u00e1m\u00edtanak.<\/div>\n<div>\n<table class=\"all magic-16\" style=\"height: 216px;\" width=\"816\">\n<tbody>\n<tr>\n<td colspan=\"1\" rowspan=\"1\">\n<div class=\"magic-17\" data-spm-anchor-id=\"a2700.details.0.i44.54803c56Fst1G1\">Term\u00e9k neve<\/div>\n<\/td>\n<td colspan=\"4\" rowspan=\"1\">\n<div class=\"magic-18\">Kert Dekor\u00e1ci\u00f3 Hordozhat\u00f3 f\u00fcstmentes kandall\u00f3 Ac\u00e9l t\u0171z t\u00e1l K\u00fclt\u00e9ri Corten ac\u00e9l t\u0171zg\u00f6d\u00f6r tervez\u00e9s<\/div>\n<\/td>\n<\/tr>\n<tr>\n<td colspan=\"1\" rowspan=\"1\">\n<div class=\"magic-17\">Anyag<\/div>\n<\/td>\n<td colspan=\"4\" rowspan=\"1\">\n<div class=\"magic-18\">Corten\/id\u0151j\u00e1r\u00e1s\u00e1ll\u00f3 ac\u00e9l<\/div>\n<\/td>\n<\/tr>\n<tr>\n<td colspan=\"1\" rowspan=\"1\">\n<div class=\"magic-17\">Fel\u00fcletkezel\u00e9s<\/div>\n<\/td>\n<td colspan=\"4\" rowspan=\"1\">\n<div class=\"magic-18\">El\u0151rozsda, mint k\u00f6vetelm\u00e9ny<\/div>\n<\/td>\n<\/tr>\n<tr>\n<td colspan=\"1\" rowspan=\"1\">\n<div class=\"magic-17\">M\u00e9ret<\/div>\n<\/td>\n<td colspan=\"4\" rowspan=\"1\">\n<div class=\"magic-21\">\n<p>\u00c1tm\u00e9r\u0151: 800mm-1200mm<\/p>\n<div data-spm-anchor-id=\"a2700.pc-decorate.0.i14.1ac93333diqBDj\">Vastags\u00e1g: vastags\u00e1g: 3mm, testreszabott<\/div>\n<\/div>\n<\/td>\n<\/tr>\n<tr>\n<td colspan=\"1\" rowspan=\"1\">\n<div class=\"magic-22\">Jellemz\u0151<\/div>\n<\/td>\n<td colspan=\"4\" rowspan=\"1\">\n<div class=\"magic-21\">Stabil kialak\u00edt\u00e1s, k\u00f6nnyen \u00f6sszeszerelhet\u0151, magas h\u0151m\u00e9rs\u00e9kletnek ellen\u00e1ll\u00f3<\/div>\n<\/td>\n<\/tr>\n<tr>\n<td colspan=\"1\" rowspan=\"1\">\n<div class=\"magic-22\">Kieg\u00e9sz\u00edt\u0151 szolg\u00e1ltat\u00e1s<\/div>\n<\/td>\n<td colspan=\"1\" rowspan=\"1\">\n<div class=\"magic-21\">Minden Fire Pits Bowl gy\u00e1rthat\u00f3 az \u00fcgyfelek tervez\u00e9se, rajzol\u00e1sa, mint\u00e1ja \u00e9s r\u00e9szletes k\u00f6vetelm\u00e9nyei alapj\u00e1n.<\/div>\n<\/td>\n<\/tr>\n<\/tbody>\n<\/table>\n<\/div>\n<div><a href=\"https:\/\/keweicorten.com\/hu\"><img fetchpriority=\"high\" decoding=\"async\" class=\"alignnone\" title=\"t\u0171zrak\u00f3hely\" src=\"https:\/\/sc04.alicdn.com\/kf\/H98c98f834b0941fe86f09cf240438fe2D\/252583075\/H98c98f834b0941fe86f09cf240438fe2D.jpg\" alt=\"\" width=\"676\" height=\"676\" \/><\/a><\/div>\n<div>\n<h2>A Corten t\u0171zrak\u00f3 t\u00e1lak jellemz\u0151i:<\/h2>\n<ol>\n<li><strong>Anyag<\/strong>: A Corten ac\u00e9l az id\u0151 m\u00fal\u00e1s\u00e1val rozsdaszer\u0171 patin\u00e1t fejleszt, ami egyedi, textur\u00e1lt megjelen\u00e9st k\u00f6lcs\u00f6n\u00f6z neki, amely j\u00f3l illeszkedik a term\u00e9szetes k\u00f6rnyezethez.<\/li>\n<li><strong>Tart\u00f3ss\u00e1g<\/strong>: Az ac\u00e9l ellen\u00e1ll a korr\u00f3zi\u00f3nak \u00e9s az id\u0151j\u00e1r\u00e1s viszontags\u00e1gainak, \u00edgy eg\u00e9sz \u00e9vben k\u00fclt\u00e9ri haszn\u00e1latra alkalmas.<\/li>\n<li><strong>Tervez\u00e9s<\/strong>: A corten t\u0171zrak\u00f3 t\u00e1lak k\u00fcl\u00f6nb\u00f6z\u0151 form\u00e1kban \u00e9s m\u00e9retekben kaphat\u00f3k, gyakran minimalista formatervez\u00e9ssel, amelyek fokozz\u00e1k b\u00e1rmely k\u00fclt\u00e9ri t\u00e9r eszt\u00e9tik\u00e1j\u00e1t.<\/li>\n<li><strong>Funkcionalit\u00e1s<\/strong>: A t\u0171zhelyek f\u0151z\u00e9sre \u00e9s f\u0171t\u00e9sre egyar\u00e1nt haszn\u00e1lhat\u00f3k, meleget \u00e9s k\u00f6zponti gy\u0171jt\u0151helyet biztos\u00edtanak a szabadt\u00e9ri tev\u00e9kenys\u00e9gekhez.<\/li>\n<\/ol>\n<\/div>\n<div><\/div>\n<div>\n<figure style=\"width: 675px\" class=\"wp-caption alignnone\"><a href=\"https:\/\/keweicorten.com\/hu\/kapcsolatfelvetel\/\"><img decoding=\"async\" title=\"t\u0171zrak\u00f3hely\" src=\"https:\/\/sc04.alicdn.com\/kf\/Hc05888b8a84f48d7891b9c11c4d261b9Q\/252583075\/Hc05888b8a84f48d7891b9c11c4d261b9Q.jpg\" alt=\"\" width=\"675\" height=\"675\" \/><\/a><figcaption class=\"wp-caption-text\">t\u0171zrak\u00f3hely<\/figcaption><\/figure>\n<\/div>\n<div>\n<h2>A Corten t\u00fczel\u0151t\u00e1lak el\u0151nyei:<\/h2>\n<ul>\n<li><strong>Egyedi eszt\u00e9tika<\/strong>: A corten ac\u00e9l rusztikus megjelen\u00e9se karaktert \u00e9s eleganci\u00e1t k\u00f6lcs\u00f6n\u00f6z kertj\u00e9nek vagy terasz\u00e1nak.<\/li>\n<li><strong>Alacsony karbantart\u00e1s<\/strong>: A f\u00e1b\u00f3l k\u00e9sz\u00fclt t\u0171zrak\u00f3helyekkel ellent\u00e9tben a corten t\u0171zrak\u00f3 t\u00e1lak minim\u00e1lis karbantart\u00e1st ig\u00e9nyelnek.<\/li>\n<li><strong>Sokoldal\u00fas\u00e1g<\/strong>: Sok modell asztalk\u00e9nt is haszn\u00e1lhat\u00f3, amikor nem haszn\u00e1lnak t\u00fczet.<\/li>\n<\/ul>\n<\/div>\n<div>\n<figure style=\"width: 673px\" class=\"wp-caption alignnone\"><a href=\"https:\/\/keweicorten.com\/hu\"><img decoding=\"async\" title=\"corten t\u0171zrak\u00f3hely\" src=\"https:\/\/sc04.alicdn.com\/kf\/H98c98f834b0941fe86f09cf240438fe2D\/252583075\/H98c98f834b0941fe86f09cf240438fe2D.jpg\" alt=\"\" width=\"673\" height=\"673\" \/><\/a><figcaption class=\"wp-caption-text\">corten t\u0171zrak\u00f3hely<\/figcaption><\/figure>\n<\/div>\n<div>\n<div class=\"J_module\">\n<div class=\"detail-decorate-json-renderer-container\">\n<div class=\"magic-4\">\n<div class=\"magic-5\">\n<div class=\"magic-6\">\n<div class=\"magic-7\">\n<p><b data-spm-anchor-id=\"a2700.details.0.i45.54803c56Fst1G1\">Fat\u00fczel\u00e9s\u0171 Corten ac\u00e9l k\u00fclt\u00e9ri t\u0171zrak\u00f3hely t\u00e1l<\/b><\/p>\n<div>\n<p>A fat\u00fczel\u00e9s\u0171 t\u0171zrak\u00f3hely egy sz\u00e9les, sek\u00e9ly ed\u00e9ny, amelyet 3\/16\" (5 mm) Corten ac\u00e9lb\u00f3l, k\u00f6zismert nev\u00e9n id\u0151j\u00e1r\u00e1s\u00e1ll\u00f3 ac\u00e9lb\u00f3l fonnak, ami nemcsak rendk\u00edv\u00fcl tart\u00f3ss\u00e1 teszi ezt a t\u0171zrak\u00f3helyet, hanem nagyon egyedi st\u00edlust is ad neki, amely megk\u00fcl\u00f6nb\u00f6zteti az \u00f6sszes t\u00f6bbi t\u0171zrak\u00f3helyt\u0151l.<\/p>\n<div><\/div>\n<div><span data-spm-anchor-id=\"a2700.details.0.i46.54803c56Fst1G1\">Ez a fajta ac\u00e9l az \u00e9vek m\u00fal\u00e1s\u00e1val kiss\u00e9 megv\u00e1ltozik, ami m\u00e9g egyedibb, id\u0151j\u00e1r\u00e1sf\u00fcgg\u0151 megjelen\u00e9st k\u00f6lcs\u00f6n\u00f6z neki, ami nagyon keresett. A patin\u00e1sod\u00e1s cs\u00facspontj\u00e1t 2-4 \u00e9v alatt \u00e9ri el, \u00e9s ut\u00e1na nagyon kev\u00e9s v\u00e1ltoz\u00e1ssal ebben az \u00e1llapotban marad.<\/span><\/div>\n<\/div>\n<\/div>\n<\/div>\n<\/div>\n<\/div>\n<\/div>\n<\/div>\n<div class=\"J_module\">\n<div class=\"icbu-pc-images magic-1\">\n<div>\n<div class=\"flex-layout-v\">\n<div class=\"flex-layout-h magic-1\">\n<div class=\"magic-26\"><a href=\"https:\/\/kwijbl.en.alibaba.com\/\" target=\"_blank\" rel=\"noopener nofollow\"><img decoding=\"async\" class=\"magic-27\" src=\"https:\/\/sc04.alicdn.com\/kf\/Hd5663bf2cbbf4b99aabdba5721ae9d7bL\/252583075\/Hd5663bf2cbbf4b99aabdba5721ae9d7bL.jpg\" data-src=\"\/\/sc04.alicdn.com\/kf\/Hd5663bf2cbbf4b99aabdba5721ae9d7bL\/252583075\/Hd5663bf2cbbf4b99aabdba5721ae9d7bL.jpg\" \/><\/a><\/div>\n<\/div>\n<\/div>\n<\/div>\n<\/div>\n<\/div>\n<\/div>","protected":false},"excerpt":{"rendered":"<p>Anyag: Az id\u0151j\u00e1r\u00e1s\u00e1ll\u00f3 ac\u00e9l id\u0151j\u00e1r\u00e1snak kit\u00e9ve v\u00e9d\u0151 oxidr\u00e9teget k\u00e9pez, amely megakad\u00e1lyozza a tov\u00e1bbi korr\u00f3zi\u00f3t.<br \/>\nTervez\u00e9s: Az id\u0151j\u00e1r\u00e1s\u00e1ll\u00f3 ac\u00e9l t\u0171zrak\u00f3 t\u00e1lak \u00e1ltal\u00e1ban egyszer\u0171 kialak\u00edt\u00e1s\u00faak \u00e9s v\u00e1ltozatos form\u00e1j\u00faak, amelyek t\u0171zrak\u00f3helyk\u00e9nt vagy dekorat\u00edv b\u00fatorokk\u00e9nt is haszn\u00e1lhat\u00f3k.<br \/>\nTart\u00f3ss\u00e1g: Az id\u0151j\u00e1r\u00e1s\u00e1ll\u00f3 ac\u00e9l er\u0151s korr\u00f3zi\u00f3\u00e1ll\u00f3s\u00e1ggal rendelkezik, \u00e9s alkalmas k\u00fclt\u00e9ri haszn\u00e1latra an\u00e9lk\u00fcl, hogy agg\u00f3dnia kellene a rossz id\u0151j\u00e1r\u00e1s hat\u00e1sa miatt.<br \/>\nSokoldal\u00fas\u00e1g: Nemcsak f\u0171t\u00e9shez \u00e9s buliz\u00e1shoz, hanem szabadt\u00e9ri f\u0151z\u00e9shez is.<\/p>","protected":false},"featured_media":1278,"comment_status":"open","ping_status":"closed","template":"","meta":{"_eb_attr":"","_monsterinsights_skip_tracking":false,"_monsterinsights_sitenote_active":false,"_monsterinsights_sitenote_note":"","_monsterinsights_sitenote_category":0,"_uf_show_specific_survey":0,"_uf_disable_surveys":false},"product_brand":[],"product_cat":[54],"product_tag":[],"class_list":{"0":"post-1277","1":"product","2":"type-product","3":"status-publish","4":"has-post-thumbnail","6":"product_cat-wood-fire-pit","8":"first","9":"instock","10":"shipping-taxable","11":"product-type-simple"},"_links":{"self":[{"href":"https:\/\/keweicorten.com\/hu\/wp-json\/wp\/v2\/product\/1277"}],"collection":[{"href":"https:\/\/keweicorten.com\/hu\/wp-json\/wp\/v2\/product"}],"about":[{"href":"https:\/\/keweicorten.com\/hu\/wp-json\/wp\/v2\/types\/product"}],"replies":[{"embeddable":true,"href":"https:\/\/keweicorten.com\/hu\/wp-json\/wp\/v2\/comments?post=1277"}],"version-history":[{"count":2,"href":"https:\/\/keweicorten.com\/hu\/wp-json\/wp\/v2\/product\/1277\/revisions"}],"predecessor-version":[{"id":1280,"href":"https:\/\/keweicorten.com\/hu\/wp-json\/wp\/v2\/product\/1277\/revisions\/1280"}],"wp:featuredmedia":[{"embeddable":true,"href":"https:\/\/keweicorten.com\/hu\/wp-json\/wp\/v2\/media\/1278"}],"wp:attachment":[{"href":"https:\/\/keweicorten.com\/hu\/wp-json\/wp\/v2\/media?parent=1277"}],"wp:term":[{"taxonomy":"product_brand","embeddable":true,"href":"https:\/\/keweicorten.com\/hu\/wp-json\/wp\/v2\/product_brand?post=1277"},{"taxonomy":"product_cat","embeddable":true,"href":"https:\/\/keweicorten.com\/hu\/wp-json\/wp\/v2\/product_cat?post=1277"},{"taxonomy":"product_tag","embeddable":true,"href":"https:\/\/keweicorten.com\/hu\/wp-json\/wp\/v2\/product_tag?post=1277"}],"curies":[{"name":"wp","href":"https:\/\/api.w.org\/{rel}","templated":true}]}}