{"id":1281,"date":"2024-09-19T08:33:27","date_gmt":"2024-09-19T08:33:27","guid":{"rendered":"https:\/\/keweicorten.com\/?post_type=product&#038;p=1281"},"modified":"2025-01-15T06:26:04","modified_gmt":"2025-01-15T06:26:04","slug":"corten-acel-tuzrakohely-tal","status":"publish","type":"product","link":"https:\/\/keweicorten.com\/hu\/corten-acel-tuzrakohely-tal\/","title":{"rendered":"corten ac\u00e9l t\u0171zrak\u00f3hely t\u00e1l"},"content":{"rendered":"<table class=\"all magic-16\" style=\"height: 213px;\" width=\"675\">\n<tbody>\n<tr>\n<td colspan=\"1\" rowspan=\"1\">\n<div class=\"magic-17\" data-spm-anchor-id=\"a2700.details.0.i44.54803c56Fst1G1\">Term\u00e9k neve<\/div>\n<\/td>\n<td colspan=\"4\" rowspan=\"1\">\n<div class=\"magic-18\">Kert Dekor\u00e1ci\u00f3 Hordozhat\u00f3 f\u00fcstmentes kandall\u00f3 Ac\u00e9l t\u0171z t\u00e1l K\u00fclt\u00e9ri Corten ac\u00e9l t\u0171zg\u00f6d\u00f6r tervez\u00e9s<\/div>\n<\/td>\n<\/tr>\n<tr>\n<td colspan=\"1\" rowspan=\"1\">\n<div class=\"magic-17\">Anyag<\/div>\n<\/td>\n<td colspan=\"4\" rowspan=\"1\">\n<div class=\"magic-18\">Corten\/id\u0151j\u00e1r\u00e1s\u00e1ll\u00f3 ac\u00e9l<\/div>\n<\/td>\n<\/tr>\n<tr>\n<td colspan=\"1\" rowspan=\"1\">\n<div class=\"magic-17\">Fel\u00fcletkezel\u00e9s<\/div>\n<\/td>\n<td colspan=\"4\" rowspan=\"1\">\n<div class=\"magic-18\">El\u0151rozsda, mint k\u00f6vetelm\u00e9ny<\/div>\n<\/td>\n<\/tr>\n<tr>\n<td colspan=\"1\" rowspan=\"1\">\n<div class=\"magic-17\">M\u00e9ret<\/div>\n<\/td>\n<td colspan=\"4\" rowspan=\"1\">\n<div class=\"magic-21\">\u00c1tm\u00e9r\u0151: 800mm-1200mm<\/p>\n<div data-spm-anchor-id=\"a2700.pc-decorate.0.i14.1ac93333diqBDj\">Vastags\u00e1g: vastags\u00e1g: 3mm, testreszabott<\/div>\n<\/div>\n<\/td>\n<\/tr>\n<tr>\n<td colspan=\"1\" rowspan=\"1\">\n<div class=\"magic-22\">Jellemz\u0151<\/div>\n<\/td>\n<td colspan=\"4\" rowspan=\"1\">\n<div class=\"magic-21\">Stabil kialak\u00edt\u00e1s, k\u00f6nnyen \u00f6sszeszerelhet\u0151, magas h\u0151m\u00e9rs\u00e9kletnek ellen\u00e1ll\u00f3<\/div>\n<\/td>\n<\/tr>\n<tr>\n<td colspan=\"1\" rowspan=\"1\">\n<div class=\"magic-22\">Kieg\u00e9sz\u00edt\u0151 szolg\u00e1ltat\u00e1s<\/div>\n<\/td>\n<td colspan=\"1\" rowspan=\"1\">\n<div class=\"magic-21\">Minden Fire Pits Bowl gy\u00e1rthat\u00f3 az \u00fcgyfelek tervez\u00e9se, rajzol\u00e1sa, mint\u00e1ja \u00e9s r\u00e9szletes k\u00f6vetelm\u00e9nyei alapj\u00e1n.<\/div>\n<\/td>\n<\/tr>\n<\/tbody>\n<\/table>\n<h2>Corten ac\u00e9l t\u0171zrak\u00f3 t\u00e1l Jellemz\u0151k:<\/h2>\n<ol>\n<li>F\u0171t\u00e9si hat\u00e1s: A cortenac\u00e9l t\u0171zrak\u00f3 t\u00e1l hat\u00e9konyan termelhet h\u0151t \u00e9s biztos\u00edthat meleget a hideg \u00e9jszak\u00e1kon.<\/li>\n<li>Id\u0151j\u00e1r\u00e1s\u00e1ll\u00f3 ac\u00e9l anyag: Ez az ac\u00e9l a k\u00fclt\u00e9ri k\u00f6rnyezetben k\u00e9pes rozsd\u00e1sod\u00f3 v\u00e9d\u0151r\u00e9teget k\u00e9pezni, nagy tart\u00f3ss\u00e1ggal \u00e9s korr\u00f3zi\u00f3\u00e1ll\u00f3s\u00e1ggal.<\/li>\n<li>V\u00e1ltozatos kialak\u00edt\u00e1s: A k\u00fcl\u00f6nb\u00f6z\u0151 eszt\u00e9tikai ig\u00e9nyek kiel\u00e9g\u00edt\u00e9s\u00e9re a legk\u00fcl\u00f6nb\u00f6z\u0151bb form\u00e1k \u00e9s st\u00edlusok k\u00f6z\u00fcl lehet v\u00e1lasztani, az egyszer\u0171 modernt\u0151l a hagyom\u00e1nyos st\u00edlusig.<\/li>\n<li>Egyedi megjelen\u00e9s: Az id\u0151 m\u00fal\u00e1s\u00e1val az id\u0151j\u00e1r\u00e1snak kitett ac\u00e9l egyedi rozsdasz\u00ednt kap, ami term\u00e9szetes \u00edzt k\u00f6lcs\u00f6n\u00f6z.<\/li>\n<li>Alacsony karbantart\u00e1si ig\u00e9ny: Az id\u0151j\u00e1r\u00e1s\u00e1ll\u00f3 ac\u00e9lg\u00f6dr\u00f6k tart\u00f3sabbak \u00e9s kevesebb karbantart\u00e1st ig\u00e9nyelnek, mint a f\u00e1b\u00f3l k\u00e9sz\u00fclt g\u00f6dr\u00f6k.<\/li>\n<li>Sokoldal\u00fas\u00e1g: Haszn\u00e1lhat\u00f3 partikhoz, grillez\u00e9shez vagy k\u00fclt\u00e9ri dekor\u00e1ci\u00f3k\u00e9nt.<\/li>\n<\/ol>\n<figure style=\"width: 681px\" class=\"wp-caption alignnone\"><a href=\"https:\/\/keweicorten.com\/hu\"><img fetchpriority=\"high\" decoding=\"async\" title=\"corten t\u0171zrak\u00f3hely\" src=\"https:\/\/sc04.alicdn.com\/kf\/He4a60616fc3f4077b11865c42a940e80M\/252583075\/He4a60616fc3f4077b11865c42a940e80M.jpg\" alt=\"\" width=\"681\" height=\"681\" \/><\/a><figcaption class=\"wp-caption-text\">t\u0171zrak\u00f3hely<\/figcaption><\/figure>\n<p class=\"text-title\"><span data-spm-anchor-id=\"a2700.details.0.i48.54803c56Fst1G1\">Jellemz\u0151:<\/span><\/p>\n<div class=\"text-content\" data-spm-anchor-id=\"a2700.details.0.i50.54803c56Fst1G1\">Eg\u00e9sz este sz\u00f3rakoztatni<\/p>\n<div><\/div>\n<div><span class=\"magic-11\">Corten ac\u00e9lszerkezet<\/span><\/div>\n<div><\/div>\n<div>Sokoldal\u00fa kialak\u00edt\u00e1s<\/div>\n<div><\/div>\n<div>Stabil kialak\u00edt\u00e1s, k\u00f6nnyen \u00f6sszeszerelhet\u0151, magas h\u0151m\u00e9rs\u00e9kletnek ellen\u00e1ll\u00f3<\/div>\n<div>\n<figure style=\"width: 688px\" class=\"wp-caption alignnone\"><a href=\"https:\/\/keweicorten.com\/hu\/kapcsolatfelvetel\/\"><img decoding=\"async\" title=\"corten ac\u00e9l t\u0171zrak\u00f3hely\" src=\"https:\/\/sc04.alicdn.com\/kf\/Hf3f21555e1104e5890549829f8f4f0e9w\/252583075\/Hf3f21555e1104e5890549829f8f4f0e9w.jpg\" alt=\"\" width=\"688\" height=\"688\" \/><\/a><figcaption class=\"wp-caption-text\">corten ac\u00e9l t\u0171zrak\u00f3hely<\/figcaption><\/figure>\n<div class=\"text-content\">A t\u0171zrak\u00f3hely kialak\u00edt\u00e1sa egy sim\u00e1ra eszterg\u00e1lt, varrat n\u00e9lk\u00fcli t\u00e1l, amelyet egyetlen darab id\u0151j\u00e1r\u00e1s\u00e1ll\u00f3 ac\u00e9lb\u00f3l k\u00e9sz\u00edtettek,<span data-spm-anchor-id=\"a2700.details.0.i54.54803c56Fst1G1\"> m\u00e1s n\u00e9ven corten ac\u00e9l, egy speci\u00e1lis ac\u00e9l, amelyet eredetileg h\u00edd\u00e9p\u00edt\u00e9shez \u00e9s felh\u0151karcol\u00f3-\u00e9p\u00edt\u00e9shez fejlesztettek ki hihetetlen szil\u00e1rds\u00e1ga miatt.<\/span> A v\u00edz nem k\u00e1ros\u00edtja vagy korrod\u00e1lja a t\u00e1lat a cortenac\u00e9l \u00e1ltal k\u00e9pzett v\u00e9d\u0151r\u00e9tegnek k\u00f6sz\u00f6nhet\u0151en.<\/div>\n<div>\n<figure style=\"width: 709px\" class=\"wp-caption alignnone\"><a href=\"https:\/\/keweicorten.com\/hu\"><img decoding=\"async\" title=\"corten ac\u00e9l fat\u00fczel\u00e9s\u0171 t\u0171zrak\u00f3hely\" src=\"https:\/\/sc04.alicdn.com\/kf\/H75f4af517494456698484c6c3fdb8945C\/252583075\/H75f4af517494456698484c6c3fdb8945C.jpg\" alt=\"\" width=\"709\" height=\"516\" \/><\/a><figcaption class=\"wp-caption-text\">corten ac\u00e9l fat\u00fczel\u00e9s\u0171 t\u0171zrak\u00f3hely<\/figcaption><\/figure>\n<\/div>\n<\/div>\n<\/div>","protected":false},"excerpt":{"rendered":"<p>Ez a kerek Rusty Red <strong>Corten ac\u00e9l t\u0171zg\u00f6d\u00f6r t\u00e1l<\/strong>\u00a0a t\u00f6k\u00e9letes, alacsony karbantart\u00e1si ig\u00e9ny\u0171 kerti elem. A 60-150 cm k\u00f6z\u00f6tti m\u00e9retben kaphat\u00f3, b\u00e1rmilyen m\u00e9ret\u0171 t\u00e9rhez \u00e9s k\u00f6lts\u00e9gvet\u00e9shez alkalmas! A Corten ac\u00e9l sz\u00fcrke ac\u00e9lk\u00e9nt indul, de amint a Corten ac\u00e9l ki van t\u00e9ve az id\u0151j\u00e1r\u00e1s viszontags\u00e1gainak, term\u00e9szetes m\u00f3don id\u0151j\u00e1r\u00e1s\u00e1ll\u00f3v\u00e1 v\u00e1lik, \u00e9s gazdag, szemet gy\u00f6ny\u00f6rk\u00f6dtet\u0151 fel\u00fcletet kap.<\/p>","protected":false},"featured_media":1282,"comment_status":"open","ping_status":"closed","template":"","meta":{"_eb_attr":"","_monsterinsights_skip_tracking":false,"_monsterinsights_sitenote_active":false,"_monsterinsights_sitenote_note":"","_monsterinsights_sitenote_category":0,"_uf_show_specific_survey":0,"_uf_disable_surveys":false},"product_brand":[],"product_cat":[54],"product_tag":[],"class_list":{"0":"post-1281","1":"product","2":"type-product","3":"status-publish","4":"has-post-thumbnail","6":"product_cat-wood-fire-pit","8":"first","9":"instock","10":"shipping-taxable","11":"product-type-simple"},"_links":{"self":[{"href":"https:\/\/keweicorten.com\/hu\/wp-json\/wp\/v2\/product\/1281"}],"collection":[{"href":"https:\/\/keweicorten.com\/hu\/wp-json\/wp\/v2\/product"}],"about":[{"href":"https:\/\/keweicorten.com\/hu\/wp-json\/wp\/v2\/types\/product"}],"replies":[{"embeddable":true,"href":"https:\/\/keweicorten.com\/hu\/wp-json\/wp\/v2\/comments?post=1281"}],"version-history":[{"count":1,"href":"https:\/\/keweicorten.com\/hu\/wp-json\/wp\/v2\/product\/1281\/revisions"}],"predecessor-version":[{"id":1283,"href":"https:\/\/keweicorten.com\/hu\/wp-json\/wp\/v2\/product\/1281\/revisions\/1283"}],"wp:featuredmedia":[{"embeddable":true,"href":"https:\/\/keweicorten.com\/hu\/wp-json\/wp\/v2\/media\/1282"}],"wp:attachment":[{"href":"https:\/\/keweicorten.com\/hu\/wp-json\/wp\/v2\/media?parent=1281"}],"wp:term":[{"taxonomy":"product_brand","embeddable":true,"href":"https:\/\/keweicorten.com\/hu\/wp-json\/wp\/v2\/product_brand?post=1281"},{"taxonomy":"product_cat","embeddable":true,"href":"https:\/\/keweicorten.com\/hu\/wp-json\/wp\/v2\/product_cat?post=1281"},{"taxonomy":"product_tag","embeddable":true,"href":"https:\/\/keweicorten.com\/hu\/wp-json\/wp\/v2\/product_tag?post=1281"}],"curies":[{"name":"wp","href":"https:\/\/api.w.org\/{rel}","templated":true}]}}