{"id":1284,"date":"2024-09-20T02:11:37","date_gmt":"2024-09-20T02:11:37","guid":{"rendered":"https:\/\/keweicorten.com\/?post_type=product&#038;p=1284"},"modified":"2025-01-15T06:25:41","modified_gmt":"2025-01-15T06:25:41","slug":"tuzrakohely-gomb","status":"publish","type":"product","link":"https:\/\/keweicorten.com\/hu\/tuzrakohely-gomb\/","title":{"rendered":"T\u0171zrak\u00f3 g\u00f6mb"},"content":{"rendered":"<p>A <strong>t\u0171zrak\u00f3hely g\u00f6mb<\/strong> egy jellegzetes, gyakran szoborszer\u0171, g\u00f6mb alak\u00fa k\u00fclt\u00e9ri t\u0171zrak\u00f3hely. A hagyom\u00e1nyos t\u0171zrak\u00f3helyekkel ellent\u00e9tben a g\u00f6mb alak\u00fa kialak\u00edt\u00e1s \u00e1ltal\u00e1ban m\u0171v\u00e9szibb \u00e9s modernebb eszt\u00e9tik\u00e1t biztos\u00edt, \u00e9s 360 fokos kil\u00e1t\u00e1st ny\u00fajt a t\u0171zre. Ezeket a t\u0171zrak\u00f3helyeket gyakran olyan anyagokb\u00f3l k\u00e9sz\u00edtik, mint az ac\u00e9l vagy a cortenac\u00e9l, amelyek id\u0151vel id\u0151j\u00e1r\u00e1si patin\u00e1t kapnak, ami tov\u00e1bbi tart\u00f3ss\u00e1got \u00e9s vizu\u00e1lis vonzer\u0151t biztos\u00edt.<\/p>\n<p>Sok t\u0171zrak\u00f3 g\u00f6mb bonyolult kiv\u00e1gott mint\u00e1kkal (pl. f\u00e1k, \u00e1llatok vagy absztrakt mint\u00e1k) rendelkezik, amelyek vil\u00e1g\u00edt\u00e1skor leny\u0171g\u00f6z\u0151 f\u00e9ny- \u00e9s \u00e1rny\u00e9khat\u00e1sokat keltenek. Nemcsak funkcion\u00e1lis h\u0151forr\u00e1sk\u00e9nt szolg\u00e1lnak, hanem b\u00e1rmely szabadt\u00e9ri t\u00e9r l\u00e1tv\u00e1nyos k\u00f6zponti elemek\u00e9nt is.<\/p>\n<p>Ez a g\u00f6mb egy fat\u00fczel\u00e9s\u0171, szoborszer\u0171 t\u0171zrak\u00f3 g\u00f6mb, amely gy\u00f6ny\u00f6r\u0171 kieg\u00e9sz\u00edt\u0151je a k\u00fclt\u00e9ri t\u00e9rnek, ak\u00e1r vil\u00e1g\u00edt, ak\u00e1r nem.<\/p>\n<figure style=\"width: 700px\" class=\"wp-caption alignnone\"><a href=\"https:\/\/keweicorten.com\/hu\"><img fetchpriority=\"high\" decoding=\"async\" title=\"t\u0171zg\u00f6mb t\u0171zg\u00f6d\u00f6r\" src=\"https:\/\/sc01.alicdn.com\/kf\/Hb2a7856a3afa4b8db18d6f1e8181c238P\/235950374\/Hb2a7856a3afa4b8db18d6f1e8181c238P.jpg\" alt=\"\" width=\"700\" height=\"350\" \/><\/a><figcaption class=\"wp-caption-text\">t\u0171zg\u00f6mb t\u0171zg\u00f6d\u00f6r<\/figcaption><\/figure>\n<p><span data-spm-anchor-id=\"a2700.details.0.i45.76a768b0FOvccY\">Ez az 1000 mm-es g\u00f6mb 4 mm vastag corten ac\u00e9lb\u00f3l k\u00e9sz\u00fclt, rozsda patin\u00e1s kivitelben.<\/span><\/p>\n<div>Minden t\u0171zt\u00e1lhoz sz\u00e1mozott f\u00e9mlemez tartozik, amely biztos\u00edtja, hogy minden k\u00e9zzel k\u00e9sz\u00edtett t\u0171zrak\u00f3hely egyedi m\u0171alkot\u00e1s.<\/div>\n<div><\/div>\n<div class=\"J_module\">\n<div class=\"ife-detail-decorate-table\">\n<table class=\"has-title hight-light-first-column all magic-14\">\n<tbody>\n<tr>\n<td colspan=\"2\" rowspan=\"1\">\n<div class=\"magic-15\" data-spm-anchor-id=\"a2700.details.0.i43.76a768b0FOvccY\"><b data-spm-anchor-id=\"a2700.custom-template.0.i150.25223333Ub4BuA\"><span style=\"color: #000000;\">M\u0171szaki adatok<\/span><\/b><\/div>\n<\/td>\n<\/tr>\n<tr>\n<td colspan=\"1\" rowspan=\"1\">\n<div class=\"magic-18\"><span style=\"color: #000000;\">Term\u00e9k neve<\/span><\/div>\n<\/td>\n<td colspan=\"1\" rowspan=\"1\">\n<div class=\"magic-19\"><span style=\"color: #000000;\">Fat\u00fczel\u00e9s\u0171 t\u0171zrak\u00f3hely k\u00e9zzel v\u00e1gott Corten ac\u00e9l rozsda g\u00f6mb t\u0171zrak\u00f3hely g\u00f6mb<\/span><\/div>\n<\/td>\n<\/tr>\n<tr>\n<td colspan=\"1\" rowspan=\"1\">\n<div class=\"magic-18\"><span style=\"color: #000000;\">M\u00e1rkan\u00e9v<\/span><\/div>\n<\/td>\n<td colspan=\"1\" rowspan=\"1\">\n<div class=\"magic-19\"><span style=\"color: #000000;\">shkw Kert\u00e9szet<\/span><\/div>\n<\/td>\n<\/tr>\n<tr>\n<td colspan=\"1\" rowspan=\"1\">\n<div class=\"magic-18\"><span style=\"color: #000000;\">Anyag<\/span><\/div>\n<\/td>\n<td colspan=\"1\" rowspan=\"1\">\n<div class=\"magic-19\"><span style=\"color: #000000;\">Corten ac\u00e9l \/ id\u0151j\u00e1r\u00e1s\u00e1ll\u00f3 ac\u00e9l<\/span><\/div>\n<\/td>\n<\/tr>\n<tr>\n<td colspan=\"1\" rowspan=\"1\">\n<div class=\"magic-18\"><span style=\"color: #000000;\">M\u00e9ret<\/span><\/div>\n<\/td>\n<td colspan=\"1\" rowspan=\"1\">\n<div class=\"magic-19\"><span style=\"color: #000000;\">\u00c1tm\u00e9r\u0151: 1000mm, Vastags\u00e1g: 1000mm: vastags\u00e1g: 4mm<\/span><\/div>\n<\/td>\n<\/tr>\n<tr>\n<td colspan=\"1\" rowspan=\"1\">\n<div class=\"magic-18\"><span style=\"color: #000000;\">S\u00faly<\/span><\/div>\n<\/td>\n<td colspan=\"1\" rowspan=\"1\">\n<div class=\"magic-19\"><span style=\"color: #000000;\">80 kg<\/span><\/div>\n<\/td>\n<\/tr>\n<tr>\n<td colspan=\"1\" rowspan=\"1\">\n<div class=\"magic-18\"><span style=\"color: #000000;\">Fel\u00fcletkezel\u00e9s<\/span><\/div>\n<\/td>\n<td colspan=\"1\" rowspan=\"1\">\n<div class=\"magic-19\"><span style=\"color: #000000;\" data-spm-anchor-id=\"a2700.details.0.i44.76a768b0FOvccY\">El\u0151re rozsd\u00e1s\u00edtott\/el\u0151re megkopott, testre szabhat\u00f3<\/span><\/div>\n<\/td>\n<\/tr>\n<tr>\n<td colspan=\"1\" rowspan=\"1\">\n<div class=\"magic-18\"><span style=\"color: #000000;\">Csomagol\u00e1s<\/span><\/div>\n<\/td>\n<td colspan=\"1\" rowspan=\"1\">\n<div class=\"magic-19\"><span style=\"color: #000000;\">Bel\u00fcl: kop\u00e1sg\u00e1tl\u00f3 habpap\u00edr, k\u00edv\u00fcl: kartondobozban<\/span><\/div>\n<\/td>\n<\/tr>\n<tr>\n<td colspan=\"1\" rowspan=\"1\">\n<div class=\"magic-18\"><span style=\"color: #000000;\">MOQ<\/span><\/div>\n<\/td>\n<td colspan=\"1\" rowspan=\"1\">\n<div class=\"magic-19\"><span style=\"color: #000000;\">1 db<\/span><\/div>\n<\/td>\n<\/tr>\n<tr>\n<td colspan=\"1\" rowspan=\"1\">\n<div class=\"magic-18\"><span style=\"color: #000000;\">OEM &amp; ODM<\/span><\/div>\n<\/td>\n<td colspan=\"1\" rowspan=\"1\">\n<div class=\"magic-19\"><span style=\"color: #000000;\">El\u00e9rhet\u0151<\/span><\/div>\n<\/td>\n<\/tr>\n<\/tbody>\n<\/table>\n<\/div>\n<\/div>","protected":false},"excerpt":{"rendered":"<p>A Round-Up egy farmot mutat be n\u00e9gy jelenettel. Egy cowboy egy lovon, amint egy borj\u00fat terelget. Egy m\u00e1sik jelenetben egy kisfi\u00fa \u00e1ll a ker\u00edt\u00e9sen, \u00e9s nagyap\u00e1val az oldal\u00e1n figyeli a t\u00f6rt\u00e9n\u00e9seket. K\u00e9t k\u00fcl\u00f6n jelenetben szarvasmarh\u00e1k \u00e9s egy bika is l\u00e1that\u00f3.<\/p>","protected":false},"featured_media":1285,"comment_status":"open","ping_status":"closed","template":"","meta":{"_eb_attr":"","_monsterinsights_skip_tracking":false,"_monsterinsights_sitenote_active":false,"_monsterinsights_sitenote_note":"","_monsterinsights_sitenote_category":0,"_uf_show_specific_survey":0,"_uf_disable_surveys":false},"product_brand":[],"product_cat":[54],"product_tag":[],"class_list":{"0":"post-1284","1":"product","2":"type-product","3":"status-publish","4":"has-post-thumbnail","6":"product_cat-wood-fire-pit","8":"first","9":"instock","10":"shipping-taxable","11":"product-type-simple"},"_links":{"self":[{"href":"https:\/\/keweicorten.com\/hu\/wp-json\/wp\/v2\/product\/1284"}],"collection":[{"href":"https:\/\/keweicorten.com\/hu\/wp-json\/wp\/v2\/product"}],"about":[{"href":"https:\/\/keweicorten.com\/hu\/wp-json\/wp\/v2\/types\/product"}],"replies":[{"embeddable":true,"href":"https:\/\/keweicorten.com\/hu\/wp-json\/wp\/v2\/comments?post=1284"}],"version-history":[{"count":1,"href":"https:\/\/keweicorten.com\/hu\/wp-json\/wp\/v2\/product\/1284\/revisions"}],"predecessor-version":[{"id":1286,"href":"https:\/\/keweicorten.com\/hu\/wp-json\/wp\/v2\/product\/1284\/revisions\/1286"}],"wp:featuredmedia":[{"embeddable":true,"href":"https:\/\/keweicorten.com\/hu\/wp-json\/wp\/v2\/media\/1285"}],"wp:attachment":[{"href":"https:\/\/keweicorten.com\/hu\/wp-json\/wp\/v2\/media?parent=1284"}],"wp:term":[{"taxonomy":"product_brand","embeddable":true,"href":"https:\/\/keweicorten.com\/hu\/wp-json\/wp\/v2\/product_brand?post=1284"},{"taxonomy":"product_cat","embeddable":true,"href":"https:\/\/keweicorten.com\/hu\/wp-json\/wp\/v2\/product_cat?post=1284"},{"taxonomy":"product_tag","embeddable":true,"href":"https:\/\/keweicorten.com\/hu\/wp-json\/wp\/v2\/product_tag?post=1284"}],"curies":[{"name":"wp","href":"https:\/\/api.w.org\/{rel}","templated":true}]}}